{"id":1080,"date":"2023-02-16T12:33:15","date_gmt":"2023-02-16T12:33:15","guid":{"rendered":"https:\/\/www.generalmaximus.ch\/auspacken-des-genmax-pillow\/"},"modified":"2025-06-27T17:45:31","modified_gmt":"2025-06-27T17:45:31","slug":"auspacken-des-genmax-premium-dog-bed","status":"publish","type":"page","link":"https:\/\/www.generalmaximus.ch\/de\/auspacken-des-genmax-premium-dog-bed\/","title":{"rendered":"Auspacken des GenMax Premium"},"content":{"rendered":"\r\n\r\n\r\n\r\n\r\n\r\n\r\n<h2>Auspacken des GenMax Premium Dog Bed<\/h2>\r\n\r\n\r\n\r\n\r\n\r\n\r\n\r\n<h4>Eine Anleitung zum Erhalt und Auspacken des MaxBed Premium Dog Bed<\/h4>\r\n<p>&nbsp;<\/p>\r\n<p>Ich habe meine Freunde Anastia und Jesse gebeten, mir zu helfen, damit ich Ihnen zeigen kann, wie die Betten angenommen werden. F\u00fcr diese Demonstration wird Anastia Jesse mit ihrem brandneuen Bett helfen.<\/p>\r\n<p><strong>\u00a0<\/strong><\/p>\r\n<p><img decoding=\"async\" class=\"alignleft\" src=\"https:\/\/www.generalmaximus.ch\/wp-content\/uploads\/2023\/02\/MaxBed-Pillow_Box_unwrap-1.jpg\" alt=\"\" \/><strong>Schritt 1: Das Bett kommt an<\/strong><\/p>\r\n<p><br \/>Das MaxBed Premium Dog Bed wird bei Bestellungen in der Schweiz in einem eigenen, einzigartigen Markenkarton und bei Bestellungen bei Amazon in einem Amazon-Karton verpackt. <br \/><br \/>Die Betten werden vakuumverpackt und dann auch unter Druck gerollt, um sie w\u00e4hrend des Transports sicher, trocken und sauber zu halten. Dies macht die Verpackung auch weniger sperrig, was aufgrund niedrigerer Transportkosten niedrigere Endkosten erm\u00f6glicht. Das bedeutet, dass Sie am Ende davon profitieren. <br \/><br \/>Stellen Sie die Box auf eine trockene und ebene Fl\u00e4che.<br \/><br \/><br \/><br \/><br \/><\/p>\r\n\r\n\r\n\r\n<p><strong>Schritt 2: Nehmen Sie das Bett aus dem Karton und entfernen Sie es aus der transparenten Innenverpackung<\/strong><\/p>\r\n<p><img decoding=\"async\" class=\"alignright\" src=\"https:\/\/www.generalmaximus.ch\/wp-content\/uploads\/2023\/02\/MaxBed-Pillow_remove_from_box.jpg\" alt=\"\" \/><\/p>\r\n<p><br \/>Sie k\u00f6nnen den Karton einfach aufschneiden und dabei darauf achten, dass Sie nicht den Inhalt selbst aufschneiden.<br \/><br \/>Der innere Inhalt wird ziemlich dicht verpackt, indem eine Druckmaschine und auch eine Vakuummaschine verwendet werden.<\/p>\r\n<p>&nbsp;<\/p>\r\n<p>Entnehmen Sie die transparente Innenverpackung. Im Inneren finden Sie Folgendes: <br \/><br \/>1. Das verpackte und gerollte Bett,<br \/>2. Eine kleine Hinweisbeilage, die darauf hinweist, dass das Bett unter Druck gewickelt wird,<br \/>3. Eine DIN-A4-Einlage mit Informationen zu Ihrem neuen Bett und<br \/>4. Eine kostenlose Haustier-Notfallkarte in Brieftaschengr\u00f6\u00dfe aus PVC \u2013 ein kleines Geschenk, um Ihnen f\u00fcr Ihren Einkauf zu danken!<\/p>\r\n\r\n\r\n\r\n<p>\u00a0<strong>\u00a0<\/strong><\/p>\r\n<p><img decoding=\"async\" class=\"alignleft\" src=\"https:\/\/www.generalmaximus.ch\/wp-content\/uploads\/2023\/02\/MaxBed-Pillow_remove_from_sleeve.jpg\" alt=\"\" \/><strong>Schritt 3: Nehmen Sie das Bett aus der transparenten Verpackung<\/strong><\/p>\r\n<p><img decoding=\"async\" class=\"alignright\" src=\"https:\/\/www.generalmaximus.ch\/wp-content\/uploads\/2023\/02\/MaxBed-Pillow_remove_unroll.jpg\" alt=\"\" \/><\/p>\r\n<p><br \/>Nehmen Sie das Bett vorsichtig aus der transparenten Verpackung. Achten Sie darauf, die n\u00e4chste Verpackungsschicht nicht zu zerschneiden. <br \/><br \/>Sobald Sie die Verpackung entfernt haben, sehen Sie, dass sich das Bett in einer vakuumverpackten Verpackung befindet. Schneiden Sie vorsichtig das Band ab, das dieses Paket in einem Zylinder h\u00e4lt, damit sich der Zylinder auswickeln kann. <br \/><br \/>Ihr Bett sieht jetzt aus wie ein sehr flaches, rechteckiges Paket, wie im Bild rechts.<\/p>\r\n\r\n\r\n\r\n<p>&nbsp;<\/p>\r\n<p><strong>Schritt 4: Bett aus der Vakuumverpackung nehmen und \u201eaufplustern\u201c!<\/strong><img decoding=\"async\" class=\"alignright\" src=\"https:\/\/www.generalmaximus.ch\/wp-content\/uploads\/2023\/02\/MaxBed-Pillow_remove_shake.jpg\" alt=\"\" \/><\/p>\r\n<p>&nbsp;<\/p>\r\n<p>Das Bett sieht ziemlich flach aus und hat Verpackungsfalten, weil es f\u00fcr den Transport verpackt wurde. Es wurde zun\u00e4chst unter Druck gesetzt und dann vakuumverpackt. <br \/><br \/>Heben Sie das Bett hoch und sch\u00fctteln Sie es kr\u00e4ftig herum, sch\u00fctteln Sie den Inhalt des Kissens auf, bis Sie sehen k\u00f6nnen, dass es an Volumen zunimmt. Je mehr Sie es sch\u00fctteln, desto schneller nimmt es an Volumen zu. <em><strong><br \/><br \/>Frage:<\/strong> Wie lange dauert es, bis mein Bett seine volle Gr\u00f6\u00dfe erreicht hat?<u><br \/>Antwort:<\/u> Dies kann je nach Nutzung zwischen 1 und 2 Tagen dauern. Es wird empfohlen, das Bett mindestens einen Tag vor der Verwendung zu verlassen. <\/em><\/p>\r\n<p>&nbsp;<\/p>\r\n\r\n\r\n\r\n<p><strong>Schritt 5: Ihr Bett ist einsatzbereit!<\/strong><br \/><br \/>Auch wenn es empfehlenswert ist, einen Tag zu warten, bis Sie das Bett benutzen, k\u00f6nnen Sie es sofort benutzen, wenn Sie m\u00f6chten. Bedenken Sie nur, dass es etwas d\u00fcnner wirkt, da es noch nicht sein volles Volumen erreicht hat. <br \/><br \/>Abgesehen davon werden Sie feststellen, dass das Bett wie jedes druck- und vakuumverpackte Material Verpackungsfalten auf dem Material aufweist. Diese Falten verschwinden langsam, wenn Ihr Hund das Bett benutzt. Die im Bett verwendeten Materialien sind robust und langlebig, so dass die Falten nach 2 bis 4 Tagen fast vollst\u00e4ndig und in einigen Wochen vollst\u00e4ndig verschwinden. <br \/><br \/>Obiges wird von Jesse auf der linken Seite dieses Textes illustriert.<br \/><br \/>Wenn Sie diese Verpackungsfalten (unn\u00f6tig) schneller entfernen m\u00f6chten, empfehlen wir die Verwendung von Dampf oder trockener Hitze wie folgt:<\/p>\r\n\r\n\r\n\r\n<p style=\"text-align: center;\"><strong>1. Verwendung von Dampf: aus einer einfachen Dusche oder Ihrem Dampfgarer<\/strong><\/p>\r\n\r\n\r\n\r\n<p>F\u00fcr die Benutzung einer Dusche:<br \/><br \/>A. Reinigen Sie die obere Abdeckung, wenn das Bett benutzt wurde. <\/p>\r\n<p>B. Stellen Sie das Bett auf ein Regal, Regal, einen Sitz oder einen Kleiderb\u00fcgel in einer Dusche.<\/p>\r\n<p>C. Positionieren Sie den Duschkopf so, dass er nicht direkt auf das Bett zeigt. Das Bett sollte nicht unter dem Wasserstrahl stehen.<\/p>\r\n<p>D. Drehen Sie das hei\u00dfe Wasser in der Dusche voll auf und schlie\u00dfen Sie den Duschvorhang oder die T\u00fcr. Warten Sie mindestens 10 Minuten.<\/p>\r\n<p>E. \u00d6ffnen Sie den Duschvorhang oder die T\u00fcr leicht und schalten Sie die Dusche aus.<\/p>\r\n<p>F.\u00a0 Legen Sie das Bett auf eine ebene Fl\u00e4che und gl\u00e4tten Sie die Falten ggf. mit einem Tuch.<br \/><br \/>F\u00fcr die Verwendung eines Dampfgarers:<br \/><br \/>A. Reinigen Sie die obere Abdeckung, wenn die schlechte verwendet wurde. <br \/>B. Stellen Sie das Bett auf eine ebene Fl\u00e4che. <br \/>C. Verwenden Sie Ihren Dampfgarer und wenn sich die oberste Schicht warm und weich anf\u00fchlt, verwenden Sie ein Tuch, um die Falten zu gl\u00e4tten. <br \/>D. Bei Bedarf wiederholen.<\/p>\r\n\r\n\r\n\r\n<p style=\"text-align: center;\"><strong>2. Mit trockener Hitze: Ihr Haartrockner<\/strong><\/p>\r\n\r\n\r\n\r\n<p>A. Wenn das Bett benutzt wurde: Reinigen Sie die obere Abdeckung.<\/p>\r\n<p>B. Legen Sie das Bett auf eine ebene Fl\u00e4che. Schlie\u00dfen Sie Ihren Haartrockner an.<\/p>\r\n<p>C. Halten Sie den Haartrockner 10 cm oder mehr von der oberen Abdeckung entfernt und drehen Sie ihn auf die hei\u00dfe oder hohe Einstellung.<\/p>\r\n<p>D. Streichen Sie langsam von einer Seite zur anderen \u00fcber die Oberfl\u00e4che, bis sich der Bezug warm und weicher anf\u00fchlt und die Falten optisch weniger werden.<\/p>\r\n<p>E. Legen Sie das Bett auf eine ebene Fl\u00e4che und gl\u00e4tten Sie die Falten ggf. mit einem Tuch. <br \/><br \/>Die oben genannten sind nur notwendig, wenn Sie die Dinge wirklich wirklich beschleunigen m\u00fcssen, aber das ist wirklich nicht n\u00f6tig!<\/p>\r\n\r\n\r\n\r\n<p><strong>Schritt 6: Genie\u00dfen Sie Ihr Bett!<\/strong><br \/><br \/>Es ist Zeit, Ihr fantastisches MaxBed zu genie\u00dfen! <span style=\"text-align: center;\">Ihre Kundin wird genauso gl\u00fccklich sein wie sie. Das ist garantiert!<u><br \/><br \/>BITTE BEACHTEN SIE:<\/u>Das Bett, auf dem Jesse sitzt, wurde 2 Stunden vor der Aufnahme dieses Fotos ge\u00f6ffnet, es wird sich noch erheblich ausdehnen.<\/span><\/p>\r\n<p style=\"text-align: center;\">\u00a0<\/p>\r\n<p style=\"text-align: center;\"><strong>Und das ist es! Ein weiterer gl\u00fccklicher Kunde! Gehen Sie voran, jetzt sind Sie an der Reihe! <br \/><br \/><\/strong><img decoding=\"async\" src=\"https:\/\/www.generalmaximus.ch\/wp-content\/uploads\/2023\/02\/MaxBed-Pillow_Jesse_Final.jpg\" \/><\/p>\r\n","protected":false},"excerpt":{"rendered":"","protected":false},"author":5,"featured_media":0,"parent":0,"menu_order":0,"comment_status":"closed","ping_status":"closed","template":"","meta":{"pagelayer_contact_templates":[],"_pagelayer_content":"","footnotes":""},"class_list":["post-1080","page","type-page","status-publish","hentry"],"yoast_head":"<!-- This site is optimized with the Yoast SEO Premium plugin v20.10 (Yoast SEO v27.5) - https:\/\/yoast.com\/product\/yoast-seo-premium-wordpress\/ -->\n<title>Auspacken des GenMax Premium - GenMax Gro\u00dfhandel<\/title>\n<meta name=\"robots\" content=\"index, follow, max-snippet:-1, max-image-preview:large, max-video-preview:-1\" \/>\n<link rel=\"canonical\" href=\"https:\/\/www.generalmaximus.ch\/de\/auspacken-des-genmax-premium-dog-bed\/\" \/>\n<meta property=\"og:locale\" content=\"de_DE\" \/>\n<meta property=\"og:type\" content=\"article\" \/>\n<meta property=\"og:title\" content=\"Auspacken des GenMax Premium\" \/>\n<meta property=\"og:url\" content=\"https:\/\/www.generalmaximus.ch\/de\/auspacken-des-genmax-premium-dog-bed\/\" \/>\n<meta property=\"og:site_name\" content=\"GenMax Gro\u00dfhandel\" \/>\n<meta property=\"article:publisher\" content=\"https:\/\/www.facebook.com\/genmax.ch\" \/>\n<meta property=\"article:modified_time\" content=\"2025-06-27T17:45:31+00:00\" \/>\n<meta property=\"og:image\" content=\"https:\/\/www.generalmaximus.ch\/wp-content\/uploads\/2023\/02\/MaxBed-Pillow_Box_unwrap-1.jpg\" \/>\n<script type=\"application\/ld+json\" class=\"yoast-schema-graph\">{\"@context\":\"https:\\\/\\\/schema.org\",\"@graph\":[{\"@type\":\"WebPage\",\"@id\":\"https:\\\/\\\/www.generalmaximus.ch\\\/de\\\/auspacken-des-genmax-premium-dog-bed\\\/\",\"url\":\"https:\\\/\\\/www.generalmaximus.ch\\\/de\\\/auspacken-des-genmax-premium-dog-bed\\\/\",\"name\":\"Auspacken des GenMax Premium - GenMax Gro\u00dfhandel\",\"isPartOf\":{\"@id\":\"https:\\\/\\\/www.generalmaximus.ch\\\/de\\\/#website\"},\"primaryImageOfPage\":{\"@id\":\"https:\\\/\\\/www.generalmaximus.ch\\\/de\\\/auspacken-des-genmax-premium-dog-bed\\\/#primaryimage\"},\"image\":{\"@id\":\"https:\\\/\\\/www.generalmaximus.ch\\\/de\\\/auspacken-des-genmax-premium-dog-bed\\\/#primaryimage\"},\"thumbnailUrl\":\"https:\\\/\\\/www.generalmaximus.ch\\\/wp-content\\\/uploads\\\/2023\\\/02\\\/MaxBed-Pillow_Box_unwrap-1.jpg\",\"datePublished\":\"2023-02-16T12:33:15+00:00\",\"dateModified\":\"2025-06-27T17:45:31+00:00\",\"breadcrumb\":{\"@id\":\"https:\\\/\\\/www.generalmaximus.ch\\\/de\\\/auspacken-des-genmax-premium-dog-bed\\\/#breadcrumb\"},\"inLanguage\":\"de\",\"potentialAction\":[{\"@type\":\"ReadAction\",\"target\":[\"https:\\\/\\\/www.generalmaximus.ch\\\/de\\\/auspacken-des-genmax-premium-dog-bed\\\/\"]}]},{\"@type\":\"ImageObject\",\"inLanguage\":\"de\",\"@id\":\"https:\\\/\\\/www.generalmaximus.ch\\\/de\\\/auspacken-des-genmax-premium-dog-bed\\\/#primaryimage\",\"url\":\"https:\\\/\\\/www.generalmaximus.ch\\\/wp-content\\\/uploads\\\/2023\\\/02\\\/MaxBed-Pillow_Box_unwrap-1.jpg\",\"contentUrl\":\"https:\\\/\\\/www.generalmaximus.ch\\\/wp-content\\\/uploads\\\/2023\\\/02\\\/MaxBed-Pillow_Box_unwrap-1.jpg\"},{\"@type\":\"BreadcrumbList\",\"@id\":\"https:\\\/\\\/www.generalmaximus.ch\\\/de\\\/auspacken-des-genmax-premium-dog-bed\\\/#breadcrumb\",\"itemListElement\":[{\"@type\":\"ListItem\",\"position\":1,\"name\":\"Home\",\"item\":\"https:\\\/\\\/www.generalmaximus.ch\\\/de\\\/\"},{\"@type\":\"ListItem\",\"position\":2,\"name\":\"Auspacken des GenMax Premium\"}]},{\"@type\":\"WebSite\",\"@id\":\"https:\\\/\\\/www.generalmaximus.ch\\\/de\\\/#website\",\"url\":\"https:\\\/\\\/www.generalmaximus.ch\\\/de\\\/\",\"name\":\"GenMax Gro\u00dfhandel\",\"description\":\"\",\"publisher\":{\"@id\":\"https:\\\/\\\/www.generalmaximus.ch\\\/de\\\/#organization\"},\"alternateName\":\"General Maximus Pet Products\",\"potentialAction\":[{\"@type\":\"SearchAction\",\"target\":{\"@type\":\"EntryPoint\",\"urlTemplate\":\"https:\\\/\\\/www.generalmaximus.ch\\\/de\\\/?s={search_term_string}\"},\"query-input\":{\"@type\":\"PropertyValueSpecification\",\"valueRequired\":true,\"valueName\":\"search_term_string\"}}],\"inLanguage\":\"de\"},{\"@type\":\"Organization\",\"@id\":\"https:\\\/\\\/www.generalmaximus.ch\\\/de\\\/#organization\",\"name\":\"GenMax Pet Products\",\"alternateName\":\"General Maximus Pet Products\",\"url\":\"https:\\\/\\\/www.generalmaximus.ch\\\/de\\\/\",\"logo\":{\"@type\":\"ImageObject\",\"inLanguage\":\"de\",\"@id\":\"https:\\\/\\\/www.generalmaximus.ch\\\/de\\\/#\\\/schema\\\/logo\\\/image\\\/\",\"url\":\"https:\\\/\\\/www.generalmaximus.ch\\\/wp-content\\\/uploads\\\/2022\\\/12\\\/Pet_Products_Icon_512pix.png\",\"contentUrl\":\"https:\\\/\\\/www.generalmaximus.ch\\\/wp-content\\\/uploads\\\/2022\\\/12\\\/Pet_Products_Icon_512pix.png\",\"width\":512,\"height\":512,\"caption\":\"GenMax Pet Products\"},\"image\":{\"@id\":\"https:\\\/\\\/www.generalmaximus.ch\\\/de\\\/#\\\/schema\\\/logo\\\/image\\\/\"},\"sameAs\":[\"https:\\\/\\\/www.facebook.com\\\/genmax.ch\",\"https:\\\/\\\/www.instagram\\\/genmax.ch\",\"https:\\\/\\\/www.linkedin.com\\\/company\\\/85862297\"]}]}<\/script>\n<!-- \/ Yoast SEO Premium plugin. -->","yoast_head_json":{"title":"Auspacken des GenMax Premium - GenMax Gro\u00dfhandel","robots":{"index":"index","follow":"follow","max-snippet":"max-snippet:-1","max-image-preview":"max-image-preview:large","max-video-preview":"max-video-preview:-1"},"canonical":"https:\/\/www.generalmaximus.ch\/de\/auspacken-des-genmax-premium-dog-bed\/","og_locale":"de_DE","og_type":"article","og_title":"Auspacken des GenMax Premium","og_url":"https:\/\/www.generalmaximus.ch\/de\/auspacken-des-genmax-premium-dog-bed\/","og_site_name":"GenMax Gro\u00dfhandel","article_publisher":"https:\/\/www.facebook.com\/genmax.ch","article_modified_time":"2025-06-27T17:45:31+00:00","og_image":[{"url":"https:\/\/www.generalmaximus.ch\/wp-content\/uploads\/2023\/02\/MaxBed-Pillow_Box_unwrap-1.jpg","type":"","width":"","height":""}],"schema":{"@context":"https:\/\/schema.org","@graph":[{"@type":"WebPage","@id":"https:\/\/www.generalmaximus.ch\/de\/auspacken-des-genmax-premium-dog-bed\/","url":"https:\/\/www.generalmaximus.ch\/de\/auspacken-des-genmax-premium-dog-bed\/","name":"Auspacken des GenMax Premium - GenMax Gro\u00dfhandel","isPartOf":{"@id":"https:\/\/www.generalmaximus.ch\/de\/#website"},"primaryImageOfPage":{"@id":"https:\/\/www.generalmaximus.ch\/de\/auspacken-des-genmax-premium-dog-bed\/#primaryimage"},"image":{"@id":"https:\/\/www.generalmaximus.ch\/de\/auspacken-des-genmax-premium-dog-bed\/#primaryimage"},"thumbnailUrl":"https:\/\/www.generalmaximus.ch\/wp-content\/uploads\/2023\/02\/MaxBed-Pillow_Box_unwrap-1.jpg","datePublished":"2023-02-16T12:33:15+00:00","dateModified":"2025-06-27T17:45:31+00:00","breadcrumb":{"@id":"https:\/\/www.generalmaximus.ch\/de\/auspacken-des-genmax-premium-dog-bed\/#breadcrumb"},"inLanguage":"de","potentialAction":[{"@type":"ReadAction","target":["https:\/\/www.generalmaximus.ch\/de\/auspacken-des-genmax-premium-dog-bed\/"]}]},{"@type":"ImageObject","inLanguage":"de","@id":"https:\/\/www.generalmaximus.ch\/de\/auspacken-des-genmax-premium-dog-bed\/#primaryimage","url":"https:\/\/www.generalmaximus.ch\/wp-content\/uploads\/2023\/02\/MaxBed-Pillow_Box_unwrap-1.jpg","contentUrl":"https:\/\/www.generalmaximus.ch\/wp-content\/uploads\/2023\/02\/MaxBed-Pillow_Box_unwrap-1.jpg"},{"@type":"BreadcrumbList","@id":"https:\/\/www.generalmaximus.ch\/de\/auspacken-des-genmax-premium-dog-bed\/#breadcrumb","itemListElement":[{"@type":"ListItem","position":1,"name":"Home","item":"https:\/\/www.generalmaximus.ch\/de\/"},{"@type":"ListItem","position":2,"name":"Auspacken des GenMax Premium"}]},{"@type":"WebSite","@id":"https:\/\/www.generalmaximus.ch\/de\/#website","url":"https:\/\/www.generalmaximus.ch\/de\/","name":"GenMax Gro\u00dfhandel","description":"","publisher":{"@id":"https:\/\/www.generalmaximus.ch\/de\/#organization"},"alternateName":"General Maximus Pet Products","potentialAction":[{"@type":"SearchAction","target":{"@type":"EntryPoint","urlTemplate":"https:\/\/www.generalmaximus.ch\/de\/?s={search_term_string}"},"query-input":{"@type":"PropertyValueSpecification","valueRequired":true,"valueName":"search_term_string"}}],"inLanguage":"de"},{"@type":"Organization","@id":"https:\/\/www.generalmaximus.ch\/de\/#organization","name":"GenMax Pet Products","alternateName":"General Maximus Pet Products","url":"https:\/\/www.generalmaximus.ch\/de\/","logo":{"@type":"ImageObject","inLanguage":"de","@id":"https:\/\/www.generalmaximus.ch\/de\/#\/schema\/logo\/image\/","url":"https:\/\/www.generalmaximus.ch\/wp-content\/uploads\/2022\/12\/Pet_Products_Icon_512pix.png","contentUrl":"https:\/\/www.generalmaximus.ch\/wp-content\/uploads\/2022\/12\/Pet_Products_Icon_512pix.png","width":512,"height":512,"caption":"GenMax Pet Products"},"image":{"@id":"https:\/\/www.generalmaximus.ch\/de\/#\/schema\/logo\/image\/"},"sameAs":["https:\/\/www.facebook.com\/genmax.ch","https:\/\/www.instagram\/genmax.ch","https:\/\/www.linkedin.com\/company\/85862297"]}]}},"_links":{"self":[{"href":"https:\/\/www.generalmaximus.ch\/de\/wp-json\/wp\/v2\/pages\/1080","targetHints":{"allow":["GET"]}}],"collection":[{"href":"https:\/\/www.generalmaximus.ch\/de\/wp-json\/wp\/v2\/pages"}],"about":[{"href":"https:\/\/www.generalmaximus.ch\/de\/wp-json\/wp\/v2\/types\/page"}],"author":[{"embeddable":true,"href":"https:\/\/www.generalmaximus.ch\/de\/wp-json\/wp\/v2\/users\/5"}],"replies":[{"embeddable":true,"href":"https:\/\/www.generalmaximus.ch\/de\/wp-json\/wp\/v2\/comments?post=1080"}],"version-history":[{"count":2,"href":"https:\/\/www.generalmaximus.ch\/de\/wp-json\/wp\/v2\/pages\/1080\/revisions"}],"predecessor-version":[{"id":2056,"href":"https:\/\/www.generalmaximus.ch\/de\/wp-json\/wp\/v2\/pages\/1080\/revisions\/2056"}],"wp:attachment":[{"href":"https:\/\/www.generalmaximus.ch\/de\/wp-json\/wp\/v2\/media?parent=1080"}],"curies":[{"name":"wp","href":"https:\/\/api.w.org\/{rel}","templated":true}]}}