{"id":1698,"date":"2023-08-10T14:49:38","date_gmt":"2023-08-10T14:49:38","guid":{"rendered":"https:\/\/www.generalmaximus.ch\/reinigung-und-pflege-des-maxbed-pillow\/"},"modified":"2025-06-27T17:47:41","modified_gmt":"2025-06-27T17:47:41","slug":"reinigung-und-pflege-des-maxbed-premium-dog-bed","status":"publish","type":"page","link":"https:\/\/www.generalmaximus.ch\/de\/reinigung-und-pflege-des-maxbed-premium-dog-bed\/","title":{"rendered":"Reinigung und Pflege des MaxBed-Premium"},"content":{"rendered":"\r\n\r\n\r\n\r\n\r\n\r\n\r\n\r\n\r\n\r\n\r\n<h2>Reinigung und Pflege des MaxBed Premium Dog Bed<\/h2>\r\n\r\n\r\n\r\n\r\n\r\n\r\n\r\n<h4>Eine Anleitung zur Reinigung und Pflege des MaxBed Premium Dog Bed<\/h4>\r\n\r\n\r\n\r\n\r\n\r\n\r\n\r\n<p>Das MaxBed Premium Hundebett ist unglaublich leicht zu pflegen und zu reinigen. Dieses geruchsneutrale Bett macht Ihnen und Ihrem Haustier das Leben leichter und bleibt gleichzeitig l\u00e4nger frisch und sauber als die meisten von uns untersuchten Betten.<\/p>\r\n\r\n\r\n\r\n<p>Das Video zeigt, wie einfach es ist, Ihr MaxBed Premium Hundebett frisch und ansehnlich zu halten.<\/p>\r\n\r\n\r\n\r\n\r\n\r\n\r\n\r\n\r\n\r\n\r\n\r\n\r\n\r\n<p><span style=\"font-size: large;\"><span style=\"color: #e60000;\"><strong><u>Achtung:<\/u><\/strong><\/span><\/span><span style=\"color: #e60000;\"><u><\/u> St\u00e4ndige direkte Sonneneinstrahlung f\u00fchrt dazu, dass sich Stoffe \u00fcberhitzen und zersetzen. Lassen Sie Ihr MaxBed nicht einfach die ganze Zeit in der Sonne liegen, da dies die Lebensdauer des Produkts erheblich verk\u00fcrzt.<\/span><\/p>\r\n\r\n<p>&nbsp;<\/p>","protected":false},"excerpt":{"rendered":"<p>&nbsp;<\/p>\n","protected":false},"author":5,"featured_media":0,"parent":0,"menu_order":0,"comment_status":"closed","ping_status":"closed","template":"","meta":{"pagelayer_contact_templates":[],"_pagelayer_content":"","footnotes":""},"class_list":["post-1698","page","type-page","status-publish","hentry"],"yoast_head":"<!-- This site is optimized with the Yoast SEO Premium plugin v20.10 (Yoast SEO v27.5) - https:\/\/yoast.com\/product\/yoast-seo-premium-wordpress\/ -->\n<title>Reinigung und Pflege des MaxBed-Premium - GenMax Gro\u00dfhandel<\/title>\n<meta name=\"robots\" content=\"index, follow, max-snippet:-1, max-image-preview:large, max-video-preview:-1\" \/>\n<link rel=\"canonical\" href=\"https:\/\/www.generalmaximus.ch\/de\/reinigung-und-pflege-des-maxbed-premium-dog-bed\/\" \/>\n<meta property=\"og:locale\" content=\"de_DE\" \/>\n<meta property=\"og:type\" content=\"article\" \/>\n<meta property=\"og:title\" content=\"Reinigung und Pflege des MaxBed-Premium\" \/>\n<meta property=\"og:description\" content=\"&nbsp;\" \/>\n<meta property=\"og:url\" content=\"https:\/\/www.generalmaximus.ch\/de\/reinigung-und-pflege-des-maxbed-premium-dog-bed\/\" \/>\n<meta property=\"og:site_name\" content=\"GenMax Gro\u00dfhandel\" \/>\n<meta property=\"article:publisher\" content=\"https:\/\/www.facebook.com\/genmax.ch\" \/>\n<meta property=\"article:modified_time\" content=\"2025-06-27T17:47:41+00:00\" \/>\n<meta property=\"og:image\" content=\"https:\/\/www.generalmaximus.ch\/wp-content\/uploads\/2023\/07\/Yoast-SEO-Site-Image.jpg\" \/>\n\t<meta property=\"og:image:width\" content=\"1200\" \/>\n\t<meta property=\"og:image:height\" content=\"675\" \/>\n\t<meta property=\"og:image:type\" content=\"image\/jpeg\" \/>\n<script type=\"application\/ld+json\" class=\"yoast-schema-graph\">{\"@context\":\"https:\\\/\\\/schema.org\",\"@graph\":[{\"@type\":\"WebPage\",\"@id\":\"https:\\\/\\\/www.generalmaximus.ch\\\/de\\\/reinigung-und-pflege-des-maxbed-premium-dog-bed\\\/\",\"url\":\"https:\\\/\\\/www.generalmaximus.ch\\\/de\\\/reinigung-und-pflege-des-maxbed-premium-dog-bed\\\/\",\"name\":\"Reinigung und Pflege des MaxBed-Premium - GenMax Gro\u00dfhandel\",\"isPartOf\":{\"@id\":\"https:\\\/\\\/www.generalmaximus.ch\\\/de\\\/#website\"},\"datePublished\":\"2023-08-10T14:49:38+00:00\",\"dateModified\":\"2025-06-27T17:47:41+00:00\",\"breadcrumb\":{\"@id\":\"https:\\\/\\\/www.generalmaximus.ch\\\/de\\\/reinigung-und-pflege-des-maxbed-premium-dog-bed\\\/#breadcrumb\"},\"inLanguage\":\"de\",\"potentialAction\":[{\"@type\":\"ReadAction\",\"target\":[\"https:\\\/\\\/www.generalmaximus.ch\\\/de\\\/reinigung-und-pflege-des-maxbed-premium-dog-bed\\\/\"]}]},{\"@type\":\"BreadcrumbList\",\"@id\":\"https:\\\/\\\/www.generalmaximus.ch\\\/de\\\/reinigung-und-pflege-des-maxbed-premium-dog-bed\\\/#breadcrumb\",\"itemListElement\":[{\"@type\":\"ListItem\",\"position\":1,\"name\":\"Home\",\"item\":\"https:\\\/\\\/www.generalmaximus.ch\\\/de\\\/\"},{\"@type\":\"ListItem\",\"position\":2,\"name\":\"Reinigung und Pflege des MaxBed-Premium\"}]},{\"@type\":\"WebSite\",\"@id\":\"https:\\\/\\\/www.generalmaximus.ch\\\/de\\\/#website\",\"url\":\"https:\\\/\\\/www.generalmaximus.ch\\\/de\\\/\",\"name\":\"GenMax Gro\u00dfhandel\",\"description\":\"\",\"publisher\":{\"@id\":\"https:\\\/\\\/www.generalmaximus.ch\\\/de\\\/#organization\"},\"alternateName\":\"General Maximus Pet Products\",\"potentialAction\":[{\"@type\":\"SearchAction\",\"target\":{\"@type\":\"EntryPoint\",\"urlTemplate\":\"https:\\\/\\\/www.generalmaximus.ch\\\/de\\\/?s={search_term_string}\"},\"query-input\":{\"@type\":\"PropertyValueSpecification\",\"valueRequired\":true,\"valueName\":\"search_term_string\"}}],\"inLanguage\":\"de\"},{\"@type\":\"Organization\",\"@id\":\"https:\\\/\\\/www.generalmaximus.ch\\\/de\\\/#organization\",\"name\":\"GenMax Pet Products\",\"alternateName\":\"General Maximus Pet Products\",\"url\":\"https:\\\/\\\/www.generalmaximus.ch\\\/de\\\/\",\"logo\":{\"@type\":\"ImageObject\",\"inLanguage\":\"de\",\"@id\":\"https:\\\/\\\/www.generalmaximus.ch\\\/de\\\/#\\\/schema\\\/logo\\\/image\\\/\",\"url\":\"https:\\\/\\\/www.generalmaximus.ch\\\/wp-content\\\/uploads\\\/2022\\\/12\\\/Pet_Products_Icon_512pix.png\",\"contentUrl\":\"https:\\\/\\\/www.generalmaximus.ch\\\/wp-content\\\/uploads\\\/2022\\\/12\\\/Pet_Products_Icon_512pix.png\",\"width\":512,\"height\":512,\"caption\":\"GenMax Pet Products\"},\"image\":{\"@id\":\"https:\\\/\\\/www.generalmaximus.ch\\\/de\\\/#\\\/schema\\\/logo\\\/image\\\/\"},\"sameAs\":[\"https:\\\/\\\/www.facebook.com\\\/genmax.ch\",\"https:\\\/\\\/www.instagram\\\/genmax.ch\",\"https:\\\/\\\/www.linkedin.com\\\/company\\\/85862297\"]}]}<\/script>\n<!-- \/ Yoast SEO Premium plugin. -->","yoast_head_json":{"title":"Reinigung und Pflege des MaxBed-Premium - GenMax Gro\u00dfhandel","robots":{"index":"index","follow":"follow","max-snippet":"max-snippet:-1","max-image-preview":"max-image-preview:large","max-video-preview":"max-video-preview:-1"},"canonical":"https:\/\/www.generalmaximus.ch\/de\/reinigung-und-pflege-des-maxbed-premium-dog-bed\/","og_locale":"de_DE","og_type":"article","og_title":"Reinigung und Pflege des MaxBed-Premium","og_description":"&nbsp;","og_url":"https:\/\/www.generalmaximus.ch\/de\/reinigung-und-pflege-des-maxbed-premium-dog-bed\/","og_site_name":"GenMax Gro\u00dfhandel","article_publisher":"https:\/\/www.facebook.com\/genmax.ch","article_modified_time":"2025-06-27T17:47:41+00:00","og_image":[{"width":1200,"height":675,"url":"https:\/\/www.generalmaximus.ch\/wp-content\/uploads\/2023\/07\/Yoast-SEO-Site-Image.jpg","type":"image\/jpeg"}],"schema":{"@context":"https:\/\/schema.org","@graph":[{"@type":"WebPage","@id":"https:\/\/www.generalmaximus.ch\/de\/reinigung-und-pflege-des-maxbed-premium-dog-bed\/","url":"https:\/\/www.generalmaximus.ch\/de\/reinigung-und-pflege-des-maxbed-premium-dog-bed\/","name":"Reinigung und Pflege des MaxBed-Premium - GenMax Gro\u00dfhandel","isPartOf":{"@id":"https:\/\/www.generalmaximus.ch\/de\/#website"},"datePublished":"2023-08-10T14:49:38+00:00","dateModified":"2025-06-27T17:47:41+00:00","breadcrumb":{"@id":"https:\/\/www.generalmaximus.ch\/de\/reinigung-und-pflege-des-maxbed-premium-dog-bed\/#breadcrumb"},"inLanguage":"de","potentialAction":[{"@type":"ReadAction","target":["https:\/\/www.generalmaximus.ch\/de\/reinigung-und-pflege-des-maxbed-premium-dog-bed\/"]}]},{"@type":"BreadcrumbList","@id":"https:\/\/www.generalmaximus.ch\/de\/reinigung-und-pflege-des-maxbed-premium-dog-bed\/#breadcrumb","itemListElement":[{"@type":"ListItem","position":1,"name":"Home","item":"https:\/\/www.generalmaximus.ch\/de\/"},{"@type":"ListItem","position":2,"name":"Reinigung und Pflege des MaxBed-Premium"}]},{"@type":"WebSite","@id":"https:\/\/www.generalmaximus.ch\/de\/#website","url":"https:\/\/www.generalmaximus.ch\/de\/","name":"GenMax Gro\u00dfhandel","description":"","publisher":{"@id":"https:\/\/www.generalmaximus.ch\/de\/#organization"},"alternateName":"General Maximus Pet Products","potentialAction":[{"@type":"SearchAction","target":{"@type":"EntryPoint","urlTemplate":"https:\/\/www.generalmaximus.ch\/de\/?s={search_term_string}"},"query-input":{"@type":"PropertyValueSpecification","valueRequired":true,"valueName":"search_term_string"}}],"inLanguage":"de"},{"@type":"Organization","@id":"https:\/\/www.generalmaximus.ch\/de\/#organization","name":"GenMax Pet Products","alternateName":"General Maximus Pet Products","url":"https:\/\/www.generalmaximus.ch\/de\/","logo":{"@type":"ImageObject","inLanguage":"de","@id":"https:\/\/www.generalmaximus.ch\/de\/#\/schema\/logo\/image\/","url":"https:\/\/www.generalmaximus.ch\/wp-content\/uploads\/2022\/12\/Pet_Products_Icon_512pix.png","contentUrl":"https:\/\/www.generalmaximus.ch\/wp-content\/uploads\/2022\/12\/Pet_Products_Icon_512pix.png","width":512,"height":512,"caption":"GenMax Pet Products"},"image":{"@id":"https:\/\/www.generalmaximus.ch\/de\/#\/schema\/logo\/image\/"},"sameAs":["https:\/\/www.facebook.com\/genmax.ch","https:\/\/www.instagram\/genmax.ch","https:\/\/www.linkedin.com\/company\/85862297"]}]}},"_links":{"self":[{"href":"https:\/\/www.generalmaximus.ch\/de\/wp-json\/wp\/v2\/pages\/1698","targetHints":{"allow":["GET"]}}],"collection":[{"href":"https:\/\/www.generalmaximus.ch\/de\/wp-json\/wp\/v2\/pages"}],"about":[{"href":"https:\/\/www.generalmaximus.ch\/de\/wp-json\/wp\/v2\/types\/page"}],"author":[{"embeddable":true,"href":"https:\/\/www.generalmaximus.ch\/de\/wp-json\/wp\/v2\/users\/5"}],"replies":[{"embeddable":true,"href":"https:\/\/www.generalmaximus.ch\/de\/wp-json\/wp\/v2\/comments?post=1698"}],"version-history":[{"count":6,"href":"https:\/\/www.generalmaximus.ch\/de\/wp-json\/wp\/v2\/pages\/1698\/revisions"}],"predecessor-version":[{"id":2058,"href":"https:\/\/www.generalmaximus.ch\/de\/wp-json\/wp\/v2\/pages\/1698\/revisions\/2058"}],"wp:attachment":[{"href":"https:\/\/www.generalmaximus.ch\/de\/wp-json\/wp\/v2\/media?parent=1698"}],"curies":[{"name":"wp","href":"https:\/\/api.w.org\/{rel}","templated":true}]}}