{"id":1780,"date":"2024-03-21T08:44:36","date_gmt":"2024-03-21T08:44:36","guid":{"rendered":"https:\/\/www.generalmaximus.ch\/impressum\/"},"modified":"2024-08-26T12:51:39","modified_gmt":"2024-08-26T12:51:39","slug":"impressum","status":"publish","type":"page","link":"https:\/\/www.generalmaximus.ch\/de\/impressum\/","title":{"rendered":"Impressum"},"content":{"rendered":"\r\n\r\n\r\n\r\n\r\n\r\n\r\n<h2>Impressum<\/h2>\r\n\r\n\r\n\r\n\r\n\r\n\r\n\r\n\r\n\r\n\r\n\r\n<p>Firmenname: Serra Enterprises<\/p>\r\n\r\n\r\n\r\n<p>Registrierungsnummer: CHE-450.645.879<\/p>\r\n<p>Kantonales Register (PDF): <a href=\"https:\/\/www.generalmaximus.ch\/wp-content\/uploads\/2024\/08\/Serra-Enterprises_CHE-450.645.879.pdf\" target=\"_blank\" rel=\"noopener\">Klicken Sie hier, um es anzuzeigen<\/a><\/p>\r\n<p>EUIPO-Markenregistrierung (PDF): <a href=\"https:\/\/www.generalmaximus.ch\/wp-content\/uploads\/2024\/08\/GenMax_TM-EUIPO_Registration_Certificate.pdf\" target=\"_blank\" rel=\"noopener\">Klicken Sie hier, um es anzuzeigen<\/a><\/p>\r\n\r\n\r\n\r\n<p>Handel als: General Maximus Pet Products | GenMax Pet Products<\/p>\r\n\r\n\r\n\r\n<p>Verwaltungsadresse: Neubrunn 704, Turbenthal, CH-8488<\/p>\r\n\r\n\r\n\r\n<p>Website: www.generalmaximus.ch und www.genmaxpets.shop<\/p>\r\n\r\n\r\n\r\n<p>E-Mail: info@generalmaximus.ch<\/p>\r\n\r\n\r\n\r\n\r\n\r\n<p>Autorisierte Repr\u00e4sentanten<\/p>\r\n<p>&nbsp;<\/p>\r\n<p>Inhaber Andrea Serra (Herr)<\/p>\r\n<p>&nbsp;<\/p>\r\n<p>Haftungsausschluss<\/p>\r\n<p>&nbsp;<\/p>\r\n<p>Der Autor der Website \u00fcbernimmt keinerlei Gew\u00e4hr f\u00fcr die Richtigkeit, Genauigkeit, Aktualit\u00e4t, Zuverl\u00e4ssigkeit und Vollst\u00e4ndigkeit der auf der Website bereitgestellten Informationen.<\/p>\r\n<p>&nbsp;<\/p>\r\n<p>Haftung:\u00a0<\/p>\r\n<p>&nbsp;<\/p>\r\n<p>Anspr\u00fcche gegen den Autor wegen Sch\u00e4den materieller oder ideeller Art, die durch den Zugriff bzw. die Nutzung bzw. Nichtnutzung der ver\u00f6ffentlichten Informationen, Missbrauch der Verbindung oder technische St\u00f6rungen entstehen, sind ausgeschlossen.<\/p>\r\n<p>&nbsp;<\/p>\r\n<p>Angebote gemacht:<\/p>\r\n<p>&nbsp;<\/p>\r\n<p>Alle Angebote auf der Website sind unverbindlich und werden erst verbindlich, wenn ein Handelsvertrag zwischen GenMax und seinen Kunden abgeschlossen und unterzeichnet wurde. Der Autor beh\u00e4lt es sich ausdr\u00fccklich vor, Teile der Seiten oder das gesamte Angebot ohne gesonderte Ank\u00fcndigung zu ver\u00e4ndern, zu erg\u00e4nzen, zu l\u00f6schen oder die Ver\u00f6ffentlichung zeitweise oder endg\u00fcltig einzustellen.<\/p>\r\n<p>&nbsp;<\/p>\r\n<p>Haftungsausschluss \u2013 Referenzen und Links<\/p>\r\n<p>&nbsp;<\/p>\r\n<p>Verweise und Links auf Websites Dritter liegen au\u00dferhalb des Verantwortungsbereiches des Herausgebers und Autors. Jegliche Verantwortung f\u00fcr die Ver\u00f6ffentlichung, den Inhalt und\/oder den Status aller verlinkten Websites oder anderer Verweise wird ausdr\u00fccklich abgelehnt, da der Herausgeber und der Autor keinen Einfluss auf diese haben. Der Zugriff und die Nutzung verlinkter Websites erfolgt auf eigene Gefahr des jeweiligen Nutzers.<\/p>\r\n<p>&nbsp;<\/p>\r\n<p>Urheberrechte<\/p>\r\n<p>&nbsp;<\/p>\r\n<p>Das Urheberrecht und alle anderen Rechte an Inhalten, Bildern, Fotos oder anderen Dateien auf dieser Website liegen ausschlie\u00dflich bei Serra Enterprises oder den speziell genannten Rechteinhabern. Vor der Reproduktion jeglicher Elemente ist die vorherige schriftliche Zustimmung von Serra Enterprises einzuholen.<\/p>\r\n<p>&nbsp;<\/p>\r\n<p>Serra Enterprises \u00fcbernimmt keine Haftung f\u00fcr Urheberrechtsverletzungen Dritter, wenn Sie Informationen auf www.generalmaximus.ch, www.genmax.ch oder www.genmaxpets.shop kopieren, verlinken oder erneut ver\u00f6ffentlichen<\/p>\r\n","protected":false},"excerpt":{"rendered":"","protected":false},"author":5,"featured_media":0,"parent":0,"menu_order":0,"comment_status":"closed","ping_status":"closed","template":"","meta":{"pagelayer_contact_templates":[],"_pagelayer_content":"","footnotes":""},"class_list":["post-1780","page","type-page","status-publish","hentry"],"yoast_head":"<!-- This site is optimized with the Yoast SEO Premium plugin v20.10 (Yoast SEO v27.5) - https:\/\/yoast.com\/product\/yoast-seo-premium-wordpress\/ -->\n<title>Impressum - GenMax Gro\u00dfhandel<\/title>\n<meta name=\"robots\" content=\"index, follow, max-snippet:-1, max-image-preview:large, max-video-preview:-1\" \/>\n<link rel=\"canonical\" href=\"https:\/\/www.generalmaximus.ch\/de\/impressum\/\" \/>\n<meta property=\"og:locale\" content=\"de_DE\" \/>\n<meta property=\"og:type\" content=\"article\" \/>\n<meta property=\"og:title\" content=\"Impressum\" \/>\n<meta property=\"og:url\" content=\"https:\/\/www.generalmaximus.ch\/de\/impressum\/\" \/>\n<meta property=\"og:site_name\" content=\"GenMax Gro\u00dfhandel\" \/>\n<meta property=\"article:publisher\" content=\"https:\/\/www.facebook.com\/genmax.ch\" \/>\n<meta property=\"article:modified_time\" content=\"2024-08-26T12:51:39+00:00\" \/>\n<meta property=\"og:image\" content=\"https:\/\/www.generalmaximus.ch\/wp-content\/uploads\/2023\/07\/Yoast-SEO-Site-Image.jpg\" \/>\n\t<meta property=\"og:image:width\" content=\"1200\" \/>\n\t<meta property=\"og:image:height\" content=\"675\" \/>\n\t<meta property=\"og:image:type\" content=\"image\/jpeg\" \/>\n<script type=\"application\/ld+json\" class=\"yoast-schema-graph\">{\"@context\":\"https:\\\/\\\/schema.org\",\"@graph\":[{\"@type\":\"WebPage\",\"@id\":\"https:\\\/\\\/www.generalmaximus.ch\\\/de\\\/impressum\\\/\",\"url\":\"https:\\\/\\\/www.generalmaximus.ch\\\/de\\\/impressum\\\/\",\"name\":\"Impressum - GenMax Gro\u00dfhandel\",\"isPartOf\":{\"@id\":\"https:\\\/\\\/www.generalmaximus.ch\\\/de\\\/#website\"},\"datePublished\":\"2024-03-21T08:44:36+00:00\",\"dateModified\":\"2024-08-26T12:51:39+00:00\",\"breadcrumb\":{\"@id\":\"https:\\\/\\\/www.generalmaximus.ch\\\/de\\\/impressum\\\/#breadcrumb\"},\"inLanguage\":\"de\",\"potentialAction\":[{\"@type\":\"ReadAction\",\"target\":[\"https:\\\/\\\/www.generalmaximus.ch\\\/de\\\/impressum\\\/\"]}]},{\"@type\":\"BreadcrumbList\",\"@id\":\"https:\\\/\\\/www.generalmaximus.ch\\\/de\\\/impressum\\\/#breadcrumb\",\"itemListElement\":[{\"@type\":\"ListItem\",\"position\":1,\"name\":\"Home\",\"item\":\"https:\\\/\\\/www.generalmaximus.ch\\\/de\\\/\"},{\"@type\":\"ListItem\",\"position\":2,\"name\":\"Impressum\"}]},{\"@type\":\"WebSite\",\"@id\":\"https:\\\/\\\/www.generalmaximus.ch\\\/de\\\/#website\",\"url\":\"https:\\\/\\\/www.generalmaximus.ch\\\/de\\\/\",\"name\":\"GenMax Gro\u00dfhandel\",\"description\":\"\",\"publisher\":{\"@id\":\"https:\\\/\\\/www.generalmaximus.ch\\\/de\\\/#organization\"},\"alternateName\":\"General Maximus Pet Products\",\"potentialAction\":[{\"@type\":\"SearchAction\",\"target\":{\"@type\":\"EntryPoint\",\"urlTemplate\":\"https:\\\/\\\/www.generalmaximus.ch\\\/de\\\/?s={search_term_string}\"},\"query-input\":{\"@type\":\"PropertyValueSpecification\",\"valueRequired\":true,\"valueName\":\"search_term_string\"}}],\"inLanguage\":\"de\"},{\"@type\":\"Organization\",\"@id\":\"https:\\\/\\\/www.generalmaximus.ch\\\/de\\\/#organization\",\"name\":\"GenMax Pet Products\",\"alternateName\":\"General Maximus Pet Products\",\"url\":\"https:\\\/\\\/www.generalmaximus.ch\\\/de\\\/\",\"logo\":{\"@type\":\"ImageObject\",\"inLanguage\":\"de\",\"@id\":\"https:\\\/\\\/www.generalmaximus.ch\\\/de\\\/#\\\/schema\\\/logo\\\/image\\\/\",\"url\":\"https:\\\/\\\/www.generalmaximus.ch\\\/wp-content\\\/uploads\\\/2022\\\/12\\\/Pet_Products_Icon_512pix.png\",\"contentUrl\":\"https:\\\/\\\/www.generalmaximus.ch\\\/wp-content\\\/uploads\\\/2022\\\/12\\\/Pet_Products_Icon_512pix.png\",\"width\":512,\"height\":512,\"caption\":\"GenMax Pet Products\"},\"image\":{\"@id\":\"https:\\\/\\\/www.generalmaximus.ch\\\/de\\\/#\\\/schema\\\/logo\\\/image\\\/\"},\"sameAs\":[\"https:\\\/\\\/www.facebook.com\\\/genmax.ch\",\"https:\\\/\\\/www.instagram\\\/genmax.ch\",\"https:\\\/\\\/www.linkedin.com\\\/company\\\/85862297\"]}]}<\/script>\n<!-- \/ Yoast SEO Premium plugin. -->","yoast_head_json":{"title":"Impressum - GenMax Gro\u00dfhandel","robots":{"index":"index","follow":"follow","max-snippet":"max-snippet:-1","max-image-preview":"max-image-preview:large","max-video-preview":"max-video-preview:-1"},"canonical":"https:\/\/www.generalmaximus.ch\/de\/impressum\/","og_locale":"de_DE","og_type":"article","og_title":"Impressum","og_url":"https:\/\/www.generalmaximus.ch\/de\/impressum\/","og_site_name":"GenMax Gro\u00dfhandel","article_publisher":"https:\/\/www.facebook.com\/genmax.ch","article_modified_time":"2024-08-26T12:51:39+00:00","og_image":[{"width":1200,"height":675,"url":"https:\/\/www.generalmaximus.ch\/wp-content\/uploads\/2023\/07\/Yoast-SEO-Site-Image.jpg","type":"image\/jpeg"}],"schema":{"@context":"https:\/\/schema.org","@graph":[{"@type":"WebPage","@id":"https:\/\/www.generalmaximus.ch\/de\/impressum\/","url":"https:\/\/www.generalmaximus.ch\/de\/impressum\/","name":"Impressum - GenMax Gro\u00dfhandel","isPartOf":{"@id":"https:\/\/www.generalmaximus.ch\/de\/#website"},"datePublished":"2024-03-21T08:44:36+00:00","dateModified":"2024-08-26T12:51:39+00:00","breadcrumb":{"@id":"https:\/\/www.generalmaximus.ch\/de\/impressum\/#breadcrumb"},"inLanguage":"de","potentialAction":[{"@type":"ReadAction","target":["https:\/\/www.generalmaximus.ch\/de\/impressum\/"]}]},{"@type":"BreadcrumbList","@id":"https:\/\/www.generalmaximus.ch\/de\/impressum\/#breadcrumb","itemListElement":[{"@type":"ListItem","position":1,"name":"Home","item":"https:\/\/www.generalmaximus.ch\/de\/"},{"@type":"ListItem","position":2,"name":"Impressum"}]},{"@type":"WebSite","@id":"https:\/\/www.generalmaximus.ch\/de\/#website","url":"https:\/\/www.generalmaximus.ch\/de\/","name":"GenMax Gro\u00dfhandel","description":"","publisher":{"@id":"https:\/\/www.generalmaximus.ch\/de\/#organization"},"alternateName":"General Maximus Pet Products","potentialAction":[{"@type":"SearchAction","target":{"@type":"EntryPoint","urlTemplate":"https:\/\/www.generalmaximus.ch\/de\/?s={search_term_string}"},"query-input":{"@type":"PropertyValueSpecification","valueRequired":true,"valueName":"search_term_string"}}],"inLanguage":"de"},{"@type":"Organization","@id":"https:\/\/www.generalmaximus.ch\/de\/#organization","name":"GenMax Pet Products","alternateName":"General Maximus Pet Products","url":"https:\/\/www.generalmaximus.ch\/de\/","logo":{"@type":"ImageObject","inLanguage":"de","@id":"https:\/\/www.generalmaximus.ch\/de\/#\/schema\/logo\/image\/","url":"https:\/\/www.generalmaximus.ch\/wp-content\/uploads\/2022\/12\/Pet_Products_Icon_512pix.png","contentUrl":"https:\/\/www.generalmaximus.ch\/wp-content\/uploads\/2022\/12\/Pet_Products_Icon_512pix.png","width":512,"height":512,"caption":"GenMax Pet Products"},"image":{"@id":"https:\/\/www.generalmaximus.ch\/de\/#\/schema\/logo\/image\/"},"sameAs":["https:\/\/www.facebook.com\/genmax.ch","https:\/\/www.instagram\/genmax.ch","https:\/\/www.linkedin.com\/company\/85862297"]}]}},"_links":{"self":[{"href":"https:\/\/www.generalmaximus.ch\/de\/wp-json\/wp\/v2\/pages\/1780","targetHints":{"allow":["GET"]}}],"collection":[{"href":"https:\/\/www.generalmaximus.ch\/de\/wp-json\/wp\/v2\/pages"}],"about":[{"href":"https:\/\/www.generalmaximus.ch\/de\/wp-json\/wp\/v2\/types\/page"}],"author":[{"embeddable":true,"href":"https:\/\/www.generalmaximus.ch\/de\/wp-json\/wp\/v2\/users\/5"}],"replies":[{"embeddable":true,"href":"https:\/\/www.generalmaximus.ch\/de\/wp-json\/wp\/v2\/comments?post=1780"}],"version-history":[{"count":3,"href":"https:\/\/www.generalmaximus.ch\/de\/wp-json\/wp\/v2\/pages\/1780\/revisions"}],"predecessor-version":[{"id":1943,"href":"https:\/\/www.generalmaximus.ch\/de\/wp-json\/wp\/v2\/pages\/1780\/revisions\/1943"}],"wp:attachment":[{"href":"https:\/\/www.generalmaximus.ch\/de\/wp-json\/wp\/v2\/media?parent=1780"}],"curies":[{"name":"wp","href":"https:\/\/api.w.org\/{rel}","templated":true}]}}