{"id":219,"date":"2022-11-23T11:24:20","date_gmt":"2022-11-23T11:24:20","guid":{"rendered":"https:\/\/www.generalmaximus.ch\/my-story\/"},"modified":"2022-12-08T17:31:14","modified_gmt":"2022-12-08T17:31:14","slug":"my-story","status":"publish","type":"page","link":"https:\/\/www.generalmaximus.ch\/de\/my-story\/","title":{"rendered":"Meine Geschichte"},"content":{"rendered":"\n\n<h2>Meine Geschichte, General Maximus der Deutsche Sch\u00e4ferhund<\/h2>\n<p><img loading=\"lazy\" decoding=\"async\" class=\"alignleft size-full wp-image-204\" src=\"https:\/\/www.generalmaximus.ch\/wp-content\/uploads\/2022\/11\/max-2.png\" alt=\"\" width=\"100\" height=\"99\">Ich bin General Maximus Aurelius, ein stolzer Sch\u00e4ferhund. Geboren in Afrika und jetzt in der Schweiz wohnend will ich dir meine Geschichte erz\u00e4hlen. <br><br><\/p>\n<p>Ich wurde am 20. Juli 2010 auf einem Bauernhof in der Buschfeld-Umgebung Pretoria in S\u00fcdafrika geboren und verbrachte mein Leben zusammen mit Mama und Papa und vier anderen Geschwistern. Meine Anf\u00e4nge waren hart als Welpe in der menschlichen Welt. Ich wurde meinen Eltern entrissen, in einen K\u00e4fig gesteckt und zur Schau gestellt. Zwei meiner Geschwister wurden mitgenommen, ich wei\u00df nicht wohin. Aber dann eines Tages kam mein zuk\u00fcnftiger Besitzer herein und holte mich, angezogen von meinem lebhaften Charakter und einem Haarwachstum unter meinem linken Auge, das aus einer Schnittwunde kurz nach der Geburt resultierte.  <br><br><\/p>\n<p>Im Jahr 2010 in S\u00fcdafrika geboren zu sein, war schrecklich spannend, denn nicht nur erlebte das Land seine erste Fu\u00dfballweltmeisterschaft,<img decoding=\"async\" loading=\"lazy\" class=\"alignright size-full wp-image-209\" src=\"https:\/\/www.generalmaximus.ch\/wp-content\/uploads\/2022\/11\/max-africa-trip.jpg\" alt=\"\" width=\"250\" height=\"266\"> sondern wandelte auch durch eine \u00dcbergangszeit, in der Menschen aller Art zusammenkamen, um ein neues spannendes Land zu bilden.<br><br><\/p>\n<p>Ich wurde in die 63 Spitfire Avenue gebracht, wo ich meinen Mentor und meine gro\u00dfe Schwester traf, Jessica. Jessica ist ein Schokoladen-Labrador, der 3 Jahre \u00e4lter ist als ich und mir die ersten Schritte des Lebens in dieser neuen Umgebung beibrachte. Als Deutscher Sch\u00e4ferhund bin ich gesegnet, Mitglied einer der kl\u00fcgsten Hundespezies zu sein und zwischen dem Lernen von Lektionen wie etwa mein Terrain zu verteidigen, andere Tiere zu jagen, meine Autorit\u00e4t zu untermauern und zu lernen, wie ich meinen Tag planen kann (Schlafen, aufwachen, essen, Bellen bei m\u00f6glichen Eindringlingen, nur bellen, spielen, schlafen \u2026 schwieriges Zeug), habe ich auch angefangen, \u00fcber meine Erfahrungen nachzudenken.  <br><br><\/p>\n<p>Als energetischer Welpe brauchte ich gute Ruhe. Mein Mensch hat Jessica und mich im Hauptschlafzimmer schlafen lassen. Es war in diesem Schlafzimmer, dass ich anfing, die Produkte f\u00fcr uns zu hinterfragen. Der Zimmerteppich war toll, aber nach mehr als 3 Stunden f\u00fchlte er sich hart an und nat\u00fcrlich musste ich es f\u00fcr zuk\u00fcnftige Referenz mit einigen Urinspritzern hier und da markieren. Streichen wir das, das ist nicht gut. Meine Markierung des beleidigenden Teppichs hat meinen Menschen bald dazu inspiriert, das erste Hundebett f\u00fcr mich zu beschaffen. Der Innenraum wurde aus einer Art expandierenden Schaumstoff gemacht, zumindest stand das auf der Schachtel, aber ein wenig sp\u00e4ter w\u00fcrde der Schaum sich aufb\u00e4umen und ausbreiten und das Bett super unangenehm machen und so musste ich es mit meinen Z\u00e4hnen zerrei\u00dfen. Dieser Proze\u00df w\u00e4hrend meines Wachstums f\u00fchrte zu der Notwendigkeit, unz\u00e4hlige Betten in Mi\u00dfbilligung zu zerrei\u00dfen, nachdem ich mit meinem Menschen Tage im afrikanischen Busch verbracht hatte. Angreifende Tiere weglagen und Beute im afrikanischen Busch zu verteidigen ist harte Arbeit und wenn man nach Hause kommt, will man ein ordentliches Bett haben um sich auszuruhen.        <br><br><\/p>\n<p>Irgendwann habe ich beschlossen, dass sich die Dinge \u00e4ndern m\u00fcssen. Dieser Kampf meines Menschen, ein passendes Bett zu finden, machte deutlich, dass jemand etwas zu tun hatte und dieser jemand war ich. In k\u00fcrzester Zeit wurde ich ein F\u00fchrer in der Gemeinde, indem ich meine Mittiere bewachte, f\u00fchrte und ihnen half. Bei Spazierg\u00e4ngen verteidigte ich die Schwachen, diejenigen, die zu Hause bleiben mussten und sich nicht wehren konnten bewachte ich und bald hatte ich eine Gefolgschaft \u2026 Ich war ein General.   <br><br><\/p>\n<p>Mit meiner Position durchquerte ich Afrika, durch Ebenen und Dschungel, Berge und T\u00e4ler, zog ich Jessica und meinen Menschen in ein neues Land. Ein Land, in dem die Menschen Qualit\u00e4t und Perfektion verstanden haben. Ein Land mit einer roten Fahne, die ein wei\u00dfes Kreuz trug. In diesem Land traf ich Echo, der mir von seinen Abenteuern erz\u00e4hlte und seine Erfahrungen in den Bergen, die mit Schnee bedeckt waren, und hier ist es, dass ich das erste Qualit\u00e4tsprodukt als wahre Anf\u00fchrer schaffen sollte. Mein Schicksal war im Begriff, Realit\u00e4t zu werden \u2013 der General w\u00fcrde seine Herde in eine Welt f\u00fchren, in der ihr Leben durch Qualit\u00e4t stark verbessert wurde, durch Produkte, die ihr Leben verbessern wollten.    <br><br><\/p>\n<p>Mein Mensch nannte mich General Maximus Aurelius \u2013 Der F\u00fchrer der n\u00f6rdlichen Legionen von Caesars Armee nach dem Auftreten eines bewegten Bildes in einem Kasten namens Gladiator, aber erst jetzt verstehe ich wirklich, dass mein Name mein Schicksal war. Mein Name sagte: <\/p>\n<p>Ich bin General Maximus, ich bin hier, um meine Mittiere zu f\u00fchren, Haustiere in ein Leben zu f\u00fchren, wo sie gepflegt und verw\u00f6hnt werden, indem ich sicherstelle, dass es qualitativ hochwertige Produkte gibt, die die Menschen f\u00fcr sie erwerben k\u00f6nnen.<br><br><\/p>\n<p>Meine Suche geht weiter.<br><br><\/p>\n<p>Immer meine Unterschrift und mein Abzeichen \u00fcberpr\u00fcfen:<\/p>\n\n<p><img loading=\"lazy\" decoding=\"async\" class=\"aligncenter size-full wp-image-213\" src=\"https:\/\/www.generalmaximus.ch\/wp-content\/uploads\/2022\/11\/paw-print-2.jpg\" alt=\"\" width=\"200\" height=\"201\" srcset=\"https:\/\/www.generalmaximus.ch\/wp-content\/uploads\/2022\/11\/paw-print-2.jpg 200w, https:\/\/www.generalmaximus.ch\/wp-content\/uploads\/2022\/11\/paw-print-2-150x150.jpg 150w\" sizes=\"auto, (max-width: 200px) 100vw, 200px\" \/><\/p>\n\n\n","protected":false},"excerpt":{"rendered":"","protected":false},"author":5,"featured_media":0,"parent":0,"menu_order":0,"comment_status":"closed","ping_status":"closed","template":"","meta":{"pagelayer_contact_templates":[],"_pagelayer_content":"","footnotes":""},"class_list":["post-219","page","type-page","status-publish","hentry"],"yoast_head":"<!-- This site is optimized with the Yoast SEO Premium plugin v20.10 (Yoast SEO v27.5) - https:\/\/yoast.com\/product\/yoast-seo-premium-wordpress\/ -->\n<title>Meine Geschichte - GenMax Gro\u00dfhandel<\/title>\n<meta name=\"robots\" content=\"index, follow, max-snippet:-1, max-image-preview:large, max-video-preview:-1\" \/>\n<link rel=\"canonical\" href=\"https:\/\/www.generalmaximus.ch\/de\/my-story\/\" \/>\n<meta property=\"og:locale\" content=\"de_DE\" \/>\n<meta property=\"og:type\" content=\"article\" \/>\n<meta property=\"og:title\" content=\"Meine Geschichte\" \/>\n<meta property=\"og:url\" content=\"https:\/\/www.generalmaximus.ch\/de\/my-story\/\" \/>\n<meta property=\"og:site_name\" content=\"GenMax Gro\u00dfhandel\" \/>\n<meta property=\"article:publisher\" content=\"https:\/\/www.facebook.com\/genmax.ch\" \/>\n<meta property=\"article:modified_time\" content=\"2022-12-08T17:31:14+00:00\" \/>\n<meta property=\"og:image\" content=\"https:\/\/www.generalmaximus.ch\/wp-content\/uploads\/2022\/11\/max-2.png\" \/>\n<script type=\"application\/ld+json\" class=\"yoast-schema-graph\">{\"@context\":\"https:\\\/\\\/schema.org\",\"@graph\":[{\"@type\":\"WebPage\",\"@id\":\"https:\\\/\\\/www.generalmaximus.ch\\\/de\\\/my-story\\\/\",\"url\":\"https:\\\/\\\/www.generalmaximus.ch\\\/de\\\/my-story\\\/\",\"name\":\"Meine Geschichte - GenMax Gro\u00dfhandel\",\"isPartOf\":{\"@id\":\"https:\\\/\\\/www.generalmaximus.ch\\\/de\\\/#website\"},\"primaryImageOfPage\":{\"@id\":\"https:\\\/\\\/www.generalmaximus.ch\\\/de\\\/my-story\\\/#primaryimage\"},\"image\":{\"@id\":\"https:\\\/\\\/www.generalmaximus.ch\\\/de\\\/my-story\\\/#primaryimage\"},\"thumbnailUrl\":\"https:\\\/\\\/www.generalmaximus.ch\\\/wp-content\\\/uploads\\\/2022\\\/11\\\/max-2.png\",\"datePublished\":\"2022-11-23T11:24:20+00:00\",\"dateModified\":\"2022-12-08T17:31:14+00:00\",\"breadcrumb\":{\"@id\":\"https:\\\/\\\/www.generalmaximus.ch\\\/de\\\/my-story\\\/#breadcrumb\"},\"inLanguage\":\"de\",\"potentialAction\":[{\"@type\":\"ReadAction\",\"target\":[\"https:\\\/\\\/www.generalmaximus.ch\\\/de\\\/my-story\\\/\"]}]},{\"@type\":\"ImageObject\",\"inLanguage\":\"de\",\"@id\":\"https:\\\/\\\/www.generalmaximus.ch\\\/de\\\/my-story\\\/#primaryimage\",\"url\":\"https:\\\/\\\/www.generalmaximus.ch\\\/wp-content\\\/uploads\\\/2022\\\/11\\\/max-2.png\",\"contentUrl\":\"https:\\\/\\\/www.generalmaximus.ch\\\/wp-content\\\/uploads\\\/2022\\\/11\\\/max-2.png\"},{\"@type\":\"BreadcrumbList\",\"@id\":\"https:\\\/\\\/www.generalmaximus.ch\\\/de\\\/my-story\\\/#breadcrumb\",\"itemListElement\":[{\"@type\":\"ListItem\",\"position\":1,\"name\":\"Home\",\"item\":\"https:\\\/\\\/www.generalmaximus.ch\\\/de\\\/\"},{\"@type\":\"ListItem\",\"position\":2,\"name\":\"Meine Geschichte\"}]},{\"@type\":\"WebSite\",\"@id\":\"https:\\\/\\\/www.generalmaximus.ch\\\/de\\\/#website\",\"url\":\"https:\\\/\\\/www.generalmaximus.ch\\\/de\\\/\",\"name\":\"GenMax Gro\u00dfhandel\",\"description\":\"\",\"publisher\":{\"@id\":\"https:\\\/\\\/www.generalmaximus.ch\\\/de\\\/#organization\"},\"alternateName\":\"General Maximus Pet Products\",\"potentialAction\":[{\"@type\":\"SearchAction\",\"target\":{\"@type\":\"EntryPoint\",\"urlTemplate\":\"https:\\\/\\\/www.generalmaximus.ch\\\/de\\\/?s={search_term_string}\"},\"query-input\":{\"@type\":\"PropertyValueSpecification\",\"valueRequired\":true,\"valueName\":\"search_term_string\"}}],\"inLanguage\":\"de\"},{\"@type\":\"Organization\",\"@id\":\"https:\\\/\\\/www.generalmaximus.ch\\\/de\\\/#organization\",\"name\":\"GenMax Pet Products\",\"alternateName\":\"General Maximus Pet Products\",\"url\":\"https:\\\/\\\/www.generalmaximus.ch\\\/de\\\/\",\"logo\":{\"@type\":\"ImageObject\",\"inLanguage\":\"de\",\"@id\":\"https:\\\/\\\/www.generalmaximus.ch\\\/de\\\/#\\\/schema\\\/logo\\\/image\\\/\",\"url\":\"https:\\\/\\\/www.generalmaximus.ch\\\/wp-content\\\/uploads\\\/2022\\\/12\\\/Pet_Products_Icon_512pix.png\",\"contentUrl\":\"https:\\\/\\\/www.generalmaximus.ch\\\/wp-content\\\/uploads\\\/2022\\\/12\\\/Pet_Products_Icon_512pix.png\",\"width\":512,\"height\":512,\"caption\":\"GenMax Pet Products\"},\"image\":{\"@id\":\"https:\\\/\\\/www.generalmaximus.ch\\\/de\\\/#\\\/schema\\\/logo\\\/image\\\/\"},\"sameAs\":[\"https:\\\/\\\/www.facebook.com\\\/genmax.ch\",\"https:\\\/\\\/www.instagram\\\/genmax.ch\",\"https:\\\/\\\/www.linkedin.com\\\/company\\\/85862297\"]}]}<\/script>\n<!-- \/ Yoast SEO Premium plugin. -->","yoast_head_json":{"title":"Meine Geschichte - GenMax Gro\u00dfhandel","robots":{"index":"index","follow":"follow","max-snippet":"max-snippet:-1","max-image-preview":"max-image-preview:large","max-video-preview":"max-video-preview:-1"},"canonical":"https:\/\/www.generalmaximus.ch\/de\/my-story\/","og_locale":"de_DE","og_type":"article","og_title":"Meine Geschichte","og_url":"https:\/\/www.generalmaximus.ch\/de\/my-story\/","og_site_name":"GenMax Gro\u00dfhandel","article_publisher":"https:\/\/www.facebook.com\/genmax.ch","article_modified_time":"2022-12-08T17:31:14+00:00","og_image":[{"url":"https:\/\/www.generalmaximus.ch\/wp-content\/uploads\/2022\/11\/max-2.png","type":"","width":"","height":""}],"schema":{"@context":"https:\/\/schema.org","@graph":[{"@type":"WebPage","@id":"https:\/\/www.generalmaximus.ch\/de\/my-story\/","url":"https:\/\/www.generalmaximus.ch\/de\/my-story\/","name":"Meine Geschichte - GenMax Gro\u00dfhandel","isPartOf":{"@id":"https:\/\/www.generalmaximus.ch\/de\/#website"},"primaryImageOfPage":{"@id":"https:\/\/www.generalmaximus.ch\/de\/my-story\/#primaryimage"},"image":{"@id":"https:\/\/www.generalmaximus.ch\/de\/my-story\/#primaryimage"},"thumbnailUrl":"https:\/\/www.generalmaximus.ch\/wp-content\/uploads\/2022\/11\/max-2.png","datePublished":"2022-11-23T11:24:20+00:00","dateModified":"2022-12-08T17:31:14+00:00","breadcrumb":{"@id":"https:\/\/www.generalmaximus.ch\/de\/my-story\/#breadcrumb"},"inLanguage":"de","potentialAction":[{"@type":"ReadAction","target":["https:\/\/www.generalmaximus.ch\/de\/my-story\/"]}]},{"@type":"ImageObject","inLanguage":"de","@id":"https:\/\/www.generalmaximus.ch\/de\/my-story\/#primaryimage","url":"https:\/\/www.generalmaximus.ch\/wp-content\/uploads\/2022\/11\/max-2.png","contentUrl":"https:\/\/www.generalmaximus.ch\/wp-content\/uploads\/2022\/11\/max-2.png"},{"@type":"BreadcrumbList","@id":"https:\/\/www.generalmaximus.ch\/de\/my-story\/#breadcrumb","itemListElement":[{"@type":"ListItem","position":1,"name":"Home","item":"https:\/\/www.generalmaximus.ch\/de\/"},{"@type":"ListItem","position":2,"name":"Meine Geschichte"}]},{"@type":"WebSite","@id":"https:\/\/www.generalmaximus.ch\/de\/#website","url":"https:\/\/www.generalmaximus.ch\/de\/","name":"GenMax Gro\u00dfhandel","description":"","publisher":{"@id":"https:\/\/www.generalmaximus.ch\/de\/#organization"},"alternateName":"General Maximus Pet Products","potentialAction":[{"@type":"SearchAction","target":{"@type":"EntryPoint","urlTemplate":"https:\/\/www.generalmaximus.ch\/de\/?s={search_term_string}"},"query-input":{"@type":"PropertyValueSpecification","valueRequired":true,"valueName":"search_term_string"}}],"inLanguage":"de"},{"@type":"Organization","@id":"https:\/\/www.generalmaximus.ch\/de\/#organization","name":"GenMax Pet Products","alternateName":"General Maximus Pet Products","url":"https:\/\/www.generalmaximus.ch\/de\/","logo":{"@type":"ImageObject","inLanguage":"de","@id":"https:\/\/www.generalmaximus.ch\/de\/#\/schema\/logo\/image\/","url":"https:\/\/www.generalmaximus.ch\/wp-content\/uploads\/2022\/12\/Pet_Products_Icon_512pix.png","contentUrl":"https:\/\/www.generalmaximus.ch\/wp-content\/uploads\/2022\/12\/Pet_Products_Icon_512pix.png","width":512,"height":512,"caption":"GenMax Pet Products"},"image":{"@id":"https:\/\/www.generalmaximus.ch\/de\/#\/schema\/logo\/image\/"},"sameAs":["https:\/\/www.facebook.com\/genmax.ch","https:\/\/www.instagram\/genmax.ch","https:\/\/www.linkedin.com\/company\/85862297"]}]}},"_links":{"self":[{"href":"https:\/\/www.generalmaximus.ch\/de\/wp-json\/wp\/v2\/pages\/219","targetHints":{"allow":["GET"]}}],"collection":[{"href":"https:\/\/www.generalmaximus.ch\/de\/wp-json\/wp\/v2\/pages"}],"about":[{"href":"https:\/\/www.generalmaximus.ch\/de\/wp-json\/wp\/v2\/types\/page"}],"author":[{"embeddable":true,"href":"https:\/\/www.generalmaximus.ch\/de\/wp-json\/wp\/v2\/users\/5"}],"replies":[{"embeddable":true,"href":"https:\/\/www.generalmaximus.ch\/de\/wp-json\/wp\/v2\/comments?post=219"}],"version-history":[{"count":5,"href":"https:\/\/www.generalmaximus.ch\/de\/wp-json\/wp\/v2\/pages\/219\/revisions"}],"predecessor-version":[{"id":777,"href":"https:\/\/www.generalmaximus.ch\/de\/wp-json\/wp\/v2\/pages\/219\/revisions\/777"}],"wp:attachment":[{"href":"https:\/\/www.generalmaximus.ch\/de\/wp-json\/wp\/v2\/media?parent=219"}],"curies":[{"name":"wp","href":"https:\/\/api.w.org\/{rel}","templated":true}]}}