{"id":229,"date":"2022-11-23T11:19:44","date_gmt":"2022-11-23T11:19:44","guid":{"rendered":"https:\/\/www.generalmaximus.ch\/my-mission\/"},"modified":"2022-12-08T17:29:47","modified_gmt":"2022-12-08T17:29:47","slug":"my-mission","status":"publish","type":"page","link":"https:\/\/www.generalmaximus.ch\/de\/my-mission\/","title":{"rendered":"Meine Mission"},"content":{"rendered":"\n\n<h2>Ich verbessere das Leben von anderer Hunde, indem ich Produkte von hoher Qualit\u00e4t liefere<\/h2>\n<p>&nbsp;<\/p>\n<p>Meine Mission ist einfach: Sicherstellen, dass meine Freunde von ihren Menschen gut betreut werden.<\/p>\n<p>Wie mache ich das?<br><br><\/p>\n<p>Ganz einfach. Ich sorge daf\u00fcr, dass die richtigen Produkte zur Verf\u00fcgung<img loading=\"lazy\" decoding=\"async\" class=\"alignright wp-image-232 size-full\" src=\"https:\/\/www.generalmaximus.ch\/wp-content\/uploads\/2022\/11\/dogs-2-195x300-1.png\" alt=\"\" width=\"195\" height=\"300\" align=\"right\"> stehen, damit die Menschen Produkte beschaffen k\u00f6nnen, die das Leben meiner Mittiere verbessern. <br><br><\/p>\n<p>Diese Produkte sind die besten, da sie getestet werden und speziell auf die Lebensstile der arbeitenden und nicht-arbeitenden Tiere zugeschnitten sind. So sorgen sie durch besseres Futter, bessere Ruhe und nat\u00fcrlich bessere Spielzeuge daf\u00fcr, dass Tiere, Haustiere oder wie man uns auch immer nennen will ein komfortables und gutes Leben f\u00fchren.<br><br><\/p>\n<p>Ich habe einen harten Kampf in meinem Leben erlebt als ich durch Afrika reiste und \u00fcber das Mittelmeer nach Europa fuhr. Dies gab mir eine neue Welt des Denkens. Eine neue Welt, die es mir erlaubt, das Leben aller meiner Freunde zu verbessern, indem ich sicherstelle, dass sie die richtigen Werkzeuge haben, um das Leben in ihren eigenen Abenteuern erfolgreich herauszufordern. <\/p>\n\n","protected":false},"excerpt":{"rendered":"","protected":false},"author":5,"featured_media":0,"parent":0,"menu_order":0,"comment_status":"closed","ping_status":"closed","template":"","meta":{"pagelayer_contact_templates":[],"_pagelayer_content":"","footnotes":""},"class_list":["post-229","page","type-page","status-publish","hentry"],"yoast_head":"<!-- This site is optimized with the Yoast SEO Premium plugin v20.10 (Yoast SEO v27.5) - https:\/\/yoast.com\/product\/yoast-seo-premium-wordpress\/ -->\n<title>Meine Mission - GenMax Gro\u00dfhandel<\/title>\n<meta name=\"robots\" content=\"index, follow, max-snippet:-1, max-image-preview:large, max-video-preview:-1\" \/>\n<link rel=\"canonical\" href=\"https:\/\/www.generalmaximus.ch\/de\/my-mission\/\" \/>\n<meta property=\"og:locale\" content=\"de_DE\" \/>\n<meta property=\"og:type\" content=\"article\" \/>\n<meta property=\"og:title\" content=\"Meine Mission\" \/>\n<meta property=\"og:url\" content=\"https:\/\/www.generalmaximus.ch\/de\/my-mission\/\" \/>\n<meta property=\"og:site_name\" content=\"GenMax Gro\u00dfhandel\" \/>\n<meta property=\"article:publisher\" content=\"https:\/\/www.facebook.com\/genmax.ch\" \/>\n<meta property=\"article:modified_time\" content=\"2022-12-08T17:29:47+00:00\" \/>\n<meta property=\"og:image\" content=\"https:\/\/www.generalmaximus.ch\/wp-content\/uploads\/2022\/11\/dogs-2-195x300-1.png\" \/>\n<script type=\"application\/ld+json\" class=\"yoast-schema-graph\">{\"@context\":\"https:\\\/\\\/schema.org\",\"@graph\":[{\"@type\":\"WebPage\",\"@id\":\"https:\\\/\\\/www.generalmaximus.ch\\\/de\\\/my-mission\\\/\",\"url\":\"https:\\\/\\\/www.generalmaximus.ch\\\/de\\\/my-mission\\\/\",\"name\":\"Meine Mission - GenMax Gro\u00dfhandel\",\"isPartOf\":{\"@id\":\"https:\\\/\\\/www.generalmaximus.ch\\\/de\\\/#website\"},\"primaryImageOfPage\":{\"@id\":\"https:\\\/\\\/www.generalmaximus.ch\\\/de\\\/my-mission\\\/#primaryimage\"},\"image\":{\"@id\":\"https:\\\/\\\/www.generalmaximus.ch\\\/de\\\/my-mission\\\/#primaryimage\"},\"thumbnailUrl\":\"https:\\\/\\\/www.generalmaximus.ch\\\/wp-content\\\/uploads\\\/2022\\\/11\\\/dogs-2-195x300-1.png\",\"datePublished\":\"2022-11-23T11:19:44+00:00\",\"dateModified\":\"2022-12-08T17:29:47+00:00\",\"breadcrumb\":{\"@id\":\"https:\\\/\\\/www.generalmaximus.ch\\\/de\\\/my-mission\\\/#breadcrumb\"},\"inLanguage\":\"de\",\"potentialAction\":[{\"@type\":\"ReadAction\",\"target\":[\"https:\\\/\\\/www.generalmaximus.ch\\\/de\\\/my-mission\\\/\"]}]},{\"@type\":\"ImageObject\",\"inLanguage\":\"de\",\"@id\":\"https:\\\/\\\/www.generalmaximus.ch\\\/de\\\/my-mission\\\/#primaryimage\",\"url\":\"https:\\\/\\\/www.generalmaximus.ch\\\/wp-content\\\/uploads\\\/2022\\\/11\\\/dogs-2-195x300-1.png\",\"contentUrl\":\"https:\\\/\\\/www.generalmaximus.ch\\\/wp-content\\\/uploads\\\/2022\\\/11\\\/dogs-2-195x300-1.png\"},{\"@type\":\"BreadcrumbList\",\"@id\":\"https:\\\/\\\/www.generalmaximus.ch\\\/de\\\/my-mission\\\/#breadcrumb\",\"itemListElement\":[{\"@type\":\"ListItem\",\"position\":1,\"name\":\"Home\",\"item\":\"https:\\\/\\\/www.generalmaximus.ch\\\/de\\\/\"},{\"@type\":\"ListItem\",\"position\":2,\"name\":\"Meine Mission\"}]},{\"@type\":\"WebSite\",\"@id\":\"https:\\\/\\\/www.generalmaximus.ch\\\/de\\\/#website\",\"url\":\"https:\\\/\\\/www.generalmaximus.ch\\\/de\\\/\",\"name\":\"GenMax Gro\u00dfhandel\",\"description\":\"\",\"publisher\":{\"@id\":\"https:\\\/\\\/www.generalmaximus.ch\\\/de\\\/#organization\"},\"alternateName\":\"General Maximus Pet Products\",\"potentialAction\":[{\"@type\":\"SearchAction\",\"target\":{\"@type\":\"EntryPoint\",\"urlTemplate\":\"https:\\\/\\\/www.generalmaximus.ch\\\/de\\\/?s={search_term_string}\"},\"query-input\":{\"@type\":\"PropertyValueSpecification\",\"valueRequired\":true,\"valueName\":\"search_term_string\"}}],\"inLanguage\":\"de\"},{\"@type\":\"Organization\",\"@id\":\"https:\\\/\\\/www.generalmaximus.ch\\\/de\\\/#organization\",\"name\":\"GenMax Pet Products\",\"alternateName\":\"General Maximus Pet Products\",\"url\":\"https:\\\/\\\/www.generalmaximus.ch\\\/de\\\/\",\"logo\":{\"@type\":\"ImageObject\",\"inLanguage\":\"de\",\"@id\":\"https:\\\/\\\/www.generalmaximus.ch\\\/de\\\/#\\\/schema\\\/logo\\\/image\\\/\",\"url\":\"https:\\\/\\\/www.generalmaximus.ch\\\/wp-content\\\/uploads\\\/2022\\\/12\\\/Pet_Products_Icon_512pix.png\",\"contentUrl\":\"https:\\\/\\\/www.generalmaximus.ch\\\/wp-content\\\/uploads\\\/2022\\\/12\\\/Pet_Products_Icon_512pix.png\",\"width\":512,\"height\":512,\"caption\":\"GenMax Pet Products\"},\"image\":{\"@id\":\"https:\\\/\\\/www.generalmaximus.ch\\\/de\\\/#\\\/schema\\\/logo\\\/image\\\/\"},\"sameAs\":[\"https:\\\/\\\/www.facebook.com\\\/genmax.ch\",\"https:\\\/\\\/www.instagram\\\/genmax.ch\",\"https:\\\/\\\/www.linkedin.com\\\/company\\\/85862297\"]}]}<\/script>\n<!-- \/ Yoast SEO Premium plugin. -->","yoast_head_json":{"title":"Meine Mission - GenMax Gro\u00dfhandel","robots":{"index":"index","follow":"follow","max-snippet":"max-snippet:-1","max-image-preview":"max-image-preview:large","max-video-preview":"max-video-preview:-1"},"canonical":"https:\/\/www.generalmaximus.ch\/de\/my-mission\/","og_locale":"de_DE","og_type":"article","og_title":"Meine Mission","og_url":"https:\/\/www.generalmaximus.ch\/de\/my-mission\/","og_site_name":"GenMax Gro\u00dfhandel","article_publisher":"https:\/\/www.facebook.com\/genmax.ch","article_modified_time":"2022-12-08T17:29:47+00:00","og_image":[{"url":"https:\/\/www.generalmaximus.ch\/wp-content\/uploads\/2022\/11\/dogs-2-195x300-1.png","type":"","width":"","height":""}],"schema":{"@context":"https:\/\/schema.org","@graph":[{"@type":"WebPage","@id":"https:\/\/www.generalmaximus.ch\/de\/my-mission\/","url":"https:\/\/www.generalmaximus.ch\/de\/my-mission\/","name":"Meine Mission - GenMax Gro\u00dfhandel","isPartOf":{"@id":"https:\/\/www.generalmaximus.ch\/de\/#website"},"primaryImageOfPage":{"@id":"https:\/\/www.generalmaximus.ch\/de\/my-mission\/#primaryimage"},"image":{"@id":"https:\/\/www.generalmaximus.ch\/de\/my-mission\/#primaryimage"},"thumbnailUrl":"https:\/\/www.generalmaximus.ch\/wp-content\/uploads\/2022\/11\/dogs-2-195x300-1.png","datePublished":"2022-11-23T11:19:44+00:00","dateModified":"2022-12-08T17:29:47+00:00","breadcrumb":{"@id":"https:\/\/www.generalmaximus.ch\/de\/my-mission\/#breadcrumb"},"inLanguage":"de","potentialAction":[{"@type":"ReadAction","target":["https:\/\/www.generalmaximus.ch\/de\/my-mission\/"]}]},{"@type":"ImageObject","inLanguage":"de","@id":"https:\/\/www.generalmaximus.ch\/de\/my-mission\/#primaryimage","url":"https:\/\/www.generalmaximus.ch\/wp-content\/uploads\/2022\/11\/dogs-2-195x300-1.png","contentUrl":"https:\/\/www.generalmaximus.ch\/wp-content\/uploads\/2022\/11\/dogs-2-195x300-1.png"},{"@type":"BreadcrumbList","@id":"https:\/\/www.generalmaximus.ch\/de\/my-mission\/#breadcrumb","itemListElement":[{"@type":"ListItem","position":1,"name":"Home","item":"https:\/\/www.generalmaximus.ch\/de\/"},{"@type":"ListItem","position":2,"name":"Meine Mission"}]},{"@type":"WebSite","@id":"https:\/\/www.generalmaximus.ch\/de\/#website","url":"https:\/\/www.generalmaximus.ch\/de\/","name":"GenMax Gro\u00dfhandel","description":"","publisher":{"@id":"https:\/\/www.generalmaximus.ch\/de\/#organization"},"alternateName":"General Maximus Pet Products","potentialAction":[{"@type":"SearchAction","target":{"@type":"EntryPoint","urlTemplate":"https:\/\/www.generalmaximus.ch\/de\/?s={search_term_string}"},"query-input":{"@type":"PropertyValueSpecification","valueRequired":true,"valueName":"search_term_string"}}],"inLanguage":"de"},{"@type":"Organization","@id":"https:\/\/www.generalmaximus.ch\/de\/#organization","name":"GenMax Pet Products","alternateName":"General Maximus Pet Products","url":"https:\/\/www.generalmaximus.ch\/de\/","logo":{"@type":"ImageObject","inLanguage":"de","@id":"https:\/\/www.generalmaximus.ch\/de\/#\/schema\/logo\/image\/","url":"https:\/\/www.generalmaximus.ch\/wp-content\/uploads\/2022\/12\/Pet_Products_Icon_512pix.png","contentUrl":"https:\/\/www.generalmaximus.ch\/wp-content\/uploads\/2022\/12\/Pet_Products_Icon_512pix.png","width":512,"height":512,"caption":"GenMax Pet Products"},"image":{"@id":"https:\/\/www.generalmaximus.ch\/de\/#\/schema\/logo\/image\/"},"sameAs":["https:\/\/www.facebook.com\/genmax.ch","https:\/\/www.instagram\/genmax.ch","https:\/\/www.linkedin.com\/company\/85862297"]}]}},"_links":{"self":[{"href":"https:\/\/www.generalmaximus.ch\/de\/wp-json\/wp\/v2\/pages\/229","targetHints":{"allow":["GET"]}}],"collection":[{"href":"https:\/\/www.generalmaximus.ch\/de\/wp-json\/wp\/v2\/pages"}],"about":[{"href":"https:\/\/www.generalmaximus.ch\/de\/wp-json\/wp\/v2\/types\/page"}],"author":[{"embeddable":true,"href":"https:\/\/www.generalmaximus.ch\/de\/wp-json\/wp\/v2\/users\/5"}],"replies":[{"embeddable":true,"href":"https:\/\/www.generalmaximus.ch\/de\/wp-json\/wp\/v2\/comments?post=229"}],"version-history":[{"count":4,"href":"https:\/\/www.generalmaximus.ch\/de\/wp-json\/wp\/v2\/pages\/229\/revisions"}],"predecessor-version":[{"id":770,"href":"https:\/\/www.generalmaximus.ch\/de\/wp-json\/wp\/v2\/pages\/229\/revisions\/770"}],"wp:attachment":[{"href":"https:\/\/www.generalmaximus.ch\/de\/wp-json\/wp\/v2\/media?parent=229"}],"curies":[{"name":"wp","href":"https:\/\/api.w.org\/{rel}","templated":true}]}}