{"id":371,"date":"2022-11-23T11:17:13","date_gmt":"2022-11-23T11:17:13","guid":{"rendered":"https:\/\/www.generalmaximus.ch\/who-is-genmax\/"},"modified":"2023-04-21T12:13:32","modified_gmt":"2023-04-21T12:13:32","slug":"who-is-genmax","status":"publish","type":"page","link":"https:\/\/www.generalmaximus.ch\/de\/who-is-genmax\/","title":{"rendered":"Wer ist GenMax?"},"content":{"rendered":"\r\n\r\n\r\n\r\n\n<h2>Die besten Haustierprodukte der Welt!<\/h2>\n\r\n\r\n\n<p>General Maximus ist ein Produzent und Verk\u00e4ufer von qualitativ hochwertigen Haustierprodukten, von denen Max glaubt, das sie das Leben von vielen Haustieren weltweit verbessern. Lesen Sie \u201eDie Geschichte von General Maximus, die Geschichte eines Deutschen Sch\u00e4ferhundes\u201c, um herauszufinden, warum Max beschlossen hat, sein Gesch\u00e4ft zu starten, in dem Haustiere an der Macht sind. <br><br>Da Max Produkte online und in Gesch\u00e4ften angeboten werden gibt es eine gro\u00dfe Auswahl an Orten, an denen diese zu kaufen sind. Max allererste Produktlinie besteht aus den weltweit bequemsten Hundebetten aller Zeiten! <br><br><\/p>\n<p><img loading=\"lazy\" decoding=\"async\" class=\"wp-image-182 aligncenter\" style=\"vertical-align: middle;\" src=\"https:\/\/www.generalmaximus.ch\/wp-content\/uploads\/2017\/05\/Maximus-and-Jessica.png\" alt=\"\" width=\"622\" height=\"288\"><\/p>\n<p>Max Haustierprodukte sind hier direkt im Haus von General Maximus sowie auf den folgenden Seiten erh\u00e4ltlich:<br><br><\/p>\n<h2>Partner<\/h2>\n<p><a href=\"http:\/\/www.hunde-nah.ch\/\">www.hunde-nah.ch<\/a> wo Echo, Max selbstgew\u00e4hlter Labrador-Bruder die Produkte anbietet um anderen Hunden zu helfen, sich auf die gro\u00dfe weite Welt vorzubereiten und zu trainieren. Echo verwaltet und f\u00fchrt zusammen mit den angeworbenen Menschen, Hugo und Regula, die Hundeschule Schwitter, eine der sch\u00f6nsten Hundeschulen der Schweiz in Rafz. Dar\u00fcber hinaus ist Echo Partner von General Maximus und hilft dabei Max feine Produkte in die Welt zu liefern.  <br><br><\/p>\n<p><a style=\"color: #0056b3; text-decoration-line: underline; transition: all 0.3s ease-in-out 0s; outline: 0px;\" href=\"http:\/\/www.hunde-nah.ch\/\"><img loading=\"lazy\" decoding=\"async\" class=\"aligncenter wp-image-157 size-full\" style=\"vertical-align: middle;\" src=\"https:\/\/www.generalmaximus.ch\/wp-content\/uploads\/2017\/05\/hunde-nah.jpg\" alt=\"\" width=\"628\" height=\"417\"><\/a><\/p>\n<h2>Online-Ressourcen f\u00fcr den Einzelhandel<\/h2>\n<p>Siehe: <a href=\"https:\/\/www.generalmaximus.ch\/de\/wo-kaufe-ich\/\">Wo kaufe ich? (Klicken Sie hier) <\/a><\/p>\n<p>&nbsp;<\/p>\n","protected":false},"excerpt":{"rendered":"<p>&nbsp;<\/p>\n","protected":false},"author":5,"featured_media":0,"parent":0,"menu_order":0,"comment_status":"closed","ping_status":"closed","template":"","meta":{"pagelayer_contact_templates":[],"_pagelayer_content":"","footnotes":""},"class_list":["post-371","page","type-page","status-publish","hentry"],"yoast_head":"<!-- This site is optimized with the Yoast SEO Premium plugin v20.10 (Yoast SEO v27.5) - https:\/\/yoast.com\/product\/yoast-seo-premium-wordpress\/ -->\n<title>Wer ist GenMax? - GenMax Gro\u00dfhandel<\/title>\n<meta name=\"robots\" content=\"index, follow, max-snippet:-1, max-image-preview:large, max-video-preview:-1\" \/>\n<link rel=\"canonical\" href=\"https:\/\/www.generalmaximus.ch\/de\/who-is-genmax\/\" \/>\n<meta property=\"og:locale\" content=\"de_DE\" \/>\n<meta property=\"og:type\" content=\"article\" \/>\n<meta property=\"og:title\" content=\"Wer ist GenMax?\" \/>\n<meta property=\"og:description\" content=\"&nbsp;\" \/>\n<meta property=\"og:url\" content=\"https:\/\/www.generalmaximus.ch\/de\/who-is-genmax\/\" \/>\n<meta property=\"og:site_name\" content=\"GenMax Gro\u00dfhandel\" \/>\n<meta property=\"article:publisher\" content=\"https:\/\/www.facebook.com\/genmax.ch\" \/>\n<meta property=\"article:modified_time\" content=\"2023-04-21T12:13:32+00:00\" \/>\n<meta property=\"og:image\" content=\"https:\/\/www.generalmaximus.ch\/wp-content\/uploads\/2017\/05\/Maximus-and-Jessica.png\" \/>\n<script type=\"application\/ld+json\" class=\"yoast-schema-graph\">{\"@context\":\"https:\\\/\\\/schema.org\",\"@graph\":[{\"@type\":\"WebPage\",\"@id\":\"https:\\\/\\\/www.generalmaximus.ch\\\/de\\\/who-is-genmax\\\/\",\"url\":\"https:\\\/\\\/www.generalmaximus.ch\\\/de\\\/who-is-genmax\\\/\",\"name\":\"Wer ist GenMax? - GenMax Gro\u00dfhandel\",\"isPartOf\":{\"@id\":\"https:\\\/\\\/www.generalmaximus.ch\\\/de\\\/#website\"},\"primaryImageOfPage\":{\"@id\":\"https:\\\/\\\/www.generalmaximus.ch\\\/de\\\/who-is-genmax\\\/#primaryimage\"},\"image\":{\"@id\":\"https:\\\/\\\/www.generalmaximus.ch\\\/de\\\/who-is-genmax\\\/#primaryimage\"},\"thumbnailUrl\":\"https:\\\/\\\/www.generalmaximus.ch\\\/wp-content\\\/uploads\\\/2017\\\/05\\\/Maximus-and-Jessica.png\",\"datePublished\":\"2022-11-23T11:17:13+00:00\",\"dateModified\":\"2023-04-21T12:13:32+00:00\",\"breadcrumb\":{\"@id\":\"https:\\\/\\\/www.generalmaximus.ch\\\/de\\\/who-is-genmax\\\/#breadcrumb\"},\"inLanguage\":\"de\",\"potentialAction\":[{\"@type\":\"ReadAction\",\"target\":[\"https:\\\/\\\/www.generalmaximus.ch\\\/de\\\/who-is-genmax\\\/\"]}]},{\"@type\":\"ImageObject\",\"inLanguage\":\"de\",\"@id\":\"https:\\\/\\\/www.generalmaximus.ch\\\/de\\\/who-is-genmax\\\/#primaryimage\",\"url\":\"https:\\\/\\\/www.generalmaximus.ch\\\/wp-content\\\/uploads\\\/2017\\\/05\\\/Maximus-and-Jessica.png\",\"contentUrl\":\"https:\\\/\\\/www.generalmaximus.ch\\\/wp-content\\\/uploads\\\/2017\\\/05\\\/Maximus-and-Jessica.png\"},{\"@type\":\"BreadcrumbList\",\"@id\":\"https:\\\/\\\/www.generalmaximus.ch\\\/de\\\/who-is-genmax\\\/#breadcrumb\",\"itemListElement\":[{\"@type\":\"ListItem\",\"position\":1,\"name\":\"Home\",\"item\":\"https:\\\/\\\/www.generalmaximus.ch\\\/de\\\/\"},{\"@type\":\"ListItem\",\"position\":2,\"name\":\"Wer ist GenMax?\"}]},{\"@type\":\"WebSite\",\"@id\":\"https:\\\/\\\/www.generalmaximus.ch\\\/de\\\/#website\",\"url\":\"https:\\\/\\\/www.generalmaximus.ch\\\/de\\\/\",\"name\":\"GenMax Gro\u00dfhandel\",\"description\":\"\",\"publisher\":{\"@id\":\"https:\\\/\\\/www.generalmaximus.ch\\\/de\\\/#organization\"},\"alternateName\":\"General Maximus Pet Products\",\"potentialAction\":[{\"@type\":\"SearchAction\",\"target\":{\"@type\":\"EntryPoint\",\"urlTemplate\":\"https:\\\/\\\/www.generalmaximus.ch\\\/de\\\/?s={search_term_string}\"},\"query-input\":{\"@type\":\"PropertyValueSpecification\",\"valueRequired\":true,\"valueName\":\"search_term_string\"}}],\"inLanguage\":\"de\"},{\"@type\":\"Organization\",\"@id\":\"https:\\\/\\\/www.generalmaximus.ch\\\/de\\\/#organization\",\"name\":\"GenMax Pet Products\",\"alternateName\":\"General Maximus Pet Products\",\"url\":\"https:\\\/\\\/www.generalmaximus.ch\\\/de\\\/\",\"logo\":{\"@type\":\"ImageObject\",\"inLanguage\":\"de\",\"@id\":\"https:\\\/\\\/www.generalmaximus.ch\\\/de\\\/#\\\/schema\\\/logo\\\/image\\\/\",\"url\":\"https:\\\/\\\/www.generalmaximus.ch\\\/wp-content\\\/uploads\\\/2022\\\/12\\\/Pet_Products_Icon_512pix.png\",\"contentUrl\":\"https:\\\/\\\/www.generalmaximus.ch\\\/wp-content\\\/uploads\\\/2022\\\/12\\\/Pet_Products_Icon_512pix.png\",\"width\":512,\"height\":512,\"caption\":\"GenMax Pet Products\"},\"image\":{\"@id\":\"https:\\\/\\\/www.generalmaximus.ch\\\/de\\\/#\\\/schema\\\/logo\\\/image\\\/\"},\"sameAs\":[\"https:\\\/\\\/www.facebook.com\\\/genmax.ch\",\"https:\\\/\\\/www.instagram\\\/genmax.ch\",\"https:\\\/\\\/www.linkedin.com\\\/company\\\/85862297\"]}]}<\/script>\n<!-- \/ Yoast SEO Premium plugin. -->","yoast_head_json":{"title":"Wer ist GenMax? - GenMax Gro\u00dfhandel","robots":{"index":"index","follow":"follow","max-snippet":"max-snippet:-1","max-image-preview":"max-image-preview:large","max-video-preview":"max-video-preview:-1"},"canonical":"https:\/\/www.generalmaximus.ch\/de\/who-is-genmax\/","og_locale":"de_DE","og_type":"article","og_title":"Wer ist GenMax?","og_description":"&nbsp;","og_url":"https:\/\/www.generalmaximus.ch\/de\/who-is-genmax\/","og_site_name":"GenMax Gro\u00dfhandel","article_publisher":"https:\/\/www.facebook.com\/genmax.ch","article_modified_time":"2023-04-21T12:13:32+00:00","og_image":[{"url":"https:\/\/www.generalmaximus.ch\/wp-content\/uploads\/2017\/05\/Maximus-and-Jessica.png","type":"","width":"","height":""}],"schema":{"@context":"https:\/\/schema.org","@graph":[{"@type":"WebPage","@id":"https:\/\/www.generalmaximus.ch\/de\/who-is-genmax\/","url":"https:\/\/www.generalmaximus.ch\/de\/who-is-genmax\/","name":"Wer ist GenMax? - GenMax Gro\u00dfhandel","isPartOf":{"@id":"https:\/\/www.generalmaximus.ch\/de\/#website"},"primaryImageOfPage":{"@id":"https:\/\/www.generalmaximus.ch\/de\/who-is-genmax\/#primaryimage"},"image":{"@id":"https:\/\/www.generalmaximus.ch\/de\/who-is-genmax\/#primaryimage"},"thumbnailUrl":"https:\/\/www.generalmaximus.ch\/wp-content\/uploads\/2017\/05\/Maximus-and-Jessica.png","datePublished":"2022-11-23T11:17:13+00:00","dateModified":"2023-04-21T12:13:32+00:00","breadcrumb":{"@id":"https:\/\/www.generalmaximus.ch\/de\/who-is-genmax\/#breadcrumb"},"inLanguage":"de","potentialAction":[{"@type":"ReadAction","target":["https:\/\/www.generalmaximus.ch\/de\/who-is-genmax\/"]}]},{"@type":"ImageObject","inLanguage":"de","@id":"https:\/\/www.generalmaximus.ch\/de\/who-is-genmax\/#primaryimage","url":"https:\/\/www.generalmaximus.ch\/wp-content\/uploads\/2017\/05\/Maximus-and-Jessica.png","contentUrl":"https:\/\/www.generalmaximus.ch\/wp-content\/uploads\/2017\/05\/Maximus-and-Jessica.png"},{"@type":"BreadcrumbList","@id":"https:\/\/www.generalmaximus.ch\/de\/who-is-genmax\/#breadcrumb","itemListElement":[{"@type":"ListItem","position":1,"name":"Home","item":"https:\/\/www.generalmaximus.ch\/de\/"},{"@type":"ListItem","position":2,"name":"Wer ist GenMax?"}]},{"@type":"WebSite","@id":"https:\/\/www.generalmaximus.ch\/de\/#website","url":"https:\/\/www.generalmaximus.ch\/de\/","name":"GenMax Gro\u00dfhandel","description":"","publisher":{"@id":"https:\/\/www.generalmaximus.ch\/de\/#organization"},"alternateName":"General Maximus Pet Products","potentialAction":[{"@type":"SearchAction","target":{"@type":"EntryPoint","urlTemplate":"https:\/\/www.generalmaximus.ch\/de\/?s={search_term_string}"},"query-input":{"@type":"PropertyValueSpecification","valueRequired":true,"valueName":"search_term_string"}}],"inLanguage":"de"},{"@type":"Organization","@id":"https:\/\/www.generalmaximus.ch\/de\/#organization","name":"GenMax Pet Products","alternateName":"General Maximus Pet Products","url":"https:\/\/www.generalmaximus.ch\/de\/","logo":{"@type":"ImageObject","inLanguage":"de","@id":"https:\/\/www.generalmaximus.ch\/de\/#\/schema\/logo\/image\/","url":"https:\/\/www.generalmaximus.ch\/wp-content\/uploads\/2022\/12\/Pet_Products_Icon_512pix.png","contentUrl":"https:\/\/www.generalmaximus.ch\/wp-content\/uploads\/2022\/12\/Pet_Products_Icon_512pix.png","width":512,"height":512,"caption":"GenMax Pet Products"},"image":{"@id":"https:\/\/www.generalmaximus.ch\/de\/#\/schema\/logo\/image\/"},"sameAs":["https:\/\/www.facebook.com\/genmax.ch","https:\/\/www.instagram\/genmax.ch","https:\/\/www.linkedin.com\/company\/85862297"]}]}},"_links":{"self":[{"href":"https:\/\/www.generalmaximus.ch\/de\/wp-json\/wp\/v2\/pages\/371","targetHints":{"allow":["GET"]}}],"collection":[{"href":"https:\/\/www.generalmaximus.ch\/de\/wp-json\/wp\/v2\/pages"}],"about":[{"href":"https:\/\/www.generalmaximus.ch\/de\/wp-json\/wp\/v2\/types\/page"}],"author":[{"embeddable":true,"href":"https:\/\/www.generalmaximus.ch\/de\/wp-json\/wp\/v2\/users\/5"}],"replies":[{"embeddable":true,"href":"https:\/\/www.generalmaximus.ch\/de\/wp-json\/wp\/v2\/comments?post=371"}],"version-history":[{"count":4,"href":"https:\/\/www.generalmaximus.ch\/de\/wp-json\/wp\/v2\/pages\/371\/revisions"}],"predecessor-version":[{"id":1266,"href":"https:\/\/www.generalmaximus.ch\/de\/wp-json\/wp\/v2\/pages\/371\/revisions\/1266"}],"wp:attachment":[{"href":"https:\/\/www.generalmaximus.ch\/de\/wp-json\/wp\/v2\/media?parent=371"}],"curies":[{"name":"wp","href":"https:\/\/api.w.org\/{rel}","templated":true}]}}