{"id":389,"date":"2022-11-25T12:17:46","date_gmt":"2022-11-25T12:17:46","guid":{"rendered":"https:\/\/www.generalmaximus.ch\/the-maxbed-pillow\/"},"modified":"2025-06-27T17:17:15","modified_gmt":"2025-06-27T17:17:15","slug":"the-maxbed-premium-dog-bed","status":"publish","type":"page","link":"https:\/\/www.generalmaximus.ch\/de\/the-maxbed-premium-dog-bed\/","title":{"rendered":"Das MaxBed Premium Dog Bed"},"content":{"rendered":"\n\n\n\n<h2>Das MaxBed \u2013 Premium Dog Bed<\/h2>\n\n\n\n\n<p><img loading=\"lazy\" decoding=\"async\" class=\"alignleft\" src=\"https:\/\/www.generalmaximus.ch\/wp-content\/uploads\/2023\/04\/Max_on_MaxBed-PIllow.jpg\" alt=\"\" width=\"332\" height=\"332\" \/>Das MaxBed Premium Hundebett ist unter der GTIN 4170000074199 registriert. Das MaxBed-Pillow ist ein neues Tierbett f\u00fcr den Weltmarkt, das keine Tierger\u00fcche absorbiert, hypoallergen, hygienisch, nicht saugend, wasserabweisend und orthop\u00e4dische Eigenschaften hat.<\/p>\n<p>&nbsp;<\/p>\n<p>Das Bett ist ideal f\u00fcr den Innenbereich und f\u00fcr den vor\u00fcbergehenden Einsatz im Freien geeignet. <u>Wie bei jedem Stoffprodukt sollten Sie das Bett jedoch nicht dauerhaft direkter Sonneneinstrahlung aussetzen, da Sonnenlicht die Festigkeit der meisten Stoffe beeintr\u00e4chtigt.<\/u> Es ist robust und langlebig. Dank seiner flexiblen Konstruktion passt sich das MaxBed Premium Hundebett jeder Form an und beh\u00e4lt dabei stets seine Form. <\/p>\n<p>&nbsp;<\/p>\n<p>Das Bett ist leicht zu reinigen, da es keine Tierhaare enth\u00e4lt. Sie sch\u00fctteln einfach die Haare aus. Es ist leicht zu reinigen, indem Sie es mit einem feuchten Lappen reinigen und einfach die oberen oder anderen Oberfl\u00e4chen abwischen. In schmutzigeren Situationen k\u00f6nnen Sie dies alternativ tun, indem Sie die obere Oberfl\u00e4che mit einem Gartenschlauch bespr\u00fchen, w\u00e4hrend Sie das Bett auf den Kopf stellen und abtropfen lassen. Das Bett wird nicht gerne in Wasser eingeweicht, da es lange zum Trocknen braucht \u2013 dies ist nicht notwendig.    <\/p>\n<p>&nbsp;<\/p>\n<p>Aufgrund der bei der Herstellung verwendeten Materialien bleibt das Bett im Sommer k\u00fchl und bietet im Winter W\u00e4rme.<img loading=\"lazy\" decoding=\"async\" src=\"https:\/\/www.generalmaximus.ch\/wp-content\/uploads\/2022\/11\/Image-MBP-2.jpg\" width=\"250\" height=\"500\" align=\"right\" \/><\/p>\n<p>&nbsp;<\/p>\n<p>Die obere Oberfl\u00e4che hilft, Hautirritationen zu lindern und hilft auch, die Vermehrung von Parasiten zu verhindern.<\/p>\n<p>&nbsp;<\/p>\n<p>Das ist das Bett, auf das Ihr Haustier gewartet hat. Es ist ein qualitativ hochwertiges, gut verarbeitetes Produkt, das entwickelt wurde, um Ihrem Haustier Freude zu bereiten, egal ob es sich ausruht oder schl\u00e4ft. <\/p>\n<p>&nbsp;<\/p>\n<p>Wenn Sie ein minderwertiges, g\u00fcnstiges Einzelst\u00fcck suchen, ist dieses Bett nicht das Richtige f\u00fcr Ihr Haustier. Das MaxBed Premium Hundebett enth\u00e4lt mehr F\u00fcllmaterial als die meisten anderen Betten und tr\u00e4gt das K\u00f6rpergewicht Ihres Haustieres vollst\u00e4ndig. <\/p>\n<p><strong> <\/strong><\/p>\n<p><strong>Verf\u00fcgbarkeit des MaxBed Premium Hundebetts:<\/strong><\/p>\n<p>&nbsp;<\/p>\n<p>F\u00fcr den weltweiten Gro\u00dfhandel \u2013 Bestellungen sind jetzt m\u00f6glich;<\/p>\n<p>F\u00fcr Privatkunden ist das Bett ab sofort erh\u00e4ltlich \u00fcber: <a href=\\\"https:\/\/www.generalmaximus.ch\/de\/wo-kaufe-ich\/\\\">H\u00e4ndlerliste<\/a><\/p>\n<p>F\u00fcr Online-Dropshipping-H\u00e4ndler in Europa bietet GenMax eine Dropshipping-L\u00f6sung an.<\/p>\n<p>&nbsp;<\/p>\n\n\n\n\n\n\n\n\n\n\n\n\n\n\n\n\n\n\n\n\n","protected":false},"excerpt":{"rendered":"","protected":false},"author":5,"featured_media":0,"parent":0,"menu_order":0,"comment_status":"closed","ping_status":"closed","template":"","meta":{"pagelayer_contact_templates":[],"_pagelayer_content":"","footnotes":""},"class_list":["post-389","page","type-page","status-publish","hentry"],"yoast_head":"<!-- This site is optimized with the Yoast SEO Premium plugin v20.10 (Yoast SEO v27.5) - https:\/\/yoast.com\/product\/yoast-seo-premium-wordpress\/ -->\n<title>Das MaxBed Premium Dog Bed - GenMax Gro\u00dfhandel<\/title>\n<meta name=\"description\" content=\"Das MaxBed-Pillow ist ein neues Tierbett f\u00fcr den Weltmarkt, das keine Tierger\u00fcche absorbiert, hypoallergen, hygienisch, nicht saugend, wasserabweisend und orthop\u00e4dische Eigenschaften hat.\" \/>\n<meta name=\"robots\" content=\"index, follow, max-snippet:-1, max-image-preview:large, max-video-preview:-1\" \/>\n<link rel=\"canonical\" href=\"https:\/\/www.generalmaximus.ch\/de\/the-maxbed-premium-dog-bed\/\" \/>\n<meta property=\"og:locale\" content=\"de_DE\" \/>\n<meta property=\"og:type\" content=\"article\" \/>\n<meta property=\"og:title\" content=\"Das MaxBed Premium Dog Bed\" \/>\n<meta property=\"og:description\" content=\"Das MaxBed-Pillow ist ein neues Tierbett f\u00fcr den Weltmarkt, das keine Tierger\u00fcche absorbiert, hypoallergen, hygienisch, nicht saugend, wasserabweisend und orthop\u00e4dische Eigenschaften hat.\" \/>\n<meta property=\"og:url\" content=\"https:\/\/www.generalmaximus.ch\/de\/the-maxbed-premium-dog-bed\/\" \/>\n<meta property=\"og:site_name\" content=\"GenMax Gro\u00dfhandel\" \/>\n<meta property=\"article:publisher\" content=\"https:\/\/www.facebook.com\/genmax.ch\" \/>\n<meta property=\"article:modified_time\" content=\"2025-06-27T17:17:15+00:00\" \/>\n<meta property=\"og:image\" content=\"https:\/\/www.generalmaximus.ch\/wp-content\/uploads\/2023\/04\/Max_on_MaxBed-PIllow.jpg\" \/>\n<script type=\"application\/ld+json\" class=\"yoast-schema-graph\">{\"@context\":\"https:\\\/\\\/schema.org\",\"@graph\":[{\"@type\":\"WebPage\",\"@id\":\"https:\\\/\\\/www.generalmaximus.ch\\\/de\\\/the-maxbed-premium-dog-bed\\\/\",\"url\":\"https:\\\/\\\/www.generalmaximus.ch\\\/de\\\/the-maxbed-premium-dog-bed\\\/\",\"name\":\"Das MaxBed Premium Dog Bed - GenMax Gro\u00dfhandel\",\"isPartOf\":{\"@id\":\"https:\\\/\\\/www.generalmaximus.ch\\\/de\\\/#website\"},\"primaryImageOfPage\":{\"@id\":\"https:\\\/\\\/www.generalmaximus.ch\\\/de\\\/the-maxbed-premium-dog-bed\\\/#primaryimage\"},\"image\":{\"@id\":\"https:\\\/\\\/www.generalmaximus.ch\\\/de\\\/the-maxbed-premium-dog-bed\\\/#primaryimage\"},\"thumbnailUrl\":\"https:\\\/\\\/www.generalmaximus.ch\\\/wp-content\\\/uploads\\\/2023\\\/04\\\/Max_on_MaxBed-PIllow.jpg\",\"datePublished\":\"2022-11-25T12:17:46+00:00\",\"dateModified\":\"2025-06-27T17:17:15+00:00\",\"description\":\"Das MaxBed-Pillow ist ein neues Tierbett f\u00fcr den Weltmarkt, das keine Tierger\u00fcche absorbiert, hypoallergen, hygienisch, nicht saugend, wasserabweisend und orthop\u00e4dische Eigenschaften hat.\",\"breadcrumb\":{\"@id\":\"https:\\\/\\\/www.generalmaximus.ch\\\/de\\\/the-maxbed-premium-dog-bed\\\/#breadcrumb\"},\"inLanguage\":\"de\",\"potentialAction\":[{\"@type\":\"ReadAction\",\"target\":[\"https:\\\/\\\/www.generalmaximus.ch\\\/de\\\/the-maxbed-premium-dog-bed\\\/\"]}]},{\"@type\":\"ImageObject\",\"inLanguage\":\"de\",\"@id\":\"https:\\\/\\\/www.generalmaximus.ch\\\/de\\\/the-maxbed-premium-dog-bed\\\/#primaryimage\",\"url\":\"https:\\\/\\\/www.generalmaximus.ch\\\/wp-content\\\/uploads\\\/2023\\\/04\\\/Max_on_MaxBed-PIllow.jpg\",\"contentUrl\":\"https:\\\/\\\/www.generalmaximus.ch\\\/wp-content\\\/uploads\\\/2023\\\/04\\\/Max_on_MaxBed-PIllow.jpg\"},{\"@type\":\"BreadcrumbList\",\"@id\":\"https:\\\/\\\/www.generalmaximus.ch\\\/de\\\/the-maxbed-premium-dog-bed\\\/#breadcrumb\",\"itemListElement\":[{\"@type\":\"ListItem\",\"position\":1,\"name\":\"Home\",\"item\":\"https:\\\/\\\/www.generalmaximus.ch\\\/de\\\/\"},{\"@type\":\"ListItem\",\"position\":2,\"name\":\"Das MaxBed Premium Dog Bed\"}]},{\"@type\":\"WebSite\",\"@id\":\"https:\\\/\\\/www.generalmaximus.ch\\\/de\\\/#website\",\"url\":\"https:\\\/\\\/www.generalmaximus.ch\\\/de\\\/\",\"name\":\"GenMax Gro\u00dfhandel\",\"description\":\"\",\"publisher\":{\"@id\":\"https:\\\/\\\/www.generalmaximus.ch\\\/de\\\/#organization\"},\"alternateName\":\"General Maximus Pet Products\",\"potentialAction\":[{\"@type\":\"SearchAction\",\"target\":{\"@type\":\"EntryPoint\",\"urlTemplate\":\"https:\\\/\\\/www.generalmaximus.ch\\\/de\\\/?s={search_term_string}\"},\"query-input\":{\"@type\":\"PropertyValueSpecification\",\"valueRequired\":true,\"valueName\":\"search_term_string\"}}],\"inLanguage\":\"de\"},{\"@type\":\"Organization\",\"@id\":\"https:\\\/\\\/www.generalmaximus.ch\\\/de\\\/#organization\",\"name\":\"GenMax Pet Products\",\"alternateName\":\"General Maximus Pet Products\",\"url\":\"https:\\\/\\\/www.generalmaximus.ch\\\/de\\\/\",\"logo\":{\"@type\":\"ImageObject\",\"inLanguage\":\"de\",\"@id\":\"https:\\\/\\\/www.generalmaximus.ch\\\/de\\\/#\\\/schema\\\/logo\\\/image\\\/\",\"url\":\"https:\\\/\\\/www.generalmaximus.ch\\\/wp-content\\\/uploads\\\/2022\\\/12\\\/Pet_Products_Icon_512pix.png\",\"contentUrl\":\"https:\\\/\\\/www.generalmaximus.ch\\\/wp-content\\\/uploads\\\/2022\\\/12\\\/Pet_Products_Icon_512pix.png\",\"width\":512,\"height\":512,\"caption\":\"GenMax Pet Products\"},\"image\":{\"@id\":\"https:\\\/\\\/www.generalmaximus.ch\\\/de\\\/#\\\/schema\\\/logo\\\/image\\\/\"},\"sameAs\":[\"https:\\\/\\\/www.facebook.com\\\/genmax.ch\",\"https:\\\/\\\/www.instagram\\\/genmax.ch\",\"https:\\\/\\\/www.linkedin.com\\\/company\\\/85862297\"]}]}<\/script>\n<!-- \/ Yoast SEO Premium plugin. -->","yoast_head_json":{"title":"Das MaxBed Premium Dog Bed - GenMax Gro\u00dfhandel","description":"Das MaxBed-Pillow ist ein neues Tierbett f\u00fcr den Weltmarkt, das keine Tierger\u00fcche absorbiert, hypoallergen, hygienisch, nicht saugend, wasserabweisend und orthop\u00e4dische Eigenschaften hat.","robots":{"index":"index","follow":"follow","max-snippet":"max-snippet:-1","max-image-preview":"max-image-preview:large","max-video-preview":"max-video-preview:-1"},"canonical":"https:\/\/www.generalmaximus.ch\/de\/the-maxbed-premium-dog-bed\/","og_locale":"de_DE","og_type":"article","og_title":"Das MaxBed Premium Dog Bed","og_description":"Das MaxBed-Pillow ist ein neues Tierbett f\u00fcr den Weltmarkt, das keine Tierger\u00fcche absorbiert, hypoallergen, hygienisch, nicht saugend, wasserabweisend und orthop\u00e4dische Eigenschaften hat.","og_url":"https:\/\/www.generalmaximus.ch\/de\/the-maxbed-premium-dog-bed\/","og_site_name":"GenMax Gro\u00dfhandel","article_publisher":"https:\/\/www.facebook.com\/genmax.ch","article_modified_time":"2025-06-27T17:17:15+00:00","og_image":[{"url":"https:\/\/www.generalmaximus.ch\/wp-content\/uploads\/2023\/04\/Max_on_MaxBed-PIllow.jpg","type":"","width":"","height":""}],"schema":{"@context":"https:\/\/schema.org","@graph":[{"@type":"WebPage","@id":"https:\/\/www.generalmaximus.ch\/de\/the-maxbed-premium-dog-bed\/","url":"https:\/\/www.generalmaximus.ch\/de\/the-maxbed-premium-dog-bed\/","name":"Das MaxBed Premium Dog Bed - GenMax Gro\u00dfhandel","isPartOf":{"@id":"https:\/\/www.generalmaximus.ch\/de\/#website"},"primaryImageOfPage":{"@id":"https:\/\/www.generalmaximus.ch\/de\/the-maxbed-premium-dog-bed\/#primaryimage"},"image":{"@id":"https:\/\/www.generalmaximus.ch\/de\/the-maxbed-premium-dog-bed\/#primaryimage"},"thumbnailUrl":"https:\/\/www.generalmaximus.ch\/wp-content\/uploads\/2023\/04\/Max_on_MaxBed-PIllow.jpg","datePublished":"2022-11-25T12:17:46+00:00","dateModified":"2025-06-27T17:17:15+00:00","description":"Das MaxBed-Pillow ist ein neues Tierbett f\u00fcr den Weltmarkt, das keine Tierger\u00fcche absorbiert, hypoallergen, hygienisch, nicht saugend, wasserabweisend und orthop\u00e4dische Eigenschaften hat.","breadcrumb":{"@id":"https:\/\/www.generalmaximus.ch\/de\/the-maxbed-premium-dog-bed\/#breadcrumb"},"inLanguage":"de","potentialAction":[{"@type":"ReadAction","target":["https:\/\/www.generalmaximus.ch\/de\/the-maxbed-premium-dog-bed\/"]}]},{"@type":"ImageObject","inLanguage":"de","@id":"https:\/\/www.generalmaximus.ch\/de\/the-maxbed-premium-dog-bed\/#primaryimage","url":"https:\/\/www.generalmaximus.ch\/wp-content\/uploads\/2023\/04\/Max_on_MaxBed-PIllow.jpg","contentUrl":"https:\/\/www.generalmaximus.ch\/wp-content\/uploads\/2023\/04\/Max_on_MaxBed-PIllow.jpg"},{"@type":"BreadcrumbList","@id":"https:\/\/www.generalmaximus.ch\/de\/the-maxbed-premium-dog-bed\/#breadcrumb","itemListElement":[{"@type":"ListItem","position":1,"name":"Home","item":"https:\/\/www.generalmaximus.ch\/de\/"},{"@type":"ListItem","position":2,"name":"Das MaxBed Premium Dog Bed"}]},{"@type":"WebSite","@id":"https:\/\/www.generalmaximus.ch\/de\/#website","url":"https:\/\/www.generalmaximus.ch\/de\/","name":"GenMax Gro\u00dfhandel","description":"","publisher":{"@id":"https:\/\/www.generalmaximus.ch\/de\/#organization"},"alternateName":"General Maximus Pet Products","potentialAction":[{"@type":"SearchAction","target":{"@type":"EntryPoint","urlTemplate":"https:\/\/www.generalmaximus.ch\/de\/?s={search_term_string}"},"query-input":{"@type":"PropertyValueSpecification","valueRequired":true,"valueName":"search_term_string"}}],"inLanguage":"de"},{"@type":"Organization","@id":"https:\/\/www.generalmaximus.ch\/de\/#organization","name":"GenMax Pet Products","alternateName":"General Maximus Pet Products","url":"https:\/\/www.generalmaximus.ch\/de\/","logo":{"@type":"ImageObject","inLanguage":"de","@id":"https:\/\/www.generalmaximus.ch\/de\/#\/schema\/logo\/image\/","url":"https:\/\/www.generalmaximus.ch\/wp-content\/uploads\/2022\/12\/Pet_Products_Icon_512pix.png","contentUrl":"https:\/\/www.generalmaximus.ch\/wp-content\/uploads\/2022\/12\/Pet_Products_Icon_512pix.png","width":512,"height":512,"caption":"GenMax Pet Products"},"image":{"@id":"https:\/\/www.generalmaximus.ch\/de\/#\/schema\/logo\/image\/"},"sameAs":["https:\/\/www.facebook.com\/genmax.ch","https:\/\/www.instagram\/genmax.ch","https:\/\/www.linkedin.com\/company\/85862297"]}]}},"_links":{"self":[{"href":"https:\/\/www.generalmaximus.ch\/de\/wp-json\/wp\/v2\/pages\/389","targetHints":{"allow":["GET"]}}],"collection":[{"href":"https:\/\/www.generalmaximus.ch\/de\/wp-json\/wp\/v2\/pages"}],"about":[{"href":"https:\/\/www.generalmaximus.ch\/de\/wp-json\/wp\/v2\/types\/page"}],"author":[{"embeddable":true,"href":"https:\/\/www.generalmaximus.ch\/de\/wp-json\/wp\/v2\/users\/5"}],"replies":[{"embeddable":true,"href":"https:\/\/www.generalmaximus.ch\/de\/wp-json\/wp\/v2\/comments?post=389"}],"version-history":[{"count":23,"href":"https:\/\/www.generalmaximus.ch\/de\/wp-json\/wp\/v2\/pages\/389\/revisions"}],"predecessor-version":[{"id":2047,"href":"https:\/\/www.generalmaximus.ch\/de\/wp-json\/wp\/v2\/pages\/389\/revisions\/2047"}],"wp:attachment":[{"href":"https:\/\/www.generalmaximus.ch\/de\/wp-json\/wp\/v2\/media?parent=389"}],"curies":[{"name":"wp","href":"https:\/\/api.w.org\/{rel}","templated":true}]}}