{"id":398,"date":"2022-11-25T13:19:31","date_gmt":"2022-11-25T13:19:31","guid":{"rendered":"https:\/\/www.generalmaximus.ch\/the-maxbed-mattress\/"},"modified":"2023-10-30T16:47:16","modified_gmt":"2023-10-30T16:47:16","slug":"the-maxbed-mattress","status":"publish","type":"page","link":"https:\/\/www.generalmaximus.ch\/de\/the-maxbed-mattress\/","title":{"rendered":"Die MaxBed-Mattress (Matratze)"},"content":{"rendered":"\n\n\n<h2>Die MaxBed-Mattress (Matratze)<\/h2>\n\n\n\n\n\n<p><img decoding=\"async\" src=\"https:\/\/www.generalmaximus.ch\/wp-content\/uploads\/2022\/11\/MaxBed-Matterass-products-1.jpg\" width=\"350\" align=\"left\">Die MaxBed-Mattress ist ein hochwertiges Haustierbett in Form einer rechteckigen Matratze. Das Bett wurde entwickelt, um Haustieren jeden Gewichts und jeder Gr\u00f6\u00dfe eine orthop\u00e4dische Unterst\u00fctzung zu bieten. Ich ging zu meinen gr\u00f6\u00dften Freunden und stellte fest, dass selbst ein Haustier mit 90 kg den Boden nicht ber\u00fchrte, wenn es auf dem Bett lag. Es ist ein gutes Bett, ein Bett, das Ihr K\u00f6rpergewicht tr\u00e4gt und maximalen Komfort bietet. Die obere Schicht aus Memory-Schaum nimmt auch die Form Ihres K\u00f6rpers an, w\u00e4hrend die untere Schicht Ihren R\u00fccken gerade h\u00e4lt.    <br><br>Das Bett wurde auch so hergestellt, dass es wasserdicht ist, wenn wir diese ungl\u00fccklichen kleinen Unf\u00e4lle haben. Es muss auch leicht zu reinigen sein, und daf\u00fcr habe ich meinen menschlichen Designer gebeten, eine innere, wasserfeste, abnehmbare Abdeckung hinzuzuf\u00fcgen. <br><br>Da das Bett super bequem sein muss, habe ich einen Bezug beigef\u00fcgt, der wasserabweisend ist, aber dennoch aus superweichem Stoff besteht. Es ist kein weicher Stoff, eigentlich ist es ziemlich stark, hat aber dieses superweiche Gef\u00fchl. <br><br>Um Ihrem Menschen das Leben zu erleichtern und unser Bett frisch zu halten, habe ich eine kostenlose zus\u00e4tzliche Abdeckung beigef\u00fcgt.<br><br>Die MaxBed-Matratze wird in drei Gr\u00f6\u00dfen angeboten:<br><br>1. Die Jessica \u2013 f\u00fcr unsere kleineren Freunde: 60 cm x 45 cm x 12 cm.<br>2. Das Echo \u2013 f\u00fcr unsere mittleren Freunde: 85 cm x 55 cm x 12 cm.<br>3. Der Maximus \u2013 f\u00fcr unsere gr\u00f6\u00dferen Freunde: 100 cm x 85 cm x 13 cm.<\/p>\n\n\n\n\n\n\n<p>&nbsp;<\/p>\n\n\n\n\n\n\n\n\n\n","protected":false},"excerpt":{"rendered":"","protected":false},"author":5,"featured_media":0,"parent":0,"menu_order":0,"comment_status":"closed","ping_status":"closed","template":"","meta":{"pagelayer_contact_templates":[],"_pagelayer_content":"","footnotes":""},"class_list":["post-398","page","type-page","status-publish","hentry"],"yoast_head":"<!-- This site is optimized with the Yoast SEO Premium plugin v20.10 (Yoast SEO v27.5) - https:\/\/yoast.com\/product\/yoast-seo-premium-wordpress\/ -->\n<title>Die MaxBed-Mattress (Matratze) - GenMax Gro\u00dfhandel<\/title>\n<meta name=\"robots\" content=\"index, follow, max-snippet:-1, max-image-preview:large, max-video-preview:-1\" \/>\n<link rel=\"canonical\" href=\"https:\/\/www.generalmaximus.ch\/de\/the-maxbed-mattress\/\" \/>\n<meta property=\"og:locale\" content=\"de_DE\" \/>\n<meta property=\"og:type\" content=\"article\" \/>\n<meta property=\"og:title\" content=\"Die MaxBed-Mattress (Matratze)\" \/>\n<meta property=\"og:url\" content=\"https:\/\/www.generalmaximus.ch\/de\/the-maxbed-mattress\/\" \/>\n<meta property=\"og:site_name\" content=\"GenMax Gro\u00dfhandel\" \/>\n<meta property=\"article:publisher\" content=\"https:\/\/www.facebook.com\/genmax.ch\" \/>\n<meta property=\"article:modified_time\" content=\"2023-10-30T16:47:16+00:00\" \/>\n<meta property=\"og:image\" content=\"https:\/\/www.generalmaximus.ch\/wp-content\/uploads\/2022\/11\/MaxBed-Matterass-products-1.jpg\" \/>\n<script type=\"application\/ld+json\" class=\"yoast-schema-graph\">{\"@context\":\"https:\\\/\\\/schema.org\",\"@graph\":[{\"@type\":\"WebPage\",\"@id\":\"https:\\\/\\\/www.generalmaximus.ch\\\/de\\\/the-maxbed-mattress\\\/\",\"url\":\"https:\\\/\\\/www.generalmaximus.ch\\\/de\\\/the-maxbed-mattress\\\/\",\"name\":\"Die MaxBed-Mattress (Matratze) - GenMax Gro\u00dfhandel\",\"isPartOf\":{\"@id\":\"https:\\\/\\\/www.generalmaximus.ch\\\/de\\\/#website\"},\"primaryImageOfPage\":{\"@id\":\"https:\\\/\\\/www.generalmaximus.ch\\\/de\\\/the-maxbed-mattress\\\/#primaryimage\"},\"image\":{\"@id\":\"https:\\\/\\\/www.generalmaximus.ch\\\/de\\\/the-maxbed-mattress\\\/#primaryimage\"},\"thumbnailUrl\":\"https:\\\/\\\/www.generalmaximus.ch\\\/wp-content\\\/uploads\\\/2022\\\/11\\\/MaxBed-Matterass-products-1.jpg\",\"datePublished\":\"2022-11-25T13:19:31+00:00\",\"dateModified\":\"2023-10-30T16:47:16+00:00\",\"breadcrumb\":{\"@id\":\"https:\\\/\\\/www.generalmaximus.ch\\\/de\\\/the-maxbed-mattress\\\/#breadcrumb\"},\"inLanguage\":\"de\",\"potentialAction\":[{\"@type\":\"ReadAction\",\"target\":[\"https:\\\/\\\/www.generalmaximus.ch\\\/de\\\/the-maxbed-mattress\\\/\"]}]},{\"@type\":\"ImageObject\",\"inLanguage\":\"de\",\"@id\":\"https:\\\/\\\/www.generalmaximus.ch\\\/de\\\/the-maxbed-mattress\\\/#primaryimage\",\"url\":\"https:\\\/\\\/www.generalmaximus.ch\\\/wp-content\\\/uploads\\\/2022\\\/11\\\/MaxBed-Matterass-products-1.jpg\",\"contentUrl\":\"https:\\\/\\\/www.generalmaximus.ch\\\/wp-content\\\/uploads\\\/2022\\\/11\\\/MaxBed-Matterass-products-1.jpg\"},{\"@type\":\"BreadcrumbList\",\"@id\":\"https:\\\/\\\/www.generalmaximus.ch\\\/de\\\/the-maxbed-mattress\\\/#breadcrumb\",\"itemListElement\":[{\"@type\":\"ListItem\",\"position\":1,\"name\":\"Home\",\"item\":\"https:\\\/\\\/www.generalmaximus.ch\\\/de\\\/\"},{\"@type\":\"ListItem\",\"position\":2,\"name\":\"Die MaxBed-Mattress (Matratze)\"}]},{\"@type\":\"WebSite\",\"@id\":\"https:\\\/\\\/www.generalmaximus.ch\\\/de\\\/#website\",\"url\":\"https:\\\/\\\/www.generalmaximus.ch\\\/de\\\/\",\"name\":\"GenMax Gro\u00dfhandel\",\"description\":\"\",\"publisher\":{\"@id\":\"https:\\\/\\\/www.generalmaximus.ch\\\/de\\\/#organization\"},\"alternateName\":\"General Maximus Pet Products\",\"potentialAction\":[{\"@type\":\"SearchAction\",\"target\":{\"@type\":\"EntryPoint\",\"urlTemplate\":\"https:\\\/\\\/www.generalmaximus.ch\\\/de\\\/?s={search_term_string}\"},\"query-input\":{\"@type\":\"PropertyValueSpecification\",\"valueRequired\":true,\"valueName\":\"search_term_string\"}}],\"inLanguage\":\"de\"},{\"@type\":\"Organization\",\"@id\":\"https:\\\/\\\/www.generalmaximus.ch\\\/de\\\/#organization\",\"name\":\"GenMax Pet Products\",\"alternateName\":\"General Maximus Pet Products\",\"url\":\"https:\\\/\\\/www.generalmaximus.ch\\\/de\\\/\",\"logo\":{\"@type\":\"ImageObject\",\"inLanguage\":\"de\",\"@id\":\"https:\\\/\\\/www.generalmaximus.ch\\\/de\\\/#\\\/schema\\\/logo\\\/image\\\/\",\"url\":\"https:\\\/\\\/www.generalmaximus.ch\\\/wp-content\\\/uploads\\\/2022\\\/12\\\/Pet_Products_Icon_512pix.png\",\"contentUrl\":\"https:\\\/\\\/www.generalmaximus.ch\\\/wp-content\\\/uploads\\\/2022\\\/12\\\/Pet_Products_Icon_512pix.png\",\"width\":512,\"height\":512,\"caption\":\"GenMax Pet Products\"},\"image\":{\"@id\":\"https:\\\/\\\/www.generalmaximus.ch\\\/de\\\/#\\\/schema\\\/logo\\\/image\\\/\"},\"sameAs\":[\"https:\\\/\\\/www.facebook.com\\\/genmax.ch\",\"https:\\\/\\\/www.instagram\\\/genmax.ch\",\"https:\\\/\\\/www.linkedin.com\\\/company\\\/85862297\"]}]}<\/script>\n<!-- \/ Yoast SEO Premium plugin. -->","yoast_head_json":{"title":"Die MaxBed-Mattress (Matratze) - GenMax Gro\u00dfhandel","robots":{"index":"index","follow":"follow","max-snippet":"max-snippet:-1","max-image-preview":"max-image-preview:large","max-video-preview":"max-video-preview:-1"},"canonical":"https:\/\/www.generalmaximus.ch\/de\/the-maxbed-mattress\/","og_locale":"de_DE","og_type":"article","og_title":"Die MaxBed-Mattress (Matratze)","og_url":"https:\/\/www.generalmaximus.ch\/de\/the-maxbed-mattress\/","og_site_name":"GenMax Gro\u00dfhandel","article_publisher":"https:\/\/www.facebook.com\/genmax.ch","article_modified_time":"2023-10-30T16:47:16+00:00","og_image":[{"url":"https:\/\/www.generalmaximus.ch\/wp-content\/uploads\/2022\/11\/MaxBed-Matterass-products-1.jpg","type":"","width":"","height":""}],"schema":{"@context":"https:\/\/schema.org","@graph":[{"@type":"WebPage","@id":"https:\/\/www.generalmaximus.ch\/de\/the-maxbed-mattress\/","url":"https:\/\/www.generalmaximus.ch\/de\/the-maxbed-mattress\/","name":"Die MaxBed-Mattress (Matratze) - GenMax Gro\u00dfhandel","isPartOf":{"@id":"https:\/\/www.generalmaximus.ch\/de\/#website"},"primaryImageOfPage":{"@id":"https:\/\/www.generalmaximus.ch\/de\/the-maxbed-mattress\/#primaryimage"},"image":{"@id":"https:\/\/www.generalmaximus.ch\/de\/the-maxbed-mattress\/#primaryimage"},"thumbnailUrl":"https:\/\/www.generalmaximus.ch\/wp-content\/uploads\/2022\/11\/MaxBed-Matterass-products-1.jpg","datePublished":"2022-11-25T13:19:31+00:00","dateModified":"2023-10-30T16:47:16+00:00","breadcrumb":{"@id":"https:\/\/www.generalmaximus.ch\/de\/the-maxbed-mattress\/#breadcrumb"},"inLanguage":"de","potentialAction":[{"@type":"ReadAction","target":["https:\/\/www.generalmaximus.ch\/de\/the-maxbed-mattress\/"]}]},{"@type":"ImageObject","inLanguage":"de","@id":"https:\/\/www.generalmaximus.ch\/de\/the-maxbed-mattress\/#primaryimage","url":"https:\/\/www.generalmaximus.ch\/wp-content\/uploads\/2022\/11\/MaxBed-Matterass-products-1.jpg","contentUrl":"https:\/\/www.generalmaximus.ch\/wp-content\/uploads\/2022\/11\/MaxBed-Matterass-products-1.jpg"},{"@type":"BreadcrumbList","@id":"https:\/\/www.generalmaximus.ch\/de\/the-maxbed-mattress\/#breadcrumb","itemListElement":[{"@type":"ListItem","position":1,"name":"Home","item":"https:\/\/www.generalmaximus.ch\/de\/"},{"@type":"ListItem","position":2,"name":"Die MaxBed-Mattress (Matratze)"}]},{"@type":"WebSite","@id":"https:\/\/www.generalmaximus.ch\/de\/#website","url":"https:\/\/www.generalmaximus.ch\/de\/","name":"GenMax Gro\u00dfhandel","description":"","publisher":{"@id":"https:\/\/www.generalmaximus.ch\/de\/#organization"},"alternateName":"General Maximus Pet Products","potentialAction":[{"@type":"SearchAction","target":{"@type":"EntryPoint","urlTemplate":"https:\/\/www.generalmaximus.ch\/de\/?s={search_term_string}"},"query-input":{"@type":"PropertyValueSpecification","valueRequired":true,"valueName":"search_term_string"}}],"inLanguage":"de"},{"@type":"Organization","@id":"https:\/\/www.generalmaximus.ch\/de\/#organization","name":"GenMax Pet Products","alternateName":"General Maximus Pet Products","url":"https:\/\/www.generalmaximus.ch\/de\/","logo":{"@type":"ImageObject","inLanguage":"de","@id":"https:\/\/www.generalmaximus.ch\/de\/#\/schema\/logo\/image\/","url":"https:\/\/www.generalmaximus.ch\/wp-content\/uploads\/2022\/12\/Pet_Products_Icon_512pix.png","contentUrl":"https:\/\/www.generalmaximus.ch\/wp-content\/uploads\/2022\/12\/Pet_Products_Icon_512pix.png","width":512,"height":512,"caption":"GenMax Pet Products"},"image":{"@id":"https:\/\/www.generalmaximus.ch\/de\/#\/schema\/logo\/image\/"},"sameAs":["https:\/\/www.facebook.com\/genmax.ch","https:\/\/www.instagram\/genmax.ch","https:\/\/www.linkedin.com\/company\/85862297"]}]}},"_links":{"self":[{"href":"https:\/\/www.generalmaximus.ch\/de\/wp-json\/wp\/v2\/pages\/398","targetHints":{"allow":["GET"]}}],"collection":[{"href":"https:\/\/www.generalmaximus.ch\/de\/wp-json\/wp\/v2\/pages"}],"about":[{"href":"https:\/\/www.generalmaximus.ch\/de\/wp-json\/wp\/v2\/types\/page"}],"author":[{"embeddable":true,"href":"https:\/\/www.generalmaximus.ch\/de\/wp-json\/wp\/v2\/users\/5"}],"replies":[{"embeddable":true,"href":"https:\/\/www.generalmaximus.ch\/de\/wp-json\/wp\/v2\/comments?post=398"}],"version-history":[{"count":11,"href":"https:\/\/www.generalmaximus.ch\/de\/wp-json\/wp\/v2\/pages\/398\/revisions"}],"predecessor-version":[{"id":1767,"href":"https:\/\/www.generalmaximus.ch\/de\/wp-json\/wp\/v2\/pages\/398\/revisions\/1767"}],"wp:attachment":[{"href":"https:\/\/www.generalmaximus.ch\/de\/wp-json\/wp\/v2\/media?parent=398"}],"curies":[{"name":"wp","href":"https:\/\/api.w.org\/{rel}","templated":true}]}}