{"id":417,"date":"2022-11-25T13:49:27","date_gmt":"2022-11-25T13:49:27","guid":{"rendered":"https:\/\/www.generalmaximus.ch\/wholesale\/"},"modified":"2024-08-26T11:59:30","modified_gmt":"2024-08-26T11:59:30","slug":"wholesale","status":"publish","type":"page","link":"https:\/\/www.generalmaximus.ch\/de\/wholesale\/","title":{"rendered":"Gro\u00dfhandel"},"content":{"rendered":"\r\n<p>&nbsp;<\/p>\r\n\r\n\r\n\r\n\r\n\r\n<h2>Gro\u00dfhandel<\/h2>\r\n\r\n\r\n\r\n\r\n\r\n<p>&nbsp;<\/p>\r\n<h3>Sind Sie ein Gro\u00dfhandelsunternehmen?<\/h3>\r\n<p><br \/><br \/>General Maximus stellt die gleichen Betten in den von Ihnen gew\u00e4hlten Farben und Gr\u00f6\u00dfen f\u00fcr Ihr Unternehmen her. Ihr Name, Ihr Produkt! Wenn Sie daran interessiert sind, General Maximus-Produkte entweder so wie sie sind oder in Ihrem eigenen Bild zu f\u00fchren, wenden Sie sich bitte an Max, um die Gesch\u00e4ftsbedingungen sowie die Gro\u00dfhandelspreise f\u00fcr Ihr ausgew\u00e4hltes Produkt zu erhalten. <br \/><br \/>Sie k\u00f6nnen auch ein Gro\u00dfh\u00e4ndlerkonto auf der GenMax-Gro\u00dfhandelsplattform erstellen. Hier k\u00f6nnen Sie Ihre Bestellungen nach Bedarf verwalten und bei Bedarf Lagerbest\u00e4nde bestellen. <br \/><br \/>F\u00fcr ein Konto senden Sie bitte Folgendes \u00fcber das Kontaktformular an GenMax:<br \/><br \/>1. Ihr Name;<br \/>2. Firmenname;<br \/>3. Gewerberegisternummer;<br \/>4. Gesch\u00e4ftsadresse.<br \/><br \/>GenMax erstellt dann ein Gro\u00dfhandelskonto f\u00fcr Sie, in dem Sie Ihre Bestellungen frei verwalten k\u00f6nnen.<br \/><br \/>Gehen Sie zum <a href=\"https:\/\/www.generalmaximus.ch\/de\/kontakt-max\/\">KONTAKTFORMULAR: Klicken Sie hier.<\/a><br \/><br \/><\/p>\r\n\r\n\r\n\r\n\r\n\r\n\r\n\r\n\r\n\r\n<h3>Sind Sie ein E-Commerce-Shop, der nach Dropshipping sucht?<\/h3>\r\n\r\n\r\n\r\n<h3>\u00a0<\/h3>\r\n<p>Wenn Sie nur online verkaufen und Produkte in Ihrem Namen direkt an Ihre Kunden senden lassen m\u00f6chten, ohne selbst Lager zu f\u00fchren, sind Sie ein Dropshipper!<\/p>\r\n\r\n\r\n\r\n<p>Bitte beachten Sie: <a href=\"https:\/\/www.generalmaximus.ch\/de\/dropshipping-online-shops\/\">DROPSHIPPING (Klicken Sie hier)<\/a><\/p>\r\n\r\n<p>&nbsp;<\/p>\r\n\r\n\r\n\r\n\r\n\r\n\r\n\r\n\r\n\r\n\r\n\r\n<h6>Empfohlene Preise \u2013 Welchen Preis empfiehlt GenMax f\u00fcr das MaxBed-Kissen?<\/h6>\r\n\r\n\r\n\r\n\r\n\r\n\r\n\r\n\r\n\r\n\r\n\r\n<p>Derzeit wird das MaxBed Einzelh\u00e4ndlern in der Schweiz und der EU angeboten, wobei Deutschland der Hauptmarkt in der EU ist. Die folgenden empfohlenen L\u00e4nderpreise gelten als Referenz:<\/p>\r\n\r\n\r\n\r\n\r\n\r\n\r\n\r\n\r\n\r\n\r\n\r\n\r\n\r\n\r\n\r\n\r\n\r\n<p>In der Schweiz = 115 CHF + voraussichtlich 11 CHF f\u00fcr den Versand und + 8,1 % Mehrwertsteuer =<\/p>\r\n\r\n\r\n\r\n<p><strong>CHF 137 alles inklusive.<\/strong><\/p>\r\n\r\n\r\n\r\n\r\n\r\n\r\n\r\n\r\n\r\n\r\n\r\n\r\n\r\n<p>In Deutschland = 95 Euro (ohne Porto und Mehrwertsteuer), voraussichtlich 15 Euro f\u00fcr den Versand plus deutsche Mehrwertsteuer von 19 % =<\/p>\r\n\r\n\r\n\r\n<p><b>Euro 131 alles inklusive.<\/b><\/p>\r\n\r\n\r\n\r\n\r\n\r\n\r\n\r\n\r\n\r\n\r\n\r\n\r\n\r\n\r\n\r\n\r\n\r\n<p>Im Rest der EU = 95 Euro (ohne Porto und Mehrwertsteuer), voraussichtlich 20 Euro f\u00fcr den Versand plus lokale Mehrwertsteuer =<\/p>\r\n\r\n\r\n\r\n<p><b>Von 129 Euro bis 147 Euro<\/b><\/p>\r\n\r\n\r\n\r\n\r\n\r\n\r\n\r\n\r\n\r\n\r\n\r\n\r\n\r\n\r\n\r\n\r\n\r\n<p>Die Produktdetails und Herstellungsdetails zum MaxBed finden Sie auch unter:<\/p>\r\n\r\n\r\n\r\n<p><a href=\"www.gs1.org\">www.gs1.org<\/a> unter Verwendung der GTIN (EAN) 4170000074199. Das Bett wird von Serra Enterprises hergestellt und unter dem Handelsnamen General Maximus Pet Products oder GenMax Pet Products vertrieben.<\/p>\r\n\r\n\r\n\r\n<p>Bei Fragen zur Firmenregistrierung wenden Sie sich bitte an: <a href=\"https:\/\/zh.chregister.ch\/cr-portal\/auszug\/auszug.xhtml?uid=CHE-450.645.879\">Zefix (Serra Enterprises)<\/a><\/p>\r\n\r\n\r\n\r\n<p><a href=\"https: zh.chregister.ch=\">Serra Enterprises ist in der Schweiz registriert bei UID CHE-450.645.879<\/a><\/p>\r\n\r\n\r\n\r\n<p>F\u00fcr kommerzielle Anfragen verwenden Sie bitte die oben stehenden Links oder das Kontaktformular: <a href=\"https:\/\/www.generalmaximus.ch\/contact-max\/\">Contact<\/a><\/p>\r\n\r\n\r\n\r\n\r\n\r\n\r\n\r\n<p>&nbsp;<\/p>","protected":false},"excerpt":{"rendered":"<p>&nbsp; &nbsp; &nbsp;<\/p>\n","protected":false},"author":5,"featured_media":0,"parent":0,"menu_order":0,"comment_status":"closed","ping_status":"closed","template":"","meta":{"pagelayer_contact_templates":[],"_pagelayer_content":"","footnotes":""},"class_list":["post-417","page","type-page","status-publish","hentry"],"yoast_head":"<!-- This site is optimized with the Yoast SEO Premium plugin v20.10 (Yoast SEO v27.5) - https:\/\/yoast.com\/product\/yoast-seo-premium-wordpress\/ -->\n<title>Gro\u00dfhandel - GenMax Gro\u00dfhandel<\/title>\n<meta name=\"robots\" content=\"index, follow, max-snippet:-1, max-image-preview:large, max-video-preview:-1\" \/>\n<link rel=\"canonical\" href=\"https:\/\/www.generalmaximus.ch\/de\/wholesale\/\" \/>\n<meta property=\"og:locale\" content=\"de_DE\" \/>\n<meta property=\"og:type\" content=\"article\" \/>\n<meta property=\"og:title\" content=\"Gro\u00dfhandel\" \/>\n<meta property=\"og:description\" content=\"&nbsp; &nbsp; &nbsp;\" \/>\n<meta property=\"og:url\" content=\"https:\/\/www.generalmaximus.ch\/de\/wholesale\/\" \/>\n<meta property=\"og:site_name\" content=\"GenMax Gro\u00dfhandel\" \/>\n<meta property=\"article:publisher\" content=\"https:\/\/www.facebook.com\/genmax.ch\" \/>\n<meta property=\"article:modified_time\" content=\"2024-08-26T11:59:30+00:00\" \/>\n<meta property=\"og:image\" content=\"https:\/\/www.generalmaximus.ch\/wp-content\/uploads\/2023\/07\/Yoast-SEO-Site-Image.jpg\" \/>\n\t<meta property=\"og:image:width\" content=\"1200\" \/>\n\t<meta property=\"og:image:height\" content=\"675\" \/>\n\t<meta property=\"og:image:type\" content=\"image\/jpeg\" \/>\n<script type=\"application\/ld+json\" class=\"yoast-schema-graph\">{\"@context\":\"https:\\\/\\\/schema.org\",\"@graph\":[{\"@type\":\"WebPage\",\"@id\":\"https:\\\/\\\/www.generalmaximus.ch\\\/de\\\/wholesale\\\/\",\"url\":\"https:\\\/\\\/www.generalmaximus.ch\\\/de\\\/wholesale\\\/\",\"name\":\"Gro\u00dfhandel - GenMax Gro\u00dfhandel\",\"isPartOf\":{\"@id\":\"https:\\\/\\\/www.generalmaximus.ch\\\/de\\\/#website\"},\"datePublished\":\"2022-11-25T13:49:27+00:00\",\"dateModified\":\"2024-08-26T11:59:30+00:00\",\"breadcrumb\":{\"@id\":\"https:\\\/\\\/www.generalmaximus.ch\\\/de\\\/wholesale\\\/#breadcrumb\"},\"inLanguage\":\"de\",\"potentialAction\":[{\"@type\":\"ReadAction\",\"target\":[\"https:\\\/\\\/www.generalmaximus.ch\\\/de\\\/wholesale\\\/\"]}]},{\"@type\":\"BreadcrumbList\",\"@id\":\"https:\\\/\\\/www.generalmaximus.ch\\\/de\\\/wholesale\\\/#breadcrumb\",\"itemListElement\":[{\"@type\":\"ListItem\",\"position\":1,\"name\":\"Home\",\"item\":\"https:\\\/\\\/www.generalmaximus.ch\\\/de\\\/\"},{\"@type\":\"ListItem\",\"position\":2,\"name\":\"Gro\u00dfhandel\"}]},{\"@type\":\"WebSite\",\"@id\":\"https:\\\/\\\/www.generalmaximus.ch\\\/de\\\/#website\",\"url\":\"https:\\\/\\\/www.generalmaximus.ch\\\/de\\\/\",\"name\":\"GenMax Gro\u00dfhandel\",\"description\":\"\",\"publisher\":{\"@id\":\"https:\\\/\\\/www.generalmaximus.ch\\\/de\\\/#organization\"},\"alternateName\":\"General Maximus Pet Products\",\"potentialAction\":[{\"@type\":\"SearchAction\",\"target\":{\"@type\":\"EntryPoint\",\"urlTemplate\":\"https:\\\/\\\/www.generalmaximus.ch\\\/de\\\/?s={search_term_string}\"},\"query-input\":{\"@type\":\"PropertyValueSpecification\",\"valueRequired\":true,\"valueName\":\"search_term_string\"}}],\"inLanguage\":\"de\"},{\"@type\":\"Organization\",\"@id\":\"https:\\\/\\\/www.generalmaximus.ch\\\/de\\\/#organization\",\"name\":\"GenMax Pet Products\",\"alternateName\":\"General Maximus Pet Products\",\"url\":\"https:\\\/\\\/www.generalmaximus.ch\\\/de\\\/\",\"logo\":{\"@type\":\"ImageObject\",\"inLanguage\":\"de\",\"@id\":\"https:\\\/\\\/www.generalmaximus.ch\\\/de\\\/#\\\/schema\\\/logo\\\/image\\\/\",\"url\":\"https:\\\/\\\/www.generalmaximus.ch\\\/wp-content\\\/uploads\\\/2022\\\/12\\\/Pet_Products_Icon_512pix.png\",\"contentUrl\":\"https:\\\/\\\/www.generalmaximus.ch\\\/wp-content\\\/uploads\\\/2022\\\/12\\\/Pet_Products_Icon_512pix.png\",\"width\":512,\"height\":512,\"caption\":\"GenMax Pet Products\"},\"image\":{\"@id\":\"https:\\\/\\\/www.generalmaximus.ch\\\/de\\\/#\\\/schema\\\/logo\\\/image\\\/\"},\"sameAs\":[\"https:\\\/\\\/www.facebook.com\\\/genmax.ch\",\"https:\\\/\\\/www.instagram\\\/genmax.ch\",\"https:\\\/\\\/www.linkedin.com\\\/company\\\/85862297\"]}]}<\/script>\n<!-- \/ Yoast SEO Premium plugin. -->","yoast_head_json":{"title":"Gro\u00dfhandel - GenMax Gro\u00dfhandel","robots":{"index":"index","follow":"follow","max-snippet":"max-snippet:-1","max-image-preview":"max-image-preview:large","max-video-preview":"max-video-preview:-1"},"canonical":"https:\/\/www.generalmaximus.ch\/de\/wholesale\/","og_locale":"de_DE","og_type":"article","og_title":"Gro\u00dfhandel","og_description":"&nbsp; &nbsp; &nbsp;","og_url":"https:\/\/www.generalmaximus.ch\/de\/wholesale\/","og_site_name":"GenMax Gro\u00dfhandel","article_publisher":"https:\/\/www.facebook.com\/genmax.ch","article_modified_time":"2024-08-26T11:59:30+00:00","og_image":[{"width":1200,"height":675,"url":"https:\/\/www.generalmaximus.ch\/wp-content\/uploads\/2023\/07\/Yoast-SEO-Site-Image.jpg","type":"image\/jpeg"}],"schema":{"@context":"https:\/\/schema.org","@graph":[{"@type":"WebPage","@id":"https:\/\/www.generalmaximus.ch\/de\/wholesale\/","url":"https:\/\/www.generalmaximus.ch\/de\/wholesale\/","name":"Gro\u00dfhandel - GenMax Gro\u00dfhandel","isPartOf":{"@id":"https:\/\/www.generalmaximus.ch\/de\/#website"},"datePublished":"2022-11-25T13:49:27+00:00","dateModified":"2024-08-26T11:59:30+00:00","breadcrumb":{"@id":"https:\/\/www.generalmaximus.ch\/de\/wholesale\/#breadcrumb"},"inLanguage":"de","potentialAction":[{"@type":"ReadAction","target":["https:\/\/www.generalmaximus.ch\/de\/wholesale\/"]}]},{"@type":"BreadcrumbList","@id":"https:\/\/www.generalmaximus.ch\/de\/wholesale\/#breadcrumb","itemListElement":[{"@type":"ListItem","position":1,"name":"Home","item":"https:\/\/www.generalmaximus.ch\/de\/"},{"@type":"ListItem","position":2,"name":"Gro\u00dfhandel"}]},{"@type":"WebSite","@id":"https:\/\/www.generalmaximus.ch\/de\/#website","url":"https:\/\/www.generalmaximus.ch\/de\/","name":"GenMax Gro\u00dfhandel","description":"","publisher":{"@id":"https:\/\/www.generalmaximus.ch\/de\/#organization"},"alternateName":"General Maximus Pet Products","potentialAction":[{"@type":"SearchAction","target":{"@type":"EntryPoint","urlTemplate":"https:\/\/www.generalmaximus.ch\/de\/?s={search_term_string}"},"query-input":{"@type":"PropertyValueSpecification","valueRequired":true,"valueName":"search_term_string"}}],"inLanguage":"de"},{"@type":"Organization","@id":"https:\/\/www.generalmaximus.ch\/de\/#organization","name":"GenMax Pet Products","alternateName":"General Maximus Pet Products","url":"https:\/\/www.generalmaximus.ch\/de\/","logo":{"@type":"ImageObject","inLanguage":"de","@id":"https:\/\/www.generalmaximus.ch\/de\/#\/schema\/logo\/image\/","url":"https:\/\/www.generalmaximus.ch\/wp-content\/uploads\/2022\/12\/Pet_Products_Icon_512pix.png","contentUrl":"https:\/\/www.generalmaximus.ch\/wp-content\/uploads\/2022\/12\/Pet_Products_Icon_512pix.png","width":512,"height":512,"caption":"GenMax Pet Products"},"image":{"@id":"https:\/\/www.generalmaximus.ch\/de\/#\/schema\/logo\/image\/"},"sameAs":["https:\/\/www.facebook.com\/genmax.ch","https:\/\/www.instagram\/genmax.ch","https:\/\/www.linkedin.com\/company\/85862297"]}]}},"_links":{"self":[{"href":"https:\/\/www.generalmaximus.ch\/de\/wp-json\/wp\/v2\/pages\/417","targetHints":{"allow":["GET"]}}],"collection":[{"href":"https:\/\/www.generalmaximus.ch\/de\/wp-json\/wp\/v2\/pages"}],"about":[{"href":"https:\/\/www.generalmaximus.ch\/de\/wp-json\/wp\/v2\/types\/page"}],"author":[{"embeddable":true,"href":"https:\/\/www.generalmaximus.ch\/de\/wp-json\/wp\/v2\/users\/5"}],"replies":[{"embeddable":true,"href":"https:\/\/www.generalmaximus.ch\/de\/wp-json\/wp\/v2\/comments?post=417"}],"version-history":[{"count":12,"href":"https:\/\/www.generalmaximus.ch\/de\/wp-json\/wp\/v2\/pages\/417\/revisions"}],"predecessor-version":[{"id":1927,"href":"https:\/\/www.generalmaximus.ch\/de\/wp-json\/wp\/v2\/pages\/417\/revisions\/1927"}],"wp:attachment":[{"href":"https:\/\/www.generalmaximus.ch\/de\/wp-json\/wp\/v2\/media?parent=417"}],"curies":[{"name":"wp","href":"https:\/\/api.w.org\/{rel}","templated":true}]}}