{"id":439,"date":"2022-11-25T14:05:57","date_gmt":"2022-11-25T14:05:57","guid":{"rendered":"https:\/\/www.generalmaximus.ch\/privacy-policy\/"},"modified":"2022-11-27T16:36:35","modified_gmt":"2022-11-27T16:36:35","slug":"privacy-policy","status":"publish","type":"page","link":"https:\/\/www.generalmaximus.ch\/de\/privacy-policy\/","title":{"rendered":"Datenschutzbestimmungen"},"content":{"rendered":"\r\n\r\n\r\n\r\n\n<h2>Datenschutzbestimmungen<\/h2>\n\r\n\r\n\r\n\r\n\n<p>Diese Datenschutzrichtlinie beschreibt, wie Ihre pers\u00f6nlichen Daten gesammelt, verwendet und weitergegeben werden, wenn Sie www.generalmaximus.ch besuchen oder dort einkaufen.<\/p>\n<p>&nbsp;<\/p>\n<p><strong>WELCHE PERS\u00d6NLICHEN INFORMATIONEN WIR SAMMELN<\/strong><\/p>\n<p>&nbsp;<\/p>\n<p>Wenn Sie die Website besuchen, erfassen wir automatisch bestimmte Informationen \u00fcber Ihr Ger\u00e4t, einschlie\u00dflich Informationen \u00fcber Ihren Webbrowser, Ihre IP-Adresse, Ihre Zeitzone und einige der Cookies, die auf Ihrem Ger\u00e4t installiert sind.<\/p>\n<p>&nbsp;<\/p>\n<p>Wenn Sie auf der Website surfen, sammeln wir au\u00dferdem Informationen \u00fcber die einzelnen Webseiten oder Produkte, die Sie sich ansehen, welche Websites oder Suchbegriffe Sie auf die Website verwiesen haben, und Informationen dar\u00fcber, wie Sie mit der Website interagieren.\nWir bezeichnen diese automatisch erfassten Informationen als Ger\u00e4teinformationen. <\/p>\n<p>&nbsp;<\/p>\n<p>Wir erfassen Ger\u00e4teinformationen mithilfe der folgenden Technologien:<\/p>\n<p>&nbsp;<\/p>\n<p>Cookies sind Datendateien, die auf Ihrem Ger\u00e4t oder Computer abgelegt werden und h\u00e4ufig eine anonyme eindeutige Kennung enthalten.<\/p>\n<p>Protokolldateien verfolgen Aktionen auf der Website und erfassen Daten wie Ihre IP-Adresse, den Browsertyp, den Internetdienstanbieter, Verweis- und Ausgangsseiten sowie Datums- und Zeitstempel.<\/p>\n<p>Wenn Sie einen Kauf t\u00e4tigen oder versuchen, einen Kauf \u00fcber die Website zu t\u00e4tigen, erfassen wir au\u00dferdem bestimmte Informationen von Ihnen, einschlie\u00dflich Ihres Namens, Ihrer Rechnungsadresse, Ihrer Lieferadresse, Ihrer Zahlungsinformationen (einschlie\u00dflich Kreditkartennummern), Ihrer E-Mail-Adresse und Ihrer Telefonnummer.\nDies wird als Bestellinformationen bezeichnet. <\/p>\n<p>&nbsp;<\/p>\n<p>Wenn wir in dieser Datenschutzrichtlinie von pers\u00f6nlichen Informationen sprechen, meinen wir sowohl Ger\u00e4te- als auch Bestellinformationen.<\/p>\n<p>&nbsp;<\/p>\n<p><strong>WIE VERWENDEN WIR IHRE PERS\u00d6NLICHEN DATEN?<\/strong><\/p>\n<p>&nbsp;<\/p>\n<p>Wir verwenden die von uns gesammelten Bestellinformationen im Allgemeinen, um die \u00fcber die Website aufgegebenen Bestellungen auszuf\u00fchren (einschlie\u00dflich der Verarbeitung Ihrer Zahlungsinformationen, der Organisation des Versands und der \u00dcbermittlung von Rechnungen und\/oder Auftragsbest\u00e4tigungen).<\/p>\n<p>&nbsp;<\/p>\n<p>Au\u00dferdem verwenden wir diese Bestellinformationen, um:<\/p>\n<p>&nbsp;<\/p>\n<ul>\n<li>Mit Ihnen kommunizieren.<\/li>\n<li>\u00dcberpr\u00fcfung unserer Bestellungen auf potenzielle Risiken oder Betrug.<\/li>\n<li>Sie bei Ihren Eink\u00e4ufen unterst\u00fctzen.<\/li>\n<li>Wenn es den Pr\u00e4ferenzen entspricht, die Sie uns mitgeteilt haben, k\u00f6nnen wir Ihnen Informationen oder Werbung zu unseren Produkten oder Dienstleistungen zukommen lassen.<\/li>\n<li>Wir verwenden die gesammelten Ger\u00e4tedaten, um uns bei der Suche nach potenziellen Risiken und Betrug zu helfen (insbesondere Ihre IP-Adresse), und ganz allgemein, um unsere Website zu verbessern und zu optimieren.<\/li>\n<\/ul>\n<p>&nbsp;<\/p>\n<p><strong>WEITERGABE IHRER PERS\u00d6NLICHEN INFORMATIONEN<\/strong><\/p>\n<p>&nbsp;<\/p>\n<p>Wir geben Ihre pers\u00f6nlichen Daten derzeit nicht an Dritte weiter, k\u00f6nnten dies aber in Zukunft tun, um uns bei der oben beschriebenen Verwendung Ihrer pers\u00f6nlichen Daten zu unterst\u00fctzen.<\/p>\n<p>&nbsp;<\/p>\n<p>Wir verwenden auch Google Analytics, um zu verstehen, wie unsere Kunden (Name des Shops) nutzen.\nWie Google Ihre pers\u00f6nlichen Informationen verwendet. <\/p>\n<p>&nbsp;<\/p>\n<p>Schlie\u00dflich k\u00f6nnen wir Ihre pers\u00f6nlichen Daten auch weitergeben, um geltende Gesetze und Vorschriften einzuhalten, um auf Vorladungen, Durchsuchungsbefehle oder andere rechtm\u00e4\u00dfige Anfragen nach Informationen, die wir erhalten, zu reagieren oder um unsere Rechte anderweitig zu sch\u00fctzen.<\/p>\n<p>&nbsp;<\/p>\n<p><strong>VERHALTENSBASIERTE WERBUNG<\/strong><\/p>\n<p>&nbsp;<\/p>\n<p>Wir verwenden Ihre pers\u00f6nlichen Daten, um Ihnen gezielte Werbung oder Marketingmitteilungen zukommen zu lassen, von denen wir glauben, dass sie f\u00fcr Sie in den sozialen Medien von Interesse sein k\u00f6nnten.<\/p>\n<p>&nbsp;<\/p>\n<p>Wann immer diese Daten \u00fcber soziale Medien erhoben werden, erhalten Sie auch Links zum Unterzeichnen und Abmelden.<\/p>\n<p>&nbsp;<\/p>\n<p>Sie k\u00f6nnen sich jederzeit gegen gezielte Werbung auf einer unserer Social-Media-Plattformen entscheiden.<\/p>\n<p>&nbsp;<\/p>\n<p><strong>IHRE RECHTE<\/strong><\/p>\n<p>&nbsp;<\/p>\n<p>Sie haben das Recht, auf die personenbezogenen Daten, die wir in unseren Systemen \u00fcber Sie gespeichert haben, zuzugreifen und zu verlangen, dass Ihre personenbezogenen Daten korrigiert, aktualisiert oder gel\u00f6scht werden.\nWenn Sie dieses Recht aus\u00fcben m\u00f6chten, nehmen Sie bitte Kontakt mit uns auf. <\/p>\n<p>&nbsp;<\/p>\n<p>Wenn Sie in Europa oder der Schweiz ans\u00e4ssig sind, weisen wir darauf hin, dass wir Ihre Daten zur Erf\u00fcllung von Vertr\u00e4gen verarbeiten, die wir mit Ihnen geschlossen haben (z. B. wenn Sie eine Bestellung \u00fcber die Website aufgeben), oder zur Verfolgung unserer oben genannten berechtigten Gesch\u00e4ftsinteressen.<\/p>\n<p>&nbsp;<\/p>\n<p>Bitte beachten Sie, dass Ihre Daten au\u00dferhalb Europas, einschlie\u00dflich Kanada und den Vereinigten Staaten, \u00fcbertragen werden k\u00f6nnen, insbesondere durch Anbieter sozialer Medienplattformen.<\/p>\n<p>&nbsp;<\/p>\n<p><strong>DATENAUFBEWAHRUNG<\/strong><\/p>\n<p>&nbsp;<\/p>\n<p>Wenn Sie eine Bestellung \u00fcber die Website aufgeben, werden wir Ihre Bestellinformationen f\u00fcr unsere Unterlagen aufbewahren, bis Sie uns bitten, diese Informationen zu l\u00f6schen.<\/p>\n<p>&nbsp;<\/p>\n<p><strong>MINOREN<\/strong><\/p>\n<p>&nbsp;<\/p>\n<p>Die Website ist nicht f\u00fcr Personen unter 16 Jahren bestimmt.<\/p>\n<p>&nbsp;<\/p>\n<p><strong>\u00c4NDERUNGEN<\/strong><\/p>\n<p>&nbsp;<\/p>\n<p>Wir behalten uns vor, diese Datenschutzrichtlinie von Zeit zu Zeit zu aktualisieren, um z. B. \u00c4nderungen unserer Praktiken oder anderen betrieblichen, rechtlichen oder regulatorischen Gr\u00fcnden Rechnung zu tragen.<\/p>\n<p>&nbsp;<\/p>\n<p>Wenn Sie Fragen haben und\/oder weitere Informationen ben\u00f6tigen, z\u00f6gern Sie nicht, uns \u00fcber die Kontaktseite auf dieser Website zu kontaktieren.<\/p>\n<p>&nbsp;<\/p>\n","protected":false},"excerpt":{"rendered":"<p>&nbsp;<\/p>\n","protected":false},"author":5,"featured_media":0,"parent":0,"menu_order":0,"comment_status":"closed","ping_status":"closed","template":"","meta":{"pagelayer_contact_templates":[],"_pagelayer_content":"","footnotes":""},"class_list":["post-439","page","type-page","status-publish","hentry"],"yoast_head":"<!-- This site is optimized with the Yoast SEO Premium plugin v20.10 (Yoast SEO v27.5) - https:\/\/yoast.com\/product\/yoast-seo-premium-wordpress\/ -->\n<title>Datenschutzbestimmungen - GenMax Gro\u00dfhandel<\/title>\n<meta name=\"robots\" content=\"index, follow, max-snippet:-1, max-image-preview:large, max-video-preview:-1\" \/>\n<link rel=\"canonical\" href=\"https:\/\/www.generalmaximus.ch\/de\/privacy-policy\/\" \/>\n<meta property=\"og:locale\" content=\"de_DE\" \/>\n<meta property=\"og:type\" content=\"article\" \/>\n<meta property=\"og:title\" content=\"Datenschutzbestimmungen\" \/>\n<meta property=\"og:description\" content=\"&nbsp;\" \/>\n<meta property=\"og:url\" content=\"https:\/\/www.generalmaximus.ch\/de\/privacy-policy\/\" \/>\n<meta property=\"og:site_name\" content=\"GenMax Gro\u00dfhandel\" \/>\n<meta property=\"article:publisher\" content=\"https:\/\/www.facebook.com\/genmax.ch\" \/>\n<meta property=\"article:modified_time\" content=\"2022-11-27T16:36:35+00:00\" \/>\n<meta property=\"og:image\" content=\"https:\/\/www.generalmaximus.ch\/wp-content\/uploads\/2023\/07\/Yoast-SEO-Site-Image.jpg\" \/>\n\t<meta property=\"og:image:width\" content=\"1200\" \/>\n\t<meta property=\"og:image:height\" content=\"675\" \/>\n\t<meta property=\"og:image:type\" content=\"image\/jpeg\" \/>\n<script type=\"application\/ld+json\" class=\"yoast-schema-graph\">{\"@context\":\"https:\\\/\\\/schema.org\",\"@graph\":[{\"@type\":\"WebPage\",\"@id\":\"https:\\\/\\\/www.generalmaximus.ch\\\/de\\\/privacy-policy\\\/\",\"url\":\"https:\\\/\\\/www.generalmaximus.ch\\\/de\\\/privacy-policy\\\/\",\"name\":\"Datenschutzbestimmungen - GenMax Gro\u00dfhandel\",\"isPartOf\":{\"@id\":\"https:\\\/\\\/www.generalmaximus.ch\\\/de\\\/#website\"},\"datePublished\":\"2022-11-25T14:05:57+00:00\",\"dateModified\":\"2022-11-27T16:36:35+00:00\",\"breadcrumb\":{\"@id\":\"https:\\\/\\\/www.generalmaximus.ch\\\/de\\\/privacy-policy\\\/#breadcrumb\"},\"inLanguage\":\"de\",\"potentialAction\":[{\"@type\":\"ReadAction\",\"target\":[\"https:\\\/\\\/www.generalmaximus.ch\\\/de\\\/privacy-policy\\\/\"]}]},{\"@type\":\"BreadcrumbList\",\"@id\":\"https:\\\/\\\/www.generalmaximus.ch\\\/de\\\/privacy-policy\\\/#breadcrumb\",\"itemListElement\":[{\"@type\":\"ListItem\",\"position\":1,\"name\":\"Home\",\"item\":\"https:\\\/\\\/www.generalmaximus.ch\\\/de\\\/\"},{\"@type\":\"ListItem\",\"position\":2,\"name\":\"Datenschutzbestimmungen\"}]},{\"@type\":\"WebSite\",\"@id\":\"https:\\\/\\\/www.generalmaximus.ch\\\/de\\\/#website\",\"url\":\"https:\\\/\\\/www.generalmaximus.ch\\\/de\\\/\",\"name\":\"GenMax Gro\u00dfhandel\",\"description\":\"\",\"publisher\":{\"@id\":\"https:\\\/\\\/www.generalmaximus.ch\\\/de\\\/#organization\"},\"alternateName\":\"General Maximus Pet Products\",\"potentialAction\":[{\"@type\":\"SearchAction\",\"target\":{\"@type\":\"EntryPoint\",\"urlTemplate\":\"https:\\\/\\\/www.generalmaximus.ch\\\/de\\\/?s={search_term_string}\"},\"query-input\":{\"@type\":\"PropertyValueSpecification\",\"valueRequired\":true,\"valueName\":\"search_term_string\"}}],\"inLanguage\":\"de\"},{\"@type\":\"Organization\",\"@id\":\"https:\\\/\\\/www.generalmaximus.ch\\\/de\\\/#organization\",\"name\":\"GenMax Pet Products\",\"alternateName\":\"General Maximus Pet Products\",\"url\":\"https:\\\/\\\/www.generalmaximus.ch\\\/de\\\/\",\"logo\":{\"@type\":\"ImageObject\",\"inLanguage\":\"de\",\"@id\":\"https:\\\/\\\/www.generalmaximus.ch\\\/de\\\/#\\\/schema\\\/logo\\\/image\\\/\",\"url\":\"https:\\\/\\\/www.generalmaximus.ch\\\/wp-content\\\/uploads\\\/2022\\\/12\\\/Pet_Products_Icon_512pix.png\",\"contentUrl\":\"https:\\\/\\\/www.generalmaximus.ch\\\/wp-content\\\/uploads\\\/2022\\\/12\\\/Pet_Products_Icon_512pix.png\",\"width\":512,\"height\":512,\"caption\":\"GenMax Pet Products\"},\"image\":{\"@id\":\"https:\\\/\\\/www.generalmaximus.ch\\\/de\\\/#\\\/schema\\\/logo\\\/image\\\/\"},\"sameAs\":[\"https:\\\/\\\/www.facebook.com\\\/genmax.ch\",\"https:\\\/\\\/www.instagram\\\/genmax.ch\",\"https:\\\/\\\/www.linkedin.com\\\/company\\\/85862297\"]}]}<\/script>\n<!-- \/ Yoast SEO Premium plugin. -->","yoast_head_json":{"title":"Datenschutzbestimmungen - GenMax Gro\u00dfhandel","robots":{"index":"index","follow":"follow","max-snippet":"max-snippet:-1","max-image-preview":"max-image-preview:large","max-video-preview":"max-video-preview:-1"},"canonical":"https:\/\/www.generalmaximus.ch\/de\/privacy-policy\/","og_locale":"de_DE","og_type":"article","og_title":"Datenschutzbestimmungen","og_description":"&nbsp;","og_url":"https:\/\/www.generalmaximus.ch\/de\/privacy-policy\/","og_site_name":"GenMax Gro\u00dfhandel","article_publisher":"https:\/\/www.facebook.com\/genmax.ch","article_modified_time":"2022-11-27T16:36:35+00:00","og_image":[{"width":1200,"height":675,"url":"https:\/\/www.generalmaximus.ch\/wp-content\/uploads\/2023\/07\/Yoast-SEO-Site-Image.jpg","type":"image\/jpeg"}],"schema":{"@context":"https:\/\/schema.org","@graph":[{"@type":"WebPage","@id":"https:\/\/www.generalmaximus.ch\/de\/privacy-policy\/","url":"https:\/\/www.generalmaximus.ch\/de\/privacy-policy\/","name":"Datenschutzbestimmungen - GenMax Gro\u00dfhandel","isPartOf":{"@id":"https:\/\/www.generalmaximus.ch\/de\/#website"},"datePublished":"2022-11-25T14:05:57+00:00","dateModified":"2022-11-27T16:36:35+00:00","breadcrumb":{"@id":"https:\/\/www.generalmaximus.ch\/de\/privacy-policy\/#breadcrumb"},"inLanguage":"de","potentialAction":[{"@type":"ReadAction","target":["https:\/\/www.generalmaximus.ch\/de\/privacy-policy\/"]}]},{"@type":"BreadcrumbList","@id":"https:\/\/www.generalmaximus.ch\/de\/privacy-policy\/#breadcrumb","itemListElement":[{"@type":"ListItem","position":1,"name":"Home","item":"https:\/\/www.generalmaximus.ch\/de\/"},{"@type":"ListItem","position":2,"name":"Datenschutzbestimmungen"}]},{"@type":"WebSite","@id":"https:\/\/www.generalmaximus.ch\/de\/#website","url":"https:\/\/www.generalmaximus.ch\/de\/","name":"GenMax Gro\u00dfhandel","description":"","publisher":{"@id":"https:\/\/www.generalmaximus.ch\/de\/#organization"},"alternateName":"General Maximus Pet Products","potentialAction":[{"@type":"SearchAction","target":{"@type":"EntryPoint","urlTemplate":"https:\/\/www.generalmaximus.ch\/de\/?s={search_term_string}"},"query-input":{"@type":"PropertyValueSpecification","valueRequired":true,"valueName":"search_term_string"}}],"inLanguage":"de"},{"@type":"Organization","@id":"https:\/\/www.generalmaximus.ch\/de\/#organization","name":"GenMax Pet Products","alternateName":"General Maximus Pet Products","url":"https:\/\/www.generalmaximus.ch\/de\/","logo":{"@type":"ImageObject","inLanguage":"de","@id":"https:\/\/www.generalmaximus.ch\/de\/#\/schema\/logo\/image\/","url":"https:\/\/www.generalmaximus.ch\/wp-content\/uploads\/2022\/12\/Pet_Products_Icon_512pix.png","contentUrl":"https:\/\/www.generalmaximus.ch\/wp-content\/uploads\/2022\/12\/Pet_Products_Icon_512pix.png","width":512,"height":512,"caption":"GenMax Pet Products"},"image":{"@id":"https:\/\/www.generalmaximus.ch\/de\/#\/schema\/logo\/image\/"},"sameAs":["https:\/\/www.facebook.com\/genmax.ch","https:\/\/www.instagram\/genmax.ch","https:\/\/www.linkedin.com\/company\/85862297"]}]}},"_links":{"self":[{"href":"https:\/\/www.generalmaximus.ch\/de\/wp-json\/wp\/v2\/pages\/439","targetHints":{"allow":["GET"]}}],"collection":[{"href":"https:\/\/www.generalmaximus.ch\/de\/wp-json\/wp\/v2\/pages"}],"about":[{"href":"https:\/\/www.generalmaximus.ch\/de\/wp-json\/wp\/v2\/types\/page"}],"author":[{"embeddable":true,"href":"https:\/\/www.generalmaximus.ch\/de\/wp-json\/wp\/v2\/users\/5"}],"replies":[{"embeddable":true,"href":"https:\/\/www.generalmaximus.ch\/de\/wp-json\/wp\/v2\/comments?post=439"}],"version-history":[{"count":2,"href":"https:\/\/www.generalmaximus.ch\/de\/wp-json\/wp\/v2\/pages\/439\/revisions"}],"predecessor-version":[{"id":444,"href":"https:\/\/www.generalmaximus.ch\/de\/wp-json\/wp\/v2\/pages\/439\/revisions\/444"}],"wp:attachment":[{"href":"https:\/\/www.generalmaximus.ch\/de\/wp-json\/wp\/v2\/media?parent=439"}],"curies":[{"name":"wp","href":"https:\/\/api.w.org\/{rel}","templated":true}]}}