{"id":716,"date":"2022-12-02T11:16:29","date_gmt":"2022-12-02T11:16:29","guid":{"rendered":"https:\/\/www.generalmaximus.ch\/kundenkommentare\/"},"modified":"2022-12-08T17:27:29","modified_gmt":"2022-12-08T17:27:29","slug":"kundenkommentare","status":"publish","type":"page","link":"https:\/\/www.generalmaximus.ch\/de\/kundenkommentare\/","title":{"rendered":"Kundenkommentare"},"content":{"rendered":"\r\n\r\n\r\n\r\n\n<h2>Was halten die Kunden von General Maximus Beds?<\/h2>\n\r\n\r\n\r\n\r\n\n<p>F\u00fcr meinen Dalmatiner habe ich das Hundebett von General Maximus ausprobiert, und er hat es sofort akzeptiert, verwendet es sehr oft und bleibt jeden Tag entspannt.<\/p>\n<p>&nbsp;<\/p>\n<p>Super ist, dass der Innenbezug wasserabweisend ist, da meine kleine Tochter beispielsweise sogar ihr Getr\u00e4nk auf das Bett gegossen hat. Praktisch und durchdacht ist der Ersatzbezug, den ich beim Waschen eines Bezugs verwenden kann, einfach praktisch. <\/p>\n<p>&nbsp;<\/p>\n<p>Haare und andere Verschmutzungen k\u00f6nnen leicht abgesaugt werden.<\/p>\n<p>&nbsp;<\/p>\n<p>Die Materialien des Bettes sind sehr gut zusammengestellt. Der K\u00f6rper des Hundes sackt nicht durch und das Bett sackt nicht herunter, wie dies bei den meisten Tieren der Fall ist, sondern sch\u00fctzt den R\u00fccken, da er sich nicht ung\u00fcnstig verformt. <\/p>\n<p>&nbsp;<\/p>\n<p>Eine spannende Geschichte des Sch\u00e4ferhundes Maximus, der der Eckpfeiler des Produktes ist, gro\u00dfartig. Man kann sagen, dass der Chef der Firma ein Hundeliebhaber ist. <\/p>\n<p>&nbsp;<\/p>\n<p>Ich kann das Hundebett von General Maximus jedem empfehlen.<\/p>\n<p>&nbsp;<\/p>\n<p>Ms. Jucker (Eglisau)<\/p>\n\r\n\r\n\r\n\r\n\r\n\r\n\r\n\r\n\n<p>Ich bzw. Max durfte das neue Hundebett ausprobieren. Max liebt es bereits nach einer Woche \u00fcber alles \u2013 obwohl es etwas zu klein f\u00fcr ihn ist. Deshalb bestelle ich noch das gr\u00f6sste Bett, damit er sich richtig sch\u00f6n ausstrecken kann! .-)   .-)<\/p>\n<p>&nbsp;<\/p>\n<p>Freundliche Gr\u00fcsse<\/p>\n<p>&nbsp;<\/p>\n<p>S. Heller (Wil)<\/p>\n\r\n\r\n\r\n\r\n\r\n\r\n\r\n\r\n\n<p>Zuerst dachte ich \u2013 was ist das Besondere an diesem Bett? Nachdem ich dann einen ausprobiert hatte, stellte ich fest, dass die Qualit\u00e4t wirklich gut ist, aber mehr als das, mein Hund liebt es! ! Sie kann nicht genug bekommen!! Danke General Max \ud83d\ude42   <\/p>\n<p>&nbsp;<\/p>\n<p>T.Bachmann (Sankt Gallen)<\/p>\n\r\n\r\n\r\n\r\n\r\n\r\n\r\n\r\n\n<p>Dino liebt sein Bett. Wir gehen im Sommer oft an den See und wenn wir zur\u00fcckkommen, ist Dino immer ein bisschen nass. Kein Problem auf seinem neuen Bett. Der Innenbezug h\u00e4lt das Bett trocken, aber f\u00fcr mich ist das Beste, dass ich einen zus\u00e4tzlichen Au\u00dfenbezug bekomme. So kann er das Bett schmutzig machen und wenn er drau\u00dfen ist, kann ich eine Decke waschen und eine saubere Decke auf dem Bett aufbewahren.    <\/p>\n<p>&nbsp;<\/p>\n<p>S. Gasser (Niederbiep)<\/p>\n\r\n\r\n\r\n\r\n\r\n\r\n\r\n\r\n\n<p>Als Besitzer einer Hundeschule wei\u00df ich sehr genau, wie ein gutes Hundebett beschaffen sein sollte. Ich habe diese Betten \u00fcber meine Schule an sehr zufriedene Kunden verkauft und kann sie jedem, der ein Qualit\u00e4tsbett sucht, nur empfehlen. Sie werden Ihrem Haustier einen gro\u00dfen Gefallen tun, wenn Sie ihm ein GenMax-Bett schenken.  <br><br>H. Schwitter (Rafz)<\/p>\n\r\n\r\n\r\n\r\n\r\n\r\n\r\n\r\n\n<p>Ich lebe auf einem Bauernhof mit 7 Hunden. Vor dem GenMax-Bett hatten meine Hunde oft R\u00fcckenprobleme. Der Memory-Schaum, unterst\u00fctzt durch die hohe Dichte im Inneren, hat meinen Hunden wirklich geholfen. Vielen Dank, Maximus!   <\/p>\n<p>&nbsp;<\/p>\n<p>T. Baumann (Stollen)<\/p>\n<p>&nbsp;<\/p>\n","protected":false},"excerpt":{"rendered":"<p>&nbsp;<\/p>\n","protected":false},"author":5,"featured_media":0,"parent":0,"menu_order":0,"comment_status":"closed","ping_status":"closed","template":"","meta":{"pagelayer_contact_templates":[],"_pagelayer_content":"","footnotes":""},"class_list":["post-716","page","type-page","status-publish","hentry"],"yoast_head":"<!-- This site is optimized with the Yoast SEO Premium plugin v20.10 (Yoast SEO v27.6) - https:\/\/yoast.com\/product\/yoast-seo-premium-wordpress\/ -->\n<title>Kundenkommentare - GenMax Gro\u00dfhandel<\/title>\n<meta name=\"robots\" content=\"index, follow, max-snippet:-1, max-image-preview:large, max-video-preview:-1\" \/>\n<link rel=\"canonical\" href=\"https:\/\/www.generalmaximus.ch\/de\/kundenkommentare\/\" \/>\n<meta property=\"og:locale\" content=\"de_DE\" \/>\n<meta property=\"og:type\" content=\"article\" \/>\n<meta property=\"og:title\" content=\"Kundenkommentare\" \/>\n<meta property=\"og:description\" content=\"&nbsp;\" \/>\n<meta property=\"og:url\" content=\"https:\/\/www.generalmaximus.ch\/de\/kundenkommentare\/\" \/>\n<meta property=\"og:site_name\" content=\"GenMax Gro\u00dfhandel\" \/>\n<meta property=\"article:publisher\" content=\"https:\/\/www.facebook.com\/genmax.ch\" \/>\n<meta property=\"article:modified_time\" content=\"2022-12-08T17:27:29+00:00\" \/>\n<meta property=\"og:image\" content=\"https:\/\/www.generalmaximus.ch\/wp-content\/uploads\/2023\/07\/Yoast-SEO-Site-Image.jpg\" \/>\n\t<meta property=\"og:image:width\" content=\"1200\" \/>\n\t<meta property=\"og:image:height\" content=\"675\" \/>\n\t<meta property=\"og:image:type\" content=\"image\/jpeg\" \/>\n<script type=\"application\/ld+json\" class=\"yoast-schema-graph\">{\"@context\":\"https:\\\/\\\/schema.org\",\"@graph\":[{\"@type\":\"WebPage\",\"@id\":\"https:\\\/\\\/www.generalmaximus.ch\\\/de\\\/kundenkommentare\\\/\",\"url\":\"https:\\\/\\\/www.generalmaximus.ch\\\/de\\\/kundenkommentare\\\/\",\"name\":\"Kundenkommentare - GenMax Gro\u00dfhandel\",\"isPartOf\":{\"@id\":\"https:\\\/\\\/www.generalmaximus.ch\\\/de\\\/#website\"},\"datePublished\":\"2022-12-02T11:16:29+00:00\",\"dateModified\":\"2022-12-08T17:27:29+00:00\",\"breadcrumb\":{\"@id\":\"https:\\\/\\\/www.generalmaximus.ch\\\/de\\\/kundenkommentare\\\/#breadcrumb\"},\"inLanguage\":\"de\",\"potentialAction\":[{\"@type\":\"ReadAction\",\"target\":[\"https:\\\/\\\/www.generalmaximus.ch\\\/de\\\/kundenkommentare\\\/\"]}]},{\"@type\":\"BreadcrumbList\",\"@id\":\"https:\\\/\\\/www.generalmaximus.ch\\\/de\\\/kundenkommentare\\\/#breadcrumb\",\"itemListElement\":[{\"@type\":\"ListItem\",\"position\":1,\"name\":\"Home\",\"item\":\"https:\\\/\\\/www.generalmaximus.ch\\\/de\\\/\"},{\"@type\":\"ListItem\",\"position\":2,\"name\":\"Kundenkommentare\"}]},{\"@type\":\"WebSite\",\"@id\":\"https:\\\/\\\/www.generalmaximus.ch\\\/de\\\/#website\",\"url\":\"https:\\\/\\\/www.generalmaximus.ch\\\/de\\\/\",\"name\":\"GenMax Gro\u00dfhandel\",\"description\":\"\",\"publisher\":{\"@id\":\"https:\\\/\\\/www.generalmaximus.ch\\\/de\\\/#organization\"},\"alternateName\":\"General Maximus Pet Products\",\"potentialAction\":[{\"@type\":\"SearchAction\",\"target\":{\"@type\":\"EntryPoint\",\"urlTemplate\":\"https:\\\/\\\/www.generalmaximus.ch\\\/de\\\/?s={search_term_string}\"},\"query-input\":{\"@type\":\"PropertyValueSpecification\",\"valueRequired\":true,\"valueName\":\"search_term_string\"}}],\"inLanguage\":\"de\"},{\"@type\":\"Organization\",\"@id\":\"https:\\\/\\\/www.generalmaximus.ch\\\/de\\\/#organization\",\"name\":\"GenMax Pet Products\",\"alternateName\":\"General Maximus Pet Products\",\"url\":\"https:\\\/\\\/www.generalmaximus.ch\\\/de\\\/\",\"logo\":{\"@type\":\"ImageObject\",\"inLanguage\":\"de\",\"@id\":\"https:\\\/\\\/www.generalmaximus.ch\\\/de\\\/#\\\/schema\\\/logo\\\/image\\\/\",\"url\":\"https:\\\/\\\/www.generalmaximus.ch\\\/wp-content\\\/uploads\\\/2022\\\/12\\\/Pet_Products_Icon_512pix.png\",\"contentUrl\":\"https:\\\/\\\/www.generalmaximus.ch\\\/wp-content\\\/uploads\\\/2022\\\/12\\\/Pet_Products_Icon_512pix.png\",\"width\":512,\"height\":512,\"caption\":\"GenMax Pet Products\"},\"image\":{\"@id\":\"https:\\\/\\\/www.generalmaximus.ch\\\/de\\\/#\\\/schema\\\/logo\\\/image\\\/\"},\"sameAs\":[\"https:\\\/\\\/www.facebook.com\\\/genmax.ch\",\"https:\\\/\\\/www.instagram\\\/genmax.ch\",\"https:\\\/\\\/www.linkedin.com\\\/company\\\/85862297\"]}]}<\/script>\n<!-- \/ Yoast SEO Premium plugin. -->","yoast_head_json":{"title":"Kundenkommentare - GenMax Gro\u00dfhandel","robots":{"index":"index","follow":"follow","max-snippet":"max-snippet:-1","max-image-preview":"max-image-preview:large","max-video-preview":"max-video-preview:-1"},"canonical":"https:\/\/www.generalmaximus.ch\/de\/kundenkommentare\/","og_locale":"de_DE","og_type":"article","og_title":"Kundenkommentare","og_description":"&nbsp;","og_url":"https:\/\/www.generalmaximus.ch\/de\/kundenkommentare\/","og_site_name":"GenMax Gro\u00dfhandel","article_publisher":"https:\/\/www.facebook.com\/genmax.ch","article_modified_time":"2022-12-08T17:27:29+00:00","og_image":[{"width":1200,"height":675,"url":"https:\/\/www.generalmaximus.ch\/wp-content\/uploads\/2023\/07\/Yoast-SEO-Site-Image.jpg","type":"image\/jpeg"}],"schema":{"@context":"https:\/\/schema.org","@graph":[{"@type":"WebPage","@id":"https:\/\/www.generalmaximus.ch\/de\/kundenkommentare\/","url":"https:\/\/www.generalmaximus.ch\/de\/kundenkommentare\/","name":"Kundenkommentare - GenMax Gro\u00dfhandel","isPartOf":{"@id":"https:\/\/www.generalmaximus.ch\/de\/#website"},"datePublished":"2022-12-02T11:16:29+00:00","dateModified":"2022-12-08T17:27:29+00:00","breadcrumb":{"@id":"https:\/\/www.generalmaximus.ch\/de\/kundenkommentare\/#breadcrumb"},"inLanguage":"de","potentialAction":[{"@type":"ReadAction","target":["https:\/\/www.generalmaximus.ch\/de\/kundenkommentare\/"]}]},{"@type":"BreadcrumbList","@id":"https:\/\/www.generalmaximus.ch\/de\/kundenkommentare\/#breadcrumb","itemListElement":[{"@type":"ListItem","position":1,"name":"Home","item":"https:\/\/www.generalmaximus.ch\/de\/"},{"@type":"ListItem","position":2,"name":"Kundenkommentare"}]},{"@type":"WebSite","@id":"https:\/\/www.generalmaximus.ch\/de\/#website","url":"https:\/\/www.generalmaximus.ch\/de\/","name":"GenMax Gro\u00dfhandel","description":"","publisher":{"@id":"https:\/\/www.generalmaximus.ch\/de\/#organization"},"alternateName":"General Maximus Pet Products","potentialAction":[{"@type":"SearchAction","target":{"@type":"EntryPoint","urlTemplate":"https:\/\/www.generalmaximus.ch\/de\/?s={search_term_string}"},"query-input":{"@type":"PropertyValueSpecification","valueRequired":true,"valueName":"search_term_string"}}],"inLanguage":"de"},{"@type":"Organization","@id":"https:\/\/www.generalmaximus.ch\/de\/#organization","name":"GenMax Pet Products","alternateName":"General Maximus Pet Products","url":"https:\/\/www.generalmaximus.ch\/de\/","logo":{"@type":"ImageObject","inLanguage":"de","@id":"https:\/\/www.generalmaximus.ch\/de\/#\/schema\/logo\/image\/","url":"https:\/\/www.generalmaximus.ch\/wp-content\/uploads\/2022\/12\/Pet_Products_Icon_512pix.png","contentUrl":"https:\/\/www.generalmaximus.ch\/wp-content\/uploads\/2022\/12\/Pet_Products_Icon_512pix.png","width":512,"height":512,"caption":"GenMax Pet Products"},"image":{"@id":"https:\/\/www.generalmaximus.ch\/de\/#\/schema\/logo\/image\/"},"sameAs":["https:\/\/www.facebook.com\/genmax.ch","https:\/\/www.instagram\/genmax.ch","https:\/\/www.linkedin.com\/company\/85862297"]}]}},"_links":{"self":[{"href":"https:\/\/www.generalmaximus.ch\/de\/wp-json\/wp\/v2\/pages\/716","targetHints":{"allow":["GET"]}}],"collection":[{"href":"https:\/\/www.generalmaximus.ch\/de\/wp-json\/wp\/v2\/pages"}],"about":[{"href":"https:\/\/www.generalmaximus.ch\/de\/wp-json\/wp\/v2\/types\/page"}],"author":[{"embeddable":true,"href":"https:\/\/www.generalmaximus.ch\/de\/wp-json\/wp\/v2\/users\/5"}],"replies":[{"embeddable":true,"href":"https:\/\/www.generalmaximus.ch\/de\/wp-json\/wp\/v2\/comments?post=716"}],"version-history":[{"count":2,"href":"https:\/\/www.generalmaximus.ch\/de\/wp-json\/wp\/v2\/pages\/716\/revisions"}],"predecessor-version":[{"id":767,"href":"https:\/\/www.generalmaximus.ch\/de\/wp-json\/wp\/v2\/pages\/716\/revisions\/767"}],"wp:attachment":[{"href":"https:\/\/www.generalmaximus.ch\/de\/wp-json\/wp\/v2\/media?parent=716"}],"curies":[{"name":"wp","href":"https:\/\/api.w.org\/{rel}","templated":true}]}}