{"id":741,"date":"2022-12-02T11:48:32","date_gmt":"2022-12-02T11:48:32","guid":{"rendered":"https:\/\/www.generalmaximus.ch\/soziale-verantwortung\/"},"modified":"2022-12-20T01:49:37","modified_gmt":"2022-12-20T01:49:37","slug":"soziale-verantwortung","status":"publish","type":"page","link":"https:\/\/www.generalmaximus.ch\/de\/soziale-verantwortung\/","title":{"rendered":"Soziale Verantwortung"},"content":{"rendered":"\r\n\r\n\r\n\r\n\n<h2>Hilfe f\u00fcr Haustiere weltweit<\/h2>\n\r\n\r\n\r\n\r\n\n<h4>Schweiz (Projekt 1)<\/h4>\n\r\n\r\n\r\n\r\n\n<p>GenMax startet ein Programm, um Betten und einen Teil des Verkaufserl\u00f6ses f\u00fcr Schweizer Tiere ohne Zuhause zu spenden. Selbst in einem Land mit der Infrastruktur und den M\u00f6glichkeiten, die die Schweiz bietet, sind zu viele unserer Freunde auf sich allein gestellt. <\/p>\n\r\n\r\n\r\n\r\n\r\n\r\n\n<h4>S\u00fcdafrika (Projekt 2)<\/h4>\n\r\n\r\n\r\n\r\n\n<p style=\"margin-bottom: 10px; color: #333333; font-family: 'Open Sans', sans-serif; font-size: 14px; background-color: #ffffff; border-radius: 0px !important;\">Dies ist mein Programm, um das Leben vieler unserer Br\u00fcder und Schwestern zu retten, die in schlechten Verh\u00e4ltnissen gefangen sind.<\/p>\n<p style=\"margin-bottom: 10px; color: #333333; font-family: 'Open Sans', sans-serif; font-size: 14px; background-color: #ffffff; border-radius: 0px !important;\">W\u00e4hrend der Ferienzeit und oft auch wegen der wahllosen Vermehrung werden in S\u00fcdafrika (wo ich geboren wurde und von wo ich in die Schweiz kam) viele Haustiere am Stra\u00dfenrand ausgesetzt. Diese Tiere werden normalerweise und hoffentlich von der SPCA (Society for the Prevention of Cruelty to Animals) gefunden, die sie unter<img loading=\"lazy\" decoding=\"async\" class=\"alignright size-medium wp-image-732\" src=\"https:\/\/www.generalmaximus.ch\/wp-content\/uploads\/2022\/12\/Stop_animal_abuse_Gen_Max-300x200.jpg\" alt=\"\" width=\"300\" height=\"200\" srcset=\"https:\/\/www.generalmaximus.ch\/wp-content\/uploads\/2022\/12\/Stop_animal_abuse_Gen_Max-300x200.jpg 300w, https:\/\/www.generalmaximus.ch\/wp-content\/uploads\/2022\/12\/Stop_animal_abuse_Gen_Max.jpg 505w\" sizes=\"auto, (max-width: 300px) 100vw, 300px\" \/> aufnimmt und pflegt.  Aber.<\/p>\n<p style=\"margin-bottom: 10px; color: #333333; font-family: 'Open Sans', sans-serif; font-size: 14px; background-color: #ffffff; border-radius: 0px !important;\">Das SPCA hat immer nur begrenzte Mittel zur Verf\u00fcgung und hofft, dass Tierhalter oder Menschen, die bereit sind, Tiere zu adoptieren, diese Tiere abholen und ihnen ein neues Zuhause bieten, bevor ihnen die Mittel ausgehen, um ausreichend Futter und Unterkunft zu bieten.<\/p>\n<p style=\"margin-bottom: 10px; color: #333333; font-family: 'Open Sans', sans-serif; font-size: 14px; background-color: #ffffff; border-radius: 0px !important;\">Das ist meine Mission: Indem ich einen Teil aller Verk\u00e4ufe an das SPCA spende, kann ich die Chance, dass einer meiner Br\u00fcder oder Schwestern gerettet wird, erh\u00f6hen, indem ich einfach Zeit f\u00fcr sie im SPCA kaufe.<\/p>\n<p style=\"margin-bottom: 10px; color: #333333; font-family: 'Open Sans', sans-serif; font-size: 14px; background-color: #ffffff; border-radius: 0px !important;\">Die Zeit wird durch die Bereitstellung von Mitteln zur Deckung der Kosten, die durch Futter- und Platzmangel entstehen, sowie durch Werbung in den Medien von Animal Adoption gekauft.<\/p>\n<p style=\"margin-bottom: 10px; color: #333333; font-family: 'Open Sans', sans-serif; font-size: 14px; background-color: #ffffff; border-radius: 0px !important;\">Hilf mir, ihnen zu helfen. Wenn Sie Produkte von General Maximus kaufen, erhalten Sie au\u00dferdem eine Medaille, die den Menschen erz\u00e4hlt, wie Sie SOS &#8211; Save Our Souls geholfen haben! <\/p>\n<p style=\"margin-bottom: 10px; color: #333333; font-family: 'Open Sans', sans-serif; font-size: 14px; background-color: #ffffff; border-radius: 0px !important;\"><strong>Eine Initiative von General Maximus. <\/strong> Besuchen Sie die NSPCA-Website: <span style=\"color: #222222;\"><a href=\"http:\/\/www.nspca.co.za\/\" target=\"_blank\" rel=\"noopener\">NSPCA<\/a><\/span><\/p>\n\r\n\r\n\r\n\r\n\r\n\r\n\n<h4>Die 5 Freiheiten der SPCA f\u00fcr Tiere in aller Welt<\/h4>\n\r\n\r\n\r\n\r\n<center>\n<p>&nbsp;<\/p>\n<\/center>\r\n\r\n<center>\n<p>Freiheit von Durst, Hunger und Unterern\u00e4hrung.<\/p>\n<p>Freiheit, normales Verhalten zu zeigen.<\/p>\n<p>Freiheit von Unbehagen.<\/p>\n<p>Freiheit von Furcht und Bedr\u00e4ngnis<\/p>\n<p>Freiheit von Schmerzen, Verletzungen oder Krankheiten.<\/p>\n<p>&#8230;und ein Wunsch&#8230;<\/p>\n<p><strong>Und unser Wunsch f\u00fcr alle Wildtiere. Die Freiheit, frei zu sein. <br><\/strong><\/p>\n<\/center>\r\n\r\n\n<p>&nbsp;<\/p>\n\r\n\r\n<p>&nbsp;<\/p>\n","protected":false},"excerpt":{"rendered":"<p>&nbsp;<\/p>\n","protected":false},"author":5,"featured_media":0,"parent":0,"menu_order":0,"comment_status":"closed","ping_status":"closed","template":"","meta":{"pagelayer_contact_templates":[],"_pagelayer_content":"","footnotes":""},"class_list":["post-741","page","type-page","status-publish","hentry"],"yoast_head":"<!-- This site is optimized with the Yoast SEO Premium plugin v20.10 (Yoast SEO v27.5) - https:\/\/yoast.com\/product\/yoast-seo-premium-wordpress\/ -->\n<title>Soziale Verantwortung - GenMax Gro\u00dfhandel<\/title>\n<meta name=\"robots\" content=\"index, follow, max-snippet:-1, max-image-preview:large, max-video-preview:-1\" \/>\n<link rel=\"canonical\" href=\"https:\/\/www.generalmaximus.ch\/de\/soziale-verantwortung\/\" \/>\n<meta property=\"og:locale\" content=\"de_DE\" \/>\n<meta property=\"og:type\" content=\"article\" \/>\n<meta property=\"og:title\" content=\"Soziale Verantwortung\" \/>\n<meta property=\"og:description\" content=\"&nbsp;\" \/>\n<meta property=\"og:url\" content=\"https:\/\/www.generalmaximus.ch\/de\/soziale-verantwortung\/\" \/>\n<meta property=\"og:site_name\" content=\"GenMax Gro\u00dfhandel\" \/>\n<meta property=\"article:publisher\" content=\"https:\/\/www.facebook.com\/genmax.ch\" \/>\n<meta property=\"article:modified_time\" content=\"2022-12-20T01:49:37+00:00\" \/>\n<meta property=\"og:image\" content=\"https:\/\/www.generalmaximus.ch\/wp-content\/uploads\/2022\/12\/Stop_animal_abuse_Gen_Max-300x200.jpg\" \/>\n<script type=\"application\/ld+json\" class=\"yoast-schema-graph\">{\"@context\":\"https:\\\/\\\/schema.org\",\"@graph\":[{\"@type\":\"WebPage\",\"@id\":\"https:\\\/\\\/www.generalmaximus.ch\\\/de\\\/soziale-verantwortung\\\/\",\"url\":\"https:\\\/\\\/www.generalmaximus.ch\\\/de\\\/soziale-verantwortung\\\/\",\"name\":\"Soziale Verantwortung - GenMax Gro\u00dfhandel\",\"isPartOf\":{\"@id\":\"https:\\\/\\\/www.generalmaximus.ch\\\/de\\\/#website\"},\"primaryImageOfPage\":{\"@id\":\"https:\\\/\\\/www.generalmaximus.ch\\\/de\\\/soziale-verantwortung\\\/#primaryimage\"},\"image\":{\"@id\":\"https:\\\/\\\/www.generalmaximus.ch\\\/de\\\/soziale-verantwortung\\\/#primaryimage\"},\"thumbnailUrl\":\"https:\\\/\\\/www.generalmaximus.ch\\\/wp-content\\\/uploads\\\/2022\\\/12\\\/Stop_animal_abuse_Gen_Max-300x200.jpg\",\"datePublished\":\"2022-12-02T11:48:32+00:00\",\"dateModified\":\"2022-12-20T01:49:37+00:00\",\"breadcrumb\":{\"@id\":\"https:\\\/\\\/www.generalmaximus.ch\\\/de\\\/soziale-verantwortung\\\/#breadcrumb\"},\"inLanguage\":\"de\",\"potentialAction\":[{\"@type\":\"ReadAction\",\"target\":[\"https:\\\/\\\/www.generalmaximus.ch\\\/de\\\/soziale-verantwortung\\\/\"]}]},{\"@type\":\"ImageObject\",\"inLanguage\":\"de\",\"@id\":\"https:\\\/\\\/www.generalmaximus.ch\\\/de\\\/soziale-verantwortung\\\/#primaryimage\",\"url\":\"https:\\\/\\\/www.generalmaximus.ch\\\/wp-content\\\/uploads\\\/2022\\\/12\\\/Stop_animal_abuse_Gen_Max-300x200.jpg\",\"contentUrl\":\"https:\\\/\\\/www.generalmaximus.ch\\\/wp-content\\\/uploads\\\/2022\\\/12\\\/Stop_animal_abuse_Gen_Max-300x200.jpg\"},{\"@type\":\"BreadcrumbList\",\"@id\":\"https:\\\/\\\/www.generalmaximus.ch\\\/de\\\/soziale-verantwortung\\\/#breadcrumb\",\"itemListElement\":[{\"@type\":\"ListItem\",\"position\":1,\"name\":\"Home\",\"item\":\"https:\\\/\\\/www.generalmaximus.ch\\\/de\\\/\"},{\"@type\":\"ListItem\",\"position\":2,\"name\":\"Soziale Verantwortung\"}]},{\"@type\":\"WebSite\",\"@id\":\"https:\\\/\\\/www.generalmaximus.ch\\\/de\\\/#website\",\"url\":\"https:\\\/\\\/www.generalmaximus.ch\\\/de\\\/\",\"name\":\"GenMax Gro\u00dfhandel\",\"description\":\"\",\"publisher\":{\"@id\":\"https:\\\/\\\/www.generalmaximus.ch\\\/de\\\/#organization\"},\"alternateName\":\"General Maximus Pet Products\",\"potentialAction\":[{\"@type\":\"SearchAction\",\"target\":{\"@type\":\"EntryPoint\",\"urlTemplate\":\"https:\\\/\\\/www.generalmaximus.ch\\\/de\\\/?s={search_term_string}\"},\"query-input\":{\"@type\":\"PropertyValueSpecification\",\"valueRequired\":true,\"valueName\":\"search_term_string\"}}],\"inLanguage\":\"de\"},{\"@type\":\"Organization\",\"@id\":\"https:\\\/\\\/www.generalmaximus.ch\\\/de\\\/#organization\",\"name\":\"GenMax Pet Products\",\"alternateName\":\"General Maximus Pet Products\",\"url\":\"https:\\\/\\\/www.generalmaximus.ch\\\/de\\\/\",\"logo\":{\"@type\":\"ImageObject\",\"inLanguage\":\"de\",\"@id\":\"https:\\\/\\\/www.generalmaximus.ch\\\/de\\\/#\\\/schema\\\/logo\\\/image\\\/\",\"url\":\"https:\\\/\\\/www.generalmaximus.ch\\\/wp-content\\\/uploads\\\/2022\\\/12\\\/Pet_Products_Icon_512pix.png\",\"contentUrl\":\"https:\\\/\\\/www.generalmaximus.ch\\\/wp-content\\\/uploads\\\/2022\\\/12\\\/Pet_Products_Icon_512pix.png\",\"width\":512,\"height\":512,\"caption\":\"GenMax Pet Products\"},\"image\":{\"@id\":\"https:\\\/\\\/www.generalmaximus.ch\\\/de\\\/#\\\/schema\\\/logo\\\/image\\\/\"},\"sameAs\":[\"https:\\\/\\\/www.facebook.com\\\/genmax.ch\",\"https:\\\/\\\/www.instagram\\\/genmax.ch\",\"https:\\\/\\\/www.linkedin.com\\\/company\\\/85862297\"]}]}<\/script>\n<!-- \/ Yoast SEO Premium plugin. -->","yoast_head_json":{"title":"Soziale Verantwortung - GenMax Gro\u00dfhandel","robots":{"index":"index","follow":"follow","max-snippet":"max-snippet:-1","max-image-preview":"max-image-preview:large","max-video-preview":"max-video-preview:-1"},"canonical":"https:\/\/www.generalmaximus.ch\/de\/soziale-verantwortung\/","og_locale":"de_DE","og_type":"article","og_title":"Soziale Verantwortung","og_description":"&nbsp;","og_url":"https:\/\/www.generalmaximus.ch\/de\/soziale-verantwortung\/","og_site_name":"GenMax Gro\u00dfhandel","article_publisher":"https:\/\/www.facebook.com\/genmax.ch","article_modified_time":"2022-12-20T01:49:37+00:00","og_image":[{"url":"https:\/\/www.generalmaximus.ch\/wp-content\/uploads\/2022\/12\/Stop_animal_abuse_Gen_Max-300x200.jpg","type":"","width":"","height":""}],"schema":{"@context":"https:\/\/schema.org","@graph":[{"@type":"WebPage","@id":"https:\/\/www.generalmaximus.ch\/de\/soziale-verantwortung\/","url":"https:\/\/www.generalmaximus.ch\/de\/soziale-verantwortung\/","name":"Soziale Verantwortung - GenMax Gro\u00dfhandel","isPartOf":{"@id":"https:\/\/www.generalmaximus.ch\/de\/#website"},"primaryImageOfPage":{"@id":"https:\/\/www.generalmaximus.ch\/de\/soziale-verantwortung\/#primaryimage"},"image":{"@id":"https:\/\/www.generalmaximus.ch\/de\/soziale-verantwortung\/#primaryimage"},"thumbnailUrl":"https:\/\/www.generalmaximus.ch\/wp-content\/uploads\/2022\/12\/Stop_animal_abuse_Gen_Max-300x200.jpg","datePublished":"2022-12-02T11:48:32+00:00","dateModified":"2022-12-20T01:49:37+00:00","breadcrumb":{"@id":"https:\/\/www.generalmaximus.ch\/de\/soziale-verantwortung\/#breadcrumb"},"inLanguage":"de","potentialAction":[{"@type":"ReadAction","target":["https:\/\/www.generalmaximus.ch\/de\/soziale-verantwortung\/"]}]},{"@type":"ImageObject","inLanguage":"de","@id":"https:\/\/www.generalmaximus.ch\/de\/soziale-verantwortung\/#primaryimage","url":"https:\/\/www.generalmaximus.ch\/wp-content\/uploads\/2022\/12\/Stop_animal_abuse_Gen_Max-300x200.jpg","contentUrl":"https:\/\/www.generalmaximus.ch\/wp-content\/uploads\/2022\/12\/Stop_animal_abuse_Gen_Max-300x200.jpg"},{"@type":"BreadcrumbList","@id":"https:\/\/www.generalmaximus.ch\/de\/soziale-verantwortung\/#breadcrumb","itemListElement":[{"@type":"ListItem","position":1,"name":"Home","item":"https:\/\/www.generalmaximus.ch\/de\/"},{"@type":"ListItem","position":2,"name":"Soziale Verantwortung"}]},{"@type":"WebSite","@id":"https:\/\/www.generalmaximus.ch\/de\/#website","url":"https:\/\/www.generalmaximus.ch\/de\/","name":"GenMax Gro\u00dfhandel","description":"","publisher":{"@id":"https:\/\/www.generalmaximus.ch\/de\/#organization"},"alternateName":"General Maximus Pet Products","potentialAction":[{"@type":"SearchAction","target":{"@type":"EntryPoint","urlTemplate":"https:\/\/www.generalmaximus.ch\/de\/?s={search_term_string}"},"query-input":{"@type":"PropertyValueSpecification","valueRequired":true,"valueName":"search_term_string"}}],"inLanguage":"de"},{"@type":"Organization","@id":"https:\/\/www.generalmaximus.ch\/de\/#organization","name":"GenMax Pet Products","alternateName":"General Maximus Pet Products","url":"https:\/\/www.generalmaximus.ch\/de\/","logo":{"@type":"ImageObject","inLanguage":"de","@id":"https:\/\/www.generalmaximus.ch\/de\/#\/schema\/logo\/image\/","url":"https:\/\/www.generalmaximus.ch\/wp-content\/uploads\/2022\/12\/Pet_Products_Icon_512pix.png","contentUrl":"https:\/\/www.generalmaximus.ch\/wp-content\/uploads\/2022\/12\/Pet_Products_Icon_512pix.png","width":512,"height":512,"caption":"GenMax Pet Products"},"image":{"@id":"https:\/\/www.generalmaximus.ch\/de\/#\/schema\/logo\/image\/"},"sameAs":["https:\/\/www.facebook.com\/genmax.ch","https:\/\/www.instagram\/genmax.ch","https:\/\/www.linkedin.com\/company\/85862297"]}]}},"_links":{"self":[{"href":"https:\/\/www.generalmaximus.ch\/de\/wp-json\/wp\/v2\/pages\/741","targetHints":{"allow":["GET"]}}],"collection":[{"href":"https:\/\/www.generalmaximus.ch\/de\/wp-json\/wp\/v2\/pages"}],"about":[{"href":"https:\/\/www.generalmaximus.ch\/de\/wp-json\/wp\/v2\/types\/page"}],"author":[{"embeddable":true,"href":"https:\/\/www.generalmaximus.ch\/de\/wp-json\/wp\/v2\/users\/5"}],"replies":[{"embeddable":true,"href":"https:\/\/www.generalmaximus.ch\/de\/wp-json\/wp\/v2\/comments?post=741"}],"version-history":[{"count":4,"href":"https:\/\/www.generalmaximus.ch\/de\/wp-json\/wp\/v2\/pages\/741\/revisions"}],"predecessor-version":[{"id":851,"href":"https:\/\/www.generalmaximus.ch\/de\/wp-json\/wp\/v2\/pages\/741\/revisions\/851"}],"wp:attachment":[{"href":"https:\/\/www.generalmaximus.ch\/de\/wp-json\/wp\/v2\/media?parent=741"}],"curies":[{"name":"wp","href":"https:\/\/api.w.org\/{rel}","templated":true}]}}