{"id":1083,"date":"2023-02-16T12:33:15","date_gmt":"2023-02-16T12:33:15","guid":{"rendered":"https:\/\/www.generalmaximus.ch\/deballage-du-genmax-pillow\/"},"modified":"2025-06-27T17:43:56","modified_gmt":"2025-06-27T17:43:56","slug":"deballage-du-genmax-premium-dog-bed","status":"publish","type":"page","link":"https:\/\/www.generalmaximus.ch\/fr\/deballage-du-genmax-premium-dog-bed\/","title":{"rendered":"D\u00e9ballage du GenMax Premium"},"content":{"rendered":"\r\n\r\n\r\n\r\n\r\n\r\n\r\n<h2>D\u00e9ballage du GenMax Premium Dog Bed<\/h2>\r\n\r\n\r\n\r\n\r\n\r\n\r\n\r\n<h4>Un guide pour recevoir et d\u00e9baller le MaxBed Premium Dog Bed<\/h4>\r\n<p>&nbsp;<\/p>\r\n<p>J&rsquo;ai demand\u00e9 \u00e0 mes amis Anastia et Jesse de m&rsquo;aider afin que je puisse vous montrer comment les lits sont re\u00e7us. Pour cette d\u00e9monstration, Anastia aidera Jesse avec son tout nouveau lit.<\/p>\r\n<p><strong>\u00a0<\/strong><\/p>\r\n<p><img decoding=\"async\" class=\"alignleft\" src=\"https:\/\/www.generalmaximus.ch\/wp-content\/uploads\/2023\/02\/MaxBed-Pillow_Box_unwrap-1.jpg\" alt=\"\" \/><strong>\u00c9tape 1 : Le lit arrive<\/strong><\/p>\r\n<p><br \/>Le MaxBed Premium Dog Bed est emball\u00e9 dans son propre carton de marque unique lors de la commande en Suisse et dans un carton Amazon lors de la commande sur Amazon. <br \/><br \/>Les lits sont emball\u00e9s sous vide puis \u00e9galement roul\u00e9s sous pression afin de les garder s\u00fbrs, secs et propres pendant le transport. Cela rend \u00e9galement l&#8217;emballage moins volumineux, ce qui permet un co\u00fbt final inf\u00e9rieur en raison des co\u00fbts de transport inf\u00e9rieurs. Cela signifie que vous b\u00e9n\u00e9ficiez \u00e0 la fin. <br \/><br \/>Placez la bo\u00eete sur une surface s\u00e8che et plane.<br \/><br \/><br \/><br \/><br \/><\/p>\r\n\r\n\r\n\r\n<p><strong>\u00c9tape 2 : Sortez le lit de sa bo\u00eete et retirez-le de l&#8217;emballage int\u00e9rieur transparent<\/strong><\/p>\r\n<p><img decoding=\"async\" class=\"alignright\" src=\"https:\/\/www.generalmaximus.ch\/wp-content\/uploads\/2023\/02\/MaxBed-Pillow_remove_from_box.jpg\" alt=\"\" \/><\/p>\r\n<p><br \/>Vous pouvez simplement couper le carton ouvert tout en vous assurant de ne pas couper le contenu lui-m\u00eame.<br \/><br \/>Le contenu int\u00e9rieur est emball\u00e9 assez \u00e9troitement \u00e0 l&rsquo;aide d&rsquo;une machine \u00e0 pression et \u00e9galement d&rsquo;une machine \u00e0 vide.<\/p>\r\n<p>&nbsp;<\/p>\r\n<p>Extraire l&#8217;emballage int\u00e9rieur transparent. \u00c0 l&rsquo;int\u00e9rieur, vous trouverez les \u00e9l\u00e9ments suivants : <br \/><br \/>1. Le lit emball\u00e9 et roul\u00e9,<br \/>2. Un petit encart conseil notant que le lit est enroul\u00e9 sous pression,<br \/>3. Un encart au format A4 avec des informations sur votre nouveau lit et<br \/>4. Une carte d&rsquo;urgence gratuite en PVC de la taille d&rsquo;un portefeuille &#8211; un petit cadeau pour vous remercier de votre achat !<\/p>\r\n\r\n\r\n\r\n<p>\u00a0<strong>\u00a0<\/strong><\/p>\r\n<p><img decoding=\"async\" class=\"alignleft\" src=\"https:\/\/www.generalmaximus.ch\/wp-content\/uploads\/2023\/02\/MaxBed-Pillow_remove_from_sleeve.jpg\" alt=\"\" \/><strong>\u00c9tape 3 : Retirez le lit de l&#8217;emballage transparent<\/strong><\/p>\r\n<p><img decoding=\"async\" class=\"alignright\" src=\"https:\/\/www.generalmaximus.ch\/wp-content\/uploads\/2023\/02\/MaxBed-Pillow_remove_unroll.jpg\" alt=\"\" \/><\/p>\r\n<p><br \/>Retirez d\u00e9licatement le lit de l&#8217;emballage transparent. Veillez \u00e0 ne pas couper la couche suivante d&#8217;emballage. <br \/><br \/>Une fois que vous avez retir\u00e9 l&#8217;emballage, vous verrez que le lit est dans un emballage sous vide. Coupez soigneusement le ruban adh\u00e9sif qui maintient ce paquet dans un cylindre pour permettre au cylindre de se d\u00e9rouler. <br \/><br \/>Votre lit ressemblera maintenant \u00e0 un paquet rectangulaire tr\u00e8s plat comme dans l&rsquo;image de droite.<\/p>\r\n\r\n\r\n\r\n<p>&nbsp;<\/p>\r\n<p><strong>\u00c9tape 4 : Retirez le lit de l&#8217;emballage sous vide et \u00ab gonflez-le !<\/strong><img decoding=\"async\" class=\"alignright\" src=\"https:\/\/www.generalmaximus.ch\/wp-content\/uploads\/2023\/02\/MaxBed-Pillow_remove_shake.jpg\" alt=\"\" \/><\/p>\r\n<p>&nbsp;<\/p>\r\n<p>Le lit aura l&rsquo;air assez plat et aura des plis d&#8217;emballage car il a \u00e9t\u00e9 emball\u00e9 pour le transport. Il a d&rsquo;abord \u00e9t\u00e9 mis sous pression puis emball\u00e9 sous vide. <br \/><br \/>Soulevez le lit et secouez-le vigoureusement, en faisant gonfler le contenu de l&rsquo;oreiller jusqu&rsquo;\u00e0 ce que vous puissiez voir qu&rsquo;il prend du volume. Plus vous le secouez, plus vite il prendra du volume. <em><strong><br \/><br \/>Question :<\/strong> Combien de temps mon lit prendra-t-il pour atteindre sa taille maximale ?<u><br \/>R\u00e9ponse :<\/u>Cela peut prendre entre 1 et 2 jours selon l&rsquo;utilisation. Il est sugg\u00e9r\u00e9 de quitter le lit pendant au moins un jour avant utilisation. <\/em><\/p>\r\n<p>&nbsp;<\/p>\r\n\r\n\r\n\r\n<p><strong>\u00c9tape 5 : Votre lit est pr\u00eat \u00e0 l&#8217;emploi !<\/strong><br \/><br \/>M\u00eame s&rsquo;il est recommand\u00e9 d&rsquo;attendre un jour avant d&rsquo;utiliser le lit, si vous le souhaitez, vous pouvez l&rsquo;utiliser imm\u00e9diatement. Consid\u00e9rez simplement qu&rsquo;il aura l&rsquo;air un peu plus fin car il n&rsquo;aura pas encore atteint son plein volume. <br \/><br \/>En dehors de cela, vous remarquerez que, comme tout mat\u00e9riau emball\u00e9 sous pression et sous vide, le lit pr\u00e9sentera des plis d&#8217;emballage sur le mat\u00e9riau. Ces plis dispara\u00eetront lentement au fur et \u00e0 mesure que votre chien utilisera le lit. Les mat\u00e9riaux utilis\u00e9s dans le lit sont robustes et durables et ainsi les plis dispara\u00eetront presque totalement apr\u00e8s 2 \u00e0 4 jours et compl\u00e8tement en quelques semaines. <br \/><br \/>Ce qui pr\u00e9c\u00e8de est illustr\u00e9 par Jesse \u00e0 gauche de ce texte.<br \/><br \/>Si vous souhaitez retirer ces plis d&#8217;emballage (inutiles) \u00e0 un rythme plus rapide, nous vous recommandons d&rsquo;utiliser la vapeur ou la chaleur s\u00e8che comme suit :<\/p>\r\n\r\n\r\n\r\n<p style=\"text-align: center;\"><strong>1. Utiliser la Vapeur : depuis une simple douche ou votre d\u00e9froisseur<\/strong><\/p>\r\n\r\n\r\n\r\n<p>Pour utiliser une douche :<br \/><br \/>un. Nettoyez le capot sup\u00e9rieur si le lit a \u00e9t\u00e9 utilis\u00e9. <\/p>\r\n<p>b. Placez le lit sur une \u00e9tag\u00e8re, une \u00e9tag\u00e8re, un si\u00e8ge ou un cintre \u00e0 l&rsquo;int\u00e9rieur d&rsquo;une douche.<\/p>\r\n<p>c. Positionnez la pomme de douche de mani\u00e8re \u00e0 ce qu&rsquo;elle ne pointe pas directement vers le lit. Le lit ne doit pas \u00eatre sous le jet d&rsquo;eau.<\/p>\r\n<p>d. Tournez l&rsquo;eau chaude \u00e0 fond dans la douche et fermez le rideau de douche ou la porte. Attendez au moins 10 minutes.<\/p>\r\n<p>e. Ouvrez l\u00e9g\u00e8rement le rideau de douche ou la porte et fermez la douche.<\/p>\r\n<p>f.\u00a0 Posez le lit sur une surface plane et lissez les plis avec un chiffon si n\u00e9cessaire.<br \/><br \/>Pour utiliser un cuiseur vapeur :<br \/><br \/>un. Nettoyez le capot sup\u00e9rieur si le mauvais a \u00e9t\u00e9 utilis\u00e9. <br \/>b. Placez le lit sur une surface plane. <br \/>c. Utilisez votre bateau \u00e0 vapeur et lorsque la couche sup\u00e9rieure est chaude et plus douce, utilisez un chiffon pour lisser les plis. <br \/>d. R\u00e9p\u00e9tez si n\u00e9cessaire.<\/p>\r\n\r\n\r\n\r\n<p style=\"text-align: center;\"><strong>2. Utiliser la chaleur s\u00e8che : votre s\u00e8che-cheveux<\/strong><\/p>\r\n\r\n\r\n\r\n<p>un. Si le lit a \u00e9t\u00e9 utilis\u00e9 : Nettoyez le capot sup\u00e9rieur.<\/p>\r\n<p>b. Posez le lit sur une surface plane. Branchez votre s\u00e8che-cheveux.<\/p>\r\n<p>c. Tenez le s\u00e8che-cheveux \u00e0 10 cm ou plus du couvercle sup\u00e9rieur, tournez-le sur le r\u00e9glage chaud ou \u00e9lev\u00e9.<\/p>\r\n<p>d. Balayez-le lentement d&rsquo;un c\u00f4t\u00e9 \u00e0 l&rsquo;autre de la surface jusqu&rsquo;\u00e0 ce que la couverture soit chaude et plus douce et que les plis se r\u00e9duisent visuellement.<\/p>\r\n<p>e. Posez le lit sur une surface plane et lissez les plis avec un chiffon si n\u00e9cessaire. <br \/><br \/>Ce qui pr\u00e9c\u00e8de n&rsquo;est n\u00e9cessaire que si vous avez vraiment vraiment besoin d&rsquo;acc\u00e9l\u00e9rer les choses, mais ce n&rsquo;est vraiment pas n\u00e9cessaire !<\/p>\r\n\r\n\r\n\r\n<p><strong>\u00c9tape 6 : Profitez de votre lit !<\/strong><br \/><br \/>Il est temps de profiter de votre super MaxBed ! <span style=\"text-align: center;\">Votre cliente sera aussi heureuse qu&rsquo;elle. C&rsquo;est garanti !<u><br \/><br \/>ATTENTION :<\/u>Le lit sur lequel Jesse est assis a \u00e9t\u00e9 ouvert 2 heures avant la prise de cette photo, il va encore s&rsquo;agrandir consid\u00e9rablement. <\/span><\/p>\r\n<p style=\"text-align: center;\">\u00a0<\/p>\r\n<p style=\"text-align: center;\"><strong>Et c\u2019est \u00e7a! Un autre client heureux! Allez-y, c\u2019est votre tour maintenant! <br \/><br \/><\/strong><img decoding=\"async\" src=\"https:\/\/www.generalmaximus.ch\/wp-content\/uploads\/2023\/02\/MaxBed-Pillow_Jesse_Final.jpg\" \/><\/p>\r\n","protected":false},"excerpt":{"rendered":"","protected":false},"author":5,"featured_media":0,"parent":0,"menu_order":0,"comment_status":"closed","ping_status":"closed","template":"","meta":{"pagelayer_contact_templates":[],"_pagelayer_content":"","footnotes":""},"class_list":["post-1083","page","type-page","status-publish","hentry"],"yoast_head":"<!-- This site is optimized with the Yoast SEO Premium plugin v20.10 (Yoast SEO v27.6) - https:\/\/yoast.com\/product\/yoast-seo-premium-wordpress\/ -->\n<title>D\u00e9ballage du GenMax Premium - GenMax de gros<\/title>\n<meta name=\"robots\" content=\"index, follow, max-snippet:-1, max-image-preview:large, max-video-preview:-1\" \/>\n<link rel=\"canonical\" href=\"https:\/\/www.generalmaximus.ch\/fr\/deballage-du-genmax-premium-dog-bed\/\" \/>\n<meta property=\"og:locale\" content=\"fr_FR\" \/>\n<meta property=\"og:type\" content=\"article\" \/>\n<meta property=\"og:title\" content=\"D\u00e9ballage du GenMax Premium\" \/>\n<meta property=\"og:url\" content=\"https:\/\/www.generalmaximus.ch\/fr\/deballage-du-genmax-premium-dog-bed\/\" \/>\n<meta property=\"og:site_name\" content=\"GenMax de gros\" \/>\n<meta property=\"article:publisher\" content=\"https:\/\/www.facebook.com\/genmax.ch\" \/>\n<meta property=\"article:modified_time\" content=\"2025-06-27T17:43:56+00:00\" \/>\n<meta property=\"og:image\" content=\"https:\/\/www.generalmaximus.ch\/wp-content\/uploads\/2023\/02\/MaxBed-Pillow_Box_unwrap-1.jpg\" \/>\n<script type=\"application\/ld+json\" class=\"yoast-schema-graph\">{\"@context\":\"https:\\\/\\\/schema.org\",\"@graph\":[{\"@type\":\"WebPage\",\"@id\":\"https:\\\/\\\/www.generalmaximus.ch\\\/fr\\\/deballage-du-genmax-premium-dog-bed\\\/\",\"url\":\"https:\\\/\\\/www.generalmaximus.ch\\\/fr\\\/deballage-du-genmax-premium-dog-bed\\\/\",\"name\":\"D\u00e9ballage du GenMax Premium - GenMax de gros\",\"isPartOf\":{\"@id\":\"https:\\\/\\\/www.generalmaximus.ch\\\/fr\\\/#website\"},\"primaryImageOfPage\":{\"@id\":\"https:\\\/\\\/www.generalmaximus.ch\\\/fr\\\/deballage-du-genmax-premium-dog-bed\\\/#primaryimage\"},\"image\":{\"@id\":\"https:\\\/\\\/www.generalmaximus.ch\\\/fr\\\/deballage-du-genmax-premium-dog-bed\\\/#primaryimage\"},\"thumbnailUrl\":\"https:\\\/\\\/www.generalmaximus.ch\\\/wp-content\\\/uploads\\\/2023\\\/02\\\/MaxBed-Pillow_Box_unwrap-1.jpg\",\"datePublished\":\"2023-02-16T12:33:15+00:00\",\"dateModified\":\"2025-06-27T17:43:56+00:00\",\"breadcrumb\":{\"@id\":\"https:\\\/\\\/www.generalmaximus.ch\\\/fr\\\/deballage-du-genmax-premium-dog-bed\\\/#breadcrumb\"},\"inLanguage\":\"fr-FR\",\"potentialAction\":[{\"@type\":\"ReadAction\",\"target\":[\"https:\\\/\\\/www.generalmaximus.ch\\\/fr\\\/deballage-du-genmax-premium-dog-bed\\\/\"]}]},{\"@type\":\"ImageObject\",\"inLanguage\":\"fr-FR\",\"@id\":\"https:\\\/\\\/www.generalmaximus.ch\\\/fr\\\/deballage-du-genmax-premium-dog-bed\\\/#primaryimage\",\"url\":\"https:\\\/\\\/www.generalmaximus.ch\\\/wp-content\\\/uploads\\\/2023\\\/02\\\/MaxBed-Pillow_Box_unwrap-1.jpg\",\"contentUrl\":\"https:\\\/\\\/www.generalmaximus.ch\\\/wp-content\\\/uploads\\\/2023\\\/02\\\/MaxBed-Pillow_Box_unwrap-1.jpg\"},{\"@type\":\"BreadcrumbList\",\"@id\":\"https:\\\/\\\/www.generalmaximus.ch\\\/fr\\\/deballage-du-genmax-premium-dog-bed\\\/#breadcrumb\",\"itemListElement\":[{\"@type\":\"ListItem\",\"position\":1,\"name\":\"Home\",\"item\":\"https:\\\/\\\/www.generalmaximus.ch\\\/fr\\\/\"},{\"@type\":\"ListItem\",\"position\":2,\"name\":\"D\u00e9ballage du GenMax Premium\"}]},{\"@type\":\"WebSite\",\"@id\":\"https:\\\/\\\/www.generalmaximus.ch\\\/fr\\\/#website\",\"url\":\"https:\\\/\\\/www.generalmaximus.ch\\\/fr\\\/\",\"name\":\"GenMax de gros\",\"description\":\"\",\"publisher\":{\"@id\":\"https:\\\/\\\/www.generalmaximus.ch\\\/fr\\\/#organization\"},\"alternateName\":\"General Maximus Pet Products\",\"potentialAction\":[{\"@type\":\"SearchAction\",\"target\":{\"@type\":\"EntryPoint\",\"urlTemplate\":\"https:\\\/\\\/www.generalmaximus.ch\\\/fr\\\/?s={search_term_string}\"},\"query-input\":{\"@type\":\"PropertyValueSpecification\",\"valueRequired\":true,\"valueName\":\"search_term_string\"}}],\"inLanguage\":\"fr-FR\"},{\"@type\":\"Organization\",\"@id\":\"https:\\\/\\\/www.generalmaximus.ch\\\/fr\\\/#organization\",\"name\":\"GenMax Pet Products\",\"alternateName\":\"General Maximus Pet Products\",\"url\":\"https:\\\/\\\/www.generalmaximus.ch\\\/fr\\\/\",\"logo\":{\"@type\":\"ImageObject\",\"inLanguage\":\"fr-FR\",\"@id\":\"https:\\\/\\\/www.generalmaximus.ch\\\/fr\\\/#\\\/schema\\\/logo\\\/image\\\/\",\"url\":\"https:\\\/\\\/www.generalmaximus.ch\\\/wp-content\\\/uploads\\\/2022\\\/12\\\/Pet_Products_Icon_512pix.png\",\"contentUrl\":\"https:\\\/\\\/www.generalmaximus.ch\\\/wp-content\\\/uploads\\\/2022\\\/12\\\/Pet_Products_Icon_512pix.png\",\"width\":512,\"height\":512,\"caption\":\"GenMax Pet Products\"},\"image\":{\"@id\":\"https:\\\/\\\/www.generalmaximus.ch\\\/fr\\\/#\\\/schema\\\/logo\\\/image\\\/\"},\"sameAs\":[\"https:\\\/\\\/www.facebook.com\\\/genmax.ch\",\"https:\\\/\\\/www.instagram\\\/genmax.ch\",\"https:\\\/\\\/www.linkedin.com\\\/company\\\/85862297\"]}]}<\/script>\n<!-- \/ Yoast SEO Premium plugin. -->","yoast_head_json":{"title":"D\u00e9ballage du GenMax Premium - GenMax de gros","robots":{"index":"index","follow":"follow","max-snippet":"max-snippet:-1","max-image-preview":"max-image-preview:large","max-video-preview":"max-video-preview:-1"},"canonical":"https:\/\/www.generalmaximus.ch\/fr\/deballage-du-genmax-premium-dog-bed\/","og_locale":"fr_FR","og_type":"article","og_title":"D\u00e9ballage du GenMax Premium","og_url":"https:\/\/www.generalmaximus.ch\/fr\/deballage-du-genmax-premium-dog-bed\/","og_site_name":"GenMax de gros","article_publisher":"https:\/\/www.facebook.com\/genmax.ch","article_modified_time":"2025-06-27T17:43:56+00:00","og_image":[{"url":"https:\/\/www.generalmaximus.ch\/wp-content\/uploads\/2023\/02\/MaxBed-Pillow_Box_unwrap-1.jpg","type":"","width":"","height":""}],"schema":{"@context":"https:\/\/schema.org","@graph":[{"@type":"WebPage","@id":"https:\/\/www.generalmaximus.ch\/fr\/deballage-du-genmax-premium-dog-bed\/","url":"https:\/\/www.generalmaximus.ch\/fr\/deballage-du-genmax-premium-dog-bed\/","name":"D\u00e9ballage du GenMax Premium - GenMax de gros","isPartOf":{"@id":"https:\/\/www.generalmaximus.ch\/fr\/#website"},"primaryImageOfPage":{"@id":"https:\/\/www.generalmaximus.ch\/fr\/deballage-du-genmax-premium-dog-bed\/#primaryimage"},"image":{"@id":"https:\/\/www.generalmaximus.ch\/fr\/deballage-du-genmax-premium-dog-bed\/#primaryimage"},"thumbnailUrl":"https:\/\/www.generalmaximus.ch\/wp-content\/uploads\/2023\/02\/MaxBed-Pillow_Box_unwrap-1.jpg","datePublished":"2023-02-16T12:33:15+00:00","dateModified":"2025-06-27T17:43:56+00:00","breadcrumb":{"@id":"https:\/\/www.generalmaximus.ch\/fr\/deballage-du-genmax-premium-dog-bed\/#breadcrumb"},"inLanguage":"fr-FR","potentialAction":[{"@type":"ReadAction","target":["https:\/\/www.generalmaximus.ch\/fr\/deballage-du-genmax-premium-dog-bed\/"]}]},{"@type":"ImageObject","inLanguage":"fr-FR","@id":"https:\/\/www.generalmaximus.ch\/fr\/deballage-du-genmax-premium-dog-bed\/#primaryimage","url":"https:\/\/www.generalmaximus.ch\/wp-content\/uploads\/2023\/02\/MaxBed-Pillow_Box_unwrap-1.jpg","contentUrl":"https:\/\/www.generalmaximus.ch\/wp-content\/uploads\/2023\/02\/MaxBed-Pillow_Box_unwrap-1.jpg"},{"@type":"BreadcrumbList","@id":"https:\/\/www.generalmaximus.ch\/fr\/deballage-du-genmax-premium-dog-bed\/#breadcrumb","itemListElement":[{"@type":"ListItem","position":1,"name":"Home","item":"https:\/\/www.generalmaximus.ch\/fr\/"},{"@type":"ListItem","position":2,"name":"D\u00e9ballage du GenMax Premium"}]},{"@type":"WebSite","@id":"https:\/\/www.generalmaximus.ch\/fr\/#website","url":"https:\/\/www.generalmaximus.ch\/fr\/","name":"GenMax de gros","description":"","publisher":{"@id":"https:\/\/www.generalmaximus.ch\/fr\/#organization"},"alternateName":"General Maximus Pet Products","potentialAction":[{"@type":"SearchAction","target":{"@type":"EntryPoint","urlTemplate":"https:\/\/www.generalmaximus.ch\/fr\/?s={search_term_string}"},"query-input":{"@type":"PropertyValueSpecification","valueRequired":true,"valueName":"search_term_string"}}],"inLanguage":"fr-FR"},{"@type":"Organization","@id":"https:\/\/www.generalmaximus.ch\/fr\/#organization","name":"GenMax Pet Products","alternateName":"General Maximus Pet Products","url":"https:\/\/www.generalmaximus.ch\/fr\/","logo":{"@type":"ImageObject","inLanguage":"fr-FR","@id":"https:\/\/www.generalmaximus.ch\/fr\/#\/schema\/logo\/image\/","url":"https:\/\/www.generalmaximus.ch\/wp-content\/uploads\/2022\/12\/Pet_Products_Icon_512pix.png","contentUrl":"https:\/\/www.generalmaximus.ch\/wp-content\/uploads\/2022\/12\/Pet_Products_Icon_512pix.png","width":512,"height":512,"caption":"GenMax Pet Products"},"image":{"@id":"https:\/\/www.generalmaximus.ch\/fr\/#\/schema\/logo\/image\/"},"sameAs":["https:\/\/www.facebook.com\/genmax.ch","https:\/\/www.instagram\/genmax.ch","https:\/\/www.linkedin.com\/company\/85862297"]}]}},"_links":{"self":[{"href":"https:\/\/www.generalmaximus.ch\/fr\/wp-json\/wp\/v2\/pages\/1083","targetHints":{"allow":["GET"]}}],"collection":[{"href":"https:\/\/www.generalmaximus.ch\/fr\/wp-json\/wp\/v2\/pages"}],"about":[{"href":"https:\/\/www.generalmaximus.ch\/fr\/wp-json\/wp\/v2\/types\/page"}],"author":[{"embeddable":true,"href":"https:\/\/www.generalmaximus.ch\/fr\/wp-json\/wp\/v2\/users\/5"}],"replies":[{"embeddable":true,"href":"https:\/\/www.generalmaximus.ch\/fr\/wp-json\/wp\/v2\/comments?post=1083"}],"version-history":[{"count":3,"href":"https:\/\/www.generalmaximus.ch\/fr\/wp-json\/wp\/v2\/pages\/1083\/revisions"}],"predecessor-version":[{"id":2055,"href":"https:\/\/www.generalmaximus.ch\/fr\/wp-json\/wp\/v2\/pages\/1083\/revisions\/2055"}],"wp:attachment":[{"href":"https:\/\/www.generalmaximus.ch\/fr\/wp-json\/wp\/v2\/media?parent=1083"}],"curies":[{"name":"wp","href":"https:\/\/api.w.org\/{rel}","templated":true}]}}