{"id":1165,"date":"2023-03-27T12:46:52","date_gmt":"2023-03-27T12:46:52","guid":{"rendered":"https:\/\/www.generalmaximus.ch\/ou-acheter\/"},"modified":"2026-01-03T22:38:04","modified_gmt":"2026-01-03T22:38:04","slug":"ou-acheter","status":"publish","type":"page","link":"https:\/\/www.generalmaximus.ch\/fr\/ou-acheter\/","title":{"rendered":"O\u00f9 acheter ?"},"content":{"rendered":"\r\n\r\n\r\n\r\n\r\n\r\n\r\n\r\n\r\n\r\n\r\n<h2>O\u00f9 puis-je acheter les produits GenMax ?<\/h2>\r\n\r\n\r\n\r\n\r\n\r\n\r\n\r\n\r\n\r\n\r\n\r\n\r\n\r\n<h6>Suisse:<\/h6>\r\n\r\n\r\n\r\n\r\n\r\n\r\n\r\n\r\n\r\n\r\n\r\n\r\n\r\n\r\n\r\n\r\n\r\n\r\n\r\n\r\n\r\n<p><b>Zoo Widmer<\/b><\/p>\r\n\r\n\r\n\r\n<p>Depuis plus de 32 ans, Zoo Widmer propose aux propri\u00e9taires d&rsquo;animaux de compagnie les meilleurs produits pour animaux de compagnie ainsi que des conseils professionnels. D\u00e9sormais, ils vous proposent \u00e9galement le MaxBed.<\/p>\r\n\r\n\r\n\r\n<p>Visitez Zoo Widmer ici : <a href=\"https:\/\/zoo-widmer.ch\/\" target=\"_blank\" rel=\"noopener\"><strong>Zoo Widmer<\/strong><\/a><\/p>\r\n\r\n\r\n\r\n\r\n\r\n\r\n\r\n\r\n\r\n\r\n\r\n\r\n\r\n\r\n\r\n\r\n\r\n<p><b>dogandcat<\/b><\/p>\r\n\r\n\r\n\r\n<p>K\u00fcnzli dogandcat est bas\u00e9 \u00e0 Saint-Gall et poss\u00e8de une magnifique boutique en ligne pour les produits pour chiens et chats.<\/p>\r\n\r\n\r\n\r\n<p>Visitez la boutique ici : <strong><a href=\"https:\/\/dogandcat.one\/\" target=\"_blank\" rel=\"noopener\">Acc\u00e9dez \u00e0 la boutique dogandcat<\/a><\/strong><\/p>\r\n\r\n\r\n\r\n\r\n\r\n\r\n\r\n\r\n\r\n\r\n\r\n\r\n\r\n\r\n\r\n\r\n\r\n<p><strong>Saphary<\/strong><\/p>\r\n\r\n\r\n\r\n<p>Bas\u00e9 \u00e0 Rovio avec livraison gratuite dans toute la Suisse. Saphary propose le MaxBed.<\/p>\r\n\r\n\r\n\r\n<p>Visitez la boutique ici: <strong><a href=\"\\&quot;https:\/\/store96890283.company.site\/\\&quot;\" target=\"_blank\" rel=\"noopener\">Saphary<\/a><\/strong><\/p>\r\n\r\n\r\n\r\n\r\n\r\n\r\n\r\n\r\n\r\n\r\n\r\n\r\n\r\n\r\n\r\n\r\n\r\n<p><strong>Woofbox GmbH<\/strong><\/p>\r\n\r\n\r\n\r\n<p>Dans la boutique Woofbox, vous trouverez d\\&rsquo;excellents articles pour votre ami \u00e0 quatre pattes ou vous pourrez facilement et commod\u00e9ment commander \u00e0 nouveau des produits des Woofbox pr\u00e9c\u00e9dentes. Livraison gratuite en Suisse pour le MaxBed.<\/p>\r\n\r\n\r\n\r\n<p>Visitez la boutique ici : <a href=\"\\&quot;https:\/\/www.woofbox.ch\/shop\/hundekissen-von-general-maximus.html\\&quot;\" target=\"_blank\" rel=\"noopener\"><strong>Acc\u00e9dez \u00e0 la boutique Woofbox<\/strong><\/a><\/p>\r\n\r\n\r\n\r\n\r\n\r\n\r\n\r\n\r\n\r\n\r\n\r\n\r\n\r\n\r\n\r\n\r\n\r\n<p><b>Hundeschule Hugo Schwitter<\/b><\/p>\r\n\r\n\r\n\r\n<p>Une nouvelle boutique en ligne en Suisse par Roman Gloor. Pfoten Punkt (Pfoten-punkt.ch) est actuellement en phase finale de lancement et l&rsquo;un de leurs produits sera le MaxBed.<\/p>\r\n\r\n\r\n\r\n<p>Visitez la boutique ici : <strong>\u00c0 venir.<\/strong><\/p>\r\n\r\n\r\n\r\n\r\n\r\n\r\n\r\n\r\n\r\n\r\n\r\n\r\n\r\n\r\n\r\n\r\n\r\n<p><b>Pfoten Punkt<\/b><\/p>\r\n\r\n\r\n\r\n<p>Irma&rsquo;s little Pet Shop propose le MaxBed ainsi que d\\&rsquo;autres produits pour animaux de compagnie de qualit\u00e9. Achetez en ligne et profitez de la livraison dans toute la Suisse.<\/p>\r\n\r\n\r\n\r\n<p>Visitez la boutique ici: <a href=\"\/\/www.littlepetshop.ch\/\\&quot;\" target=\"_blank\" rel=\"\\&quot;noopener\\&quot; noopener\"><strong>www.littlepetshop.ch<\/strong><\/a>\u00a0<\/p>\r\n\r\n\r\n\r\n\r\n\r\n\r\n\r\n\r\n\r\n\r\n\r\n\r\n\r\n\r\n\r\n\r\n\r\n<p><strong>GenMaxPets Magasin en ligne<\/strong><\/p>\r\n\r\n\r\n\r\n<p>Livraison gratuite en Suisse de vos produits GenMax pr\u00e9f\u00e9r\u00e9s. La boutique propose \u00e9galement d\\&rsquo;autres produits.<\/p>\r\n\r\n\r\n\r\n<p>Visitez la boutique ici : <a href=\"\\&quot;https:\/\/www.genmaxpets.shop\\&quot;\" target=\"_blank\" rel=\"noopener\"><strong>Aller \u00e0 GenMaxPets<\/strong><\/a><\/p>\r\n\r\n\r\n\r\n\r\n\r\n\r\n\r\n\r\n\r\n\r\n\r\n\r\n\r\n\r\n\r\n\r\n\r\n<p><strong>eBay Suisse<\/strong><\/p>\r\n\r\n\r\n\r\n<p>Le lit pour chien MaxBed-Pillow est vendu sur eBay en Suisse. Profitez de la livraison gratuite et de l\\&rsquo;absence de taxes transfrontali\u00e8res. Le MaxBed est exp\u00e9di\u00e9 de Turbenthal.<\/p>\r\n\r\n\r\n\r\n<p>Visitez eBay ici : <a href=\"\\&quot;https:\/\/www.ebay.ch\/itm\/295779578674?hash=item44ddd63332:g:jE4AAOSwu~lklxWs&amp;amdata=enc%3AAQAIAAAA8BXh9WhL8r8Tli3MSC4EUrgIilvYG8ZAZdrR3EoNffETb9z5WQQUua9v0mfhApgv4VPZp69euQhOMJpIGVWz%2FyG4M%2B8ycxAe6AzX1fQvvZssOxZXNao460PNbjbOIUockK5azyaol9ctE%2FR0qJ7z7yKL4RH2e6u0bV1UxyG%2FTU1Bo3HKT3qCmdBMyIVb42Gnm1YPDQhGL2Pm4pDi5GOgyFIy0VQaCZHRYNt5u4dU8FjnRB%2Fu4cT%2FHA2gWuFNcJEQexZh304B7wN6bGgXuQl1nvkPt4jMOxNcv7g91GwhZuXlw%2FCksAU1NRreA27s9W7pzw%3D%3D%7Ctkp%3ABk9SR76Y3aOeYg\\&quot;\" target=\"_blank\" rel=\"noopener\"><strong>Allez sur eBay<\/strong><\/a><\/p>\r\n\r\n\r\n\r\n\r\n\r\n\r\n\r\n\r\n\r\n\r\n\r\n\r\n\r\n\r\n\r\n\r\n\r\n<p><strong>Etsy Suisse<\/strong><\/p>\r\n\r\n\r\n\r\n<p>Le lit pour chien MaxBed-Pillow est vendu sur Etsy en Suisse et vous offre la livraison gratuite. Le MaxBed est exp\u00e9di\u00e9 de Turbenthal.<\/p>\r\n\r\n\r\n\r\n<p>Visitez Etsy ici : <strong><a href=\"\\&quot;https:\/\/www.etsy.com\/shop\/GenMaxPetProducts?ref=l2-about-shopname\\&quot;\" target=\"_blank\" rel=\"noopener\">Allez sur Etsy<\/a><\/strong><\/p>\r\n\r\n\r\n\r\n\r\n\r\n\r\n\r\n\r\n\r\n\r\n\r\n\r\n\r\n<h6>Allemagne :<\/h6>\r\n\r\n\r\n\r\n\r\n\r\n\r\n\r\n\r\n\r\n\r\n\r\n\r\n\r\n\r\n\r\n\r\n\r\n\r\n\r\n\r\n\r\n<p><span style=\"font-weight: bold; font-size: x-large;\">K-r-u-s-c-h.de<\/span><\/p>\r\n<h6>\u00a0<\/h6>\r\n\r\n\r\n\r\n<p>Propos\u00e9e par Markus Krusch, la boutique en ligne est bas\u00e9e en Allemagne et dessert \u00e0 la fois l&rsquo;Allemagne et l&rsquo;Europe. En plus d&rsquo;une liste de produits merveilleux, vous pouvez trouver le MaxBed sur K-r-u-s-c-h.de d\u00e8s maintenant.<\/p>\r\n\r\n\r\n\r\n<p>Visitez K-r-u-s-c-h.de ici : <a href=\"https:\/\/k-r-u-s-c-h.de\" target=\"_blank\" rel=\"noopener\"><strong>Allez sur K-r-u-s-c-h.de<\/strong><\/a>\u00a0<\/p>\r\n<h6>\u00a0<\/h6>\r\n\r\n\r\n\r\n\r\n\r\n\r\n\r\n\r\n\r\n\r\n\r\n\r\n\r\n\r\n\r\n\r\n\r\n<p><span style=\"font-size: x-large;\"><b>MALAbone (MALAgmbh)<\/b><\/span><\/p>\r\n<h6>\u00a0<\/h6>\r\n\r\n\r\n\r\n<p>En mettant l&rsquo;accent sur la sant\u00e9 des animaux de compagnie gr\u00e2ce \u00e0 son compl\u00e9ment innovant MALAbone, MALA GmbH vous propose d\u00e9sormais \u00e9galement le MaxBed. MALA est bas\u00e9e \u00e0 Laupheim, en Allemagne.<\/p>\r\n\r\n\r\n\r\n<p>Visitez MALAbone ici : <strong><a href=\"https:\/\/www.mala-gmbh.de\/\" target=\"_blank\" rel=\"noopener\">Allez sur MALAbone<\/a><\/strong>\u00a0<\/p>\r\n<h6>\u00a0<\/h6>\r\n\r\n\r\n\r\n\r\n\r\n\r\n\r\n\r\n\r\n\r\n\r\n\r\n\r\n<h6>Italie<strong>:<\/strong><\/h6>\r\n\r\n\r\n\r\n\r\n\r\n\r\n\r\n\r\n\r\n\r\n\r\n\r\n\r\n\r\n\r\n\r\n\r\n\r\n\r\n\r\n\r\n<p><strong>L&rsquo; Angolo Pet Shop<\/strong><\/p>\r\n<h6>\u00a0<\/h6>\r\n\r\n\r\n\r\n<p>L&rsquo;Angolo Pet Shop est situ\u00e9 dans L&rsquo;Angolo Della Casa, Frazione sant antonio 155\/3, Castellamonte, Italie. T\u00e9l. : +39 335 623 3063. E-mail : angolodellacasagarden@gmail.com<\/p>\r\n\r\n\r\n\r\n<p>Visitez L&rsquo;Angolo Pet Shop : <a href=\"https:\/\/www.facebook.com\/profile.php?id=100063124666272&amp;locale=zh_CN\" target=\"_blank\" rel=\"noopener\"><span style=\"font-weight: bold;\">sur Facebook<\/span><\/a>\u00a0<\/p>\r\n<h6>\u00a0<\/h6>\r\n\r\n\r\n\r\n\r\n\r\n\r\n\r\n\r\n\r\n\r\n\r\n\r\n\r\n\r\n\r\n\r\n\r\n<p><strong>MaxBed Italia &#8211; (\u00e0 venir)<\/strong><\/p>\r\n<h6>\r\n\r\n<\/h6>\r\n<p>Achetez le lit pour chien MaxBed-Pillow directement en Italie &#8211; bient\u00f4t disponible.<\/p>\r\n<h6>\r\n\r\n\r\n\r\n\r\n\r\n\r\n\r\n\r\n\r\n\r\n\r\n<\/h6>\r\n<h6>Europe &#8211; G\u00e9n\u00e9ralit\u00e9s en ligne :<\/h6>\r\n<h6>\r\n\r\n\r\n\r\n\r\n\r\n\r\n\r\n\r\n\r\n\r\n\r\n\r\n\r\n\r\n\r\n\r\n\r\n\r\n\r\n<\/h6>\r\n<p><strong>Amazon &#8211; L&rsquo;Europe<\/strong><\/p>\r\n<h6>\u00a0<\/h6>\r\n<h6>\r\n\r\n<\/h6>\r\n<p>Achetez le lit pour chien MaxBed-Pillow ici et b\u00e9n\u00e9ficiez d\\&rsquo;Amazon Prime : <strong><a href=\"\\&quot;https:\/\/www.amazon.de\/stores\/page\/5CCF0DEF-9F73-4FC7-AF71-7CE7AAF55320\\&quot;\" target=\"_blank\" rel=\"noopener\">allez sur Amazon<\/a><\/strong><\/p>\r\n<h6>\r\n\r\n\r\n\r\n\r\n\r\n\r\n\r\n\r\n\r\n\r\n\r\n\r\n\r\n\r\n\r\n<\/h6>\r\n<p><strong>Etsy<\/strong><\/p>\r\n<h6>\r\n\r\n<\/h6>\r\n<p>Le lit pour chien MaxBed-Pillow est vendu sur Etsy en Suisse et vous offre la livraison gratuite. Le MaxBed est exp\u00e9di\u00e9 de Turbenthal.<\/p>\r\n<h6>\r\n\r\n<\/h6>\r\n<p>Visitez Etsy ici : <strong><a href=\"\\&quot;https:\/\/www.etsy.com\/shop\/GenMaxPetProducts?ref=l2-about-shopname\\&quot;\" target=\"_blank\" rel=\"noopener\">Allez sur Etsy<\/a><\/strong><a href=\"\\&quot;https:\/\/www.etsy.com\/listing\/1501710254\/maxbed-pillow-dog-bed?click_key=a8fa6e7f4039b50f4de95b0b48b5fa2c00d9aeb8%3A1501710254&amp;click_sum=ea4c83ee&amp;ref=shop_home_active_1&amp;frs=1\\&quot;\">\u00a0<\/a><\/p>\r\n<h6>\r\n\r\n\r\n\r\n\r\n\r\n\r\n\r\n\r\n\r\n\r\n\r\n<\/h6>\r\n<h6><strong>International:<\/strong><\/h6>\r\n<h6>\r\n\r\n\r\n\r\n\r\n\r\n\r\n\r\n\r\n\r\n\r\n\r\n\r\n\r\n\r\n\r\n<\/h6>\r\n<p><strong>Etsy<\/strong><\/p>\r\n<h6>\r\n\r\n<\/h6>\r\n<p>Le lit pour chien MaxBed-Pillow est vendu sur Etsy en Suisse et vous offre la livraison gratuite. Le MaxBed est exp\u00e9di\u00e9 de Turbenthal.<\/p>\r\n<h6>\r\n\r\n<\/h6>\r\n<p>Visitez Etsy ici : <strong><a href=\"\\&quot;https:\/\/www.etsy.com\/shop\/GenMaxPetProducts?ref=l2-about-shopname\\&quot;\" target=\"_blank\" rel=\"noopener\">Allez sur Etsy<\/a><\/strong><\/p>\r\n<h6>\r\n\r\n\r\n\r\n\r\n\r\n\r\n\r\n\r\n\r\n\r\n\r\n\r\n\r\n\r\n\r\n<\/h6>\r\n<p><strong>Amazon FBA<\/strong><\/p>\r\n<h6>\r\n\r\n<\/h6>\r\n<p>Achetez le lit pour chien MaxBed-Pillow ici et b\u00e9n\u00e9ficiez d\\&rsquo;Amazon Prime : <strong><a href=\"\\&quot;https:\/\/www.amazon.de\/stores\/page\/5CCF0DEF-9F73-4FC7-AF71-7CE7AAF55320\\&quot;\" target=\"_blank\" rel=\"noopener\">allez sur Amazon<\/a><\/strong><\/p>\r\n<h6>\r\n\r\n\r\n\r\n\r\n\r\n\r\n\r\n\r\n\r\n\r\n\r\n\r\n\r\n\r\n\r\n<\/h6>\r\n<p>Les d\u00e9tails du produit MaxBed et les d\u00e9tails de fabrication peuvent \u00e9galement \u00eatre trouv\u00e9s \u00e0 :<\/p>\r\n<h6>\r\n\r\n<a href=\"www.gs1.org\">www.gs1.org<\/a> en utilisant le GTIN (EAN) 4170000074199. Le lit est fabriqu\u00e9 par Serra Enterprises et distribu\u00e9 sous le nom commercial General Maximus Pet Products ou GenMax Pet Products.\r\n\r\n<\/h6>\r\n<p>Pour toute question concernant l&rsquo;enregistrement de l&rsquo;entreprise, veuillez vous rendre sur\u00a0: <a href=\"https:\/\/zh.chregister.ch\/cr-portal\/auszug\/auszug.xhtml?uid=CHE-450.645.879\">Zefix (Serra Enterprises)<\/a><\/p>\r\n<h6>\r\n\r\n<\/h6>\r\n<p><a href=\"https: zh.chregister.ch=\">Serra Enterprises est enregistr\u00e9e en Suisse<\/a>,\u00a0<a href=\"https:\/\/www.generalmaximus.ch\/where-do-i-buy\/%20zh.chregister.ch=\">CH-020-1084181-9<\/a><\/p>\r\n<h6>\u00a0<\/h6>\r\n<h6>\r\n\r\n\r\n\r\n\r\n\r\n\r\n\r\n<\/h6>\r\n\r\n<p>&nbsp;<\/p>","protected":false},"excerpt":{"rendered":"<p>&nbsp;<\/p>\n","protected":false},"author":5,"featured_media":0,"parent":0,"menu_order":0,"comment_status":"closed","ping_status":"closed","template":"","meta":{"pagelayer_contact_templates":[],"_pagelayer_content":"","footnotes":""},"class_list":["post-1165","page","type-page","status-publish","hentry"],"yoast_head":"<!-- This site is optimized with the Yoast SEO Premium plugin v20.10 (Yoast SEO v27.6) - https:\/\/yoast.com\/product\/yoast-seo-premium-wordpress\/ -->\n<title>O\u00f9 acheter ? - GenMax de gros<\/title>\n<meta name=\"robots\" content=\"index, follow, max-snippet:-1, max-image-preview:large, max-video-preview:-1\" \/>\n<link rel=\"canonical\" href=\"https:\/\/www.generalmaximus.ch\/fr\/ou-acheter\/\" \/>\n<meta property=\"og:locale\" content=\"fr_FR\" \/>\n<meta property=\"og:type\" content=\"article\" \/>\n<meta property=\"og:title\" content=\"O\u00f9 acheter ?\" \/>\n<meta property=\"og:description\" content=\"&nbsp;\" \/>\n<meta property=\"og:url\" content=\"https:\/\/www.generalmaximus.ch\/fr\/ou-acheter\/\" \/>\n<meta property=\"og:site_name\" content=\"GenMax de gros\" \/>\n<meta property=\"article:publisher\" content=\"https:\/\/www.facebook.com\/genmax.ch\" \/>\n<meta property=\"article:modified_time\" content=\"2026-01-03T22:38:04+00:00\" \/>\n<meta property=\"og:image\" content=\"https:\/\/www.generalmaximus.ch\/wp-content\/uploads\/2023\/07\/Yoast-SEO-Site-Image.jpg\" \/>\n\t<meta property=\"og:image:width\" content=\"1200\" \/>\n\t<meta property=\"og:image:height\" content=\"675\" \/>\n\t<meta property=\"og:image:type\" content=\"image\/jpeg\" \/>\n<script type=\"application\/ld+json\" class=\"yoast-schema-graph\">{\"@context\":\"https:\\\/\\\/schema.org\",\"@graph\":[{\"@type\":\"WebPage\",\"@id\":\"https:\\\/\\\/www.generalmaximus.ch\\\/fr\\\/ou-acheter\\\/\",\"url\":\"https:\\\/\\\/www.generalmaximus.ch\\\/fr\\\/ou-acheter\\\/\",\"name\":\"O\u00f9 acheter ? - GenMax de gros\",\"isPartOf\":{\"@id\":\"https:\\\/\\\/www.generalmaximus.ch\\\/fr\\\/#website\"},\"datePublished\":\"2023-03-27T12:46:52+00:00\",\"dateModified\":\"2026-01-03T22:38:04+00:00\",\"breadcrumb\":{\"@id\":\"https:\\\/\\\/www.generalmaximus.ch\\\/fr\\\/ou-acheter\\\/#breadcrumb\"},\"inLanguage\":\"fr-FR\",\"potentialAction\":[{\"@type\":\"ReadAction\",\"target\":[\"https:\\\/\\\/www.generalmaximus.ch\\\/fr\\\/ou-acheter\\\/\"]}]},{\"@type\":\"BreadcrumbList\",\"@id\":\"https:\\\/\\\/www.generalmaximus.ch\\\/fr\\\/ou-acheter\\\/#breadcrumb\",\"itemListElement\":[{\"@type\":\"ListItem\",\"position\":1,\"name\":\"Home\",\"item\":\"https:\\\/\\\/www.generalmaximus.ch\\\/fr\\\/\"},{\"@type\":\"ListItem\",\"position\":2,\"name\":\"O\u00f9 acheter ?\"}]},{\"@type\":\"WebSite\",\"@id\":\"https:\\\/\\\/www.generalmaximus.ch\\\/fr\\\/#website\",\"url\":\"https:\\\/\\\/www.generalmaximus.ch\\\/fr\\\/\",\"name\":\"GenMax de gros\",\"description\":\"\",\"publisher\":{\"@id\":\"https:\\\/\\\/www.generalmaximus.ch\\\/fr\\\/#organization\"},\"alternateName\":\"General Maximus Pet Products\",\"potentialAction\":[{\"@type\":\"SearchAction\",\"target\":{\"@type\":\"EntryPoint\",\"urlTemplate\":\"https:\\\/\\\/www.generalmaximus.ch\\\/fr\\\/?s={search_term_string}\"},\"query-input\":{\"@type\":\"PropertyValueSpecification\",\"valueRequired\":true,\"valueName\":\"search_term_string\"}}],\"inLanguage\":\"fr-FR\"},{\"@type\":\"Organization\",\"@id\":\"https:\\\/\\\/www.generalmaximus.ch\\\/fr\\\/#organization\",\"name\":\"GenMax Pet Products\",\"alternateName\":\"General Maximus Pet Products\",\"url\":\"https:\\\/\\\/www.generalmaximus.ch\\\/fr\\\/\",\"logo\":{\"@type\":\"ImageObject\",\"inLanguage\":\"fr-FR\",\"@id\":\"https:\\\/\\\/www.generalmaximus.ch\\\/fr\\\/#\\\/schema\\\/logo\\\/image\\\/\",\"url\":\"https:\\\/\\\/www.generalmaximus.ch\\\/wp-content\\\/uploads\\\/2022\\\/12\\\/Pet_Products_Icon_512pix.png\",\"contentUrl\":\"https:\\\/\\\/www.generalmaximus.ch\\\/wp-content\\\/uploads\\\/2022\\\/12\\\/Pet_Products_Icon_512pix.png\",\"width\":512,\"height\":512,\"caption\":\"GenMax Pet Products\"},\"image\":{\"@id\":\"https:\\\/\\\/www.generalmaximus.ch\\\/fr\\\/#\\\/schema\\\/logo\\\/image\\\/\"},\"sameAs\":[\"https:\\\/\\\/www.facebook.com\\\/genmax.ch\",\"https:\\\/\\\/www.instagram\\\/genmax.ch\",\"https:\\\/\\\/www.linkedin.com\\\/company\\\/85862297\"]}]}<\/script>\n<!-- \/ Yoast SEO Premium plugin. -->","yoast_head_json":{"title":"O\u00f9 acheter ? - GenMax de gros","robots":{"index":"index","follow":"follow","max-snippet":"max-snippet:-1","max-image-preview":"max-image-preview:large","max-video-preview":"max-video-preview:-1"},"canonical":"https:\/\/www.generalmaximus.ch\/fr\/ou-acheter\/","og_locale":"fr_FR","og_type":"article","og_title":"O\u00f9 acheter ?","og_description":"&nbsp;","og_url":"https:\/\/www.generalmaximus.ch\/fr\/ou-acheter\/","og_site_name":"GenMax de gros","article_publisher":"https:\/\/www.facebook.com\/genmax.ch","article_modified_time":"2026-01-03T22:38:04+00:00","og_image":[{"width":1200,"height":675,"url":"https:\/\/www.generalmaximus.ch\/wp-content\/uploads\/2023\/07\/Yoast-SEO-Site-Image.jpg","type":"image\/jpeg"}],"schema":{"@context":"https:\/\/schema.org","@graph":[{"@type":"WebPage","@id":"https:\/\/www.generalmaximus.ch\/fr\/ou-acheter\/","url":"https:\/\/www.generalmaximus.ch\/fr\/ou-acheter\/","name":"O\u00f9 acheter ? - GenMax de gros","isPartOf":{"@id":"https:\/\/www.generalmaximus.ch\/fr\/#website"},"datePublished":"2023-03-27T12:46:52+00:00","dateModified":"2026-01-03T22:38:04+00:00","breadcrumb":{"@id":"https:\/\/www.generalmaximus.ch\/fr\/ou-acheter\/#breadcrumb"},"inLanguage":"fr-FR","potentialAction":[{"@type":"ReadAction","target":["https:\/\/www.generalmaximus.ch\/fr\/ou-acheter\/"]}]},{"@type":"BreadcrumbList","@id":"https:\/\/www.generalmaximus.ch\/fr\/ou-acheter\/#breadcrumb","itemListElement":[{"@type":"ListItem","position":1,"name":"Home","item":"https:\/\/www.generalmaximus.ch\/fr\/"},{"@type":"ListItem","position":2,"name":"O\u00f9 acheter ?"}]},{"@type":"WebSite","@id":"https:\/\/www.generalmaximus.ch\/fr\/#website","url":"https:\/\/www.generalmaximus.ch\/fr\/","name":"GenMax de gros","description":"","publisher":{"@id":"https:\/\/www.generalmaximus.ch\/fr\/#organization"},"alternateName":"General Maximus Pet Products","potentialAction":[{"@type":"SearchAction","target":{"@type":"EntryPoint","urlTemplate":"https:\/\/www.generalmaximus.ch\/fr\/?s={search_term_string}"},"query-input":{"@type":"PropertyValueSpecification","valueRequired":true,"valueName":"search_term_string"}}],"inLanguage":"fr-FR"},{"@type":"Organization","@id":"https:\/\/www.generalmaximus.ch\/fr\/#organization","name":"GenMax Pet Products","alternateName":"General Maximus Pet Products","url":"https:\/\/www.generalmaximus.ch\/fr\/","logo":{"@type":"ImageObject","inLanguage":"fr-FR","@id":"https:\/\/www.generalmaximus.ch\/fr\/#\/schema\/logo\/image\/","url":"https:\/\/www.generalmaximus.ch\/wp-content\/uploads\/2022\/12\/Pet_Products_Icon_512pix.png","contentUrl":"https:\/\/www.generalmaximus.ch\/wp-content\/uploads\/2022\/12\/Pet_Products_Icon_512pix.png","width":512,"height":512,"caption":"GenMax Pet Products"},"image":{"@id":"https:\/\/www.generalmaximus.ch\/fr\/#\/schema\/logo\/image\/"},"sameAs":["https:\/\/www.facebook.com\/genmax.ch","https:\/\/www.instagram\/genmax.ch","https:\/\/www.linkedin.com\/company\/85862297"]}]}},"_links":{"self":[{"href":"https:\/\/www.generalmaximus.ch\/fr\/wp-json\/wp\/v2\/pages\/1165","targetHints":{"allow":["GET"]}}],"collection":[{"href":"https:\/\/www.generalmaximus.ch\/fr\/wp-json\/wp\/v2\/pages"}],"about":[{"href":"https:\/\/www.generalmaximus.ch\/fr\/wp-json\/wp\/v2\/types\/page"}],"author":[{"embeddable":true,"href":"https:\/\/www.generalmaximus.ch\/fr\/wp-json\/wp\/v2\/users\/5"}],"replies":[{"embeddable":true,"href":"https:\/\/www.generalmaximus.ch\/fr\/wp-json\/wp\/v2\/comments?post=1165"}],"version-history":[{"count":35,"href":"https:\/\/www.generalmaximus.ch\/fr\/wp-json\/wp\/v2\/pages\/1165\/revisions"}],"predecessor-version":[{"id":2103,"href":"https:\/\/www.generalmaximus.ch\/fr\/wp-json\/wp\/v2\/pages\/1165\/revisions\/2103"}],"wp:attachment":[{"href":"https:\/\/www.generalmaximus.ch\/fr\/wp-json\/wp\/v2\/media?parent=1165"}],"curies":[{"name":"wp","href":"https:\/\/api.w.org\/{rel}","templated":true}]}}