{"id":1786,"date":"2024-03-21T08:44:36","date_gmt":"2024-03-21T08:44:36","guid":{"rendered":"https:\/\/www.generalmaximus.ch\/imprimer\/"},"modified":"2024-08-26T12:53:56","modified_gmt":"2024-08-26T12:53:56","slug":"imprimer","status":"publish","type":"page","link":"https:\/\/www.generalmaximus.ch\/fr\/imprimer\/","title":{"rendered":"imprimer"},"content":{"rendered":"\r\n\r\n\r\n\r\n\r\n\r\n\r\n<h2>imprimer<\/h2>\r\n\r\n\r\n\r\n\r\n\r\n\r\n\r\n\r\n\r\n\r\n\r\n<p>Nom de l\u2019entreprise : Serra Enterprises<\/p>\r\n\r\n\r\n\r\n<p>Num\u00e9ro d&rsquo;enregistrement : CHE-450.645.879<\/p>\r\n<p>Registre cantonal (PDF) : <a href=\"https:\/\/www.generalmaximus.ch\/wp-content\/uploads\/2024\/08\/Serra-Enterprises_CHE-450.645.879.pdf\" target=\"_blank\" rel=\"noopener\">Cliquez ici pour voir<\/a><\/p>\r\n\r\n\r\n\r\n<p>Enregistrement de marque aupr\u00e8s de l&rsquo;EUIPO (PDF) : <a href=\"https:\/\/www.generalmaximus.ch\/wp-content\/uploads\/2024\/08\/GenMax_TM-EUIPO_Registration_Certificate.pdf\" target=\"_blank\" rel=\"noopener\">Cliquez ici pour voir<\/a><\/p>\r\n<p>Nom commercial : General Maximus Pet Products | GenMax Pet Products<\/p>\r\n\r\n\r\n\r\n<p>Adresse administrative : Neubrunn 704, Turbenthal, CH-8488<\/p>\r\n\r\n\r\n\r\n<p>Site Internet : www.generalmaximus.ch et www.genmaxpets.shop<\/p>\r\n\r\n\r\n\r\n<p>E-mail : info@generalmaximus.ch<\/p>\r\n\r\n\r\n\r\n\r\n\r\n<p>Repr\u00e9sentants autoris\u00e9s<\/p>\r\n<p>&nbsp;<\/p>\r\n<p>Propri\u00e9taire Andrea Serra (M.)<\/p>\r\n<p>&nbsp;<\/p>\r\n<p>Clause de non-responsabilit\u00e9 :<\/p>\r\n<p>&nbsp;<\/p>\r\n<p>L&rsquo;auteur du site Internet n&rsquo;assume aucune responsabilit\u00e9 quant \u00e0 l&rsquo;exactitude, la pr\u00e9cision, l&rsquo;actualit\u00e9, la fiabilit\u00e9 et l&rsquo;exhaustivit\u00e9 des informations fournies sur le site Internet.<\/p>\r\n<p>&nbsp;<\/p>\r\n<p>Responsabilit\u00e9 :\u00a0<\/p>\r\n<p>&nbsp;<\/p>\r\n<p>Les r\u00e9clamations contre l&rsquo;auteur pour des dommages de nature mat\u00e9rielle ou immat\u00e9rielle r\u00e9sultant de l&rsquo;acc\u00e8s ou de l&rsquo;utilisation ou de la non-utilisation des informations publi\u00e9es, d&rsquo;une mauvaise utilisation de la connexion ou de dysfonctionnements techniques sont exclues.<\/p>\r\n<p>&nbsp;<\/p>\r\n<p>Offres faites :<\/p>\r\n<p>&nbsp;<\/p>\r\n<p>Toutes les offres sur le Site Internet sont sans engagement et ne deviendront contraignantes qu&rsquo;une fois qu&rsquo;un contrat commercial aura \u00e9t\u00e9 conclu et sign\u00e9 entre GenMax et ses clients. L&rsquo;auteur se r\u00e9serve express\u00e9ment le droit de modifier, de compl\u00e9ter ou de supprimer des parties de pages ou l&rsquo;ensemble de l&rsquo;offre sans pr\u00e9avis ou d&rsquo;arr\u00eater temporairement ou d\u00e9finitivement la publication.<\/p>\r\n<p>&nbsp;<\/p>\r\n<p>Avis de non-responsabilit\u00e9 \u2013 R\u00e9f\u00e9rences et liens :<\/p>\r\n<p>&nbsp;<\/p>\r\n<p>Les r\u00e9f\u00e9rences et liens vers des sites Internet tiers \u00e9chappent \u00e0 la responsabilit\u00e9 de l\u2019\u00e9diteur et de l\u2019auteur. Toute responsabilit\u00e9 quant \u00e0 la publication, au contenu et\/ou au statut des sites Web li\u00e9s ou d&rsquo;autres r\u00e9f\u00e9rences est express\u00e9ment d\u00e9clin\u00e9e, car l&rsquo;\u00e9diteur et l&rsquo;auteur n&rsquo;ont aucun contr\u00f4le sur eux. L\u2019acc\u00e8s et l\u2019utilisation des sites Web li\u00e9s se font aux propres risques de l\u2019utilisateur respectif.<\/p>\r\n<p>&nbsp;<\/p>\r\n<p>Droits d&rsquo;auteur :<\/p>\r\n<p>&nbsp;<\/p>\r\n<p>Le droit d&rsquo;auteur et tous les autres droits sur le contenu, les images, les photos ou autres fichiers de ce site Web appartiennent exclusivement \u00e0 Serra Enterprises ou aux titulaires de droits sp\u00e9cifiquement nomm\u00e9s. L&rsquo;accord pr\u00e9alable \u00e9crit de Serra Entreprises doit \u00eatre obtenu avant de reproduire un quelconque \u00e9l\u00e9ment.<\/p>\r\n<p>&nbsp;<\/p>\r\n<p>Serra Enterprises n&rsquo;assume aucune responsabilit\u00e9 en cas de violation du droit d&rsquo;auteur par des tiers si vous copiez, cr\u00e9ez un lien ou republiez des informations sur www.generalmaximus.ch, www.genmax.ch ou www.genmaxpets.shop<\/p>\r\n","protected":false},"excerpt":{"rendered":"","protected":false},"author":5,"featured_media":0,"parent":0,"menu_order":0,"comment_status":"closed","ping_status":"closed","template":"","meta":{"pagelayer_contact_templates":[],"_pagelayer_content":"","footnotes":""},"class_list":["post-1786","page","type-page","status-publish","hentry"],"yoast_head":"<!-- This site is optimized with the Yoast SEO Premium plugin v20.10 (Yoast SEO v27.6) - https:\/\/yoast.com\/product\/yoast-seo-premium-wordpress\/ -->\n<title>imprimer - GenMax de gros<\/title>\n<meta name=\"robots\" content=\"index, follow, max-snippet:-1, max-image-preview:large, max-video-preview:-1\" \/>\n<link rel=\"canonical\" href=\"https:\/\/www.generalmaximus.ch\/fr\/imprimer\/\" \/>\n<meta property=\"og:locale\" content=\"fr_FR\" \/>\n<meta property=\"og:type\" content=\"article\" \/>\n<meta property=\"og:title\" content=\"imprimer\" \/>\n<meta property=\"og:url\" content=\"https:\/\/www.generalmaximus.ch\/fr\/imprimer\/\" \/>\n<meta property=\"og:site_name\" content=\"GenMax de gros\" \/>\n<meta property=\"article:publisher\" content=\"https:\/\/www.facebook.com\/genmax.ch\" \/>\n<meta property=\"article:modified_time\" content=\"2024-08-26T12:53:56+00:00\" \/>\n<meta property=\"og:image\" content=\"https:\/\/www.generalmaximus.ch\/wp-content\/uploads\/2023\/07\/Yoast-SEO-Site-Image.jpg\" \/>\n\t<meta property=\"og:image:width\" content=\"1200\" \/>\n\t<meta property=\"og:image:height\" content=\"675\" \/>\n\t<meta property=\"og:image:type\" content=\"image\/jpeg\" \/>\n<script type=\"application\/ld+json\" class=\"yoast-schema-graph\">{\"@context\":\"https:\\\/\\\/schema.org\",\"@graph\":[{\"@type\":\"WebPage\",\"@id\":\"https:\\\/\\\/www.generalmaximus.ch\\\/fr\\\/imprimer\\\/\",\"url\":\"https:\\\/\\\/www.generalmaximus.ch\\\/fr\\\/imprimer\\\/\",\"name\":\"imprimer - GenMax de gros\",\"isPartOf\":{\"@id\":\"https:\\\/\\\/www.generalmaximus.ch\\\/fr\\\/#website\"},\"datePublished\":\"2024-03-21T08:44:36+00:00\",\"dateModified\":\"2024-08-26T12:53:56+00:00\",\"breadcrumb\":{\"@id\":\"https:\\\/\\\/www.generalmaximus.ch\\\/fr\\\/imprimer\\\/#breadcrumb\"},\"inLanguage\":\"fr-FR\",\"potentialAction\":[{\"@type\":\"ReadAction\",\"target\":[\"https:\\\/\\\/www.generalmaximus.ch\\\/fr\\\/imprimer\\\/\"]}]},{\"@type\":\"BreadcrumbList\",\"@id\":\"https:\\\/\\\/www.generalmaximus.ch\\\/fr\\\/imprimer\\\/#breadcrumb\",\"itemListElement\":[{\"@type\":\"ListItem\",\"position\":1,\"name\":\"Home\",\"item\":\"https:\\\/\\\/www.generalmaximus.ch\\\/fr\\\/\"},{\"@type\":\"ListItem\",\"position\":2,\"name\":\"imprimer\"}]},{\"@type\":\"WebSite\",\"@id\":\"https:\\\/\\\/www.generalmaximus.ch\\\/fr\\\/#website\",\"url\":\"https:\\\/\\\/www.generalmaximus.ch\\\/fr\\\/\",\"name\":\"GenMax de gros\",\"description\":\"\",\"publisher\":{\"@id\":\"https:\\\/\\\/www.generalmaximus.ch\\\/fr\\\/#organization\"},\"alternateName\":\"General Maximus Pet Products\",\"potentialAction\":[{\"@type\":\"SearchAction\",\"target\":{\"@type\":\"EntryPoint\",\"urlTemplate\":\"https:\\\/\\\/www.generalmaximus.ch\\\/fr\\\/?s={search_term_string}\"},\"query-input\":{\"@type\":\"PropertyValueSpecification\",\"valueRequired\":true,\"valueName\":\"search_term_string\"}}],\"inLanguage\":\"fr-FR\"},{\"@type\":\"Organization\",\"@id\":\"https:\\\/\\\/www.generalmaximus.ch\\\/fr\\\/#organization\",\"name\":\"GenMax Pet Products\",\"alternateName\":\"General Maximus Pet Products\",\"url\":\"https:\\\/\\\/www.generalmaximus.ch\\\/fr\\\/\",\"logo\":{\"@type\":\"ImageObject\",\"inLanguage\":\"fr-FR\",\"@id\":\"https:\\\/\\\/www.generalmaximus.ch\\\/fr\\\/#\\\/schema\\\/logo\\\/image\\\/\",\"url\":\"https:\\\/\\\/www.generalmaximus.ch\\\/wp-content\\\/uploads\\\/2022\\\/12\\\/Pet_Products_Icon_512pix.png\",\"contentUrl\":\"https:\\\/\\\/www.generalmaximus.ch\\\/wp-content\\\/uploads\\\/2022\\\/12\\\/Pet_Products_Icon_512pix.png\",\"width\":512,\"height\":512,\"caption\":\"GenMax Pet Products\"},\"image\":{\"@id\":\"https:\\\/\\\/www.generalmaximus.ch\\\/fr\\\/#\\\/schema\\\/logo\\\/image\\\/\"},\"sameAs\":[\"https:\\\/\\\/www.facebook.com\\\/genmax.ch\",\"https:\\\/\\\/www.instagram\\\/genmax.ch\",\"https:\\\/\\\/www.linkedin.com\\\/company\\\/85862297\"]}]}<\/script>\n<!-- \/ Yoast SEO Premium plugin. -->","yoast_head_json":{"title":"imprimer - GenMax de gros","robots":{"index":"index","follow":"follow","max-snippet":"max-snippet:-1","max-image-preview":"max-image-preview:large","max-video-preview":"max-video-preview:-1"},"canonical":"https:\/\/www.generalmaximus.ch\/fr\/imprimer\/","og_locale":"fr_FR","og_type":"article","og_title":"imprimer","og_url":"https:\/\/www.generalmaximus.ch\/fr\/imprimer\/","og_site_name":"GenMax de gros","article_publisher":"https:\/\/www.facebook.com\/genmax.ch","article_modified_time":"2024-08-26T12:53:56+00:00","og_image":[{"width":1200,"height":675,"url":"https:\/\/www.generalmaximus.ch\/wp-content\/uploads\/2023\/07\/Yoast-SEO-Site-Image.jpg","type":"image\/jpeg"}],"schema":{"@context":"https:\/\/schema.org","@graph":[{"@type":"WebPage","@id":"https:\/\/www.generalmaximus.ch\/fr\/imprimer\/","url":"https:\/\/www.generalmaximus.ch\/fr\/imprimer\/","name":"imprimer - GenMax de gros","isPartOf":{"@id":"https:\/\/www.generalmaximus.ch\/fr\/#website"},"datePublished":"2024-03-21T08:44:36+00:00","dateModified":"2024-08-26T12:53:56+00:00","breadcrumb":{"@id":"https:\/\/www.generalmaximus.ch\/fr\/imprimer\/#breadcrumb"},"inLanguage":"fr-FR","potentialAction":[{"@type":"ReadAction","target":["https:\/\/www.generalmaximus.ch\/fr\/imprimer\/"]}]},{"@type":"BreadcrumbList","@id":"https:\/\/www.generalmaximus.ch\/fr\/imprimer\/#breadcrumb","itemListElement":[{"@type":"ListItem","position":1,"name":"Home","item":"https:\/\/www.generalmaximus.ch\/fr\/"},{"@type":"ListItem","position":2,"name":"imprimer"}]},{"@type":"WebSite","@id":"https:\/\/www.generalmaximus.ch\/fr\/#website","url":"https:\/\/www.generalmaximus.ch\/fr\/","name":"GenMax de gros","description":"","publisher":{"@id":"https:\/\/www.generalmaximus.ch\/fr\/#organization"},"alternateName":"General Maximus Pet Products","potentialAction":[{"@type":"SearchAction","target":{"@type":"EntryPoint","urlTemplate":"https:\/\/www.generalmaximus.ch\/fr\/?s={search_term_string}"},"query-input":{"@type":"PropertyValueSpecification","valueRequired":true,"valueName":"search_term_string"}}],"inLanguage":"fr-FR"},{"@type":"Organization","@id":"https:\/\/www.generalmaximus.ch\/fr\/#organization","name":"GenMax Pet Products","alternateName":"General Maximus Pet Products","url":"https:\/\/www.generalmaximus.ch\/fr\/","logo":{"@type":"ImageObject","inLanguage":"fr-FR","@id":"https:\/\/www.generalmaximus.ch\/fr\/#\/schema\/logo\/image\/","url":"https:\/\/www.generalmaximus.ch\/wp-content\/uploads\/2022\/12\/Pet_Products_Icon_512pix.png","contentUrl":"https:\/\/www.generalmaximus.ch\/wp-content\/uploads\/2022\/12\/Pet_Products_Icon_512pix.png","width":512,"height":512,"caption":"GenMax Pet Products"},"image":{"@id":"https:\/\/www.generalmaximus.ch\/fr\/#\/schema\/logo\/image\/"},"sameAs":["https:\/\/www.facebook.com\/genmax.ch","https:\/\/www.instagram\/genmax.ch","https:\/\/www.linkedin.com\/company\/85862297"]}]}},"_links":{"self":[{"href":"https:\/\/www.generalmaximus.ch\/fr\/wp-json\/wp\/v2\/pages\/1786","targetHints":{"allow":["GET"]}}],"collection":[{"href":"https:\/\/www.generalmaximus.ch\/fr\/wp-json\/wp\/v2\/pages"}],"about":[{"href":"https:\/\/www.generalmaximus.ch\/fr\/wp-json\/wp\/v2\/types\/page"}],"author":[{"embeddable":true,"href":"https:\/\/www.generalmaximus.ch\/fr\/wp-json\/wp\/v2\/users\/5"}],"replies":[{"embeddable":true,"href":"https:\/\/www.generalmaximus.ch\/fr\/wp-json\/wp\/v2\/comments?post=1786"}],"version-history":[{"count":3,"href":"https:\/\/www.generalmaximus.ch\/fr\/wp-json\/wp\/v2\/pages\/1786\/revisions"}],"predecessor-version":[{"id":1945,"href":"https:\/\/www.generalmaximus.ch\/fr\/wp-json\/wp\/v2\/pages\/1786\/revisions\/1945"}],"wp:attachment":[{"href":"https:\/\/www.generalmaximus.ch\/fr\/wp-json\/wp\/v2\/media?parent=1786"}],"curies":[{"name":"wp","href":"https:\/\/api.w.org\/{rel}","templated":true}]}}