{"id":218,"date":"2022-11-23T11:24:20","date_gmt":"2022-11-23T11:24:20","guid":{"rendered":"https:\/\/www.generalmaximus.ch\/my-story\/"},"modified":"2022-12-08T17:31:02","modified_gmt":"2022-12-08T17:31:02","slug":"my-story","status":"publish","type":"page","link":"https:\/\/www.generalmaximus.ch\/fr\/my-story\/","title":{"rendered":"Mon histoire"},"content":{"rendered":"\n\n<h2>Mon histoire, General Maximus le berger allemand<\/h2>\n<p><img loading=\"lazy\" decoding=\"async\" class=\"alignleft size-full wp-image-204\" src=\"https:\/\/www.generalmaximus.ch\/wp-content\/uploads\/2022\/11\/max-2.png\" alt=\"\" width=\"100\" height=\"99\">Je suis le G\u00e9n\u00e9ral Maximus Aurelius, un berger allemand m\u00e2le et fier. N\u00e9 en Afrique et vivant maintenant en Suisse, je veux vous raconter mon histoire. <br><br><\/p>\n<p>Je suis n\u00e9 le 20 juillet 2010 dans une ferme du Bushveld appartenant \u00e0 maman et papa et autour de Pretoria en Afrique du Sud, avec quatre autres fr\u00e8res et s\u0153urs. Mes d\u00e9buts \u00e9taient durs car en tant que chiot dans le monde humain, je serais pris de mes parents, mis dans une cage loin de tous. Deux de mes fr\u00e8res et s\u0153urs ont \u00e9t\u00e9 pris, je ne sais pas o\u00f9, mais un jour, ce qui est devenu ensuite mon \u00eatre humain est venu et m\u2019a choisi, attir\u00e9 par mon caract\u00e8re anim\u00e9 et une croissance de cheveux sous mon \u0153il gauche r\u00e9sultant d\u2019une coupe exp\u00e9riment\u00e9e juste apr\u00e8s la naissance.  <br><br><\/p>\n<p>Le fait d\u2019\u00eatre n\u00e9 en Afrique du Sud en 2010 a \u00e9t\u00e9 tr\u00e8s int\u00e9ressant car non seulement le pays a tenu sa toute premi\u00e8re coupe du monde de football,<img decoding=\"async\" loading=\"lazy\" class=\"alignright size-full wp-image-209\" src=\"https:\/\/www.generalmaximus.ch\/wp-content\/uploads\/2022\/11\/max-africa-trip.jpg\" alt=\"\" width=\"250\" height=\"266\"> mais \u00e9galement car il a travers\u00e9 une p\u00e9riode de transition qui a vu des humains de tous types se r\u00e9unir pour former un nouveau pays passionnant.<br><br><\/p>\n<p>J\u2019ai \u00e9t\u00e9 emmen\u00e9 au 63 Avenue Spitfire o\u00f9 j\u2019ai rencontr\u00e9 mon mentor et ma s\u0153ur, Jessica. Jessica est un Labrador marron qui a 3 ans de plus que moi et qui m\u2019a montr\u00e9 la voie dans ce nouvel environnement. En tant que berger allemand, je fais partie de l\u2019une des esp\u00e8ces de chiens les plus intelligentes et entre apprendre \u00e0 faire conna\u00eetre mon territoire, chasser d\u2019autres animaux, \u00e9radiquer mon autorit\u00e9, apprendre \u00e0 planifier ma journ\u00e9e (dormir, se r\u00e9veiller, manger, chasser des intrus \u00e9ventuels, \u00e9corcher, jouer, dormir \u2026 des choses difficiles), j\u2019ai \u00e9galement commenc\u00e9 \u00e0 r\u00e9fl\u00e9chir \u00e0 mes exp\u00e9riences.  <br><br><\/p>\n<p>En tant que chiot \u00e9nergique, j\u2019avais besoin de bon repos. Mon humain avait l\u2019habitude de laisser Jessica et moi dormir dans la chambre principale. C\u2019est dans cette chambre que j\u2019ai commenc\u00e9 \u00e0 remettre en question les produits disponibles pour nous. Le tapis de la pi\u00e8ce \u00e9tait g\u00e9nial mais apr\u00e8s plus de 3 heures, il commen\u00e7ait \u00e0 \u00eatre dur et, naturellement, je le marquais pour une r\u00e9f\u00e9rence future avec du pipi ici et l\u00e0. Des rayures, ce n\u2019est pas souhaitable. Mon marquage du tapis a rapidement motiv\u00e9 mon humain \u00e0 me procurer le premier lit pour chien. L\u2019int\u00e9rieur \u00e9tait fait d\u2019une sorte de mousse comme dit sur la bo\u00eete, mais un peu plus tard, la mousse \u00e0 l\u2019int\u00e9rieur bougea rendant le lit tr\u00e8s mal \u00e0 l\u2019aise, j\u2019ai donc d\u00fb le d\u00e9chiqueter avec mes dents. Ce processus pendant ma croissance a entra\u00een\u00e9 la n\u00e9cessit\u00e9 pour moi de d\u00e9chiqueter d\u2019innombrables lits lors de la d\u00e9sapprobation apr\u00e8s avoir pass\u00e9 des jours dans le buisson africain avec mon humain. Chasser les animaux et d\u00e9fendre les proies dans le buisson africain est un travail difficile et, lorsque vous arrivez \u00e0 la maison, vous voulez avoir un bon lit pour vous reposer.        <br><br><\/p>\n<p>Finalement, j\u2019ai d\u00e9cid\u00e9 que les choses devaient changer. Quelqu\u2019un devait faire quelque chose et ce que quelqu\u2019un \u00e9tait moi. Je suis devenu chef de file de la communaut\u00e9 en gardant, menant et aidant mes autres animaux. Lorsqu\u2019on a fait des promenades, j\u2019ai d\u00e9fendu les faibles, quand j\u2019ai quitt\u00e9 la maison, j\u2019ai gard\u00e9 ceux qui ne peuvent pas se garder et bient\u00f4t j\u2019ai suivi \u2026 J\u2019\u00e9tais g\u00e9n\u00e9ral.   <br><br><\/p>\n<p>En utilisant ma position, je me suis engag\u00e9 \u00e0 traverser l\u2019Afrique, \u00e0 travers les plaines et les jungles, les montagnes et les vall\u00e9es, j\u2019ai entra\u00een\u00e9 Jessica et mon humain dans un nouveau pays. Un pays o\u00f9 les humains ont compris la qualit\u00e9 et la perfection. Une terre avec un drapeau rouge, qui portait une croix blanche. Dans cette terre, j\u2019ai rencontr\u00e9 Echo qui m\u2019a racont\u00e9 ses aventures et ses exp\u00e9riences dans les montagnes couvertes de neige et c\u2019est ici que je me suis mis \u00e0 cr\u00e9er le premier produit de qualit\u00e9, comme un vrai leader. Mon destin \u00e9tait sur le point de devenir une r\u00e9alit\u00e9 \u2013 le g\u00e9n\u00e9ral conduirait son troupeau dans un monde o\u00f9 la vie a \u00e9t\u00e9 grandement am\u00e9lior\u00e9e par la qualit\u00e9, par des produits con\u00e7us pour am\u00e9liorer leur vie.    <br><br><\/p>\n<p>Mon humain m\u2019a nomm\u00e9 le g\u00e9n\u00e9ral Maximus Aurelius \u2013 Le chef des L\u00e9gions du Nord de l\u2019Arm\u00e9e de C\u00e9sar apr\u00e8s l\u2019apparition d\u2019une image anim\u00e9e dans une bo\u00eete appel\u00e9e Gladiateur mais c\u2019est seulement maintenant que je comprends vraiment que mon nom \u00e9tait mon destin. Mon nom a dit: <\/p>\n<p>Je suis le g\u00e9n\u00e9ral Maximus, je suis l\u00e0 pour diriger mes animaux, les animaux de compagnie dans une vie o\u00f9 ils sont soign\u00e9s et choy\u00e9s en s\u2019assurant qu\u2019il y a des produits de qualit\u00e9 l\u00e0-bas que leurs humains puissent obtenir pour eux.<br><br><\/p>\n<p>Ma qu\u00eate continue.<br><br><\/p>\n<p>V\u00e9rifiez toujours ma signature et mon badge:<\/p>\n\n<p><img loading=\"lazy\" decoding=\"async\" class=\"aligncenter size-full wp-image-213\" src=\"https:\/\/www.generalmaximus.ch\/wp-content\/uploads\/2022\/11\/paw-print-2.jpg\" alt=\"\" width=\"200\" height=\"201\" srcset=\"https:\/\/www.generalmaximus.ch\/wp-content\/uploads\/2022\/11\/paw-print-2.jpg 200w, https:\/\/www.generalmaximus.ch\/wp-content\/uploads\/2022\/11\/paw-print-2-150x150.jpg 150w\" sizes=\"auto, (max-width: 200px) 100vw, 200px\" \/><\/p>\n\n\n","protected":false},"excerpt":{"rendered":"","protected":false},"author":5,"featured_media":0,"parent":0,"menu_order":0,"comment_status":"closed","ping_status":"closed","template":"","meta":{"pagelayer_contact_templates":[],"_pagelayer_content":"","footnotes":""},"class_list":["post-218","page","type-page","status-publish","hentry"],"yoast_head":"<!-- This site is optimized with the Yoast SEO Premium plugin v20.10 (Yoast SEO v27.6) - https:\/\/yoast.com\/product\/yoast-seo-premium-wordpress\/ -->\n<title>Mon histoire - GenMax de gros<\/title>\n<meta name=\"robots\" content=\"index, follow, max-snippet:-1, max-image-preview:large, max-video-preview:-1\" \/>\n<link rel=\"canonical\" href=\"https:\/\/www.generalmaximus.ch\/fr\/my-story\/\" \/>\n<meta property=\"og:locale\" content=\"fr_FR\" \/>\n<meta property=\"og:type\" content=\"article\" \/>\n<meta property=\"og:title\" content=\"Mon histoire\" \/>\n<meta property=\"og:url\" content=\"https:\/\/www.generalmaximus.ch\/fr\/my-story\/\" \/>\n<meta property=\"og:site_name\" content=\"GenMax de gros\" \/>\n<meta property=\"article:publisher\" content=\"https:\/\/www.facebook.com\/genmax.ch\" \/>\n<meta property=\"article:modified_time\" content=\"2022-12-08T17:31:02+00:00\" \/>\n<meta property=\"og:image\" content=\"https:\/\/www.generalmaximus.ch\/wp-content\/uploads\/2022\/11\/max-2.png\" \/>\n<script type=\"application\/ld+json\" class=\"yoast-schema-graph\">{\"@context\":\"https:\\\/\\\/schema.org\",\"@graph\":[{\"@type\":\"WebPage\",\"@id\":\"https:\\\/\\\/www.generalmaximus.ch\\\/fr\\\/my-story\\\/\",\"url\":\"https:\\\/\\\/www.generalmaximus.ch\\\/fr\\\/my-story\\\/\",\"name\":\"Mon histoire - GenMax de gros\",\"isPartOf\":{\"@id\":\"https:\\\/\\\/www.generalmaximus.ch\\\/fr\\\/#website\"},\"primaryImageOfPage\":{\"@id\":\"https:\\\/\\\/www.generalmaximus.ch\\\/fr\\\/my-story\\\/#primaryimage\"},\"image\":{\"@id\":\"https:\\\/\\\/www.generalmaximus.ch\\\/fr\\\/my-story\\\/#primaryimage\"},\"thumbnailUrl\":\"https:\\\/\\\/www.generalmaximus.ch\\\/wp-content\\\/uploads\\\/2022\\\/11\\\/max-2.png\",\"datePublished\":\"2022-11-23T11:24:20+00:00\",\"dateModified\":\"2022-12-08T17:31:02+00:00\",\"breadcrumb\":{\"@id\":\"https:\\\/\\\/www.generalmaximus.ch\\\/fr\\\/my-story\\\/#breadcrumb\"},\"inLanguage\":\"fr-FR\",\"potentialAction\":[{\"@type\":\"ReadAction\",\"target\":[\"https:\\\/\\\/www.generalmaximus.ch\\\/fr\\\/my-story\\\/\"]}]},{\"@type\":\"ImageObject\",\"inLanguage\":\"fr-FR\",\"@id\":\"https:\\\/\\\/www.generalmaximus.ch\\\/fr\\\/my-story\\\/#primaryimage\",\"url\":\"https:\\\/\\\/www.generalmaximus.ch\\\/wp-content\\\/uploads\\\/2022\\\/11\\\/max-2.png\",\"contentUrl\":\"https:\\\/\\\/www.generalmaximus.ch\\\/wp-content\\\/uploads\\\/2022\\\/11\\\/max-2.png\"},{\"@type\":\"BreadcrumbList\",\"@id\":\"https:\\\/\\\/www.generalmaximus.ch\\\/fr\\\/my-story\\\/#breadcrumb\",\"itemListElement\":[{\"@type\":\"ListItem\",\"position\":1,\"name\":\"Home\",\"item\":\"https:\\\/\\\/www.generalmaximus.ch\\\/fr\\\/\"},{\"@type\":\"ListItem\",\"position\":2,\"name\":\"Mon histoire\"}]},{\"@type\":\"WebSite\",\"@id\":\"https:\\\/\\\/www.generalmaximus.ch\\\/fr\\\/#website\",\"url\":\"https:\\\/\\\/www.generalmaximus.ch\\\/fr\\\/\",\"name\":\"GenMax de gros\",\"description\":\"\",\"publisher\":{\"@id\":\"https:\\\/\\\/www.generalmaximus.ch\\\/fr\\\/#organization\"},\"alternateName\":\"General Maximus Pet Products\",\"potentialAction\":[{\"@type\":\"SearchAction\",\"target\":{\"@type\":\"EntryPoint\",\"urlTemplate\":\"https:\\\/\\\/www.generalmaximus.ch\\\/fr\\\/?s={search_term_string}\"},\"query-input\":{\"@type\":\"PropertyValueSpecification\",\"valueRequired\":true,\"valueName\":\"search_term_string\"}}],\"inLanguage\":\"fr-FR\"},{\"@type\":\"Organization\",\"@id\":\"https:\\\/\\\/www.generalmaximus.ch\\\/fr\\\/#organization\",\"name\":\"GenMax Pet Products\",\"alternateName\":\"General Maximus Pet Products\",\"url\":\"https:\\\/\\\/www.generalmaximus.ch\\\/fr\\\/\",\"logo\":{\"@type\":\"ImageObject\",\"inLanguage\":\"fr-FR\",\"@id\":\"https:\\\/\\\/www.generalmaximus.ch\\\/fr\\\/#\\\/schema\\\/logo\\\/image\\\/\",\"url\":\"https:\\\/\\\/www.generalmaximus.ch\\\/wp-content\\\/uploads\\\/2022\\\/12\\\/Pet_Products_Icon_512pix.png\",\"contentUrl\":\"https:\\\/\\\/www.generalmaximus.ch\\\/wp-content\\\/uploads\\\/2022\\\/12\\\/Pet_Products_Icon_512pix.png\",\"width\":512,\"height\":512,\"caption\":\"GenMax Pet Products\"},\"image\":{\"@id\":\"https:\\\/\\\/www.generalmaximus.ch\\\/fr\\\/#\\\/schema\\\/logo\\\/image\\\/\"},\"sameAs\":[\"https:\\\/\\\/www.facebook.com\\\/genmax.ch\",\"https:\\\/\\\/www.instagram\\\/genmax.ch\",\"https:\\\/\\\/www.linkedin.com\\\/company\\\/85862297\"]}]}<\/script>\n<!-- \/ Yoast SEO Premium plugin. -->","yoast_head_json":{"title":"Mon histoire - GenMax de gros","robots":{"index":"index","follow":"follow","max-snippet":"max-snippet:-1","max-image-preview":"max-image-preview:large","max-video-preview":"max-video-preview:-1"},"canonical":"https:\/\/www.generalmaximus.ch\/fr\/my-story\/","og_locale":"fr_FR","og_type":"article","og_title":"Mon histoire","og_url":"https:\/\/www.generalmaximus.ch\/fr\/my-story\/","og_site_name":"GenMax de gros","article_publisher":"https:\/\/www.facebook.com\/genmax.ch","article_modified_time":"2022-12-08T17:31:02+00:00","og_image":[{"url":"https:\/\/www.generalmaximus.ch\/wp-content\/uploads\/2022\/11\/max-2.png","type":"","width":"","height":""}],"schema":{"@context":"https:\/\/schema.org","@graph":[{"@type":"WebPage","@id":"https:\/\/www.generalmaximus.ch\/fr\/my-story\/","url":"https:\/\/www.generalmaximus.ch\/fr\/my-story\/","name":"Mon histoire - GenMax de gros","isPartOf":{"@id":"https:\/\/www.generalmaximus.ch\/fr\/#website"},"primaryImageOfPage":{"@id":"https:\/\/www.generalmaximus.ch\/fr\/my-story\/#primaryimage"},"image":{"@id":"https:\/\/www.generalmaximus.ch\/fr\/my-story\/#primaryimage"},"thumbnailUrl":"https:\/\/www.generalmaximus.ch\/wp-content\/uploads\/2022\/11\/max-2.png","datePublished":"2022-11-23T11:24:20+00:00","dateModified":"2022-12-08T17:31:02+00:00","breadcrumb":{"@id":"https:\/\/www.generalmaximus.ch\/fr\/my-story\/#breadcrumb"},"inLanguage":"fr-FR","potentialAction":[{"@type":"ReadAction","target":["https:\/\/www.generalmaximus.ch\/fr\/my-story\/"]}]},{"@type":"ImageObject","inLanguage":"fr-FR","@id":"https:\/\/www.generalmaximus.ch\/fr\/my-story\/#primaryimage","url":"https:\/\/www.generalmaximus.ch\/wp-content\/uploads\/2022\/11\/max-2.png","contentUrl":"https:\/\/www.generalmaximus.ch\/wp-content\/uploads\/2022\/11\/max-2.png"},{"@type":"BreadcrumbList","@id":"https:\/\/www.generalmaximus.ch\/fr\/my-story\/#breadcrumb","itemListElement":[{"@type":"ListItem","position":1,"name":"Home","item":"https:\/\/www.generalmaximus.ch\/fr\/"},{"@type":"ListItem","position":2,"name":"Mon histoire"}]},{"@type":"WebSite","@id":"https:\/\/www.generalmaximus.ch\/fr\/#website","url":"https:\/\/www.generalmaximus.ch\/fr\/","name":"GenMax de gros","description":"","publisher":{"@id":"https:\/\/www.generalmaximus.ch\/fr\/#organization"},"alternateName":"General Maximus Pet Products","potentialAction":[{"@type":"SearchAction","target":{"@type":"EntryPoint","urlTemplate":"https:\/\/www.generalmaximus.ch\/fr\/?s={search_term_string}"},"query-input":{"@type":"PropertyValueSpecification","valueRequired":true,"valueName":"search_term_string"}}],"inLanguage":"fr-FR"},{"@type":"Organization","@id":"https:\/\/www.generalmaximus.ch\/fr\/#organization","name":"GenMax Pet Products","alternateName":"General Maximus Pet Products","url":"https:\/\/www.generalmaximus.ch\/fr\/","logo":{"@type":"ImageObject","inLanguage":"fr-FR","@id":"https:\/\/www.generalmaximus.ch\/fr\/#\/schema\/logo\/image\/","url":"https:\/\/www.generalmaximus.ch\/wp-content\/uploads\/2022\/12\/Pet_Products_Icon_512pix.png","contentUrl":"https:\/\/www.generalmaximus.ch\/wp-content\/uploads\/2022\/12\/Pet_Products_Icon_512pix.png","width":512,"height":512,"caption":"GenMax Pet Products"},"image":{"@id":"https:\/\/www.generalmaximus.ch\/fr\/#\/schema\/logo\/image\/"},"sameAs":["https:\/\/www.facebook.com\/genmax.ch","https:\/\/www.instagram\/genmax.ch","https:\/\/www.linkedin.com\/company\/85862297"]}]}},"_links":{"self":[{"href":"https:\/\/www.generalmaximus.ch\/fr\/wp-json\/wp\/v2\/pages\/218","targetHints":{"allow":["GET"]}}],"collection":[{"href":"https:\/\/www.generalmaximus.ch\/fr\/wp-json\/wp\/v2\/pages"}],"about":[{"href":"https:\/\/www.generalmaximus.ch\/fr\/wp-json\/wp\/v2\/types\/page"}],"author":[{"embeddable":true,"href":"https:\/\/www.generalmaximus.ch\/fr\/wp-json\/wp\/v2\/users\/5"}],"replies":[{"embeddable":true,"href":"https:\/\/www.generalmaximus.ch\/fr\/wp-json\/wp\/v2\/comments?post=218"}],"version-history":[{"count":6,"href":"https:\/\/www.generalmaximus.ch\/fr\/wp-json\/wp\/v2\/pages\/218\/revisions"}],"predecessor-version":[{"id":774,"href":"https:\/\/www.generalmaximus.ch\/fr\/wp-json\/wp\/v2\/pages\/218\/revisions\/774"}],"wp:attachment":[{"href":"https:\/\/www.generalmaximus.ch\/fr\/wp-json\/wp\/v2\/media?parent=218"}],"curies":[{"name":"wp","href":"https:\/\/api.w.org\/{rel}","templated":true}]}}