{"id":350,"date":"2022-11-19T04:52:07","date_gmt":"2022-11-19T04:52:07","guid":{"rendered":"https:\/\/www.generalmaximus.ch\/home\/"},"modified":"2026-01-03T22:44:38","modified_gmt":"2026-01-03T22:44:38","slug":"home","status":"publish","type":"page","link":"https:\/\/www.generalmaximus.ch\/fr\/","title":{"rendered":"GenMax"},"content":{"rendered":"\n\n\n<h4>Vous \u00eates un client priv\u00e9 ? Achetez votre MaxBed ici : cliquez pour trouver des magasins ! <\/h4>\n\n\n\n\n\n\n\n\n\n<h2>GENMAX PET PRODUCTS<\/h2>\n\n\n\n<p>Les produits pour animaux de compagnie les plus impressionnants au monde !<\/p>\n\n\n<p>General Maximus est un fabricant et vendeur suisse de <a href=\"https:\/\/www.generalmaximus.ch\/fr\/pet-beds-by-gen-max\/\" target=\"_blank\" rel=\"noopener\">lits pour chiens<\/a> et de produits pour animaux de compagnie de qualit\u00e9, qui, selon Maximus lui-m\u00eame, contribuent \u00e0 am\u00e9liorer la vie de nombreux animaux de compagnie dans le monde. Lisez \u00ab\u00a0L&rsquo;histoire du g\u00e9n\u00e9ral Maximus, l&rsquo;histoire d&rsquo;un berger allemand\u00a0\u00bb sur le site pour conna\u00eetre Maximus lui-m\u00eame.<\/p>\n<p>&nbsp;<\/p>\n<p>La toute premi\u00e8re gamme de produits de Max se compose <a href=\"https:\/\/www.generalmaximus.ch\/fr\/the-maxbed-pillow\/\" target=\"_blank\" rel=\"noopener\">des lits pour chiens les plus confortables au monde<\/a> !<\/p>\n\n\n\n\n\n\n<h2>VOUS ET GENMAX<\/h2>\n\n\n\n<p>En tant que fabricant et vendeur suisse de lits pour chiens et de produits de qualit\u00e9 pour animaux de compagnie, GenMax fournit non seulement des <a href=\"https:\/\/www.generalmaximus.ch\/fr\/wholesale\/\" target=\"_blank\" rel=\"noopener\">d\u00e9taillants, des revendeurs et des exp\u00e9diteurs directs<\/a>, mais va \u00e9galement plus loin en facilitant <a href=\"https:\/\/www.generalmaximus.ch\/fr\/dropshipping-online-shops\/\" target=\"_blank\" rel=\"noopener\">les solutions et services de vente en ligne<\/a>.<br><br>GenMax propose \u00e9galement des solutions de livraison et de stockage aux d\u00e9taillants.<\/p>\n\n\n\n\n\n\n\n\n\n\n<h2>CE QUI REND GENMAX SP\u00c9CIAL<\/h2>\n\n\n\n\n\n<p>Inspir\u00e9 par de nombreuses ann\u00e9es de relations amoureuses avec des animaux merveilleux tels que Maximus lui-m\u00eame.<\/p>\n\n\n\n\n<p>GenMax prend en charge toutes les plateformes de vente et les d\u00e9taillants, ainsi que les revendeurs priv\u00e9s et les exp\u00e9diteurs directs.<\/p>\n\n\n\n\n<p>Livraisons directes \u00e0 votre entreprise tout en offrant la possibilit\u00e9 de stocker des produits en votre nom.<\/p>\n\n\n\n\n\n\n\n<h2>PRODUITS EN VEDETTE GENMAX<\/h2>\n\n\n\n<p>Les meilleurs lits pour animaux de compagnie au monde vous sont propos\u00e9s par General Maximus Pet Products.<\/p>\n\n\n\n\n\n\n\n\n\n\n\n\n\n\n\n\n\n\n\n\n\n\n<h2>LES PARTENAIRES<\/h2>\n\n\n\n\n\n\n<p><strong>Suisse Drop-Shipping<\/strong><\/p>\n<p>GenMax Pet Products est votre point de contact unique pour les solutions de livraison directe en Suisse.<\/p>\n\n\n\n\n<p><strong>Amazon<\/strong><\/p>\n<p>Pour les achats en dehors de la Suisse, GenMax est disponible sur Amazon Allemagne.<\/p>\n\n\n\n\n<p><strong>eCommerce<\/strong><\/p>\n<p>Solutions de commerce \u00e9lectronique et de marketing pour les d\u00e9taillants et les drop-shipping par The Very Good Marketing Company.<\/p>\n\n\n\n\n<p><strong>Hundeschule Schwitter<\/strong><\/p>\n<p>Hugo et Regula Schwitter de Hundeschule Schwitter fournissent une formation et des conseils sur tous les animaux de compagnie.\n\n\n\n\n\n","protected":false},"excerpt":{"rendered":"","protected":false},"author":5,"featured_media":0,"parent":0,"menu_order":0,"comment_status":"closed","ping_status":"closed","template":"","meta":{"pagelayer_contact_templates":[],"_pagelayer_content":"","footnotes":""},"class_list":["post-350","page","type-page","status-publish","hentry"],"yoast_head":"<!-- This site is optimized with the Yoast SEO Premium plugin v20.10 (Yoast SEO v27.6) - https:\/\/yoast.com\/product\/yoast-seo-premium-wordpress\/ -->\n<title>GenMax - GenMax de gros<\/title>\n<meta name=\"description\" content=\"Cr\u00e9ant les produits pour animaux de compagnie haut de gamme les plus impressionnants au monde, GenMax est un fabricant et vendeur bas\u00e9 en Suisse de lits pour chiens et de produits de qualit\u00e9 pour animaux de compagnie.\" \/>\n<meta name=\"robots\" content=\"index, follow, max-snippet:-1, max-image-preview:large, max-video-preview:-1\" \/>\n<link rel=\"canonical\" href=\"https:\/\/www.generalmaximus.ch\/fr\/\" \/>\n<meta property=\"og:locale\" content=\"fr_FR\" \/>\n<meta property=\"og:type\" content=\"article\" \/>\n<meta property=\"og:title\" content=\"GenMax\" \/>\n<meta property=\"og:description\" content=\"Cr\u00e9ant les produits pour animaux de compagnie haut de gamme les plus impressionnants au monde, GenMax est un fabricant et vendeur bas\u00e9 en Suisse de lits pour chiens et de produits de qualit\u00e9 pour animaux de compagnie.\" \/>\n<meta property=\"og:url\" content=\"https:\/\/www.generalmaximus.ch\/fr\/\" \/>\n<meta property=\"og:site_name\" content=\"GenMax de gros\" \/>\n<meta property=\"article:publisher\" content=\"https:\/\/www.facebook.com\/genmax.ch\" \/>\n<meta property=\"article:modified_time\" content=\"2026-01-03T22:44:38+00:00\" \/>\n<meta property=\"og:image\" content=\"https:\/\/www.generalmaximus.ch\/wp-content\/uploads\/2023\/07\/Yoast-SEO-Site-Image.jpg\" \/>\n\t<meta property=\"og:image:width\" content=\"1200\" \/>\n\t<meta property=\"og:image:height\" content=\"675\" \/>\n\t<meta property=\"og:image:type\" content=\"image\/jpeg\" \/>\n<script type=\"application\/ld+json\" class=\"yoast-schema-graph\">{\"@context\":\"https:\\\/\\\/schema.org\",\"@graph\":[{\"@type\":\"WebPage\",\"@id\":\"https:\\\/\\\/www.generalmaximus.ch\\\/fr\\\/\",\"url\":\"https:\\\/\\\/www.generalmaximus.ch\\\/fr\\\/\",\"name\":\"GenMax - GenMax de gros\",\"isPartOf\":{\"@id\":\"https:\\\/\\\/www.generalmaximus.ch\\\/fr\\\/#website\"},\"datePublished\":\"2022-11-19T04:52:07+00:00\",\"dateModified\":\"2026-01-03T22:44:38+00:00\",\"description\":\"Cr\u00e9ant les produits pour animaux de compagnie haut de gamme les plus impressionnants au monde, GenMax est un fabricant et vendeur bas\u00e9 en Suisse de lits pour chiens et de produits de qualit\u00e9 pour animaux de compagnie.\",\"breadcrumb\":{\"@id\":\"https:\\\/\\\/www.generalmaximus.ch\\\/fr\\\/#breadcrumb\"},\"inLanguage\":\"fr-FR\",\"potentialAction\":[{\"@type\":\"ReadAction\",\"target\":[\"https:\\\/\\\/www.generalmaximus.ch\\\/fr\\\/\"]}]},{\"@type\":\"BreadcrumbList\",\"@id\":\"https:\\\/\\\/www.generalmaximus.ch\\\/fr\\\/#breadcrumb\",\"itemListElement\":[{\"@type\":\"ListItem\",\"position\":1,\"name\":\"Home\",\"item\":\"https:\\\/\\\/www.generalmaximus.ch\\\/fr\\\/\"},{\"@type\":\"ListItem\",\"position\":2,\"name\":\"GenMax\"}]},{\"@type\":\"WebSite\",\"@id\":\"https:\\\/\\\/www.generalmaximus.ch\\\/fr\\\/#website\",\"url\":\"https:\\\/\\\/www.generalmaximus.ch\\\/fr\\\/\",\"name\":\"GenMax de gros\",\"description\":\"\",\"publisher\":{\"@id\":\"https:\\\/\\\/www.generalmaximus.ch\\\/fr\\\/#organization\"},\"alternateName\":\"General Maximus Pet Products\",\"potentialAction\":[{\"@type\":\"SearchAction\",\"target\":{\"@type\":\"EntryPoint\",\"urlTemplate\":\"https:\\\/\\\/www.generalmaximus.ch\\\/fr\\\/?s={search_term_string}\"},\"query-input\":{\"@type\":\"PropertyValueSpecification\",\"valueRequired\":true,\"valueName\":\"search_term_string\"}}],\"inLanguage\":\"fr-FR\"},{\"@type\":\"Organization\",\"@id\":\"https:\\\/\\\/www.generalmaximus.ch\\\/fr\\\/#organization\",\"name\":\"GenMax Pet Products\",\"alternateName\":\"General Maximus Pet Products\",\"url\":\"https:\\\/\\\/www.generalmaximus.ch\\\/fr\\\/\",\"logo\":{\"@type\":\"ImageObject\",\"inLanguage\":\"fr-FR\",\"@id\":\"https:\\\/\\\/www.generalmaximus.ch\\\/fr\\\/#\\\/schema\\\/logo\\\/image\\\/\",\"url\":\"https:\\\/\\\/www.generalmaximus.ch\\\/wp-content\\\/uploads\\\/2022\\\/12\\\/Pet_Products_Icon_512pix.png\",\"contentUrl\":\"https:\\\/\\\/www.generalmaximus.ch\\\/wp-content\\\/uploads\\\/2022\\\/12\\\/Pet_Products_Icon_512pix.png\",\"width\":512,\"height\":512,\"caption\":\"GenMax Pet Products\"},\"image\":{\"@id\":\"https:\\\/\\\/www.generalmaximus.ch\\\/fr\\\/#\\\/schema\\\/logo\\\/image\\\/\"},\"sameAs\":[\"https:\\\/\\\/www.facebook.com\\\/genmax.ch\",\"https:\\\/\\\/www.instagram\\\/genmax.ch\",\"https:\\\/\\\/www.linkedin.com\\\/company\\\/85862297\"]}]}<\/script>\n<!-- \/ Yoast SEO Premium plugin. -->","yoast_head_json":{"title":"GenMax - GenMax de gros","description":"Cr\u00e9ant les produits pour animaux de compagnie haut de gamme les plus impressionnants au monde, GenMax est un fabricant et vendeur bas\u00e9 en Suisse de lits pour chiens et de produits de qualit\u00e9 pour animaux de compagnie.","robots":{"index":"index","follow":"follow","max-snippet":"max-snippet:-1","max-image-preview":"max-image-preview:large","max-video-preview":"max-video-preview:-1"},"canonical":"https:\/\/www.generalmaximus.ch\/fr\/","og_locale":"fr_FR","og_type":"article","og_title":"GenMax","og_description":"Cr\u00e9ant les produits pour animaux de compagnie haut de gamme les plus impressionnants au monde, GenMax est un fabricant et vendeur bas\u00e9 en Suisse de lits pour chiens et de produits de qualit\u00e9 pour animaux de compagnie.","og_url":"https:\/\/www.generalmaximus.ch\/fr\/","og_site_name":"GenMax de gros","article_publisher":"https:\/\/www.facebook.com\/genmax.ch","article_modified_time":"2026-01-03T22:44:38+00:00","og_image":[{"width":1200,"height":675,"url":"https:\/\/www.generalmaximus.ch\/wp-content\/uploads\/2023\/07\/Yoast-SEO-Site-Image.jpg","type":"image\/jpeg"}],"schema":{"@context":"https:\/\/schema.org","@graph":[{"@type":"WebPage","@id":"https:\/\/www.generalmaximus.ch\/fr\/","url":"https:\/\/www.generalmaximus.ch\/fr\/","name":"GenMax - GenMax de gros","isPartOf":{"@id":"https:\/\/www.generalmaximus.ch\/fr\/#website"},"datePublished":"2022-11-19T04:52:07+00:00","dateModified":"2026-01-03T22:44:38+00:00","description":"Cr\u00e9ant les produits pour animaux de compagnie haut de gamme les plus impressionnants au monde, GenMax est un fabricant et vendeur bas\u00e9 en Suisse de lits pour chiens et de produits de qualit\u00e9 pour animaux de compagnie.","breadcrumb":{"@id":"https:\/\/www.generalmaximus.ch\/fr\/#breadcrumb"},"inLanguage":"fr-FR","potentialAction":[{"@type":"ReadAction","target":["https:\/\/www.generalmaximus.ch\/fr\/"]}]},{"@type":"BreadcrumbList","@id":"https:\/\/www.generalmaximus.ch\/fr\/#breadcrumb","itemListElement":[{"@type":"ListItem","position":1,"name":"Home","item":"https:\/\/www.generalmaximus.ch\/fr\/"},{"@type":"ListItem","position":2,"name":"GenMax"}]},{"@type":"WebSite","@id":"https:\/\/www.generalmaximus.ch\/fr\/#website","url":"https:\/\/www.generalmaximus.ch\/fr\/","name":"GenMax de gros","description":"","publisher":{"@id":"https:\/\/www.generalmaximus.ch\/fr\/#organization"},"alternateName":"General Maximus Pet Products","potentialAction":[{"@type":"SearchAction","target":{"@type":"EntryPoint","urlTemplate":"https:\/\/www.generalmaximus.ch\/fr\/?s={search_term_string}"},"query-input":{"@type":"PropertyValueSpecification","valueRequired":true,"valueName":"search_term_string"}}],"inLanguage":"fr-FR"},{"@type":"Organization","@id":"https:\/\/www.generalmaximus.ch\/fr\/#organization","name":"GenMax Pet Products","alternateName":"General Maximus Pet Products","url":"https:\/\/www.generalmaximus.ch\/fr\/","logo":{"@type":"ImageObject","inLanguage":"fr-FR","@id":"https:\/\/www.generalmaximus.ch\/fr\/#\/schema\/logo\/image\/","url":"https:\/\/www.generalmaximus.ch\/wp-content\/uploads\/2022\/12\/Pet_Products_Icon_512pix.png","contentUrl":"https:\/\/www.generalmaximus.ch\/wp-content\/uploads\/2022\/12\/Pet_Products_Icon_512pix.png","width":512,"height":512,"caption":"GenMax Pet Products"},"image":{"@id":"https:\/\/www.generalmaximus.ch\/fr\/#\/schema\/logo\/image\/"},"sameAs":["https:\/\/www.facebook.com\/genmax.ch","https:\/\/www.instagram\/genmax.ch","https:\/\/www.linkedin.com\/company\/85862297"]}]}},"_links":{"self":[{"href":"https:\/\/www.generalmaximus.ch\/fr\/wp-json\/wp\/v2\/pages\/350","targetHints":{"allow":["GET"]}}],"collection":[{"href":"https:\/\/www.generalmaximus.ch\/fr\/wp-json\/wp\/v2\/pages"}],"about":[{"href":"https:\/\/www.generalmaximus.ch\/fr\/wp-json\/wp\/v2\/types\/page"}],"author":[{"embeddable":true,"href":"https:\/\/www.generalmaximus.ch\/fr\/wp-json\/wp\/v2\/users\/5"}],"replies":[{"embeddable":true,"href":"https:\/\/www.generalmaximus.ch\/fr\/wp-json\/wp\/v2\/comments?post=350"}],"version-history":[{"count":29,"href":"https:\/\/www.generalmaximus.ch\/fr\/wp-json\/wp\/v2\/pages\/350\/revisions"}],"predecessor-version":[{"id":2106,"href":"https:\/\/www.generalmaximus.ch\/fr\/wp-json\/wp\/v2\/pages\/350\/revisions\/2106"}],"wp:attachment":[{"href":"https:\/\/www.generalmaximus.ch\/fr\/wp-json\/wp\/v2\/media?parent=350"}],"curies":[{"name":"wp","href":"https:\/\/api.w.org\/{rel}","templated":true}]}}