{"id":360,"date":"2022-11-23T11:15:54","date_gmt":"2022-11-23T11:15:54","guid":{"rendered":"https:\/\/www.generalmaximus.ch\/pet-products-by-genmax\/"},"modified":"2023-02-15T19:40:27","modified_gmt":"2023-02-15T19:40:27","slug":"pet-products-by-genmax","status":"publish","type":"page","link":"https:\/\/www.generalmaximus.ch\/fr\/pet-products-by-genmax\/","title":{"rendered":"Produits pour animaux de compagnie par GenMax"},"content":{"rendered":"\n\n\n<h2>Produits pour animaux de G\u00e9n\u00e9ral Maximus<\/h2>\n\n\n<h4><strong>Produits pour animaux de compagnie par le G\u00e9n\u00e9ral Maximus. Produits de qualit\u00e9 destin\u00e9s \u00e0 am\u00e9liorer la vie des animaux de compagnie dans le monde entier.<\/strong><\/h4>\n<p><br>Dans sa qu\u00eate d\u2019apporter tout ce qui est bon \u00e0 ses autres animaux de compagnie, le G\u00e9n\u00e9ral Maximus a brav\u00e9 la <img loading=\"lazy\" decoding=\"async\" class=\"wp-image-153 size-medium\" src=\"https:\/\/www.generalmaximus.ch\/wp-content\/uploads\/2017\/05\/max-aaaaa-300x233.jpg\" alt=\"\" width=\"300\" height=\"233\" align=\"right\">Savane de l\u2019Afrique du Sud, travers\u00e9 le Drakensberg, couru dans le Chobe, nag\u00e9 dans l\u2019Okavango, remont\u00e9 le Congo et nag\u00e9 jusqu\u2019au lac Victoria, travers\u00e9 l\u2019Ouganda et \u00e9galement travers\u00e9 la M\u00e9diterran\u00e9e apr\u00e8s \u00eatre pass\u00e9 par le d\u00e9sert du Sahel. Cette qu\u00eate permet de voir ses autres animaux de compagnie profiter du vrai luxe et du confort que chaque animal de compagnie devrait avoir. Les produits pour animaux de compagnie G\u00e9n\u00e9ral Maximus.<br><br><\/p>\n<h3>Attention \u00e0 l&#8217;empreinte de patte de qualit\u00e9!<\/h3>\n<p align=\"center\"><img loading=\"lazy\" decoding=\"async\" class=\"size-full wp-image-190 align=\" src=\"https:\/\/www.generalmaximus.ch\/wp-content\/uploads\/2017\/05\/paw-print-2.jpg\" alt=\"\" width=\"200\" height=\"201\"><\/p>\n<p>&nbsp;<\/p>\n\n\n\n\n\n<h3 style=\"text-align: center;\">General Maximus Pet Products est une marque europ\u00e9enne d\u00e9pos\u00e9e :<\/h3>\n\n\n\n\n\n","protected":false},"excerpt":{"rendered":"","protected":false},"author":5,"featured_media":0,"parent":0,"menu_order":0,"comment_status":"closed","ping_status":"closed","template":"","meta":{"pagelayer_contact_templates":[],"_pagelayer_content":"","footnotes":""},"class_list":["post-360","page","type-page","status-publish","hentry"],"yoast_head":"<!-- This site is optimized with the Yoast SEO Premium plugin v20.10 (Yoast SEO v27.6) - https:\/\/yoast.com\/product\/yoast-seo-premium-wordpress\/ -->\n<title>Produits pour animaux de compagnie par GenMax - GenMax de gros<\/title>\n<meta name=\"robots\" content=\"index, follow, max-snippet:-1, max-image-preview:large, max-video-preview:-1\" \/>\n<link rel=\"canonical\" href=\"https:\/\/www.generalmaximus.ch\/fr\/pet-products-by-genmax\/\" \/>\n<meta property=\"og:locale\" content=\"fr_FR\" \/>\n<meta property=\"og:type\" content=\"article\" \/>\n<meta property=\"og:title\" content=\"Produits pour animaux de compagnie par GenMax\" \/>\n<meta property=\"og:url\" content=\"https:\/\/www.generalmaximus.ch\/fr\/pet-products-by-genmax\/\" \/>\n<meta property=\"og:site_name\" content=\"GenMax de gros\" \/>\n<meta property=\"article:publisher\" content=\"https:\/\/www.facebook.com\/genmax.ch\" \/>\n<meta property=\"article:modified_time\" content=\"2023-02-15T19:40:27+00:00\" \/>\n<meta property=\"og:image\" content=\"https:\/\/www.generalmaximus.ch\/wp-content\/uploads\/2017\/05\/max-aaaaa-300x233.jpg\" \/>\n<script type=\"application\/ld+json\" class=\"yoast-schema-graph\">{\"@context\":\"https:\\\/\\\/schema.org\",\"@graph\":[{\"@type\":\"WebPage\",\"@id\":\"https:\\\/\\\/www.generalmaximus.ch\\\/fr\\\/pet-products-by-genmax\\\/\",\"url\":\"https:\\\/\\\/www.generalmaximus.ch\\\/fr\\\/pet-products-by-genmax\\\/\",\"name\":\"Produits pour animaux de compagnie par GenMax - GenMax de gros\",\"isPartOf\":{\"@id\":\"https:\\\/\\\/www.generalmaximus.ch\\\/fr\\\/#website\"},\"primaryImageOfPage\":{\"@id\":\"https:\\\/\\\/www.generalmaximus.ch\\\/fr\\\/pet-products-by-genmax\\\/#primaryimage\"},\"image\":{\"@id\":\"https:\\\/\\\/www.generalmaximus.ch\\\/fr\\\/pet-products-by-genmax\\\/#primaryimage\"},\"thumbnailUrl\":\"https:\\\/\\\/www.generalmaximus.ch\\\/wp-content\\\/uploads\\\/2017\\\/05\\\/max-aaaaa-300x233.jpg\",\"datePublished\":\"2022-11-23T11:15:54+00:00\",\"dateModified\":\"2023-02-15T19:40:27+00:00\",\"breadcrumb\":{\"@id\":\"https:\\\/\\\/www.generalmaximus.ch\\\/fr\\\/pet-products-by-genmax\\\/#breadcrumb\"},\"inLanguage\":\"fr-FR\",\"potentialAction\":[{\"@type\":\"ReadAction\",\"target\":[\"https:\\\/\\\/www.generalmaximus.ch\\\/fr\\\/pet-products-by-genmax\\\/\"]}]},{\"@type\":\"ImageObject\",\"inLanguage\":\"fr-FR\",\"@id\":\"https:\\\/\\\/www.generalmaximus.ch\\\/fr\\\/pet-products-by-genmax\\\/#primaryimage\",\"url\":\"https:\\\/\\\/www.generalmaximus.ch\\\/wp-content\\\/uploads\\\/2017\\\/05\\\/max-aaaaa-300x233.jpg\",\"contentUrl\":\"https:\\\/\\\/www.generalmaximus.ch\\\/wp-content\\\/uploads\\\/2017\\\/05\\\/max-aaaaa-300x233.jpg\"},{\"@type\":\"BreadcrumbList\",\"@id\":\"https:\\\/\\\/www.generalmaximus.ch\\\/fr\\\/pet-products-by-genmax\\\/#breadcrumb\",\"itemListElement\":[{\"@type\":\"ListItem\",\"position\":1,\"name\":\"Home\",\"item\":\"https:\\\/\\\/www.generalmaximus.ch\\\/fr\\\/\"},{\"@type\":\"ListItem\",\"position\":2,\"name\":\"Produits pour animaux de compagnie par GenMax\"}]},{\"@type\":\"WebSite\",\"@id\":\"https:\\\/\\\/www.generalmaximus.ch\\\/fr\\\/#website\",\"url\":\"https:\\\/\\\/www.generalmaximus.ch\\\/fr\\\/\",\"name\":\"GenMax de gros\",\"description\":\"\",\"publisher\":{\"@id\":\"https:\\\/\\\/www.generalmaximus.ch\\\/fr\\\/#organization\"},\"alternateName\":\"General Maximus Pet Products\",\"potentialAction\":[{\"@type\":\"SearchAction\",\"target\":{\"@type\":\"EntryPoint\",\"urlTemplate\":\"https:\\\/\\\/www.generalmaximus.ch\\\/fr\\\/?s={search_term_string}\"},\"query-input\":{\"@type\":\"PropertyValueSpecification\",\"valueRequired\":true,\"valueName\":\"search_term_string\"}}],\"inLanguage\":\"fr-FR\"},{\"@type\":\"Organization\",\"@id\":\"https:\\\/\\\/www.generalmaximus.ch\\\/fr\\\/#organization\",\"name\":\"GenMax Pet Products\",\"alternateName\":\"General Maximus Pet Products\",\"url\":\"https:\\\/\\\/www.generalmaximus.ch\\\/fr\\\/\",\"logo\":{\"@type\":\"ImageObject\",\"inLanguage\":\"fr-FR\",\"@id\":\"https:\\\/\\\/www.generalmaximus.ch\\\/fr\\\/#\\\/schema\\\/logo\\\/image\\\/\",\"url\":\"https:\\\/\\\/www.generalmaximus.ch\\\/wp-content\\\/uploads\\\/2022\\\/12\\\/Pet_Products_Icon_512pix.png\",\"contentUrl\":\"https:\\\/\\\/www.generalmaximus.ch\\\/wp-content\\\/uploads\\\/2022\\\/12\\\/Pet_Products_Icon_512pix.png\",\"width\":512,\"height\":512,\"caption\":\"GenMax Pet Products\"},\"image\":{\"@id\":\"https:\\\/\\\/www.generalmaximus.ch\\\/fr\\\/#\\\/schema\\\/logo\\\/image\\\/\"},\"sameAs\":[\"https:\\\/\\\/www.facebook.com\\\/genmax.ch\",\"https:\\\/\\\/www.instagram\\\/genmax.ch\",\"https:\\\/\\\/www.linkedin.com\\\/company\\\/85862297\"]}]}<\/script>\n<!-- \/ Yoast SEO Premium plugin. -->","yoast_head_json":{"title":"Produits pour animaux de compagnie par GenMax - GenMax de gros","robots":{"index":"index","follow":"follow","max-snippet":"max-snippet:-1","max-image-preview":"max-image-preview:large","max-video-preview":"max-video-preview:-1"},"canonical":"https:\/\/www.generalmaximus.ch\/fr\/pet-products-by-genmax\/","og_locale":"fr_FR","og_type":"article","og_title":"Produits pour animaux de compagnie par GenMax","og_url":"https:\/\/www.generalmaximus.ch\/fr\/pet-products-by-genmax\/","og_site_name":"GenMax de gros","article_publisher":"https:\/\/www.facebook.com\/genmax.ch","article_modified_time":"2023-02-15T19:40:27+00:00","og_image":[{"url":"https:\/\/www.generalmaximus.ch\/wp-content\/uploads\/2017\/05\/max-aaaaa-300x233.jpg","type":"","width":"","height":""}],"schema":{"@context":"https:\/\/schema.org","@graph":[{"@type":"WebPage","@id":"https:\/\/www.generalmaximus.ch\/fr\/pet-products-by-genmax\/","url":"https:\/\/www.generalmaximus.ch\/fr\/pet-products-by-genmax\/","name":"Produits pour animaux de compagnie par GenMax - GenMax de gros","isPartOf":{"@id":"https:\/\/www.generalmaximus.ch\/fr\/#website"},"primaryImageOfPage":{"@id":"https:\/\/www.generalmaximus.ch\/fr\/pet-products-by-genmax\/#primaryimage"},"image":{"@id":"https:\/\/www.generalmaximus.ch\/fr\/pet-products-by-genmax\/#primaryimage"},"thumbnailUrl":"https:\/\/www.generalmaximus.ch\/wp-content\/uploads\/2017\/05\/max-aaaaa-300x233.jpg","datePublished":"2022-11-23T11:15:54+00:00","dateModified":"2023-02-15T19:40:27+00:00","breadcrumb":{"@id":"https:\/\/www.generalmaximus.ch\/fr\/pet-products-by-genmax\/#breadcrumb"},"inLanguage":"fr-FR","potentialAction":[{"@type":"ReadAction","target":["https:\/\/www.generalmaximus.ch\/fr\/pet-products-by-genmax\/"]}]},{"@type":"ImageObject","inLanguage":"fr-FR","@id":"https:\/\/www.generalmaximus.ch\/fr\/pet-products-by-genmax\/#primaryimage","url":"https:\/\/www.generalmaximus.ch\/wp-content\/uploads\/2017\/05\/max-aaaaa-300x233.jpg","contentUrl":"https:\/\/www.generalmaximus.ch\/wp-content\/uploads\/2017\/05\/max-aaaaa-300x233.jpg"},{"@type":"BreadcrumbList","@id":"https:\/\/www.generalmaximus.ch\/fr\/pet-products-by-genmax\/#breadcrumb","itemListElement":[{"@type":"ListItem","position":1,"name":"Home","item":"https:\/\/www.generalmaximus.ch\/fr\/"},{"@type":"ListItem","position":2,"name":"Produits pour animaux de compagnie par GenMax"}]},{"@type":"WebSite","@id":"https:\/\/www.generalmaximus.ch\/fr\/#website","url":"https:\/\/www.generalmaximus.ch\/fr\/","name":"GenMax de gros","description":"","publisher":{"@id":"https:\/\/www.generalmaximus.ch\/fr\/#organization"},"alternateName":"General Maximus Pet Products","potentialAction":[{"@type":"SearchAction","target":{"@type":"EntryPoint","urlTemplate":"https:\/\/www.generalmaximus.ch\/fr\/?s={search_term_string}"},"query-input":{"@type":"PropertyValueSpecification","valueRequired":true,"valueName":"search_term_string"}}],"inLanguage":"fr-FR"},{"@type":"Organization","@id":"https:\/\/www.generalmaximus.ch\/fr\/#organization","name":"GenMax Pet Products","alternateName":"General Maximus Pet Products","url":"https:\/\/www.generalmaximus.ch\/fr\/","logo":{"@type":"ImageObject","inLanguage":"fr-FR","@id":"https:\/\/www.generalmaximus.ch\/fr\/#\/schema\/logo\/image\/","url":"https:\/\/www.generalmaximus.ch\/wp-content\/uploads\/2022\/12\/Pet_Products_Icon_512pix.png","contentUrl":"https:\/\/www.generalmaximus.ch\/wp-content\/uploads\/2022\/12\/Pet_Products_Icon_512pix.png","width":512,"height":512,"caption":"GenMax Pet Products"},"image":{"@id":"https:\/\/www.generalmaximus.ch\/fr\/#\/schema\/logo\/image\/"},"sameAs":["https:\/\/www.facebook.com\/genmax.ch","https:\/\/www.instagram\/genmax.ch","https:\/\/www.linkedin.com\/company\/85862297"]}]}},"_links":{"self":[{"href":"https:\/\/www.generalmaximus.ch\/fr\/wp-json\/wp\/v2\/pages\/360","targetHints":{"allow":["GET"]}}],"collection":[{"href":"https:\/\/www.generalmaximus.ch\/fr\/wp-json\/wp\/v2\/pages"}],"about":[{"href":"https:\/\/www.generalmaximus.ch\/fr\/wp-json\/wp\/v2\/types\/page"}],"author":[{"embeddable":true,"href":"https:\/\/www.generalmaximus.ch\/fr\/wp-json\/wp\/v2\/users\/5"}],"replies":[{"embeddable":true,"href":"https:\/\/www.generalmaximus.ch\/fr\/wp-json\/wp\/v2\/comments?post=360"}],"version-history":[{"count":5,"href":"https:\/\/www.generalmaximus.ch\/fr\/wp-json\/wp\/v2\/pages\/360\/revisions"}],"predecessor-version":[{"id":1038,"href":"https:\/\/www.generalmaximus.ch\/fr\/wp-json\/wp\/v2\/pages\/360\/revisions\/1038"}],"wp:attachment":[{"href":"https:\/\/www.generalmaximus.ch\/fr\/wp-json\/wp\/v2\/media?parent=360"}],"curies":[{"name":"wp","href":"https:\/\/api.w.org\/{rel}","templated":true}]}}