{"id":370,"date":"2022-11-23T11:17:13","date_gmt":"2022-11-23T11:17:13","guid":{"rendered":"https:\/\/www.generalmaximus.ch\/who-is-genmax\/"},"modified":"2023-04-21T12:15:25","modified_gmt":"2023-04-21T12:15:25","slug":"who-is-genmax","status":"publish","type":"page","link":"https:\/\/www.generalmaximus.ch\/fr\/who-is-genmax\/","title":{"rendered":"Qui est GenMax ?"},"content":{"rendered":"\r\n\r\n\r\n\r\n\n<h2>Les produits pour animaux de compagnie les plus incroyables au monde!<\/h2>\n\r\n\r\n\n<p>Le G\u00e9n\u00e9ral Maximus est un producteur et vendeur de produits pour animaux de compagnie de qualit\u00e9, ce qui, selon Max, permettra d\u2019am\u00e9liorer la vie de nombreux animaux de compagnie dans le monde entier. Lisez \u00abL\u2019histoire du G\u00e9n\u00e9ral Maximus, le conte d\u2019un berger allemand\u00bb pour savoir pourquoi Max a d\u00e9cid\u00e9 de lancer sa Boutique o\u00f9 les Animaux de Compagnie Gouvernent. <br><br>Offrir les produits Max en ligne et dans les magasins permet de donner aux clients un large choix de lieux pour les acheter. La premi\u00e8re ligne de produits de Max se compose de lits pour chiens, les plus confortables du monde! <br><br><\/p>\n<p><img loading=\"lazy\" decoding=\"async\" class=\"wp-image-182 aligncenter\" style=\"vertical-align: middle;\" src=\"https:\/\/www.generalmaximus.ch\/wp-content\/uploads\/2017\/05\/Maximus-and-Jessica.png\" alt=\"\" width=\"622\" height=\"288\"><\/p>\n<p>Les produits pour animaux domestiques de Max sont disponibles directement chez le G\u00e9n\u00e9ral Maximus ainsi que sur les sites suivants:<br><br><\/p>\n<h2>Partenaires<\/h2>\n<p><a href=\"http:\/\/www.hunde-nah.ch\/\">www.hunde-nah.ch<\/a> l\u00e0 o\u00f9 Echo, le fr\u00e8re choisis du Labrador de Max, offre les produits \u00e0 ses chiens pour s\u2019entra\u00eener et se pr\u00e9parer au grand monde. Avec l\u2019aide enr\u00f4l\u00e9e de ses humains Hugo et Regula, Echo g\u00e8re et dirige Hundeschule Schwitter, l\u2019une des plus belles \u00e9coles de chiens de Suisse \u00e0 Rafz. En outre, Echo s\u2019associe au G\u00e9n\u00e9ral Maximus pour aider \u00e0 livrer les meilleurs produits de Max au monde.  <br><br><\/p>\n<p><a style=\"color: #0056b3; text-decoration-line: underline; transition: all 0.3s ease-in-out 0s; outline: 0px;\" href=\"http:\/\/www.hunde-nah.ch\/\"><img loading=\"lazy\" decoding=\"async\" class=\"aligncenter wp-image-157 size-full\" style=\"vertical-align: middle;\" src=\"https:\/\/www.generalmaximus.ch\/wp-content\/uploads\/2017\/05\/hunde-nah.jpg\" alt=\"\" width=\"628\" height=\"417\"><\/a><\/p>\n<h2>Ressources de vente au d\u00e9tail en ligne<\/h2>\n<p>S&rsquo;il vous pla\u00eet voir : <a href=\"https:\/\/www.generalmaximus.ch\/fr\/ou-acheter\/\">O\u00f9 puis-je acheter? (Cliquez ici) <\/a><\/p>\n<p>&nbsp;<\/p>\n","protected":false},"excerpt":{"rendered":"<p>&nbsp;<\/p>\n","protected":false},"author":5,"featured_media":0,"parent":0,"menu_order":0,"comment_status":"closed","ping_status":"closed","template":"","meta":{"pagelayer_contact_templates":[],"_pagelayer_content":"","footnotes":""},"class_list":["post-370","page","type-page","status-publish","hentry"],"yoast_head":"<!-- This site is optimized with the Yoast SEO Premium plugin v20.10 (Yoast SEO v27.6) - https:\/\/yoast.com\/product\/yoast-seo-premium-wordpress\/ -->\n<title>Qui est GenMax ? - GenMax de gros<\/title>\n<meta name=\"robots\" content=\"index, follow, max-snippet:-1, max-image-preview:large, max-video-preview:-1\" \/>\n<link rel=\"canonical\" href=\"https:\/\/www.generalmaximus.ch\/fr\/who-is-genmax\/\" \/>\n<meta property=\"og:locale\" content=\"fr_FR\" \/>\n<meta property=\"og:type\" content=\"article\" \/>\n<meta property=\"og:title\" content=\"Qui est GenMax ?\" \/>\n<meta property=\"og:description\" content=\"&nbsp;\" \/>\n<meta property=\"og:url\" content=\"https:\/\/www.generalmaximus.ch\/fr\/who-is-genmax\/\" \/>\n<meta property=\"og:site_name\" content=\"GenMax de gros\" \/>\n<meta property=\"article:publisher\" content=\"https:\/\/www.facebook.com\/genmax.ch\" \/>\n<meta property=\"article:modified_time\" content=\"2023-04-21T12:15:25+00:00\" \/>\n<meta property=\"og:image\" content=\"https:\/\/www.generalmaximus.ch\/wp-content\/uploads\/2017\/05\/Maximus-and-Jessica.png\" \/>\n<script type=\"application\/ld+json\" class=\"yoast-schema-graph\">{\"@context\":\"https:\\\/\\\/schema.org\",\"@graph\":[{\"@type\":\"WebPage\",\"@id\":\"https:\\\/\\\/www.generalmaximus.ch\\\/fr\\\/who-is-genmax\\\/\",\"url\":\"https:\\\/\\\/www.generalmaximus.ch\\\/fr\\\/who-is-genmax\\\/\",\"name\":\"Qui est GenMax ? - GenMax de gros\",\"isPartOf\":{\"@id\":\"https:\\\/\\\/www.generalmaximus.ch\\\/fr\\\/#website\"},\"primaryImageOfPage\":{\"@id\":\"https:\\\/\\\/www.generalmaximus.ch\\\/fr\\\/who-is-genmax\\\/#primaryimage\"},\"image\":{\"@id\":\"https:\\\/\\\/www.generalmaximus.ch\\\/fr\\\/who-is-genmax\\\/#primaryimage\"},\"thumbnailUrl\":\"https:\\\/\\\/www.generalmaximus.ch\\\/wp-content\\\/uploads\\\/2017\\\/05\\\/Maximus-and-Jessica.png\",\"datePublished\":\"2022-11-23T11:17:13+00:00\",\"dateModified\":\"2023-04-21T12:15:25+00:00\",\"breadcrumb\":{\"@id\":\"https:\\\/\\\/www.generalmaximus.ch\\\/fr\\\/who-is-genmax\\\/#breadcrumb\"},\"inLanguage\":\"fr-FR\",\"potentialAction\":[{\"@type\":\"ReadAction\",\"target\":[\"https:\\\/\\\/www.generalmaximus.ch\\\/fr\\\/who-is-genmax\\\/\"]}]},{\"@type\":\"ImageObject\",\"inLanguage\":\"fr-FR\",\"@id\":\"https:\\\/\\\/www.generalmaximus.ch\\\/fr\\\/who-is-genmax\\\/#primaryimage\",\"url\":\"https:\\\/\\\/www.generalmaximus.ch\\\/wp-content\\\/uploads\\\/2017\\\/05\\\/Maximus-and-Jessica.png\",\"contentUrl\":\"https:\\\/\\\/www.generalmaximus.ch\\\/wp-content\\\/uploads\\\/2017\\\/05\\\/Maximus-and-Jessica.png\"},{\"@type\":\"BreadcrumbList\",\"@id\":\"https:\\\/\\\/www.generalmaximus.ch\\\/fr\\\/who-is-genmax\\\/#breadcrumb\",\"itemListElement\":[{\"@type\":\"ListItem\",\"position\":1,\"name\":\"Home\",\"item\":\"https:\\\/\\\/www.generalmaximus.ch\\\/fr\\\/\"},{\"@type\":\"ListItem\",\"position\":2,\"name\":\"Qui est GenMax ?\"}]},{\"@type\":\"WebSite\",\"@id\":\"https:\\\/\\\/www.generalmaximus.ch\\\/fr\\\/#website\",\"url\":\"https:\\\/\\\/www.generalmaximus.ch\\\/fr\\\/\",\"name\":\"GenMax de gros\",\"description\":\"\",\"publisher\":{\"@id\":\"https:\\\/\\\/www.generalmaximus.ch\\\/fr\\\/#organization\"},\"alternateName\":\"General Maximus Pet Products\",\"potentialAction\":[{\"@type\":\"SearchAction\",\"target\":{\"@type\":\"EntryPoint\",\"urlTemplate\":\"https:\\\/\\\/www.generalmaximus.ch\\\/fr\\\/?s={search_term_string}\"},\"query-input\":{\"@type\":\"PropertyValueSpecification\",\"valueRequired\":true,\"valueName\":\"search_term_string\"}}],\"inLanguage\":\"fr-FR\"},{\"@type\":\"Organization\",\"@id\":\"https:\\\/\\\/www.generalmaximus.ch\\\/fr\\\/#organization\",\"name\":\"GenMax Pet Products\",\"alternateName\":\"General Maximus Pet Products\",\"url\":\"https:\\\/\\\/www.generalmaximus.ch\\\/fr\\\/\",\"logo\":{\"@type\":\"ImageObject\",\"inLanguage\":\"fr-FR\",\"@id\":\"https:\\\/\\\/www.generalmaximus.ch\\\/fr\\\/#\\\/schema\\\/logo\\\/image\\\/\",\"url\":\"https:\\\/\\\/www.generalmaximus.ch\\\/wp-content\\\/uploads\\\/2022\\\/12\\\/Pet_Products_Icon_512pix.png\",\"contentUrl\":\"https:\\\/\\\/www.generalmaximus.ch\\\/wp-content\\\/uploads\\\/2022\\\/12\\\/Pet_Products_Icon_512pix.png\",\"width\":512,\"height\":512,\"caption\":\"GenMax Pet Products\"},\"image\":{\"@id\":\"https:\\\/\\\/www.generalmaximus.ch\\\/fr\\\/#\\\/schema\\\/logo\\\/image\\\/\"},\"sameAs\":[\"https:\\\/\\\/www.facebook.com\\\/genmax.ch\",\"https:\\\/\\\/www.instagram\\\/genmax.ch\",\"https:\\\/\\\/www.linkedin.com\\\/company\\\/85862297\"]}]}<\/script>\n<!-- \/ Yoast SEO Premium plugin. -->","yoast_head_json":{"title":"Qui est GenMax ? - GenMax de gros","robots":{"index":"index","follow":"follow","max-snippet":"max-snippet:-1","max-image-preview":"max-image-preview:large","max-video-preview":"max-video-preview:-1"},"canonical":"https:\/\/www.generalmaximus.ch\/fr\/who-is-genmax\/","og_locale":"fr_FR","og_type":"article","og_title":"Qui est GenMax ?","og_description":"&nbsp;","og_url":"https:\/\/www.generalmaximus.ch\/fr\/who-is-genmax\/","og_site_name":"GenMax de gros","article_publisher":"https:\/\/www.facebook.com\/genmax.ch","article_modified_time":"2023-04-21T12:15:25+00:00","og_image":[{"url":"https:\/\/www.generalmaximus.ch\/wp-content\/uploads\/2017\/05\/Maximus-and-Jessica.png","type":"","width":"","height":""}],"schema":{"@context":"https:\/\/schema.org","@graph":[{"@type":"WebPage","@id":"https:\/\/www.generalmaximus.ch\/fr\/who-is-genmax\/","url":"https:\/\/www.generalmaximus.ch\/fr\/who-is-genmax\/","name":"Qui est GenMax ? - GenMax de gros","isPartOf":{"@id":"https:\/\/www.generalmaximus.ch\/fr\/#website"},"primaryImageOfPage":{"@id":"https:\/\/www.generalmaximus.ch\/fr\/who-is-genmax\/#primaryimage"},"image":{"@id":"https:\/\/www.generalmaximus.ch\/fr\/who-is-genmax\/#primaryimage"},"thumbnailUrl":"https:\/\/www.generalmaximus.ch\/wp-content\/uploads\/2017\/05\/Maximus-and-Jessica.png","datePublished":"2022-11-23T11:17:13+00:00","dateModified":"2023-04-21T12:15:25+00:00","breadcrumb":{"@id":"https:\/\/www.generalmaximus.ch\/fr\/who-is-genmax\/#breadcrumb"},"inLanguage":"fr-FR","potentialAction":[{"@type":"ReadAction","target":["https:\/\/www.generalmaximus.ch\/fr\/who-is-genmax\/"]}]},{"@type":"ImageObject","inLanguage":"fr-FR","@id":"https:\/\/www.generalmaximus.ch\/fr\/who-is-genmax\/#primaryimage","url":"https:\/\/www.generalmaximus.ch\/wp-content\/uploads\/2017\/05\/Maximus-and-Jessica.png","contentUrl":"https:\/\/www.generalmaximus.ch\/wp-content\/uploads\/2017\/05\/Maximus-and-Jessica.png"},{"@type":"BreadcrumbList","@id":"https:\/\/www.generalmaximus.ch\/fr\/who-is-genmax\/#breadcrumb","itemListElement":[{"@type":"ListItem","position":1,"name":"Home","item":"https:\/\/www.generalmaximus.ch\/fr\/"},{"@type":"ListItem","position":2,"name":"Qui est GenMax ?"}]},{"@type":"WebSite","@id":"https:\/\/www.generalmaximus.ch\/fr\/#website","url":"https:\/\/www.generalmaximus.ch\/fr\/","name":"GenMax de gros","description":"","publisher":{"@id":"https:\/\/www.generalmaximus.ch\/fr\/#organization"},"alternateName":"General Maximus Pet Products","potentialAction":[{"@type":"SearchAction","target":{"@type":"EntryPoint","urlTemplate":"https:\/\/www.generalmaximus.ch\/fr\/?s={search_term_string}"},"query-input":{"@type":"PropertyValueSpecification","valueRequired":true,"valueName":"search_term_string"}}],"inLanguage":"fr-FR"},{"@type":"Organization","@id":"https:\/\/www.generalmaximus.ch\/fr\/#organization","name":"GenMax Pet Products","alternateName":"General Maximus Pet Products","url":"https:\/\/www.generalmaximus.ch\/fr\/","logo":{"@type":"ImageObject","inLanguage":"fr-FR","@id":"https:\/\/www.generalmaximus.ch\/fr\/#\/schema\/logo\/image\/","url":"https:\/\/www.generalmaximus.ch\/wp-content\/uploads\/2022\/12\/Pet_Products_Icon_512pix.png","contentUrl":"https:\/\/www.generalmaximus.ch\/wp-content\/uploads\/2022\/12\/Pet_Products_Icon_512pix.png","width":512,"height":512,"caption":"GenMax Pet Products"},"image":{"@id":"https:\/\/www.generalmaximus.ch\/fr\/#\/schema\/logo\/image\/"},"sameAs":["https:\/\/www.facebook.com\/genmax.ch","https:\/\/www.instagram\/genmax.ch","https:\/\/www.linkedin.com\/company\/85862297"]}]}},"_links":{"self":[{"href":"https:\/\/www.generalmaximus.ch\/fr\/wp-json\/wp\/v2\/pages\/370","targetHints":{"allow":["GET"]}}],"collection":[{"href":"https:\/\/www.generalmaximus.ch\/fr\/wp-json\/wp\/v2\/pages"}],"about":[{"href":"https:\/\/www.generalmaximus.ch\/fr\/wp-json\/wp\/v2\/types\/page"}],"author":[{"embeddable":true,"href":"https:\/\/www.generalmaximus.ch\/fr\/wp-json\/wp\/v2\/users\/5"}],"replies":[{"embeddable":true,"href":"https:\/\/www.generalmaximus.ch\/fr\/wp-json\/wp\/v2\/comments?post=370"}],"version-history":[{"count":4,"href":"https:\/\/www.generalmaximus.ch\/fr\/wp-json\/wp\/v2\/pages\/370\/revisions"}],"predecessor-version":[{"id":1268,"href":"https:\/\/www.generalmaximus.ch\/fr\/wp-json\/wp\/v2\/pages\/370\/revisions\/1268"}],"wp:attachment":[{"href":"https:\/\/www.generalmaximus.ch\/fr\/wp-json\/wp\/v2\/media?parent=370"}],"curies":[{"name":"wp","href":"https:\/\/api.w.org\/{rel}","templated":true}]}}