{"id":388,"date":"2022-11-25T12:17:46","date_gmt":"2022-11-25T12:17:46","guid":{"rendered":"https:\/\/www.generalmaximus.ch\/the-maxbed-pillow\/"},"modified":"2025-06-27T17:29:34","modified_gmt":"2025-06-27T17:29:34","slug":"the-maxbed-premium-dog-bed","status":"publish","type":"page","link":"https:\/\/www.generalmaximus.ch\/fr\/the-maxbed-premium-dog-bed\/","title":{"rendered":"Le MaxBed Premium Dog Bed"},"content":{"rendered":"\n\n\n\r\n<h2>The MaxBed \u2013 Premium Dog Bed<\/h2>\r\n\n\n\n\n<p><img loading=\"lazy\" decoding=\"async\" class=\"alignleft\" src=\"https:\/\/www.generalmaximus.ch\/wp-content\/uploads\/2023\/04\/Max_on_MaxBed-PIllow.jpg\" alt=\"\" width=\"332\" height=\"332\">Le lit pour chien MaxBed Premium est enregistr\u00e9 sous le num\u00e9ro d&rsquo;article commercial mondial avec le GTIN 4170000074199. Le MaxBed-Pillow est un nouveau lit pour animaux de compagnie pour le march\u00e9 mondial qui n&rsquo;absorbe pas les odeurs animales, est hypoallerg\u00e9nique, hygi\u00e9nique, non absorbant, r\u00e9sistant \u00e0 l&rsquo;eau et poss\u00e8de des qualit\u00e9s orthop\u00e9diques.<\/p>\n<p>&nbsp;<\/p>\n<p>Ce lit est id\u00e9al pour une utilisation en int\u00e9rieur et convient \u00e9galement pour une utilisation temporaire en ext\u00e9rieur. <u>Comme pour tout produit en tissu, il est d \u00e9conseill\u00e9 de l&rsquo;exposer en permanence \u00e0 la lumi\u00e8re directe du soleil, car celle-ci alt\u00e8re la qualit\u00e9 de la plupart des tissus.<\/u> Il est \u00e0 la fois robuste et durable. Gr\u00e2ce \u00e0 sa construction flexible, le panier pour chien MaxBed Premium s &lsquo;adapte \u00e0 toutes les formes et \u00e0 tous les contenants, tout en conservant sa forme.<\/p>\n<p>&nbsp;<\/p>\n<p>Le lit est facile \u00e0 nettoyer car il ne retient pas les poils d &lsquo;animaux. Vous secouez simplement les cheveux. Il est facile \u00e0 nettoyer en le nettoyant avec un chiffon humide et en essuyant simplement les surfaces sup\u00e9rieures ou autres. Alternativement, pour les situations plus sales, vous pouvez le faire en utilisant un tuyau d &lsquo;arrosage pour pulv\u00e9riser la surface sup\u00e9rieure tout en tenant le lit \u00e0 l &lsquo;envers et en le laissant s &lsquo;\u00e9goutter. Le lit n &lsquo;appr\u00e9ciera pas d &lsquo;\u00eatre tremp\u00e9 dans l &lsquo;eau car il mettra beaucoup de temps \u00e0 s\u00e9cher &#8211; ce n &lsquo;est pas n\u00e9cessaire.<\/p>\n<p>&nbsp;<\/p>\n<p>En raison des mat\u00e9riaux utilis\u00e9s dans la fabrication, le lit reste frais en \u00e9t\u00e9 et offre de la chaleur en hiver.<img loading=\"lazy\" decoding=\"async\" src=\"https:\/\/www.generalmaximus.ch\/wp-content\/uploads\/2022\/11\/Image-MBP-2.jpg\" width=\"250\" height=\"500\" align=\"right\"><\/p>\n<p>&nbsp;<\/p>\n<p>La surface sup\u00e9rieure aide \u00e0 soulager les irritations cutan\u00e9es et aide \u00e9galement \u00e0 pr\u00e9venir la reproduction des parasites.<\/p>\n<p>&nbsp;<\/p>\n<p>C &lsquo;est le lit que votre animal attendait. C &lsquo;est un produit de haute qualit\u00e9, bien fait, con\u00e7u pour apporter de la joie \u00e0 votre animal de compagnie, qu &lsquo;il se repose ou dorme.<\/p>\n<p>&nbsp;<\/p>\n<p>Si vous recherchez un produit unique bon march\u00e9 et de qualit\u00e9 inf\u00e9rieure, ce lit n &lsquo;est pas fait pour votre animal. Le lit pour chien MaxBed Premium est plus garni que la plupart des autres lits et supporte parfaitement le poids de votre animal.<\/p>\n<p>&nbsp;<\/p>\n<p><strong>Disponibilit\u00e9 du lit pour chien MaxBed Premium :<\/strong><\/p>\n<p>&nbsp;<\/p>\n<p>Pour un approvisionnement mondial en gros, les commandes sont d\u00e9sormais possibles ;<\/p>\n<p>Particuliers : le lit est d\u00e9sormais disponible chez : <a href=\"\\&quot;https:\/\/www.generalmaximus.ch\/fr\/ou-acheter\/\\&quot;\">Liste des revendeurs ;<\/a><\/p>\n<p>Pour les revendeurs en ligne en dropshipping en Europe : GenMax propose une solution de dropshipping.<\/p>\n<p>&nbsp;<\/p>\n\n\n\n\n\n\n\n\n\n\n\n\n\n\n\n\n\n\n\n\n","protected":false},"excerpt":{"rendered":"","protected":false},"author":5,"featured_media":0,"parent":0,"menu_order":0,"comment_status":"closed","ping_status":"closed","template":"","meta":{"pagelayer_contact_templates":[],"_pagelayer_content":"","footnotes":""},"class_list":["post-388","page","type-page","status-publish","hentry"],"yoast_head":"<!-- This site is optimized with the Yoast SEO Premium plugin v20.10 (Yoast SEO v27.6) - https:\/\/yoast.com\/product\/yoast-seo-premium-wordpress\/ -->\n<title>Le MaxBed Premium Dog Bed - GenMax de gros<\/title>\n<meta name=\"description\" content=\"Le MaxBed-Pillow est un nouveau lit pour animaux de compagnie pour le march\u00e9 mondial qui n&#039;absorbe pas les odeurs animales, est hypoallerg\u00e9nique, hygi\u00e9nique, non absorbant, r\u00e9sistant \u00e0 l&#039;eau et poss\u00e8de des qualit\u00e9s orthop\u00e9diques.\" \/>\n<meta name=\"robots\" content=\"index, follow, max-snippet:-1, max-image-preview:large, max-video-preview:-1\" \/>\n<link rel=\"canonical\" href=\"https:\/\/www.generalmaximus.ch\/fr\/the-maxbed-premium-dog-bed\/\" \/>\n<meta property=\"og:locale\" content=\"fr_FR\" \/>\n<meta property=\"og:type\" content=\"article\" \/>\n<meta property=\"og:title\" content=\"Le MaxBed Premium Dog Bed\" \/>\n<meta property=\"og:description\" content=\"Le MaxBed-Pillow est un nouveau lit pour animaux de compagnie pour le march\u00e9 mondial qui n&#039;absorbe pas les odeurs animales, est hypoallerg\u00e9nique, hygi\u00e9nique, non absorbant, r\u00e9sistant \u00e0 l&#039;eau et poss\u00e8de des qualit\u00e9s orthop\u00e9diques.\" \/>\n<meta property=\"og:url\" content=\"https:\/\/www.generalmaximus.ch\/fr\/the-maxbed-premium-dog-bed\/\" \/>\n<meta property=\"og:site_name\" content=\"GenMax de gros\" \/>\n<meta property=\"article:publisher\" content=\"https:\/\/www.facebook.com\/genmax.ch\" \/>\n<meta property=\"article:modified_time\" content=\"2025-06-27T17:29:34+00:00\" \/>\n<meta property=\"og:image\" content=\"https:\/\/www.generalmaximus.ch\/wp-content\/uploads\/2023\/04\/Max_on_MaxBed-PIllow.jpg\" \/>\n<script type=\"application\/ld+json\" class=\"yoast-schema-graph\">{\"@context\":\"https:\\\/\\\/schema.org\",\"@graph\":[{\"@type\":\"WebPage\",\"@id\":\"https:\\\/\\\/www.generalmaximus.ch\\\/fr\\\/the-maxbed-premium-dog-bed\\\/\",\"url\":\"https:\\\/\\\/www.generalmaximus.ch\\\/fr\\\/the-maxbed-premium-dog-bed\\\/\",\"name\":\"Le MaxBed Premium Dog Bed - GenMax de gros\",\"isPartOf\":{\"@id\":\"https:\\\/\\\/www.generalmaximus.ch\\\/fr\\\/#website\"},\"primaryImageOfPage\":{\"@id\":\"https:\\\/\\\/www.generalmaximus.ch\\\/fr\\\/the-maxbed-premium-dog-bed\\\/#primaryimage\"},\"image\":{\"@id\":\"https:\\\/\\\/www.generalmaximus.ch\\\/fr\\\/the-maxbed-premium-dog-bed\\\/#primaryimage\"},\"thumbnailUrl\":\"https:\\\/\\\/www.generalmaximus.ch\\\/wp-content\\\/uploads\\\/2023\\\/04\\\/Max_on_MaxBed-PIllow.jpg\",\"datePublished\":\"2022-11-25T12:17:46+00:00\",\"dateModified\":\"2025-06-27T17:29:34+00:00\",\"description\":\"Le MaxBed-Pillow est un nouveau lit pour animaux de compagnie pour le march\u00e9 mondial qui n'absorbe pas les odeurs animales, est hypoallerg\u00e9nique, hygi\u00e9nique, non absorbant, r\u00e9sistant \u00e0 l'eau et poss\u00e8de des qualit\u00e9s orthop\u00e9diques.\",\"breadcrumb\":{\"@id\":\"https:\\\/\\\/www.generalmaximus.ch\\\/fr\\\/the-maxbed-premium-dog-bed\\\/#breadcrumb\"},\"inLanguage\":\"fr-FR\",\"potentialAction\":[{\"@type\":\"ReadAction\",\"target\":[\"https:\\\/\\\/www.generalmaximus.ch\\\/fr\\\/the-maxbed-premium-dog-bed\\\/\"]}]},{\"@type\":\"ImageObject\",\"inLanguage\":\"fr-FR\",\"@id\":\"https:\\\/\\\/www.generalmaximus.ch\\\/fr\\\/the-maxbed-premium-dog-bed\\\/#primaryimage\",\"url\":\"https:\\\/\\\/www.generalmaximus.ch\\\/wp-content\\\/uploads\\\/2023\\\/04\\\/Max_on_MaxBed-PIllow.jpg\",\"contentUrl\":\"https:\\\/\\\/www.generalmaximus.ch\\\/wp-content\\\/uploads\\\/2023\\\/04\\\/Max_on_MaxBed-PIllow.jpg\"},{\"@type\":\"BreadcrumbList\",\"@id\":\"https:\\\/\\\/www.generalmaximus.ch\\\/fr\\\/the-maxbed-premium-dog-bed\\\/#breadcrumb\",\"itemListElement\":[{\"@type\":\"ListItem\",\"position\":1,\"name\":\"Home\",\"item\":\"https:\\\/\\\/www.generalmaximus.ch\\\/fr\\\/\"},{\"@type\":\"ListItem\",\"position\":2,\"name\":\"Le MaxBed Premium Dog Bed\"}]},{\"@type\":\"WebSite\",\"@id\":\"https:\\\/\\\/www.generalmaximus.ch\\\/fr\\\/#website\",\"url\":\"https:\\\/\\\/www.generalmaximus.ch\\\/fr\\\/\",\"name\":\"GenMax de gros\",\"description\":\"\",\"publisher\":{\"@id\":\"https:\\\/\\\/www.generalmaximus.ch\\\/fr\\\/#organization\"},\"alternateName\":\"General Maximus Pet Products\",\"potentialAction\":[{\"@type\":\"SearchAction\",\"target\":{\"@type\":\"EntryPoint\",\"urlTemplate\":\"https:\\\/\\\/www.generalmaximus.ch\\\/fr\\\/?s={search_term_string}\"},\"query-input\":{\"@type\":\"PropertyValueSpecification\",\"valueRequired\":true,\"valueName\":\"search_term_string\"}}],\"inLanguage\":\"fr-FR\"},{\"@type\":\"Organization\",\"@id\":\"https:\\\/\\\/www.generalmaximus.ch\\\/fr\\\/#organization\",\"name\":\"GenMax Pet Products\",\"alternateName\":\"General Maximus Pet Products\",\"url\":\"https:\\\/\\\/www.generalmaximus.ch\\\/fr\\\/\",\"logo\":{\"@type\":\"ImageObject\",\"inLanguage\":\"fr-FR\",\"@id\":\"https:\\\/\\\/www.generalmaximus.ch\\\/fr\\\/#\\\/schema\\\/logo\\\/image\\\/\",\"url\":\"https:\\\/\\\/www.generalmaximus.ch\\\/wp-content\\\/uploads\\\/2022\\\/12\\\/Pet_Products_Icon_512pix.png\",\"contentUrl\":\"https:\\\/\\\/www.generalmaximus.ch\\\/wp-content\\\/uploads\\\/2022\\\/12\\\/Pet_Products_Icon_512pix.png\",\"width\":512,\"height\":512,\"caption\":\"GenMax Pet Products\"},\"image\":{\"@id\":\"https:\\\/\\\/www.generalmaximus.ch\\\/fr\\\/#\\\/schema\\\/logo\\\/image\\\/\"},\"sameAs\":[\"https:\\\/\\\/www.facebook.com\\\/genmax.ch\",\"https:\\\/\\\/www.instagram\\\/genmax.ch\",\"https:\\\/\\\/www.linkedin.com\\\/company\\\/85862297\"]}]}<\/script>\n<!-- \/ Yoast SEO Premium plugin. -->","yoast_head_json":{"title":"Le MaxBed Premium Dog Bed - GenMax de gros","description":"Le MaxBed-Pillow est un nouveau lit pour animaux de compagnie pour le march\u00e9 mondial qui n'absorbe pas les odeurs animales, est hypoallerg\u00e9nique, hygi\u00e9nique, non absorbant, r\u00e9sistant \u00e0 l'eau et poss\u00e8de des qualit\u00e9s orthop\u00e9diques.","robots":{"index":"index","follow":"follow","max-snippet":"max-snippet:-1","max-image-preview":"max-image-preview:large","max-video-preview":"max-video-preview:-1"},"canonical":"https:\/\/www.generalmaximus.ch\/fr\/the-maxbed-premium-dog-bed\/","og_locale":"fr_FR","og_type":"article","og_title":"Le MaxBed Premium Dog Bed","og_description":"Le MaxBed-Pillow est un nouveau lit pour animaux de compagnie pour le march\u00e9 mondial qui n'absorbe pas les odeurs animales, est hypoallerg\u00e9nique, hygi\u00e9nique, non absorbant, r\u00e9sistant \u00e0 l'eau et poss\u00e8de des qualit\u00e9s orthop\u00e9diques.","og_url":"https:\/\/www.generalmaximus.ch\/fr\/the-maxbed-premium-dog-bed\/","og_site_name":"GenMax de gros","article_publisher":"https:\/\/www.facebook.com\/genmax.ch","article_modified_time":"2025-06-27T17:29:34+00:00","og_image":[{"url":"https:\/\/www.generalmaximus.ch\/wp-content\/uploads\/2023\/04\/Max_on_MaxBed-PIllow.jpg","type":"","width":"","height":""}],"schema":{"@context":"https:\/\/schema.org","@graph":[{"@type":"WebPage","@id":"https:\/\/www.generalmaximus.ch\/fr\/the-maxbed-premium-dog-bed\/","url":"https:\/\/www.generalmaximus.ch\/fr\/the-maxbed-premium-dog-bed\/","name":"Le MaxBed Premium Dog Bed - GenMax de gros","isPartOf":{"@id":"https:\/\/www.generalmaximus.ch\/fr\/#website"},"primaryImageOfPage":{"@id":"https:\/\/www.generalmaximus.ch\/fr\/the-maxbed-premium-dog-bed\/#primaryimage"},"image":{"@id":"https:\/\/www.generalmaximus.ch\/fr\/the-maxbed-premium-dog-bed\/#primaryimage"},"thumbnailUrl":"https:\/\/www.generalmaximus.ch\/wp-content\/uploads\/2023\/04\/Max_on_MaxBed-PIllow.jpg","datePublished":"2022-11-25T12:17:46+00:00","dateModified":"2025-06-27T17:29:34+00:00","description":"Le MaxBed-Pillow est un nouveau lit pour animaux de compagnie pour le march\u00e9 mondial qui n'absorbe pas les odeurs animales, est hypoallerg\u00e9nique, hygi\u00e9nique, non absorbant, r\u00e9sistant \u00e0 l'eau et poss\u00e8de des qualit\u00e9s orthop\u00e9diques.","breadcrumb":{"@id":"https:\/\/www.generalmaximus.ch\/fr\/the-maxbed-premium-dog-bed\/#breadcrumb"},"inLanguage":"fr-FR","potentialAction":[{"@type":"ReadAction","target":["https:\/\/www.generalmaximus.ch\/fr\/the-maxbed-premium-dog-bed\/"]}]},{"@type":"ImageObject","inLanguage":"fr-FR","@id":"https:\/\/www.generalmaximus.ch\/fr\/the-maxbed-premium-dog-bed\/#primaryimage","url":"https:\/\/www.generalmaximus.ch\/wp-content\/uploads\/2023\/04\/Max_on_MaxBed-PIllow.jpg","contentUrl":"https:\/\/www.generalmaximus.ch\/wp-content\/uploads\/2023\/04\/Max_on_MaxBed-PIllow.jpg"},{"@type":"BreadcrumbList","@id":"https:\/\/www.generalmaximus.ch\/fr\/the-maxbed-premium-dog-bed\/#breadcrumb","itemListElement":[{"@type":"ListItem","position":1,"name":"Home","item":"https:\/\/www.generalmaximus.ch\/fr\/"},{"@type":"ListItem","position":2,"name":"Le MaxBed Premium Dog Bed"}]},{"@type":"WebSite","@id":"https:\/\/www.generalmaximus.ch\/fr\/#website","url":"https:\/\/www.generalmaximus.ch\/fr\/","name":"GenMax de gros","description":"","publisher":{"@id":"https:\/\/www.generalmaximus.ch\/fr\/#organization"},"alternateName":"General Maximus Pet Products","potentialAction":[{"@type":"SearchAction","target":{"@type":"EntryPoint","urlTemplate":"https:\/\/www.generalmaximus.ch\/fr\/?s={search_term_string}"},"query-input":{"@type":"PropertyValueSpecification","valueRequired":true,"valueName":"search_term_string"}}],"inLanguage":"fr-FR"},{"@type":"Organization","@id":"https:\/\/www.generalmaximus.ch\/fr\/#organization","name":"GenMax Pet Products","alternateName":"General Maximus Pet Products","url":"https:\/\/www.generalmaximus.ch\/fr\/","logo":{"@type":"ImageObject","inLanguage":"fr-FR","@id":"https:\/\/www.generalmaximus.ch\/fr\/#\/schema\/logo\/image\/","url":"https:\/\/www.generalmaximus.ch\/wp-content\/uploads\/2022\/12\/Pet_Products_Icon_512pix.png","contentUrl":"https:\/\/www.generalmaximus.ch\/wp-content\/uploads\/2022\/12\/Pet_Products_Icon_512pix.png","width":512,"height":512,"caption":"GenMax Pet Products"},"image":{"@id":"https:\/\/www.generalmaximus.ch\/fr\/#\/schema\/logo\/image\/"},"sameAs":["https:\/\/www.facebook.com\/genmax.ch","https:\/\/www.instagram\/genmax.ch","https:\/\/www.linkedin.com\/company\/85862297"]}]}},"_links":{"self":[{"href":"https:\/\/www.generalmaximus.ch\/fr\/wp-json\/wp\/v2\/pages\/388","targetHints":{"allow":["GET"]}}],"collection":[{"href":"https:\/\/www.generalmaximus.ch\/fr\/wp-json\/wp\/v2\/pages"}],"about":[{"href":"https:\/\/www.generalmaximus.ch\/fr\/wp-json\/wp\/v2\/types\/page"}],"author":[{"embeddable":true,"href":"https:\/\/www.generalmaximus.ch\/fr\/wp-json\/wp\/v2\/users\/5"}],"replies":[{"embeddable":true,"href":"https:\/\/www.generalmaximus.ch\/fr\/wp-json\/wp\/v2\/comments?post=388"}],"version-history":[{"count":23,"href":"https:\/\/www.generalmaximus.ch\/fr\/wp-json\/wp\/v2\/pages\/388\/revisions"}],"predecessor-version":[{"id":2049,"href":"https:\/\/www.generalmaximus.ch\/fr\/wp-json\/wp\/v2\/pages\/388\/revisions\/2049"}],"wp:attachment":[{"href":"https:\/\/www.generalmaximus.ch\/fr\/wp-json\/wp\/v2\/media?parent=388"}],"curies":[{"name":"wp","href":"https:\/\/api.w.org\/{rel}","templated":true}]}}