{"id":397,"date":"2022-11-25T13:19:31","date_gmt":"2022-11-25T13:19:31","guid":{"rendered":"https:\/\/www.generalmaximus.ch\/the-maxbed-mattress\/"},"modified":"2023-10-30T16:47:51","modified_gmt":"2023-10-30T16:47:51","slug":"the-maxbed-mattress","status":"publish","type":"page","link":"https:\/\/www.generalmaximus.ch\/fr\/the-maxbed-mattress\/","title":{"rendered":"Le MaxBed-Mattress (Matelas)"},"content":{"rendered":"\n\n\n<h2>Le MaxBed-Mattress (Matelas)<\/h2>\n\n\n\n\n\n<p><img decoding=\"async\" src=\"https:\/\/www.generalmaximus.ch\/wp-content\/uploads\/2022\/11\/MaxBed-Matterass-products-1.jpg\" width=\"350\" align=\"left\">Le MaxBed-Mattress est un lit pour animaux de compagnie de haute qualit\u00e9 fabriqu\u00e9 sous la forme d&rsquo;un matelas rectangulaire. Le lit a \u00e9t\u00e9 con\u00e7u pour offrir un soutien orthop\u00e9dique aux animaux de compagnie de tout poids et de toute taille. Je suis all\u00e9 voir mes plus grands amis et j&rsquo;ai d\u00e9couvert que m\u00eame un animal de compagnie de 90 kg ne toucherait pas le sol lorsqu&rsquo;il \u00e9tait allong\u00e9 sur le lit. C&rsquo;est un bon lit, un lit qui supporte le poids du corps et offre un maximum de confort. La couche sup\u00e9rieure, en mousse \u00e0 m\u00e9moire de forme, \u00e9pouse \u00e9galement la forme de votre corps tandis que la couche inf\u00e9rieure maintient votre dos droit.    <br><br>Le lit a \u00e9galement \u00e9t\u00e9 con\u00e7u pour \u00eatre r\u00e9sistant \u00e0 l&rsquo;eau lorsque nous avons ces malheureux petits accidents. Il doit \u00e9galement \u00eatre nettoy\u00e9 facilement et pour cela, j&rsquo;ai demand\u00e9 \u00e0 mon designer humain d&rsquo;ajouter une housse int\u00e9rieure amovible et r\u00e9sistante \u00e0 l&rsquo;eau. <br><br>Comme le lit doit \u00eatre super confortable, j&rsquo;ai inclus une housse r\u00e9sistante \u00e0 l&rsquo;eau mais toujours en tissu super doux au toucher. Ce n&rsquo;est pas un tissu doux, en fait il est assez solide mais a ce toucher super doux. <br><br>Pour faciliter la vie de votre humain et pour que notre lit reste frais, j&rsquo;ai inclus une couverture suppl\u00e9mentaire gratuite.<br><br>Le MaxBed &#8211; Mattress est propos\u00e9 en trois tailles :<br><br>1. La Jessica &#8211; pour nos petits amis : 60 cm x 45 cm x 12 cm.<br>2. L&rsquo;Echo &#8211; pour nos amis moyens : 85 cm x 55 cm x 12 cm.<br>3. Le Maximus &#8211; pour nos grands amis : 100 cm x 85 cm x 13 cm.<\/p>\n\n\n\n\n\n\n<p>&nbsp;<\/p>\n\n\n\n\n\n\n\n\n\n","protected":false},"excerpt":{"rendered":"","protected":false},"author":5,"featured_media":0,"parent":0,"menu_order":0,"comment_status":"closed","ping_status":"closed","template":"","meta":{"pagelayer_contact_templates":[],"_pagelayer_content":"","footnotes":""},"class_list":["post-397","page","type-page","status-publish","hentry"],"yoast_head":"<!-- This site is optimized with the Yoast SEO Premium plugin v20.10 (Yoast SEO v27.6) - https:\/\/yoast.com\/product\/yoast-seo-premium-wordpress\/ -->\n<title>Le MaxBed-Mattress (Matelas) - GenMax de gros<\/title>\n<meta name=\"robots\" content=\"index, follow, max-snippet:-1, max-image-preview:large, max-video-preview:-1\" \/>\n<link rel=\"canonical\" href=\"https:\/\/www.generalmaximus.ch\/fr\/the-maxbed-mattress\/\" \/>\n<meta property=\"og:locale\" content=\"fr_FR\" \/>\n<meta property=\"og:type\" content=\"article\" \/>\n<meta property=\"og:title\" content=\"Le MaxBed-Mattress (Matelas)\" \/>\n<meta property=\"og:url\" content=\"https:\/\/www.generalmaximus.ch\/fr\/the-maxbed-mattress\/\" \/>\n<meta property=\"og:site_name\" content=\"GenMax de gros\" \/>\n<meta property=\"article:publisher\" content=\"https:\/\/www.facebook.com\/genmax.ch\" \/>\n<meta property=\"article:modified_time\" content=\"2023-10-30T16:47:51+00:00\" \/>\n<meta property=\"og:image\" content=\"https:\/\/www.generalmaximus.ch\/wp-content\/uploads\/2022\/11\/MaxBed-Matterass-products-1.jpg\" \/>\n<script type=\"application\/ld+json\" class=\"yoast-schema-graph\">{\"@context\":\"https:\\\/\\\/schema.org\",\"@graph\":[{\"@type\":\"WebPage\",\"@id\":\"https:\\\/\\\/www.generalmaximus.ch\\\/fr\\\/the-maxbed-mattress\\\/\",\"url\":\"https:\\\/\\\/www.generalmaximus.ch\\\/fr\\\/the-maxbed-mattress\\\/\",\"name\":\"Le MaxBed-Mattress (Matelas) - GenMax de gros\",\"isPartOf\":{\"@id\":\"https:\\\/\\\/www.generalmaximus.ch\\\/fr\\\/#website\"},\"primaryImageOfPage\":{\"@id\":\"https:\\\/\\\/www.generalmaximus.ch\\\/fr\\\/the-maxbed-mattress\\\/#primaryimage\"},\"image\":{\"@id\":\"https:\\\/\\\/www.generalmaximus.ch\\\/fr\\\/the-maxbed-mattress\\\/#primaryimage\"},\"thumbnailUrl\":\"https:\\\/\\\/www.generalmaximus.ch\\\/wp-content\\\/uploads\\\/2022\\\/11\\\/MaxBed-Matterass-products-1.jpg\",\"datePublished\":\"2022-11-25T13:19:31+00:00\",\"dateModified\":\"2023-10-30T16:47:51+00:00\",\"breadcrumb\":{\"@id\":\"https:\\\/\\\/www.generalmaximus.ch\\\/fr\\\/the-maxbed-mattress\\\/#breadcrumb\"},\"inLanguage\":\"fr-FR\",\"potentialAction\":[{\"@type\":\"ReadAction\",\"target\":[\"https:\\\/\\\/www.generalmaximus.ch\\\/fr\\\/the-maxbed-mattress\\\/\"]}]},{\"@type\":\"ImageObject\",\"inLanguage\":\"fr-FR\",\"@id\":\"https:\\\/\\\/www.generalmaximus.ch\\\/fr\\\/the-maxbed-mattress\\\/#primaryimage\",\"url\":\"https:\\\/\\\/www.generalmaximus.ch\\\/wp-content\\\/uploads\\\/2022\\\/11\\\/MaxBed-Matterass-products-1.jpg\",\"contentUrl\":\"https:\\\/\\\/www.generalmaximus.ch\\\/wp-content\\\/uploads\\\/2022\\\/11\\\/MaxBed-Matterass-products-1.jpg\"},{\"@type\":\"BreadcrumbList\",\"@id\":\"https:\\\/\\\/www.generalmaximus.ch\\\/fr\\\/the-maxbed-mattress\\\/#breadcrumb\",\"itemListElement\":[{\"@type\":\"ListItem\",\"position\":1,\"name\":\"Home\",\"item\":\"https:\\\/\\\/www.generalmaximus.ch\\\/fr\\\/\"},{\"@type\":\"ListItem\",\"position\":2,\"name\":\"Le MaxBed-Mattress (Matelas)\"}]},{\"@type\":\"WebSite\",\"@id\":\"https:\\\/\\\/www.generalmaximus.ch\\\/fr\\\/#website\",\"url\":\"https:\\\/\\\/www.generalmaximus.ch\\\/fr\\\/\",\"name\":\"GenMax de gros\",\"description\":\"\",\"publisher\":{\"@id\":\"https:\\\/\\\/www.generalmaximus.ch\\\/fr\\\/#organization\"},\"alternateName\":\"General Maximus Pet Products\",\"potentialAction\":[{\"@type\":\"SearchAction\",\"target\":{\"@type\":\"EntryPoint\",\"urlTemplate\":\"https:\\\/\\\/www.generalmaximus.ch\\\/fr\\\/?s={search_term_string}\"},\"query-input\":{\"@type\":\"PropertyValueSpecification\",\"valueRequired\":true,\"valueName\":\"search_term_string\"}}],\"inLanguage\":\"fr-FR\"},{\"@type\":\"Organization\",\"@id\":\"https:\\\/\\\/www.generalmaximus.ch\\\/fr\\\/#organization\",\"name\":\"GenMax Pet Products\",\"alternateName\":\"General Maximus Pet Products\",\"url\":\"https:\\\/\\\/www.generalmaximus.ch\\\/fr\\\/\",\"logo\":{\"@type\":\"ImageObject\",\"inLanguage\":\"fr-FR\",\"@id\":\"https:\\\/\\\/www.generalmaximus.ch\\\/fr\\\/#\\\/schema\\\/logo\\\/image\\\/\",\"url\":\"https:\\\/\\\/www.generalmaximus.ch\\\/wp-content\\\/uploads\\\/2022\\\/12\\\/Pet_Products_Icon_512pix.png\",\"contentUrl\":\"https:\\\/\\\/www.generalmaximus.ch\\\/wp-content\\\/uploads\\\/2022\\\/12\\\/Pet_Products_Icon_512pix.png\",\"width\":512,\"height\":512,\"caption\":\"GenMax Pet Products\"},\"image\":{\"@id\":\"https:\\\/\\\/www.generalmaximus.ch\\\/fr\\\/#\\\/schema\\\/logo\\\/image\\\/\"},\"sameAs\":[\"https:\\\/\\\/www.facebook.com\\\/genmax.ch\",\"https:\\\/\\\/www.instagram\\\/genmax.ch\",\"https:\\\/\\\/www.linkedin.com\\\/company\\\/85862297\"]}]}<\/script>\n<!-- \/ Yoast SEO Premium plugin. -->","yoast_head_json":{"title":"Le MaxBed-Mattress (Matelas) - GenMax de gros","robots":{"index":"index","follow":"follow","max-snippet":"max-snippet:-1","max-image-preview":"max-image-preview:large","max-video-preview":"max-video-preview:-1"},"canonical":"https:\/\/www.generalmaximus.ch\/fr\/the-maxbed-mattress\/","og_locale":"fr_FR","og_type":"article","og_title":"Le MaxBed-Mattress (Matelas)","og_url":"https:\/\/www.generalmaximus.ch\/fr\/the-maxbed-mattress\/","og_site_name":"GenMax de gros","article_publisher":"https:\/\/www.facebook.com\/genmax.ch","article_modified_time":"2023-10-30T16:47:51+00:00","og_image":[{"url":"https:\/\/www.generalmaximus.ch\/wp-content\/uploads\/2022\/11\/MaxBed-Matterass-products-1.jpg","type":"","width":"","height":""}],"schema":{"@context":"https:\/\/schema.org","@graph":[{"@type":"WebPage","@id":"https:\/\/www.generalmaximus.ch\/fr\/the-maxbed-mattress\/","url":"https:\/\/www.generalmaximus.ch\/fr\/the-maxbed-mattress\/","name":"Le MaxBed-Mattress (Matelas) - GenMax de gros","isPartOf":{"@id":"https:\/\/www.generalmaximus.ch\/fr\/#website"},"primaryImageOfPage":{"@id":"https:\/\/www.generalmaximus.ch\/fr\/the-maxbed-mattress\/#primaryimage"},"image":{"@id":"https:\/\/www.generalmaximus.ch\/fr\/the-maxbed-mattress\/#primaryimage"},"thumbnailUrl":"https:\/\/www.generalmaximus.ch\/wp-content\/uploads\/2022\/11\/MaxBed-Matterass-products-1.jpg","datePublished":"2022-11-25T13:19:31+00:00","dateModified":"2023-10-30T16:47:51+00:00","breadcrumb":{"@id":"https:\/\/www.generalmaximus.ch\/fr\/the-maxbed-mattress\/#breadcrumb"},"inLanguage":"fr-FR","potentialAction":[{"@type":"ReadAction","target":["https:\/\/www.generalmaximus.ch\/fr\/the-maxbed-mattress\/"]}]},{"@type":"ImageObject","inLanguage":"fr-FR","@id":"https:\/\/www.generalmaximus.ch\/fr\/the-maxbed-mattress\/#primaryimage","url":"https:\/\/www.generalmaximus.ch\/wp-content\/uploads\/2022\/11\/MaxBed-Matterass-products-1.jpg","contentUrl":"https:\/\/www.generalmaximus.ch\/wp-content\/uploads\/2022\/11\/MaxBed-Matterass-products-1.jpg"},{"@type":"BreadcrumbList","@id":"https:\/\/www.generalmaximus.ch\/fr\/the-maxbed-mattress\/#breadcrumb","itemListElement":[{"@type":"ListItem","position":1,"name":"Home","item":"https:\/\/www.generalmaximus.ch\/fr\/"},{"@type":"ListItem","position":2,"name":"Le MaxBed-Mattress (Matelas)"}]},{"@type":"WebSite","@id":"https:\/\/www.generalmaximus.ch\/fr\/#website","url":"https:\/\/www.generalmaximus.ch\/fr\/","name":"GenMax de gros","description":"","publisher":{"@id":"https:\/\/www.generalmaximus.ch\/fr\/#organization"},"alternateName":"General Maximus Pet Products","potentialAction":[{"@type":"SearchAction","target":{"@type":"EntryPoint","urlTemplate":"https:\/\/www.generalmaximus.ch\/fr\/?s={search_term_string}"},"query-input":{"@type":"PropertyValueSpecification","valueRequired":true,"valueName":"search_term_string"}}],"inLanguage":"fr-FR"},{"@type":"Organization","@id":"https:\/\/www.generalmaximus.ch\/fr\/#organization","name":"GenMax Pet Products","alternateName":"General Maximus Pet Products","url":"https:\/\/www.generalmaximus.ch\/fr\/","logo":{"@type":"ImageObject","inLanguage":"fr-FR","@id":"https:\/\/www.generalmaximus.ch\/fr\/#\/schema\/logo\/image\/","url":"https:\/\/www.generalmaximus.ch\/wp-content\/uploads\/2022\/12\/Pet_Products_Icon_512pix.png","contentUrl":"https:\/\/www.generalmaximus.ch\/wp-content\/uploads\/2022\/12\/Pet_Products_Icon_512pix.png","width":512,"height":512,"caption":"GenMax Pet Products"},"image":{"@id":"https:\/\/www.generalmaximus.ch\/fr\/#\/schema\/logo\/image\/"},"sameAs":["https:\/\/www.facebook.com\/genmax.ch","https:\/\/www.instagram\/genmax.ch","https:\/\/www.linkedin.com\/company\/85862297"]}]}},"_links":{"self":[{"href":"https:\/\/www.generalmaximus.ch\/fr\/wp-json\/wp\/v2\/pages\/397","targetHints":{"allow":["GET"]}}],"collection":[{"href":"https:\/\/www.generalmaximus.ch\/fr\/wp-json\/wp\/v2\/pages"}],"about":[{"href":"https:\/\/www.generalmaximus.ch\/fr\/wp-json\/wp\/v2\/types\/page"}],"author":[{"embeddable":true,"href":"https:\/\/www.generalmaximus.ch\/fr\/wp-json\/wp\/v2\/users\/5"}],"replies":[{"embeddable":true,"href":"https:\/\/www.generalmaximus.ch\/fr\/wp-json\/wp\/v2\/comments?post=397"}],"version-history":[{"count":7,"href":"https:\/\/www.generalmaximus.ch\/fr\/wp-json\/wp\/v2\/pages\/397\/revisions"}],"predecessor-version":[{"id":1763,"href":"https:\/\/www.generalmaximus.ch\/fr\/wp-json\/wp\/v2\/pages\/397\/revisions\/1763"}],"wp:attachment":[{"href":"https:\/\/www.generalmaximus.ch\/fr\/wp-json\/wp\/v2\/media?parent=397"}],"curies":[{"name":"wp","href":"https:\/\/api.w.org\/{rel}","templated":true}]}}