{"id":416,"date":"2022-11-25T13:49:27","date_gmt":"2022-11-25T13:49:27","guid":{"rendered":"https:\/\/www.generalmaximus.ch\/wholesale\/"},"modified":"2024-08-26T12:23:50","modified_gmt":"2024-08-26T12:23:50","slug":"wholesale","status":"publish","type":"page","link":"https:\/\/www.generalmaximus.ch\/fr\/wholesale\/","title":{"rendered":"De gros"},"content":{"rendered":"\r\n\r\n\r\n\r\n\r\n\r\n\r\n<h2>De gros<\/h2>\r\n\r\n\r\n\r\n\r\n\r\n<p>&nbsp;<\/p>\r\n<h3>\u00cates-vous une entreprise de vente en gros ?<\/h3>\r\n<p><br \/><br \/>General Maximus fabriquera les m\u00eames lits dans les couleurs et tailles choisies pour votre entreprise. Votre nom, votre produit ! Si vous souhaitez stocker des produits General Maximus tels quels ou \u00e0 votre image, veuillez contacter Max pour recevoir les conditions commerciales ainsi que les prix de gros du produit que vous avez choisi. <br \/><br \/>Vous pouvez \u00e9galement cr\u00e9er un compte de grossiste sur la plateforme de gros GenMax. Ici, vous pouvez g\u00e9rer vos commandes selon vos besoins et commander des stocks selon vos besoins. <br \/><br \/>Pour un compte, veuillez envoyer ce qui suit \u00e0 GenMax en utilisant le formulaire de contact :<br \/><br \/>1. Votre nom ;<br \/>2. Nom de votre entreprise ;<br \/>3. Num\u00e9ro d&rsquo;enregistrement de l&rsquo;entreprise ;<br \/>4. Adresse professionnelle.<br \/><br \/>GenMax cr\u00e9era alors un compte de gros pour vous o\u00f9 vous serez libre de g\u00e9rer vos commandes.<br \/><br \/>Acc\u00e9der au <a href=\"https:\/\/www.generalmaximus.ch\/fr\/contact-max\/\">FORMULAIRE DE CONTACT : Cliquez ici.<\/a><br \/><br \/><\/p>\r\n\r\n\r\n\r\n\r\n\r\n\r\n\r\n\r\n\r\n<h3>\u00cates-vous une boutique de commerce \u00e9lectronique \u00e0 la recherche de Dropshipping ?<\/h3>\r\n\r\n\r\n\r\n<h3>\u00a0<\/h3>\r\n<p>Si vous vendez uniquement en ligne et que vous souhaitez que les produits soient envoy\u00e9s directement \u00e0 vos clients en votre nom, sans garder de stock vous-m\u00eame, vous \u00eates un dropshipper !<\/p>\r\n\r\n\r\n\r\n<p>S&rsquo;il vous pla\u00eet voir: <a href=\"https:\/\/www.generalmaximus.ch\/fr\/dropshipping-online-shops\/\">DROPSHIPPING (Cliquez ici)<\/a><\/p>\r\n\r\n<p>&nbsp;<\/p>\r\n\r\n\r\n\r\n\r\n\r\n\r\n\r\n\r\n\r\n<p>&nbsp;<\/p>\r\n\r\n<h6>Prix \u200b\u200brecommand\u00e9s &#8211; Quel est le prix recommand\u00e9 par GenMax pour l&rsquo;oreiller MaxBed ?<\/h6>\r\n\r\n\r\n\r\n\r\n\r\n\r\n\r\n\r\n\r\n\r\n\r\n<p>Actuellement, le MaxBed est propos\u00e9 aux d\u00e9taillants en Suisse et dans l&rsquo;UE, l&rsquo;Allemagne \u00e9tant le principal march\u00e9 de l&rsquo;UE. Les prix recommand\u00e9s par pays suivants sont des r\u00e9f\u00e9rences:<\/p>\r\n\r\n\r\n\r\n\r\n\r\n\r\n\r\n\r\n\r\n\r\n\r\n\r\n\r\n\r\n\r\n\r\n\r\n<p>En Suisse = 115 CHF + pr\u00e9voir 11 CHF de frais d&rsquo;exp\u00e9dition et + 8,1 % de TVA =<\/p>\r\n\r\n\r\n\r\n<p><strong>CHF 137 tout compris.<\/strong><\/p>\r\n\r\n\r\n\r\n\r\n\r\n\r\n\r\n\r\n\r\n\r\n\r\n\r\n\r\n<p>En Allemagne = 95 euros (hors frais de port et TVA) pr\u00e9voir 15 euros de frais d&rsquo;exp\u00e9dition plus la TVA allemande \u00e0 19 % =<\/p>\r\n\r\n\r\n\r\n<p><b>Euro 131 tout compris.<\/b><\/p>\r\n\r\n\r\n\r\n\r\n\r\n\r\n\r\n\r\n\r\n\r\n\r\n\r\n\r\n\r\n\r\n\r\n\r\n<p>Dans le reste de l&rsquo;UE = 95 euros (hors frais de port et TVA) pr\u00e9voir 20 euros de frais d&rsquo;exp\u00e9dition plus la TVA locale =<\/p>\r\n\r\n\r\n\r\n<p><b>De 129 euros \u00e0 147 euros<\/b><\/p>\r\n\r\n\r\n\r\n\r\n\r\n\r\n\r\n\r\n\r\n\r\n\r\n\r\n\r\n\r\n\r\n\r\n\r\n<p>Les d\u00e9tails du produit MaxBed et les d\u00e9tails de fabrication peuvent \u00e9galement \u00eatre trouv\u00e9s \u00e0 l&rsquo;adresse :<\/p>\r\n\r\n\r\n\r\n<p><a href=\"www.gs1.org\">www.gs1.org<\/a> en utilisant le GTIN (EAN) 4170000074199. Le lit est fabriqu\u00e9 par Serra Enterprises et distribu\u00e9 sous le nom commercial General Maximus Pet Products ou GenMax Pet Products.<\/p>\r\n\r\n\r\n\r\n<p>Pour toute question concernant l&rsquo;enregistrement de la soci\u00e9t\u00e9, veuillez vous rendre sur : <a href=\"https:\/\/zh.chregister.ch\/cr-portal\/auszug\/auszug.xhtml?uid=CHE-450.645.879\">Zefix (Serra Enterprises)<\/a><\/p>\r\n\r\n\r\n\r\n<p><a href=\"https: zh.chregister.ch=\">Serra Enterprises est enregistr\u00e9e en Suisse aupr\u00e8s de UID CHE-450.645.879<\/a><\/p>\r\n\r\n\r\n\r\n<p>Pour les questions commerciales, veuillez utiliser les liens ci-dessus ou le formulaire de contact: <a href=\"https:\/\/www.generalmaximus.ch\/contact-max\/\">Contact<\/a><\/p>\r\n\r\n\r\n\r\n\r\n\r\n\r\n","protected":false},"excerpt":{"rendered":"<p>&nbsp;<\/p>\n","protected":false},"author":5,"featured_media":0,"parent":0,"menu_order":0,"comment_status":"closed","ping_status":"closed","template":"","meta":{"pagelayer_contact_templates":[],"_pagelayer_content":"","footnotes":""},"class_list":["post-416","page","type-page","status-publish","hentry"],"yoast_head":"<!-- This site is optimized with the Yoast SEO Premium plugin v20.10 (Yoast SEO v27.6) - https:\/\/yoast.com\/product\/yoast-seo-premium-wordpress\/ -->\n<title>De gros - GenMax de gros<\/title>\n<meta name=\"robots\" content=\"index, follow, max-snippet:-1, max-image-preview:large, max-video-preview:-1\" \/>\n<link rel=\"canonical\" href=\"https:\/\/www.generalmaximus.ch\/fr\/wholesale\/\" \/>\n<meta property=\"og:locale\" content=\"fr_FR\" \/>\n<meta property=\"og:type\" content=\"article\" \/>\n<meta property=\"og:title\" content=\"De gros\" \/>\n<meta property=\"og:description\" content=\"&nbsp;\" \/>\n<meta property=\"og:url\" content=\"https:\/\/www.generalmaximus.ch\/fr\/wholesale\/\" \/>\n<meta property=\"og:site_name\" content=\"GenMax de gros\" \/>\n<meta property=\"article:publisher\" content=\"https:\/\/www.facebook.com\/genmax.ch\" \/>\n<meta property=\"article:modified_time\" content=\"2024-08-26T12:23:50+00:00\" \/>\n<meta property=\"og:image\" content=\"https:\/\/www.generalmaximus.ch\/wp-content\/uploads\/2023\/07\/Yoast-SEO-Site-Image.jpg\" \/>\n\t<meta property=\"og:image:width\" content=\"1200\" \/>\n\t<meta property=\"og:image:height\" content=\"675\" \/>\n\t<meta property=\"og:image:type\" content=\"image\/jpeg\" \/>\n<script type=\"application\/ld+json\" class=\"yoast-schema-graph\">{\"@context\":\"https:\\\/\\\/schema.org\",\"@graph\":[{\"@type\":\"WebPage\",\"@id\":\"https:\\\/\\\/www.generalmaximus.ch\\\/fr\\\/wholesale\\\/\",\"url\":\"https:\\\/\\\/www.generalmaximus.ch\\\/fr\\\/wholesale\\\/\",\"name\":\"De gros - GenMax de gros\",\"isPartOf\":{\"@id\":\"https:\\\/\\\/www.generalmaximus.ch\\\/fr\\\/#website\"},\"datePublished\":\"2022-11-25T13:49:27+00:00\",\"dateModified\":\"2024-08-26T12:23:50+00:00\",\"breadcrumb\":{\"@id\":\"https:\\\/\\\/www.generalmaximus.ch\\\/fr\\\/wholesale\\\/#breadcrumb\"},\"inLanguage\":\"fr-FR\",\"potentialAction\":[{\"@type\":\"ReadAction\",\"target\":[\"https:\\\/\\\/www.generalmaximus.ch\\\/fr\\\/wholesale\\\/\"]}]},{\"@type\":\"BreadcrumbList\",\"@id\":\"https:\\\/\\\/www.generalmaximus.ch\\\/fr\\\/wholesale\\\/#breadcrumb\",\"itemListElement\":[{\"@type\":\"ListItem\",\"position\":1,\"name\":\"Home\",\"item\":\"https:\\\/\\\/www.generalmaximus.ch\\\/fr\\\/\"},{\"@type\":\"ListItem\",\"position\":2,\"name\":\"De gros\"}]},{\"@type\":\"WebSite\",\"@id\":\"https:\\\/\\\/www.generalmaximus.ch\\\/fr\\\/#website\",\"url\":\"https:\\\/\\\/www.generalmaximus.ch\\\/fr\\\/\",\"name\":\"GenMax de gros\",\"description\":\"\",\"publisher\":{\"@id\":\"https:\\\/\\\/www.generalmaximus.ch\\\/fr\\\/#organization\"},\"alternateName\":\"General Maximus Pet Products\",\"potentialAction\":[{\"@type\":\"SearchAction\",\"target\":{\"@type\":\"EntryPoint\",\"urlTemplate\":\"https:\\\/\\\/www.generalmaximus.ch\\\/fr\\\/?s={search_term_string}\"},\"query-input\":{\"@type\":\"PropertyValueSpecification\",\"valueRequired\":true,\"valueName\":\"search_term_string\"}}],\"inLanguage\":\"fr-FR\"},{\"@type\":\"Organization\",\"@id\":\"https:\\\/\\\/www.generalmaximus.ch\\\/fr\\\/#organization\",\"name\":\"GenMax Pet Products\",\"alternateName\":\"General Maximus Pet Products\",\"url\":\"https:\\\/\\\/www.generalmaximus.ch\\\/fr\\\/\",\"logo\":{\"@type\":\"ImageObject\",\"inLanguage\":\"fr-FR\",\"@id\":\"https:\\\/\\\/www.generalmaximus.ch\\\/fr\\\/#\\\/schema\\\/logo\\\/image\\\/\",\"url\":\"https:\\\/\\\/www.generalmaximus.ch\\\/wp-content\\\/uploads\\\/2022\\\/12\\\/Pet_Products_Icon_512pix.png\",\"contentUrl\":\"https:\\\/\\\/www.generalmaximus.ch\\\/wp-content\\\/uploads\\\/2022\\\/12\\\/Pet_Products_Icon_512pix.png\",\"width\":512,\"height\":512,\"caption\":\"GenMax Pet Products\"},\"image\":{\"@id\":\"https:\\\/\\\/www.generalmaximus.ch\\\/fr\\\/#\\\/schema\\\/logo\\\/image\\\/\"},\"sameAs\":[\"https:\\\/\\\/www.facebook.com\\\/genmax.ch\",\"https:\\\/\\\/www.instagram\\\/genmax.ch\",\"https:\\\/\\\/www.linkedin.com\\\/company\\\/85862297\"]}]}<\/script>\n<!-- \/ Yoast SEO Premium plugin. -->","yoast_head_json":{"title":"De gros - GenMax de gros","robots":{"index":"index","follow":"follow","max-snippet":"max-snippet:-1","max-image-preview":"max-image-preview:large","max-video-preview":"max-video-preview:-1"},"canonical":"https:\/\/www.generalmaximus.ch\/fr\/wholesale\/","og_locale":"fr_FR","og_type":"article","og_title":"De gros","og_description":"&nbsp;","og_url":"https:\/\/www.generalmaximus.ch\/fr\/wholesale\/","og_site_name":"GenMax de gros","article_publisher":"https:\/\/www.facebook.com\/genmax.ch","article_modified_time":"2024-08-26T12:23:50+00:00","og_image":[{"width":1200,"height":675,"url":"https:\/\/www.generalmaximus.ch\/wp-content\/uploads\/2023\/07\/Yoast-SEO-Site-Image.jpg","type":"image\/jpeg"}],"schema":{"@context":"https:\/\/schema.org","@graph":[{"@type":"WebPage","@id":"https:\/\/www.generalmaximus.ch\/fr\/wholesale\/","url":"https:\/\/www.generalmaximus.ch\/fr\/wholesale\/","name":"De gros - GenMax de gros","isPartOf":{"@id":"https:\/\/www.generalmaximus.ch\/fr\/#website"},"datePublished":"2022-11-25T13:49:27+00:00","dateModified":"2024-08-26T12:23:50+00:00","breadcrumb":{"@id":"https:\/\/www.generalmaximus.ch\/fr\/wholesale\/#breadcrumb"},"inLanguage":"fr-FR","potentialAction":[{"@type":"ReadAction","target":["https:\/\/www.generalmaximus.ch\/fr\/wholesale\/"]}]},{"@type":"BreadcrumbList","@id":"https:\/\/www.generalmaximus.ch\/fr\/wholesale\/#breadcrumb","itemListElement":[{"@type":"ListItem","position":1,"name":"Home","item":"https:\/\/www.generalmaximus.ch\/fr\/"},{"@type":"ListItem","position":2,"name":"De gros"}]},{"@type":"WebSite","@id":"https:\/\/www.generalmaximus.ch\/fr\/#website","url":"https:\/\/www.generalmaximus.ch\/fr\/","name":"GenMax de gros","description":"","publisher":{"@id":"https:\/\/www.generalmaximus.ch\/fr\/#organization"},"alternateName":"General Maximus Pet Products","potentialAction":[{"@type":"SearchAction","target":{"@type":"EntryPoint","urlTemplate":"https:\/\/www.generalmaximus.ch\/fr\/?s={search_term_string}"},"query-input":{"@type":"PropertyValueSpecification","valueRequired":true,"valueName":"search_term_string"}}],"inLanguage":"fr-FR"},{"@type":"Organization","@id":"https:\/\/www.generalmaximus.ch\/fr\/#organization","name":"GenMax Pet Products","alternateName":"General Maximus Pet Products","url":"https:\/\/www.generalmaximus.ch\/fr\/","logo":{"@type":"ImageObject","inLanguage":"fr-FR","@id":"https:\/\/www.generalmaximus.ch\/fr\/#\/schema\/logo\/image\/","url":"https:\/\/www.generalmaximus.ch\/wp-content\/uploads\/2022\/12\/Pet_Products_Icon_512pix.png","contentUrl":"https:\/\/www.generalmaximus.ch\/wp-content\/uploads\/2022\/12\/Pet_Products_Icon_512pix.png","width":512,"height":512,"caption":"GenMax Pet Products"},"image":{"@id":"https:\/\/www.generalmaximus.ch\/fr\/#\/schema\/logo\/image\/"},"sameAs":["https:\/\/www.facebook.com\/genmax.ch","https:\/\/www.instagram\/genmax.ch","https:\/\/www.linkedin.com\/company\/85862297"]}]}},"_links":{"self":[{"href":"https:\/\/www.generalmaximus.ch\/fr\/wp-json\/wp\/v2\/pages\/416","targetHints":{"allow":["GET"]}}],"collection":[{"href":"https:\/\/www.generalmaximus.ch\/fr\/wp-json\/wp\/v2\/pages"}],"about":[{"href":"https:\/\/www.generalmaximus.ch\/fr\/wp-json\/wp\/v2\/types\/page"}],"author":[{"embeddable":true,"href":"https:\/\/www.generalmaximus.ch\/fr\/wp-json\/wp\/v2\/users\/5"}],"replies":[{"embeddable":true,"href":"https:\/\/www.generalmaximus.ch\/fr\/wp-json\/wp\/v2\/comments?post=416"}],"version-history":[{"count":10,"href":"https:\/\/www.generalmaximus.ch\/fr\/wp-json\/wp\/v2\/pages\/416\/revisions"}],"predecessor-version":[{"id":1929,"href":"https:\/\/www.generalmaximus.ch\/fr\/wp-json\/wp\/v2\/pages\/416\/revisions\/1929"}],"wp:attachment":[{"href":"https:\/\/www.generalmaximus.ch\/fr\/wp-json\/wp\/v2\/media?parent=416"}],"curies":[{"name":"wp","href":"https:\/\/api.w.org\/{rel}","templated":true}]}}