{"id":438,"date":"2022-11-25T14:05:57","date_gmt":"2022-11-25T14:05:57","guid":{"rendered":"https:\/\/www.generalmaximus.ch\/privacy-policy\/"},"modified":"2022-11-27T16:36:04","modified_gmt":"2022-11-27T16:36:04","slug":"privacy-policy","status":"publish","type":"page","link":"https:\/\/www.generalmaximus.ch\/fr\/privacy-policy\/","title":{"rendered":"Politique de confidentialit\u00e9"},"content":{"rendered":"\r\n\r\n\r\n\r\n\n<h2>Politique de confidentialit\u00e9<\/h2>\n\r\n\r\n\r\n\r\n\n<p>Cette politique de confidentialit\u00e9 d\u00e9crit comment vos informations personnelles sont collect\u00e9es, utilis\u00e9es et partag\u00e9es lorsque vous visitez ou effectuez un achat sur www.generalmaximus.ch<\/p>\n<p>&nbsp;<\/p>\n<p><strong>QUELLES INFORMATIONS PERSONNELLES COLLECTONS-NOUS<\/strong><\/p>\n<p>&nbsp;<\/p>\n<p>Lorsque vous visitez le site, nous collectons automatiquement certaines informations sur votre appareil, notamment des informations sur votre navigateur Web, votre adresse IP, votre fuseau horaire et certains des cookies install\u00e9s sur votre appareil.<\/p>\n<p>&nbsp;<\/p>\n<p>De plus, lorsque vous naviguez sur le site, nous recueillons des informations sur les pages Web ou les produits individuels que vous consultez, les sites Web ou les termes de recherche qui vous ont r\u00e9f\u00e9r\u00e9 au site et des informations sur la fa\u00e7on dont vous interagissez avec le site. Nous nous r\u00e9f\u00e9rons \u00e0 ces informations collect\u00e9es automatiquement en tant qu&rsquo;informations sur l&rsquo;appareil. <\/p>\n<p>&nbsp;<\/p>\n<p>Nous recueillons des informations sur l&rsquo;appareil \u00e0 l&rsquo;aide des technologies suivantes :<\/p>\n<p>&nbsp;<\/p>\n<p>Les cookies sont des fichiers de donn\u00e9es qui sont plac\u00e9s sur votre appareil ou votre ordinateur et comprennent souvent un identifiant unique anonyme.<\/p>\n<p>Les fichiers journaux suivent les actions qui se produisent sur le site et recueillent des donn\u00e9es telles que votre adresse IP, votre type de navigateur, votre fournisseur d&rsquo;acc\u00e8s \u00e0 Internet, les pages de renvoi et de sortie et les horodatages.<\/p>\n<p>De m\u00eame, lorsque vous effectuez ou tentez d&rsquo;effectuer un achat sur le site, nous recueillons certaines informations vous concernant, notamment votre nom, votre adresse de facturation, votre adresse de livraison, vos informations de paiement (y compris les num\u00e9ros de carte de cr\u00e9dit), votre adresse \u00e9lectronique et votre num\u00e9ro de t\u00e9l\u00e9phone. Ces informations sont appel\u00e9es \u00ab\u00a0informations relatives \u00e0 la commande\u00a0\u00bb. <\/p>\n<p>&nbsp;<\/p>\n<p>Par informations personnelles dans cette politique de confidentialit\u00e9, nous entendons \u00e0 la fois les informations sur les appareils et les informations sur les commandes.<\/p>\n<p>&nbsp;<\/p>\n<p><strong>COMMENT UTILISONS-NOUS VOS INFORMATIONS PERSONNELLES ?<\/strong><\/p>\n<p>&nbsp;<\/p>\n<p>Nous utilisons les informations relatives aux commandes que nous recueillons g\u00e9n\u00e9ralement pour ex\u00e9cuter les commandes pass\u00e9es par le biais du site (y compris le traitement de vos informations de paiement, l&rsquo;organisation de l&rsquo;exp\u00e9dition et l&rsquo;envoi de factures et\/ou de confirmations de commande).<\/p>\n<p>&nbsp;<\/p>\n<p>En outre, nous utilisons ces informations de commande pour :<\/p>\n<p>&nbsp;<\/p>\n<ul>\n<li>Communiquer avec toi.<\/li>\n<li>Filtrer nos commandes pour d\u00e9tecter tout risque potentiel ou fraude.<\/li>\n<li>Vous soutenir dans vos achats.<\/li>\n<li>Dans le respect des pr\u00e9f\u00e9rences que vous avez partag\u00e9es avec nous, vous fournir des informations ou des publicit\u00e9s relatives \u00e0 nos produits ou services.<\/li>\n<li>We use the Device Information that we collect to help us screen for potential risk and fraud (in particular, your IP address), and more generally to improve and optimize our Site.<\/li>\n<\/ul>\n<p>&nbsp;<\/p>\n<p><strong>LE PARTAGE DE VOS INFORMATIONS PERSONNELLES<\/strong><\/p>\n<p>&nbsp;<\/p>\n<p>We do not currently but might in the future, share your Personal Information with third parties to help us use your Personal Information, as described above.<\/p>\n<p>&nbsp;<\/p>\n<p>We also use Google Analytics to help us understand how our customers use (Store Name). How Google uses your Personal Information. <\/p>\n<p>&nbsp;<\/p>\n<p>Finally, we may also share your Personal Information to comply with applicable laws and regulations, to respond to a subpoena, search warrant or other lawful requests for information we receive, or to otherwise protect our rights.<\/p>\n<p>&nbsp;<\/p>\n<p><strong>LA PUBLICIT\u00c9 COMPORTEMENTALE<\/strong><\/p>\n<p>&nbsp;<\/p>\n<p>We use your Personal Information to provide you with targeted advertisements or marketing communications we believe may be of interest to you on social media.<\/p>\n<p>&nbsp;<\/p>\n<p>Whenever this is collected on social media, you will also be provided with links to sign and opt-out.<\/p>\n<p>&nbsp;<\/p>\n<p>Vous pouvez toujours refuser les publicit\u00e9s cibl\u00e9es sur l&rsquo;une de nos plateformes de m\u00e9dias sociaux.<\/p>\n<p>&nbsp;<\/p>\n<p><strong>VOS DROITS<\/strong><\/p>\n<p>&nbsp;<\/p>\n<p>Vous avez le droit d&rsquo;acc\u00e9der aux informations personnelles que nous d\u00e9tenons sur nos syst\u00e8mes, \u00e0 votre sujet et de demander que vos informations personnelles soient corrig\u00e9es, mises \u00e0 jour ou supprim\u00e9es. Si vous souhaitez exercer ce droit, veuillez nous contacter. <\/p>\n<p>&nbsp;<\/p>\n<p>En outre, si vous \u00eates un r\u00e9sident europ\u00e9en ou suisse, nous notons que nous traitons vos informations afin d&rsquo;ex\u00e9cuter les contrats que nous pourrions avoir avec vous (par exemple si vous passez une commande par le biais du site), ou pour poursuivre nos int\u00e9r\u00eats commerciaux l\u00e9gitimes \u00e9num\u00e9r\u00e9s ci-dessus.<\/p>\n<p>&nbsp;<\/p>\n<p>Veuillez noter que vos informations peuvent \u00eatre transf\u00e9r\u00e9es en dehors de l&rsquo;Europe, y compris vers des endroits comme le Canada et les \u00c9tats-Unis, notamment par les fournisseurs de plateformes de m\u00e9dias sociaux.<\/p>\n<p>&nbsp;<\/p>\n<p><strong>CONSERVATION DES DONN\u00c9ES<\/strong><\/p>\n<p>&nbsp;<\/p>\n<p>Lorsque vous passez une commande par l&rsquo;interm\u00e9diaire du site, nous conservons les informations relatives \u00e0 votre commande dans nos dossiers, sauf si vous nous demandez de supprimer ces informations.<\/p>\n<p>&nbsp;<\/p>\n<p><strong>MINORS<\/strong><\/p>\n<p>&nbsp;<\/p>\n<p>The Site is not intended for individuals under the age of 16.<\/p>\n<p>&nbsp;<\/p>\n<p><strong>CHANGEMENTS<\/strong><\/p>\n<p>&nbsp;<\/p>\n<p>Nous pouvons \u00eatre amen\u00e9s \u00e0 mettre \u00e0 jour cette politique de confidentialit\u00e9 de temps \u00e0 autre afin de refl\u00e9ter, par exemple, des modifications de nos pratiques ou pour d&rsquo;autres raisons op\u00e9rationnelles, l\u00e9gales ou r\u00e9glementaires.<\/p>\n<p>&nbsp;<\/p>\n<p>Si vous avez des questions et\/ou besoin de plus d&rsquo;informations, n&rsquo;h\u00e9sitez pas \u00e0 nous contacter en utilisant la page de contact du site.<\/p>\n<p>&nbsp;<\/p>\n","protected":false},"excerpt":{"rendered":"<p>&nbsp;<\/p>\n","protected":false},"author":5,"featured_media":0,"parent":0,"menu_order":0,"comment_status":"closed","ping_status":"closed","template":"","meta":{"pagelayer_contact_templates":[],"_pagelayer_content":"","footnotes":""},"class_list":["post-438","page","type-page","status-publish","hentry"],"yoast_head":"<!-- This site is optimized with the Yoast SEO Premium plugin v20.10 (Yoast SEO v27.6) - https:\/\/yoast.com\/product\/yoast-seo-premium-wordpress\/ -->\n<title>Politique de confidentialit\u00e9 - GenMax de gros<\/title>\n<meta name=\"robots\" content=\"index, follow, max-snippet:-1, max-image-preview:large, max-video-preview:-1\" \/>\n<link rel=\"canonical\" href=\"https:\/\/www.generalmaximus.ch\/fr\/privacy-policy\/\" \/>\n<meta property=\"og:locale\" content=\"fr_FR\" \/>\n<meta property=\"og:type\" content=\"article\" \/>\n<meta property=\"og:title\" content=\"Politique de confidentialit\u00e9\" \/>\n<meta property=\"og:description\" content=\"&nbsp;\" \/>\n<meta property=\"og:url\" content=\"https:\/\/www.generalmaximus.ch\/fr\/privacy-policy\/\" \/>\n<meta property=\"og:site_name\" content=\"GenMax de gros\" \/>\n<meta property=\"article:publisher\" content=\"https:\/\/www.facebook.com\/genmax.ch\" \/>\n<meta property=\"article:modified_time\" content=\"2022-11-27T16:36:04+00:00\" \/>\n<meta property=\"og:image\" content=\"https:\/\/www.generalmaximus.ch\/wp-content\/uploads\/2023\/07\/Yoast-SEO-Site-Image.jpg\" \/>\n\t<meta property=\"og:image:width\" content=\"1200\" \/>\n\t<meta property=\"og:image:height\" content=\"675\" \/>\n\t<meta property=\"og:image:type\" content=\"image\/jpeg\" \/>\n<script type=\"application\/ld+json\" class=\"yoast-schema-graph\">{\"@context\":\"https:\\\/\\\/schema.org\",\"@graph\":[{\"@type\":\"WebPage\",\"@id\":\"https:\\\/\\\/www.generalmaximus.ch\\\/fr\\\/privacy-policy\\\/\",\"url\":\"https:\\\/\\\/www.generalmaximus.ch\\\/fr\\\/privacy-policy\\\/\",\"name\":\"Politique de confidentialit\u00e9 - GenMax de gros\",\"isPartOf\":{\"@id\":\"https:\\\/\\\/www.generalmaximus.ch\\\/fr\\\/#website\"},\"datePublished\":\"2022-11-25T14:05:57+00:00\",\"dateModified\":\"2022-11-27T16:36:04+00:00\",\"breadcrumb\":{\"@id\":\"https:\\\/\\\/www.generalmaximus.ch\\\/fr\\\/privacy-policy\\\/#breadcrumb\"},\"inLanguage\":\"fr-FR\",\"potentialAction\":[{\"@type\":\"ReadAction\",\"target\":[\"https:\\\/\\\/www.generalmaximus.ch\\\/fr\\\/privacy-policy\\\/\"]}]},{\"@type\":\"BreadcrumbList\",\"@id\":\"https:\\\/\\\/www.generalmaximus.ch\\\/fr\\\/privacy-policy\\\/#breadcrumb\",\"itemListElement\":[{\"@type\":\"ListItem\",\"position\":1,\"name\":\"Home\",\"item\":\"https:\\\/\\\/www.generalmaximus.ch\\\/fr\\\/\"},{\"@type\":\"ListItem\",\"position\":2,\"name\":\"Politique de confidentialit\u00e9\"}]},{\"@type\":\"WebSite\",\"@id\":\"https:\\\/\\\/www.generalmaximus.ch\\\/fr\\\/#website\",\"url\":\"https:\\\/\\\/www.generalmaximus.ch\\\/fr\\\/\",\"name\":\"GenMax de gros\",\"description\":\"\",\"publisher\":{\"@id\":\"https:\\\/\\\/www.generalmaximus.ch\\\/fr\\\/#organization\"},\"alternateName\":\"General Maximus Pet Products\",\"potentialAction\":[{\"@type\":\"SearchAction\",\"target\":{\"@type\":\"EntryPoint\",\"urlTemplate\":\"https:\\\/\\\/www.generalmaximus.ch\\\/fr\\\/?s={search_term_string}\"},\"query-input\":{\"@type\":\"PropertyValueSpecification\",\"valueRequired\":true,\"valueName\":\"search_term_string\"}}],\"inLanguage\":\"fr-FR\"},{\"@type\":\"Organization\",\"@id\":\"https:\\\/\\\/www.generalmaximus.ch\\\/fr\\\/#organization\",\"name\":\"GenMax Pet Products\",\"alternateName\":\"General Maximus Pet Products\",\"url\":\"https:\\\/\\\/www.generalmaximus.ch\\\/fr\\\/\",\"logo\":{\"@type\":\"ImageObject\",\"inLanguage\":\"fr-FR\",\"@id\":\"https:\\\/\\\/www.generalmaximus.ch\\\/fr\\\/#\\\/schema\\\/logo\\\/image\\\/\",\"url\":\"https:\\\/\\\/www.generalmaximus.ch\\\/wp-content\\\/uploads\\\/2022\\\/12\\\/Pet_Products_Icon_512pix.png\",\"contentUrl\":\"https:\\\/\\\/www.generalmaximus.ch\\\/wp-content\\\/uploads\\\/2022\\\/12\\\/Pet_Products_Icon_512pix.png\",\"width\":512,\"height\":512,\"caption\":\"GenMax Pet Products\"},\"image\":{\"@id\":\"https:\\\/\\\/www.generalmaximus.ch\\\/fr\\\/#\\\/schema\\\/logo\\\/image\\\/\"},\"sameAs\":[\"https:\\\/\\\/www.facebook.com\\\/genmax.ch\",\"https:\\\/\\\/www.instagram\\\/genmax.ch\",\"https:\\\/\\\/www.linkedin.com\\\/company\\\/85862297\"]}]}<\/script>\n<!-- \/ Yoast SEO Premium plugin. -->","yoast_head_json":{"title":"Politique de confidentialit\u00e9 - GenMax de gros","robots":{"index":"index","follow":"follow","max-snippet":"max-snippet:-1","max-image-preview":"max-image-preview:large","max-video-preview":"max-video-preview:-1"},"canonical":"https:\/\/www.generalmaximus.ch\/fr\/privacy-policy\/","og_locale":"fr_FR","og_type":"article","og_title":"Politique de confidentialit\u00e9","og_description":"&nbsp;","og_url":"https:\/\/www.generalmaximus.ch\/fr\/privacy-policy\/","og_site_name":"GenMax de gros","article_publisher":"https:\/\/www.facebook.com\/genmax.ch","article_modified_time":"2022-11-27T16:36:04+00:00","og_image":[{"width":1200,"height":675,"url":"https:\/\/www.generalmaximus.ch\/wp-content\/uploads\/2023\/07\/Yoast-SEO-Site-Image.jpg","type":"image\/jpeg"}],"schema":{"@context":"https:\/\/schema.org","@graph":[{"@type":"WebPage","@id":"https:\/\/www.generalmaximus.ch\/fr\/privacy-policy\/","url":"https:\/\/www.generalmaximus.ch\/fr\/privacy-policy\/","name":"Politique de confidentialit\u00e9 - GenMax de gros","isPartOf":{"@id":"https:\/\/www.generalmaximus.ch\/fr\/#website"},"datePublished":"2022-11-25T14:05:57+00:00","dateModified":"2022-11-27T16:36:04+00:00","breadcrumb":{"@id":"https:\/\/www.generalmaximus.ch\/fr\/privacy-policy\/#breadcrumb"},"inLanguage":"fr-FR","potentialAction":[{"@type":"ReadAction","target":["https:\/\/www.generalmaximus.ch\/fr\/privacy-policy\/"]}]},{"@type":"BreadcrumbList","@id":"https:\/\/www.generalmaximus.ch\/fr\/privacy-policy\/#breadcrumb","itemListElement":[{"@type":"ListItem","position":1,"name":"Home","item":"https:\/\/www.generalmaximus.ch\/fr\/"},{"@type":"ListItem","position":2,"name":"Politique de confidentialit\u00e9"}]},{"@type":"WebSite","@id":"https:\/\/www.generalmaximus.ch\/fr\/#website","url":"https:\/\/www.generalmaximus.ch\/fr\/","name":"GenMax de gros","description":"","publisher":{"@id":"https:\/\/www.generalmaximus.ch\/fr\/#organization"},"alternateName":"General Maximus Pet Products","potentialAction":[{"@type":"SearchAction","target":{"@type":"EntryPoint","urlTemplate":"https:\/\/www.generalmaximus.ch\/fr\/?s={search_term_string}"},"query-input":{"@type":"PropertyValueSpecification","valueRequired":true,"valueName":"search_term_string"}}],"inLanguage":"fr-FR"},{"@type":"Organization","@id":"https:\/\/www.generalmaximus.ch\/fr\/#organization","name":"GenMax Pet Products","alternateName":"General Maximus Pet Products","url":"https:\/\/www.generalmaximus.ch\/fr\/","logo":{"@type":"ImageObject","inLanguage":"fr-FR","@id":"https:\/\/www.generalmaximus.ch\/fr\/#\/schema\/logo\/image\/","url":"https:\/\/www.generalmaximus.ch\/wp-content\/uploads\/2022\/12\/Pet_Products_Icon_512pix.png","contentUrl":"https:\/\/www.generalmaximus.ch\/wp-content\/uploads\/2022\/12\/Pet_Products_Icon_512pix.png","width":512,"height":512,"caption":"GenMax Pet Products"},"image":{"@id":"https:\/\/www.generalmaximus.ch\/fr\/#\/schema\/logo\/image\/"},"sameAs":["https:\/\/www.facebook.com\/genmax.ch","https:\/\/www.instagram\/genmax.ch","https:\/\/www.linkedin.com\/company\/85862297"]}]}},"_links":{"self":[{"href":"https:\/\/www.generalmaximus.ch\/fr\/wp-json\/wp\/v2\/pages\/438","targetHints":{"allow":["GET"]}}],"collection":[{"href":"https:\/\/www.generalmaximus.ch\/fr\/wp-json\/wp\/v2\/pages"}],"about":[{"href":"https:\/\/www.generalmaximus.ch\/fr\/wp-json\/wp\/v2\/types\/page"}],"author":[{"embeddable":true,"href":"https:\/\/www.generalmaximus.ch\/fr\/wp-json\/wp\/v2\/users\/5"}],"replies":[{"embeddable":true,"href":"https:\/\/www.generalmaximus.ch\/fr\/wp-json\/wp\/v2\/comments?post=438"}],"version-history":[{"count":2,"href":"https:\/\/www.generalmaximus.ch\/fr\/wp-json\/wp\/v2\/pages\/438\/revisions"}],"predecessor-version":[{"id":442,"href":"https:\/\/www.generalmaximus.ch\/fr\/wp-json\/wp\/v2\/pages\/438\/revisions\/442"}],"wp:attachment":[{"href":"https:\/\/www.generalmaximus.ch\/fr\/wp-json\/wp\/v2\/media?parent=438"}],"curies":[{"name":"wp","href":"https:\/\/api.w.org\/{rel}","templated":true}]}}