{"id":529,"date":"2022-11-28T10:29:10","date_gmt":"2022-11-28T10:29:10","guid":{"rendered":"https:\/\/www.generalmaximus.ch\/plateformes-de-commerce-electronique\/"},"modified":"2022-12-08T17:14:31","modified_gmt":"2022-12-08T17:14:31","slug":"plateformes-de-commerce-electronique","status":"publish","type":"page","link":"https:\/\/www.generalmaximus.ch\/fr\/plateformes-de-commerce-electronique\/","title":{"rendered":"Plateformes de commerce \u00e9lectronique"},"content":{"rendered":"\n\n<h2>Plateformes de commerce \u00e9lectronique<\/h2>\n\n\n\n\n\n\n\n<p>GenMax fournit des solutions cl\u00e9s en main pour les entreprises qui recherchent une plate-forme de commerce \u00e9lectronique par laquelle vous pouvez vendre des produits GenMax pour soit :<br><br>1. Vitrines compl\u00e8tes &#8211; vous vendez tous les produits que vous voulez, c&rsquo;est votre boutique OU<br><br>2. Plateformes de Dropshipping &#8211; c&rsquo;est-\u00e0-dire que vous voulez vendre des produits GenMax sur votre site.<br><br>Dans les deux cas, GenMax fournira une solution sur mesure pour vos besoins.&nbsp;<\/p>\n\n<h4>Vous souhaitez vendre des produits pour animaux de compagnie en ligne ?<\/h4>\n\n<p>Parlez \u00e0 Maximus aujourd&rsquo;hui et commencez \u00e0 mon\u00e9tiser votre site web. D\u00e9sormais, votre \u00e9cole, votre animalerie, votre clinique v\u00e9t\u00e9rinaire ou tout autre site que vous poss\u00e9dez peut offrir \u00e0 vos visiteurs un portail de vente pour les produits GenMax ou les produits de votre choix.<\/p>\n\n\n\n<p style=\"text-align: center; color:#ffffff;\">Les plateformes de commerce \u00e9lectronique sont disponibles pour<span style=\"line-height:2.5;\">\n  <span style=\"background-color:#ffffff;\"><\/span>\n<\/span> tous les syst\u00e8mes d&rsquo;exploitation et sont traduisibles dans la plupart des langues.<\/p>\n\n\n\n\n<p style=\"text-align: center;\">Contactez GenMax via la page de contact et dites \u00e0 Maximus ce dont vous avez besoin.<\/p>\n\n\n","protected":false},"excerpt":{"rendered":"","protected":false},"author":5,"featured_media":0,"parent":0,"menu_order":0,"comment_status":"closed","ping_status":"closed","template":"","meta":{"pagelayer_contact_templates":[],"_pagelayer_content":"","footnotes":""},"class_list":["post-529","page","type-page","status-publish","hentry"],"yoast_head":"<!-- This site is optimized with the Yoast SEO Premium plugin v20.10 (Yoast SEO v27.6) - https:\/\/yoast.com\/product\/yoast-seo-premium-wordpress\/ -->\n<title>Plateformes de commerce \u00e9lectronique - GenMax de gros<\/title>\n<meta name=\"robots\" content=\"index, follow, max-snippet:-1, max-image-preview:large, max-video-preview:-1\" \/>\n<link rel=\"canonical\" href=\"https:\/\/www.generalmaximus.ch\/fr\/plateformes-de-commerce-electronique\/\" \/>\n<meta property=\"og:locale\" content=\"fr_FR\" \/>\n<meta property=\"og:type\" content=\"article\" \/>\n<meta property=\"og:title\" content=\"Plateformes de commerce \u00e9lectronique\" \/>\n<meta property=\"og:url\" content=\"https:\/\/www.generalmaximus.ch\/fr\/plateformes-de-commerce-electronique\/\" \/>\n<meta property=\"og:site_name\" content=\"GenMax de gros\" \/>\n<meta property=\"article:publisher\" content=\"https:\/\/www.facebook.com\/genmax.ch\" \/>\n<meta property=\"article:modified_time\" content=\"2022-12-08T17:14:31+00:00\" \/>\n<meta property=\"og:image\" content=\"https:\/\/www.generalmaximus.ch\/wp-content\/uploads\/2023\/07\/Yoast-SEO-Site-Image.jpg\" \/>\n\t<meta property=\"og:image:width\" content=\"1200\" \/>\n\t<meta property=\"og:image:height\" content=\"675\" \/>\n\t<meta property=\"og:image:type\" content=\"image\/jpeg\" \/>\n<script type=\"application\/ld+json\" class=\"yoast-schema-graph\">{\"@context\":\"https:\\\/\\\/schema.org\",\"@graph\":[{\"@type\":\"WebPage\",\"@id\":\"https:\\\/\\\/www.generalmaximus.ch\\\/fr\\\/plateformes-de-commerce-electronique\\\/\",\"url\":\"https:\\\/\\\/www.generalmaximus.ch\\\/fr\\\/plateformes-de-commerce-electronique\\\/\",\"name\":\"Plateformes de commerce \u00e9lectronique - GenMax de gros\",\"isPartOf\":{\"@id\":\"https:\\\/\\\/www.generalmaximus.ch\\\/fr\\\/#website\"},\"datePublished\":\"2022-11-28T10:29:10+00:00\",\"dateModified\":\"2022-12-08T17:14:31+00:00\",\"breadcrumb\":{\"@id\":\"https:\\\/\\\/www.generalmaximus.ch\\\/fr\\\/plateformes-de-commerce-electronique\\\/#breadcrumb\"},\"inLanguage\":\"fr-FR\",\"potentialAction\":[{\"@type\":\"ReadAction\",\"target\":[\"https:\\\/\\\/www.generalmaximus.ch\\\/fr\\\/plateformes-de-commerce-electronique\\\/\"]}]},{\"@type\":\"BreadcrumbList\",\"@id\":\"https:\\\/\\\/www.generalmaximus.ch\\\/fr\\\/plateformes-de-commerce-electronique\\\/#breadcrumb\",\"itemListElement\":[{\"@type\":\"ListItem\",\"position\":1,\"name\":\"Home\",\"item\":\"https:\\\/\\\/www.generalmaximus.ch\\\/fr\\\/\"},{\"@type\":\"ListItem\",\"position\":2,\"name\":\"Plateformes de commerce \u00e9lectronique\"}]},{\"@type\":\"WebSite\",\"@id\":\"https:\\\/\\\/www.generalmaximus.ch\\\/fr\\\/#website\",\"url\":\"https:\\\/\\\/www.generalmaximus.ch\\\/fr\\\/\",\"name\":\"GenMax de gros\",\"description\":\"\",\"publisher\":{\"@id\":\"https:\\\/\\\/www.generalmaximus.ch\\\/fr\\\/#organization\"},\"alternateName\":\"General Maximus Pet Products\",\"potentialAction\":[{\"@type\":\"SearchAction\",\"target\":{\"@type\":\"EntryPoint\",\"urlTemplate\":\"https:\\\/\\\/www.generalmaximus.ch\\\/fr\\\/?s={search_term_string}\"},\"query-input\":{\"@type\":\"PropertyValueSpecification\",\"valueRequired\":true,\"valueName\":\"search_term_string\"}}],\"inLanguage\":\"fr-FR\"},{\"@type\":\"Organization\",\"@id\":\"https:\\\/\\\/www.generalmaximus.ch\\\/fr\\\/#organization\",\"name\":\"GenMax Pet Products\",\"alternateName\":\"General Maximus Pet Products\",\"url\":\"https:\\\/\\\/www.generalmaximus.ch\\\/fr\\\/\",\"logo\":{\"@type\":\"ImageObject\",\"inLanguage\":\"fr-FR\",\"@id\":\"https:\\\/\\\/www.generalmaximus.ch\\\/fr\\\/#\\\/schema\\\/logo\\\/image\\\/\",\"url\":\"https:\\\/\\\/www.generalmaximus.ch\\\/wp-content\\\/uploads\\\/2022\\\/12\\\/Pet_Products_Icon_512pix.png\",\"contentUrl\":\"https:\\\/\\\/www.generalmaximus.ch\\\/wp-content\\\/uploads\\\/2022\\\/12\\\/Pet_Products_Icon_512pix.png\",\"width\":512,\"height\":512,\"caption\":\"GenMax Pet Products\"},\"image\":{\"@id\":\"https:\\\/\\\/www.generalmaximus.ch\\\/fr\\\/#\\\/schema\\\/logo\\\/image\\\/\"},\"sameAs\":[\"https:\\\/\\\/www.facebook.com\\\/genmax.ch\",\"https:\\\/\\\/www.instagram\\\/genmax.ch\",\"https:\\\/\\\/www.linkedin.com\\\/company\\\/85862297\"]}]}<\/script>\n<!-- \/ Yoast SEO Premium plugin. -->","yoast_head_json":{"title":"Plateformes de commerce \u00e9lectronique - GenMax de gros","robots":{"index":"index","follow":"follow","max-snippet":"max-snippet:-1","max-image-preview":"max-image-preview:large","max-video-preview":"max-video-preview:-1"},"canonical":"https:\/\/www.generalmaximus.ch\/fr\/plateformes-de-commerce-electronique\/","og_locale":"fr_FR","og_type":"article","og_title":"Plateformes de commerce \u00e9lectronique","og_url":"https:\/\/www.generalmaximus.ch\/fr\/plateformes-de-commerce-electronique\/","og_site_name":"GenMax de gros","article_publisher":"https:\/\/www.facebook.com\/genmax.ch","article_modified_time":"2022-12-08T17:14:31+00:00","og_image":[{"width":1200,"height":675,"url":"https:\/\/www.generalmaximus.ch\/wp-content\/uploads\/2023\/07\/Yoast-SEO-Site-Image.jpg","type":"image\/jpeg"}],"schema":{"@context":"https:\/\/schema.org","@graph":[{"@type":"WebPage","@id":"https:\/\/www.generalmaximus.ch\/fr\/plateformes-de-commerce-electronique\/","url":"https:\/\/www.generalmaximus.ch\/fr\/plateformes-de-commerce-electronique\/","name":"Plateformes de commerce \u00e9lectronique - GenMax de gros","isPartOf":{"@id":"https:\/\/www.generalmaximus.ch\/fr\/#website"},"datePublished":"2022-11-28T10:29:10+00:00","dateModified":"2022-12-08T17:14:31+00:00","breadcrumb":{"@id":"https:\/\/www.generalmaximus.ch\/fr\/plateformes-de-commerce-electronique\/#breadcrumb"},"inLanguage":"fr-FR","potentialAction":[{"@type":"ReadAction","target":["https:\/\/www.generalmaximus.ch\/fr\/plateformes-de-commerce-electronique\/"]}]},{"@type":"BreadcrumbList","@id":"https:\/\/www.generalmaximus.ch\/fr\/plateformes-de-commerce-electronique\/#breadcrumb","itemListElement":[{"@type":"ListItem","position":1,"name":"Home","item":"https:\/\/www.generalmaximus.ch\/fr\/"},{"@type":"ListItem","position":2,"name":"Plateformes de commerce \u00e9lectronique"}]},{"@type":"WebSite","@id":"https:\/\/www.generalmaximus.ch\/fr\/#website","url":"https:\/\/www.generalmaximus.ch\/fr\/","name":"GenMax de gros","description":"","publisher":{"@id":"https:\/\/www.generalmaximus.ch\/fr\/#organization"},"alternateName":"General Maximus Pet Products","potentialAction":[{"@type":"SearchAction","target":{"@type":"EntryPoint","urlTemplate":"https:\/\/www.generalmaximus.ch\/fr\/?s={search_term_string}"},"query-input":{"@type":"PropertyValueSpecification","valueRequired":true,"valueName":"search_term_string"}}],"inLanguage":"fr-FR"},{"@type":"Organization","@id":"https:\/\/www.generalmaximus.ch\/fr\/#organization","name":"GenMax Pet Products","alternateName":"General Maximus Pet Products","url":"https:\/\/www.generalmaximus.ch\/fr\/","logo":{"@type":"ImageObject","inLanguage":"fr-FR","@id":"https:\/\/www.generalmaximus.ch\/fr\/#\/schema\/logo\/image\/","url":"https:\/\/www.generalmaximus.ch\/wp-content\/uploads\/2022\/12\/Pet_Products_Icon_512pix.png","contentUrl":"https:\/\/www.generalmaximus.ch\/wp-content\/uploads\/2022\/12\/Pet_Products_Icon_512pix.png","width":512,"height":512,"caption":"GenMax Pet Products"},"image":{"@id":"https:\/\/www.generalmaximus.ch\/fr\/#\/schema\/logo\/image\/"},"sameAs":["https:\/\/www.facebook.com\/genmax.ch","https:\/\/www.instagram\/genmax.ch","https:\/\/www.linkedin.com\/company\/85862297"]}]}},"_links":{"self":[{"href":"https:\/\/www.generalmaximus.ch\/fr\/wp-json\/wp\/v2\/pages\/529","targetHints":{"allow":["GET"]}}],"collection":[{"href":"https:\/\/www.generalmaximus.ch\/fr\/wp-json\/wp\/v2\/pages"}],"about":[{"href":"https:\/\/www.generalmaximus.ch\/fr\/wp-json\/wp\/v2\/types\/page"}],"author":[{"embeddable":true,"href":"https:\/\/www.generalmaximus.ch\/fr\/wp-json\/wp\/v2\/users\/5"}],"replies":[{"embeddable":true,"href":"https:\/\/www.generalmaximus.ch\/fr\/wp-json\/wp\/v2\/comments?post=529"}],"version-history":[{"count":4,"href":"https:\/\/www.generalmaximus.ch\/fr\/wp-json\/wp\/v2\/pages\/529\/revisions"}],"predecessor-version":[{"id":759,"href":"https:\/\/www.generalmaximus.ch\/fr\/wp-json\/wp\/v2\/pages\/529\/revisions\/759"}],"wp:attachment":[{"href":"https:\/\/www.generalmaximus.ch\/fr\/wp-json\/wp\/v2\/media?parent=529"}],"curies":[{"name":"wp","href":"https:\/\/api.w.org\/{rel}","templated":true}]}}