{"id":690,"date":"2022-12-02T10:34:13","date_gmt":"2022-12-02T10:34:13","guid":{"rendered":"https:\/\/www.generalmaximus.ch\/deballage-du-genmax-matelas\/"},"modified":"2022-12-02T11:08:13","modified_gmt":"2022-12-02T11:08:13","slug":"deballage-du-genmax-matelas","status":"publish","type":"page","link":"https:\/\/www.generalmaximus.ch\/fr\/deballage-du-genmax-matelas\/","title":{"rendered":"D\u00e9ballage du GenMax-Matelas"},"content":{"rendered":"\r\n\r\n\r\n\r\n\n<h2>D\u00e9ballage du GenMax-Matelas<\/h2>\n\r\n\r\n\r\n\r\n\n<h4>Comment vos clients re\u00e7oivent les Beds<\/h4>\n<p>&nbsp;<\/p>\n<p>J\u2019ai demand\u00e9 \u00e0 mon ami et associ\u00e9, Echo de Schwitter Hundeschule (www.hunde-nah.ch) de m\u2019aider afin que je puisse vous montrer comment les lits sont re\u00e7us. Pour cette d\u00e9monstration, Echo jouera le r\u00f4le d\u2019un client qui vient de recevoir son lit. <\/p>\n<p><strong> <\/strong><\/p>\n<p><img decoding=\"async\" class=\"alignleft\" src=\"https:\/\/www.generalmaximus.ch\/wp-content\/uploads\/2022\/12\/box-1.jpg\" alt=\"\"><strong>\u00c9tape 1: Re\u00e7u du lit \u00e0 votre bureau de poste<\/strong><\/p>\n<p><br>Echo a plac\u00e9 sa commande et recevra son lit par la Poste. Les lits sont emball\u00e9s sous vide dans un rouleau pour les garder en s\u00e9curit\u00e9, sec et propre pendant le transport et aussi pour rendre l\u2019emballage moins volumineux. \u00c0 l\u2019int\u00e9rieur du la m\u00eame bo\u00eete se trouve votre deuxi\u00e8me couverture ext\u00e9rieure et gratuite pour les jours o\u00f9 vous devez remplacer la couverture sale par une propre et vous permettre de laver la couverture et toujours appr\u00e9cier un lit couvert.  <\/p>\n<p>&nbsp;<\/p>\n<p>La couverture suppl\u00e9mentaire permet \u00e0 votre animal de jouir de la libert\u00e9 totale de jouer \u00e0 l\u2019ext\u00e9rieur, de faire des aventures ou simplement de rouler dans la boue comme nous aimons faire.<\/p>\n<p><strong> <\/strong><\/p>\n<p>&nbsp;<\/p>\n<p><strong>\u00c9tape 2: Retirez le lit de sa bo\u00eete<\/strong><img decoding=\"async\" class=\"alignright\" src=\"https:\/\/www.generalmaximus.ch\/wp-content\/uploads\/2022\/12\/unwrapped-1.jpg\" alt=\"\"><\/p>\n<p><br>Cette \u00e9tape est essentielle. Tout comme vous, les humains allumez vos ordinateurs, si vous ne retirez pas le lit de la bo\u00eete, nous ne pourrons pas l\u2019utiliser. Heureusement, Echo le labrador n\u2019a aucun probl\u00e8me avec cette logique.  <\/p>\n<p>&nbsp;<\/p>\n<p>D\u00e9roulez l\u2019emballage sous vide et votre lit prendra vie. Comme les lits sont en mousse de noyau solide et emball\u00e9s sous pression, ils augmentent jusqu\u2019\u00e0 la taille r\u00e9elle presque imm\u00e9diatement sans effets n\u00e9fastes sur leur forme ou leur densit\u00e9. <\/p>\n<p>&nbsp;<\/p>\n<p><strong> <\/strong><\/p>\n<p><img decoding=\"async\" class=\"alignleft\" src=\"https:\/\/www.generalmaximus.ch\/wp-content\/uploads\/2022\/12\/bed-extra-cover-check.jpg\" alt=\"\"><strong>\u00c9tape 3: Inspectez le lit et la couverture suppl\u00e9mentaire<\/strong><\/p>\n<p><br>Posez le lit sur le sol. Le lit est d\u00e9j\u00e0 recouvert d\u2019une housse d\u2019\u00e9tanch\u00e9it\u00e9 ainsi que de deux doublures ext\u00e9rieures super douces. Maintenant, asseyez-vous et admirez votre nouveau lit g\u00e9nial.  <\/p>\n<p>&nbsp;<\/p>\n<p>Tous les lits sont contr\u00f4l\u00e9s avant l\u2019emballage et vous \u00eates la derni\u00e8re ligne de d\u00e9fense. V\u00e9rifiez le lit et la couverture car la prochaine \u00e9tape est plus agr\u00e9able encore. <\/p>\n<p>&nbsp;<\/p>\n<p>Vous voyez l\u2019\u00e9tiquette \u00e0 droite? S\u2019il n\u2019y a pas d\u2019\u00e9tiquette, il ne s\u2019agit pas d\u2019un lit du G\u00e9n\u00e9ral Maximus et vous ne pourrez pas dire fi\u00e8rement \u00e0 vos amis que vous poss\u00e9dez un lit G\u00e9n\u00e9ral Maximus original. Tout comme Echo: inspectez attentivement!  <\/p>\n<p>&nbsp;<\/p>\n<p><strong> <\/strong><\/p>\n<p><strong>\u00c9tape 4: Le r\u00eave de tout le monde \u2013le test du lit!<\/strong><img decoding=\"async\" class=\"alignright\" src=\"https:\/\/www.generalmaximus.ch\/wp-content\/uploads\/2022\/12\/testing-1.jpg\" alt=\"\"><\/p>\n<p>&nbsp;<\/p>\n<p>Le moment que vous attendiez. Comme Echo le d\u00e9montre, ne pensez \u00e0 rien car il est maintenant temps de sauter dans votre lit. C\u2019est l\u00e0 que vous comprenez pleinement pourquoi vous avez achet\u00e9 un lit G\u00e9n\u00e9ral Maximus. Vous devriez faire un test de roulement, un test de pression et un test de mensonge (veuillez v\u00e9rifier la d\u00e9monstration par Echo).   <\/p>\n<p>&nbsp;<\/p>\n<p>Les tests humides ne sont pas n\u00e9cessaires, mais si vous devez aller \u00e0 ces extr\u00eames, et bien le lit est imperm\u00e9abilis\u00e9 par la couche int\u00e9rieure, donc ce ne serait pas un probl\u00e8me.<\/p>\n<p style=\"text-align: center;\">Veuillez noter \u00e0 quel point Echo est heureux, car c&rsquo;est \u00e0 quel point votre client sera heureux. C&rsquo;est garanti ! <\/p>\n<p style=\"text-align: center;\"> <\/p>\n<p style=\"text-align: center;\"><strong>Et c\u2019est \u00e7a! Un autre client heureux! Allez-y, c\u2019est votre tour maintenant!  <br><br><\/strong><img decoding=\"async\" src=\"https:\/\/www.generalmaximus.ch\/wp-content\/uploads\/2022\/12\/test-approved.jpg\"><strong><br><\/strong><\/p>\n<p>&nbsp;<\/p>\n","protected":false},"excerpt":{"rendered":"<p>&nbsp;<\/p>\n","protected":false},"author":5,"featured_media":0,"parent":0,"menu_order":0,"comment_status":"closed","ping_status":"closed","template":"","meta":{"pagelayer_contact_templates":[],"_pagelayer_content":"","footnotes":""},"class_list":["post-690","page","type-page","status-publish","hentry"],"yoast_head":"<!-- This site is optimized with the Yoast SEO Premium plugin v20.10 (Yoast SEO v27.6) - https:\/\/yoast.com\/product\/yoast-seo-premium-wordpress\/ -->\n<title>D\u00e9ballage du GenMax-Matelas - GenMax de gros<\/title>\n<meta name=\"robots\" content=\"index, follow, max-snippet:-1, max-image-preview:large, max-video-preview:-1\" \/>\n<link rel=\"canonical\" href=\"https:\/\/www.generalmaximus.ch\/fr\/deballage-du-genmax-matelas\/\" \/>\n<meta property=\"og:locale\" content=\"fr_FR\" \/>\n<meta property=\"og:type\" content=\"article\" \/>\n<meta property=\"og:title\" content=\"D\u00e9ballage du GenMax-Matelas\" \/>\n<meta property=\"og:description\" content=\"&nbsp;\" \/>\n<meta property=\"og:url\" content=\"https:\/\/www.generalmaximus.ch\/fr\/deballage-du-genmax-matelas\/\" \/>\n<meta property=\"og:site_name\" content=\"GenMax de gros\" \/>\n<meta property=\"article:publisher\" content=\"https:\/\/www.facebook.com\/genmax.ch\" \/>\n<meta property=\"article:modified_time\" content=\"2022-12-02T11:08:13+00:00\" \/>\n<meta property=\"og:image\" content=\"https:\/\/www.generalmaximus.ch\/wp-content\/uploads\/2022\/12\/box-1.jpg\" \/>\n<script type=\"application\/ld+json\" class=\"yoast-schema-graph\">{\"@context\":\"https:\\\/\\\/schema.org\",\"@graph\":[{\"@type\":\"WebPage\",\"@id\":\"https:\\\/\\\/www.generalmaximus.ch\\\/fr\\\/deballage-du-genmax-matelas\\\/\",\"url\":\"https:\\\/\\\/www.generalmaximus.ch\\\/fr\\\/deballage-du-genmax-matelas\\\/\",\"name\":\"D\u00e9ballage du GenMax-Matelas - GenMax de gros\",\"isPartOf\":{\"@id\":\"https:\\\/\\\/www.generalmaximus.ch\\\/fr\\\/#website\"},\"primaryImageOfPage\":{\"@id\":\"https:\\\/\\\/www.generalmaximus.ch\\\/fr\\\/deballage-du-genmax-matelas\\\/#primaryimage\"},\"image\":{\"@id\":\"https:\\\/\\\/www.generalmaximus.ch\\\/fr\\\/deballage-du-genmax-matelas\\\/#primaryimage\"},\"thumbnailUrl\":\"https:\\\/\\\/www.generalmaximus.ch\\\/wp-content\\\/uploads\\\/2022\\\/12\\\/box-1.jpg\",\"datePublished\":\"2022-12-02T10:34:13+00:00\",\"dateModified\":\"2022-12-02T11:08:13+00:00\",\"breadcrumb\":{\"@id\":\"https:\\\/\\\/www.generalmaximus.ch\\\/fr\\\/deballage-du-genmax-matelas\\\/#breadcrumb\"},\"inLanguage\":\"fr-FR\",\"potentialAction\":[{\"@type\":\"ReadAction\",\"target\":[\"https:\\\/\\\/www.generalmaximus.ch\\\/fr\\\/deballage-du-genmax-matelas\\\/\"]}]},{\"@type\":\"ImageObject\",\"inLanguage\":\"fr-FR\",\"@id\":\"https:\\\/\\\/www.generalmaximus.ch\\\/fr\\\/deballage-du-genmax-matelas\\\/#primaryimage\",\"url\":\"https:\\\/\\\/www.generalmaximus.ch\\\/wp-content\\\/uploads\\\/2022\\\/12\\\/box-1.jpg\",\"contentUrl\":\"https:\\\/\\\/www.generalmaximus.ch\\\/wp-content\\\/uploads\\\/2022\\\/12\\\/box-1.jpg\"},{\"@type\":\"BreadcrumbList\",\"@id\":\"https:\\\/\\\/www.generalmaximus.ch\\\/fr\\\/deballage-du-genmax-matelas\\\/#breadcrumb\",\"itemListElement\":[{\"@type\":\"ListItem\",\"position\":1,\"name\":\"Home\",\"item\":\"https:\\\/\\\/www.generalmaximus.ch\\\/fr\\\/\"},{\"@type\":\"ListItem\",\"position\":2,\"name\":\"D\u00e9ballage du GenMax-Matelas\"}]},{\"@type\":\"WebSite\",\"@id\":\"https:\\\/\\\/www.generalmaximus.ch\\\/fr\\\/#website\",\"url\":\"https:\\\/\\\/www.generalmaximus.ch\\\/fr\\\/\",\"name\":\"GenMax de gros\",\"description\":\"\",\"publisher\":{\"@id\":\"https:\\\/\\\/www.generalmaximus.ch\\\/fr\\\/#organization\"},\"alternateName\":\"General Maximus Pet Products\",\"potentialAction\":[{\"@type\":\"SearchAction\",\"target\":{\"@type\":\"EntryPoint\",\"urlTemplate\":\"https:\\\/\\\/www.generalmaximus.ch\\\/fr\\\/?s={search_term_string}\"},\"query-input\":{\"@type\":\"PropertyValueSpecification\",\"valueRequired\":true,\"valueName\":\"search_term_string\"}}],\"inLanguage\":\"fr-FR\"},{\"@type\":\"Organization\",\"@id\":\"https:\\\/\\\/www.generalmaximus.ch\\\/fr\\\/#organization\",\"name\":\"GenMax Pet Products\",\"alternateName\":\"General Maximus Pet Products\",\"url\":\"https:\\\/\\\/www.generalmaximus.ch\\\/fr\\\/\",\"logo\":{\"@type\":\"ImageObject\",\"inLanguage\":\"fr-FR\",\"@id\":\"https:\\\/\\\/www.generalmaximus.ch\\\/fr\\\/#\\\/schema\\\/logo\\\/image\\\/\",\"url\":\"https:\\\/\\\/www.generalmaximus.ch\\\/wp-content\\\/uploads\\\/2022\\\/12\\\/Pet_Products_Icon_512pix.png\",\"contentUrl\":\"https:\\\/\\\/www.generalmaximus.ch\\\/wp-content\\\/uploads\\\/2022\\\/12\\\/Pet_Products_Icon_512pix.png\",\"width\":512,\"height\":512,\"caption\":\"GenMax Pet Products\"},\"image\":{\"@id\":\"https:\\\/\\\/www.generalmaximus.ch\\\/fr\\\/#\\\/schema\\\/logo\\\/image\\\/\"},\"sameAs\":[\"https:\\\/\\\/www.facebook.com\\\/genmax.ch\",\"https:\\\/\\\/www.instagram\\\/genmax.ch\",\"https:\\\/\\\/www.linkedin.com\\\/company\\\/85862297\"]}]}<\/script>\n<!-- \/ Yoast SEO Premium plugin. -->","yoast_head_json":{"title":"D\u00e9ballage du GenMax-Matelas - GenMax de gros","robots":{"index":"index","follow":"follow","max-snippet":"max-snippet:-1","max-image-preview":"max-image-preview:large","max-video-preview":"max-video-preview:-1"},"canonical":"https:\/\/www.generalmaximus.ch\/fr\/deballage-du-genmax-matelas\/","og_locale":"fr_FR","og_type":"article","og_title":"D\u00e9ballage du GenMax-Matelas","og_description":"&nbsp;","og_url":"https:\/\/www.generalmaximus.ch\/fr\/deballage-du-genmax-matelas\/","og_site_name":"GenMax de gros","article_publisher":"https:\/\/www.facebook.com\/genmax.ch","article_modified_time":"2022-12-02T11:08:13+00:00","og_image":[{"url":"https:\/\/www.generalmaximus.ch\/wp-content\/uploads\/2022\/12\/box-1.jpg","type":"","width":"","height":""}],"schema":{"@context":"https:\/\/schema.org","@graph":[{"@type":"WebPage","@id":"https:\/\/www.generalmaximus.ch\/fr\/deballage-du-genmax-matelas\/","url":"https:\/\/www.generalmaximus.ch\/fr\/deballage-du-genmax-matelas\/","name":"D\u00e9ballage du GenMax-Matelas - GenMax de gros","isPartOf":{"@id":"https:\/\/www.generalmaximus.ch\/fr\/#website"},"primaryImageOfPage":{"@id":"https:\/\/www.generalmaximus.ch\/fr\/deballage-du-genmax-matelas\/#primaryimage"},"image":{"@id":"https:\/\/www.generalmaximus.ch\/fr\/deballage-du-genmax-matelas\/#primaryimage"},"thumbnailUrl":"https:\/\/www.generalmaximus.ch\/wp-content\/uploads\/2022\/12\/box-1.jpg","datePublished":"2022-12-02T10:34:13+00:00","dateModified":"2022-12-02T11:08:13+00:00","breadcrumb":{"@id":"https:\/\/www.generalmaximus.ch\/fr\/deballage-du-genmax-matelas\/#breadcrumb"},"inLanguage":"fr-FR","potentialAction":[{"@type":"ReadAction","target":["https:\/\/www.generalmaximus.ch\/fr\/deballage-du-genmax-matelas\/"]}]},{"@type":"ImageObject","inLanguage":"fr-FR","@id":"https:\/\/www.generalmaximus.ch\/fr\/deballage-du-genmax-matelas\/#primaryimage","url":"https:\/\/www.generalmaximus.ch\/wp-content\/uploads\/2022\/12\/box-1.jpg","contentUrl":"https:\/\/www.generalmaximus.ch\/wp-content\/uploads\/2022\/12\/box-1.jpg"},{"@type":"BreadcrumbList","@id":"https:\/\/www.generalmaximus.ch\/fr\/deballage-du-genmax-matelas\/#breadcrumb","itemListElement":[{"@type":"ListItem","position":1,"name":"Home","item":"https:\/\/www.generalmaximus.ch\/fr\/"},{"@type":"ListItem","position":2,"name":"D\u00e9ballage du GenMax-Matelas"}]},{"@type":"WebSite","@id":"https:\/\/www.generalmaximus.ch\/fr\/#website","url":"https:\/\/www.generalmaximus.ch\/fr\/","name":"GenMax de gros","description":"","publisher":{"@id":"https:\/\/www.generalmaximus.ch\/fr\/#organization"},"alternateName":"General Maximus Pet Products","potentialAction":[{"@type":"SearchAction","target":{"@type":"EntryPoint","urlTemplate":"https:\/\/www.generalmaximus.ch\/fr\/?s={search_term_string}"},"query-input":{"@type":"PropertyValueSpecification","valueRequired":true,"valueName":"search_term_string"}}],"inLanguage":"fr-FR"},{"@type":"Organization","@id":"https:\/\/www.generalmaximus.ch\/fr\/#organization","name":"GenMax Pet Products","alternateName":"General Maximus Pet Products","url":"https:\/\/www.generalmaximus.ch\/fr\/","logo":{"@type":"ImageObject","inLanguage":"fr-FR","@id":"https:\/\/www.generalmaximus.ch\/fr\/#\/schema\/logo\/image\/","url":"https:\/\/www.generalmaximus.ch\/wp-content\/uploads\/2022\/12\/Pet_Products_Icon_512pix.png","contentUrl":"https:\/\/www.generalmaximus.ch\/wp-content\/uploads\/2022\/12\/Pet_Products_Icon_512pix.png","width":512,"height":512,"caption":"GenMax Pet Products"},"image":{"@id":"https:\/\/www.generalmaximus.ch\/fr\/#\/schema\/logo\/image\/"},"sameAs":["https:\/\/www.facebook.com\/genmax.ch","https:\/\/www.instagram\/genmax.ch","https:\/\/www.linkedin.com\/company\/85862297"]}]}},"_links":{"self":[{"href":"https:\/\/www.generalmaximus.ch\/fr\/wp-json\/wp\/v2\/pages\/690","targetHints":{"allow":["GET"]}}],"collection":[{"href":"https:\/\/www.generalmaximus.ch\/fr\/wp-json\/wp\/v2\/pages"}],"about":[{"href":"https:\/\/www.generalmaximus.ch\/fr\/wp-json\/wp\/v2\/types\/page"}],"author":[{"embeddable":true,"href":"https:\/\/www.generalmaximus.ch\/fr\/wp-json\/wp\/v2\/users\/5"}],"replies":[{"embeddable":true,"href":"https:\/\/www.generalmaximus.ch\/fr\/wp-json\/wp\/v2\/comments?post=690"}],"version-history":[{"count":4,"href":"https:\/\/www.generalmaximus.ch\/fr\/wp-json\/wp\/v2\/pages\/690\/revisions"}],"predecessor-version":[{"id":703,"href":"https:\/\/www.generalmaximus.ch\/fr\/wp-json\/wp\/v2\/pages\/690\/revisions\/703"}],"wp:attachment":[{"href":"https:\/\/www.generalmaximus.ch\/fr\/wp-json\/wp\/v2\/media?parent=690"}],"curies":[{"name":"wp","href":"https:\/\/api.w.org\/{rel}","templated":true}]}}