{"id":713,"date":"2022-12-02T11:16:29","date_gmt":"2022-12-02T11:16:29","guid":{"rendered":"https:\/\/www.generalmaximus.ch\/commentaires-des-clients\/"},"modified":"2022-12-08T17:26:28","modified_gmt":"2022-12-08T17:26:28","slug":"commentaires-des-clients","status":"publish","type":"page","link":"https:\/\/www.generalmaximus.ch\/fr\/commentaires-des-clients\/","title":{"rendered":"Commentaires des Clients"},"content":{"rendered":"\r\n\r\n\r\n\r\n\n<h2>Que pensent les clients du g\u00e9n\u00e9ral Maximus Beds ?<\/h2>\n\r\n\r\n\r\n\r\n\n<p>Pour mon dalmatien, j\u2019ai essay\u00e9 le lit pour chien du g\u00e9n\u00e9ral Maximus. Il l\u2019a imm\u00e9diatement accept\u00e9, utilis\u00e9 tr\u00e8s souvent et reste d\u00e9tendu tous les jours.<\/p>\n<p>&nbsp;<\/p>\n<p>Ce qui est g\u00e9nial, c\u2019est que la couverture int\u00e9rieure est hydrofuge, ma petite fille ayant m\u00eame vers\u00e9 son verre sur le lit, par exemple. Pratique et bien con\u00e7ue, la housse de remplacement que je peux utiliser pour laver une housse est tout simplement pratique. <\/p>\n<p>&nbsp;<\/p>\n<p>Les cheveux et autres salet\u00e9s peuvent \u00eatre facilement extraits.<\/p>\n<p>&nbsp;<\/p>\n<p>Les mat\u00e9riaux du lit sont tr\u00e8s bien assembl\u00e9s. Le corps du chien ne s\u2019affaisse pas et le lit ne s\u2019affaisse pas, comme c\u2019est le cas avec la plupart des animaux, mais prot\u00e8ge le dos, car il ne se d\u00e9forme pas de mani\u00e8re d\u00e9favorable. <\/p>\n<p>&nbsp;<\/p>\n<p>Une histoire passionnante du berger allemand Maximus, qui est la pierre angulaire du produit, super. On peut dire que le patron de l\u2019entreprise est un amoureux des chiens. <\/p>\n<p>&nbsp;<\/p>\n<p>Je peux recommander le lit de chien du g\u00e9n\u00e9ral Maximus \u00e0 tout le monde.<\/p>\n<p>&nbsp;<\/p>\n<p>Ms. Jucker (Eglisau)<\/p>\n\r\n\r\n\r\n\r\n\r\n\r\n\r\n\r\n\n<p>Max ou moi avons \u00e9t\u00e9 autoris\u00e9s \u00e0 essayer le nouveau lit de chien. Max adore tout au bout d\u2019une semaine, m\u00eame si c\u2019est un peu trop petit pour lui. C\u2019est pourquoi je commande le plus grand lit pour qu\u2019il puisse s\u2019\u00e9tirer vraiment bien! .-)   .-)<\/p>\n<p>&nbsp;<\/p>\n<p>Cordialement<\/p>\n<p>&nbsp;<\/p>\n<p>S. Heller (Wil)<\/p>\n\r\n\r\n\r\n\r\n\r\n\r\n\r\n\r\n\n<p>Au d\u00e9but, j&rsquo;ai pens\u00e9 : qu&rsquo;est-ce que ce lit a de si sp\u00e9cial ? Puis, apr\u00e8s en avoir essay\u00e9 un, j&rsquo;ai r\u00e9alis\u00e9 que la qualit\u00e9 est vraiment bonne, mais plus que cela, mon chien l&rsquo;adore ! Elle ne peut pas en avoir assez ! !! Merci G\u00e9n\u00e9ral Max \ud83d\ude42   <\/p>\n<p>&nbsp;<\/p>\n<p>T.Bachmann (Sankt Gallen)<\/p>\n\r\n\r\n\r\n\r\n\r\n\r\n\r\n\r\n\n<p>Dino aime son lit. Nous allons au lac plusieurs fois en \u00e9t\u00e9 et quand nous revenons, Dino est toujours un peu mouill\u00e9. Pas de probl\u00e8me sur son nouveau lit. La housse int\u00e9rieure garde le lit au sec, mais pour moi, le mieux est que je re\u00e7ois une housse ext\u00e9rieure suppl\u00e9mentaire. Ainsi, il peut salir le lit et quand il est sorti, je peux laver une couverture et garder une couverture propre sur le lit.    <\/p>\n<p>&nbsp;<\/p>\n<p>S. Gasser (Niederbiep)<\/p>\n\r\n\r\n\r\n\r\n\r\n\r\n\r\n\r\n\n<p>En tant que propri\u00e9taire d&rsquo;une \u00e9cole, je suis tr\u00e8s conscient de ce que doit \u00eatre un bon lit pour chien. J&rsquo;ai vendu ces lits par l&rsquo;interm\u00e9diaire de mon \u00e9cole \u00e0 des clients tr\u00e8s satisfaits et je les recommande vivement \u00e0 tous ceux qui recherchent un lit de qualit\u00e9. Vous rendrez un grand service \u00e0 votre animal en lui offrant un lit GenMax.  <br><br>H. Schwitter (Rafz)<\/p>\n\r\n\r\n\r\n\r\n\r\n\r\n\r\n\r\n\n<p>Je vis dans une ferme avec 7 chiens. Avant le lit GenMax, mes chiens avaient souvent des probl\u00e8mes de dos. La mousse \u00e0 m\u00e9moire de forme soutenue par la haute densit\u00e9 int\u00e9rieure a vraiment aid\u00e9 mes chiens. Merci \u00e0 Maximus !   <\/p>\n<p>&nbsp;<\/p>\n<p>T. Baumann (Stollen)<\/p>\n<p>&nbsp;<\/p>\n","protected":false},"excerpt":{"rendered":"<p>&nbsp;<\/p>\n","protected":false},"author":5,"featured_media":0,"parent":0,"menu_order":0,"comment_status":"closed","ping_status":"closed","template":"","meta":{"pagelayer_contact_templates":[],"_pagelayer_content":"","footnotes":""},"class_list":["post-713","page","type-page","status-publish","hentry"],"yoast_head":"<!-- This site is optimized with the Yoast SEO Premium plugin v20.10 (Yoast SEO v27.6) - https:\/\/yoast.com\/product\/yoast-seo-premium-wordpress\/ -->\n<title>Commentaires des Clients - GenMax de gros<\/title>\n<meta name=\"robots\" content=\"index, follow, max-snippet:-1, max-image-preview:large, max-video-preview:-1\" \/>\n<link rel=\"canonical\" href=\"https:\/\/www.generalmaximus.ch\/fr\/commentaires-des-clients\/\" \/>\n<meta property=\"og:locale\" content=\"fr_FR\" \/>\n<meta property=\"og:type\" content=\"article\" \/>\n<meta property=\"og:title\" content=\"Commentaires des Clients\" \/>\n<meta property=\"og:description\" content=\"&nbsp;\" \/>\n<meta property=\"og:url\" content=\"https:\/\/www.generalmaximus.ch\/fr\/commentaires-des-clients\/\" \/>\n<meta property=\"og:site_name\" content=\"GenMax de gros\" \/>\n<meta property=\"article:publisher\" content=\"https:\/\/www.facebook.com\/genmax.ch\" \/>\n<meta property=\"article:modified_time\" content=\"2022-12-08T17:26:28+00:00\" \/>\n<meta property=\"og:image\" content=\"https:\/\/www.generalmaximus.ch\/wp-content\/uploads\/2023\/07\/Yoast-SEO-Site-Image.jpg\" \/>\n\t<meta property=\"og:image:width\" content=\"1200\" \/>\n\t<meta property=\"og:image:height\" content=\"675\" \/>\n\t<meta property=\"og:image:type\" content=\"image\/jpeg\" \/>\n<script type=\"application\/ld+json\" class=\"yoast-schema-graph\">{\"@context\":\"https:\\\/\\\/schema.org\",\"@graph\":[{\"@type\":\"WebPage\",\"@id\":\"https:\\\/\\\/www.generalmaximus.ch\\\/fr\\\/commentaires-des-clients\\\/\",\"url\":\"https:\\\/\\\/www.generalmaximus.ch\\\/fr\\\/commentaires-des-clients\\\/\",\"name\":\"Commentaires des Clients - GenMax de gros\",\"isPartOf\":{\"@id\":\"https:\\\/\\\/www.generalmaximus.ch\\\/fr\\\/#website\"},\"datePublished\":\"2022-12-02T11:16:29+00:00\",\"dateModified\":\"2022-12-08T17:26:28+00:00\",\"breadcrumb\":{\"@id\":\"https:\\\/\\\/www.generalmaximus.ch\\\/fr\\\/commentaires-des-clients\\\/#breadcrumb\"},\"inLanguage\":\"fr-FR\",\"potentialAction\":[{\"@type\":\"ReadAction\",\"target\":[\"https:\\\/\\\/www.generalmaximus.ch\\\/fr\\\/commentaires-des-clients\\\/\"]}]},{\"@type\":\"BreadcrumbList\",\"@id\":\"https:\\\/\\\/www.generalmaximus.ch\\\/fr\\\/commentaires-des-clients\\\/#breadcrumb\",\"itemListElement\":[{\"@type\":\"ListItem\",\"position\":1,\"name\":\"Home\",\"item\":\"https:\\\/\\\/www.generalmaximus.ch\\\/fr\\\/\"},{\"@type\":\"ListItem\",\"position\":2,\"name\":\"Commentaires des Clients\"}]},{\"@type\":\"WebSite\",\"@id\":\"https:\\\/\\\/www.generalmaximus.ch\\\/fr\\\/#website\",\"url\":\"https:\\\/\\\/www.generalmaximus.ch\\\/fr\\\/\",\"name\":\"GenMax de gros\",\"description\":\"\",\"publisher\":{\"@id\":\"https:\\\/\\\/www.generalmaximus.ch\\\/fr\\\/#organization\"},\"alternateName\":\"General Maximus Pet Products\",\"potentialAction\":[{\"@type\":\"SearchAction\",\"target\":{\"@type\":\"EntryPoint\",\"urlTemplate\":\"https:\\\/\\\/www.generalmaximus.ch\\\/fr\\\/?s={search_term_string}\"},\"query-input\":{\"@type\":\"PropertyValueSpecification\",\"valueRequired\":true,\"valueName\":\"search_term_string\"}}],\"inLanguage\":\"fr-FR\"},{\"@type\":\"Organization\",\"@id\":\"https:\\\/\\\/www.generalmaximus.ch\\\/fr\\\/#organization\",\"name\":\"GenMax Pet Products\",\"alternateName\":\"General Maximus Pet Products\",\"url\":\"https:\\\/\\\/www.generalmaximus.ch\\\/fr\\\/\",\"logo\":{\"@type\":\"ImageObject\",\"inLanguage\":\"fr-FR\",\"@id\":\"https:\\\/\\\/www.generalmaximus.ch\\\/fr\\\/#\\\/schema\\\/logo\\\/image\\\/\",\"url\":\"https:\\\/\\\/www.generalmaximus.ch\\\/wp-content\\\/uploads\\\/2022\\\/12\\\/Pet_Products_Icon_512pix.png\",\"contentUrl\":\"https:\\\/\\\/www.generalmaximus.ch\\\/wp-content\\\/uploads\\\/2022\\\/12\\\/Pet_Products_Icon_512pix.png\",\"width\":512,\"height\":512,\"caption\":\"GenMax Pet Products\"},\"image\":{\"@id\":\"https:\\\/\\\/www.generalmaximus.ch\\\/fr\\\/#\\\/schema\\\/logo\\\/image\\\/\"},\"sameAs\":[\"https:\\\/\\\/www.facebook.com\\\/genmax.ch\",\"https:\\\/\\\/www.instagram\\\/genmax.ch\",\"https:\\\/\\\/www.linkedin.com\\\/company\\\/85862297\"]}]}<\/script>\n<!-- \/ Yoast SEO Premium plugin. -->","yoast_head_json":{"title":"Commentaires des Clients - GenMax de gros","robots":{"index":"index","follow":"follow","max-snippet":"max-snippet:-1","max-image-preview":"max-image-preview:large","max-video-preview":"max-video-preview:-1"},"canonical":"https:\/\/www.generalmaximus.ch\/fr\/commentaires-des-clients\/","og_locale":"fr_FR","og_type":"article","og_title":"Commentaires des Clients","og_description":"&nbsp;","og_url":"https:\/\/www.generalmaximus.ch\/fr\/commentaires-des-clients\/","og_site_name":"GenMax de gros","article_publisher":"https:\/\/www.facebook.com\/genmax.ch","article_modified_time":"2022-12-08T17:26:28+00:00","og_image":[{"width":1200,"height":675,"url":"https:\/\/www.generalmaximus.ch\/wp-content\/uploads\/2023\/07\/Yoast-SEO-Site-Image.jpg","type":"image\/jpeg"}],"schema":{"@context":"https:\/\/schema.org","@graph":[{"@type":"WebPage","@id":"https:\/\/www.generalmaximus.ch\/fr\/commentaires-des-clients\/","url":"https:\/\/www.generalmaximus.ch\/fr\/commentaires-des-clients\/","name":"Commentaires des Clients - GenMax de gros","isPartOf":{"@id":"https:\/\/www.generalmaximus.ch\/fr\/#website"},"datePublished":"2022-12-02T11:16:29+00:00","dateModified":"2022-12-08T17:26:28+00:00","breadcrumb":{"@id":"https:\/\/www.generalmaximus.ch\/fr\/commentaires-des-clients\/#breadcrumb"},"inLanguage":"fr-FR","potentialAction":[{"@type":"ReadAction","target":["https:\/\/www.generalmaximus.ch\/fr\/commentaires-des-clients\/"]}]},{"@type":"BreadcrumbList","@id":"https:\/\/www.generalmaximus.ch\/fr\/commentaires-des-clients\/#breadcrumb","itemListElement":[{"@type":"ListItem","position":1,"name":"Home","item":"https:\/\/www.generalmaximus.ch\/fr\/"},{"@type":"ListItem","position":2,"name":"Commentaires des Clients"}]},{"@type":"WebSite","@id":"https:\/\/www.generalmaximus.ch\/fr\/#website","url":"https:\/\/www.generalmaximus.ch\/fr\/","name":"GenMax de gros","description":"","publisher":{"@id":"https:\/\/www.generalmaximus.ch\/fr\/#organization"},"alternateName":"General Maximus Pet Products","potentialAction":[{"@type":"SearchAction","target":{"@type":"EntryPoint","urlTemplate":"https:\/\/www.generalmaximus.ch\/fr\/?s={search_term_string}"},"query-input":{"@type":"PropertyValueSpecification","valueRequired":true,"valueName":"search_term_string"}}],"inLanguage":"fr-FR"},{"@type":"Organization","@id":"https:\/\/www.generalmaximus.ch\/fr\/#organization","name":"GenMax Pet Products","alternateName":"General Maximus Pet Products","url":"https:\/\/www.generalmaximus.ch\/fr\/","logo":{"@type":"ImageObject","inLanguage":"fr-FR","@id":"https:\/\/www.generalmaximus.ch\/fr\/#\/schema\/logo\/image\/","url":"https:\/\/www.generalmaximus.ch\/wp-content\/uploads\/2022\/12\/Pet_Products_Icon_512pix.png","contentUrl":"https:\/\/www.generalmaximus.ch\/wp-content\/uploads\/2022\/12\/Pet_Products_Icon_512pix.png","width":512,"height":512,"caption":"GenMax Pet Products"},"image":{"@id":"https:\/\/www.generalmaximus.ch\/fr\/#\/schema\/logo\/image\/"},"sameAs":["https:\/\/www.facebook.com\/genmax.ch","https:\/\/www.instagram\/genmax.ch","https:\/\/www.linkedin.com\/company\/85862297"]}]}},"_links":{"self":[{"href":"https:\/\/www.generalmaximus.ch\/fr\/wp-json\/wp\/v2\/pages\/713","targetHints":{"allow":["GET"]}}],"collection":[{"href":"https:\/\/www.generalmaximus.ch\/fr\/wp-json\/wp\/v2\/pages"}],"about":[{"href":"https:\/\/www.generalmaximus.ch\/fr\/wp-json\/wp\/v2\/types\/page"}],"author":[{"embeddable":true,"href":"https:\/\/www.generalmaximus.ch\/fr\/wp-json\/wp\/v2\/users\/5"}],"replies":[{"embeddable":true,"href":"https:\/\/www.generalmaximus.ch\/fr\/wp-json\/wp\/v2\/comments?post=713"}],"version-history":[{"count":2,"href":"https:\/\/www.generalmaximus.ch\/fr\/wp-json\/wp\/v2\/pages\/713\/revisions"}],"predecessor-version":[{"id":766,"href":"https:\/\/www.generalmaximus.ch\/fr\/wp-json\/wp\/v2\/pages\/713\/revisions\/766"}],"wp:attachment":[{"href":"https:\/\/www.generalmaximus.ch\/fr\/wp-json\/wp\/v2\/media?parent=713"}],"curies":[{"name":"wp","href":"https:\/\/api.w.org\/{rel}","templated":true}]}}