{"id":1086,"date":"2023-02-16T12:33:15","date_gmt":"2023-02-16T12:33:15","guid":{"rendered":"https:\/\/www.generalmaximus.ch\/disimballaggio-del-genmax-pillow\/"},"modified":"2025-06-27T17:39:47","modified_gmt":"2025-06-27T17:39:47","slug":"disimballaggio-del-genmax-premium-dog-bed","status":"publish","type":"page","link":"https:\/\/www.generalmaximus.ch\/it\/disimballaggio-del-genmax-premium-dog-bed\/","title":{"rendered":"Disimballaggio del GenMax Premium"},"content":{"rendered":"\r\n\r\n\r\n\r\n\r\n\r\n\r\n<h2>Disimballaggio del GenMax Premium Dog Bed<\/h2>\r\n\r\n\r\n\r\n\r\n\r\n\r\n\r\n<h4>Una guida per ricevere e disimballare il MaxBed Premium Dog Bed<\/h4>\r\n<p>&nbsp;<\/p>\r\n<p>Ho chiesto ai miei amici Anastia e Jesse di aiutarmi in modo che potessi mostrarvi come vengono accolti i letti. Per questa dimostrazione, Anastia aiuter\u00e0 Jesse con il suo nuovissimo letto.<\/p>\r\n<p><strong>\u00a0<\/strong><\/p>\r\n<p><img decoding=\"async\" class=\"alignleft\" src=\"https:\/\/www.generalmaximus.ch\/wp-content\/uploads\/2023\/02\/MaxBed-Pillow_Box_unwrap-1.jpg\" alt=\"\" \/><strong>Passaggio 1: arriva il letto<\/strong><\/p>\r\n<p><br \/>Il MaxBed Premium Dog Bed \u00e8 confezionato nel suo cartone di marca unico quando si ordina in Svizzera e in un cartone Amazon quando si ordina da Amazon. <br \/><br \/>I letti sono confezionati sottovuoto e poi anche arrotolati sotto pressione per mantenerli al sicuro, asciutti e puliti durante il trasporto. Ci\u00f2 rende anche il pacco meno ingombrante, il che consente un costo finale inferiore grazie ai minori costi di trasporto. Ci\u00f2 significa che alla fine ne trarrai vantaggio. <br \/><br \/>Posizionare la scatola su una superficie asciutta e piana.<br \/><br \/><br \/><br \/><br \/><\/p>\r\n\r\n\r\n\r\n<p><strong>Passaggio 2: Estrarre il letto dalla sua scatola e lo rimuova dall&#8217;imballaggio interno trasparente<\/strong><\/p>\r\n<p><img decoding=\"async\" class=\"alignright\" src=\"https:\/\/www.generalmaximus.ch\/wp-content\/uploads\/2023\/02\/MaxBed-Pillow_remove_from_box.jpg\" alt=\"\" \/><\/p>\r\n<p><br \/>Puo semplicemente tagliare il cartone per aprirlo assicurandosi di non tagliare il contenuto stesso.<br \/><br \/>Il contenuto interno \u00e8 confezionato abbastanza strettamente utilizzando una macchina a pressione e anche una macchina sottovuoto.<\/p>\r\n<p>&nbsp;<\/p>\r\n<p>Estrarre l&#8217;imballo interno trasparente. All&#8217;interno troverete quanto segue: <br \/><br \/>1. Il letto imballato e arrotolato,<br \/>2. Un piccolo inserto di consigli che annota che il letto \u00e8 avvolto sotto pressione,<br \/>3. Un inserto in formato A4 con informazioni sul tuo nuovo letto e<br \/>4. Una carta di emergenza per animali domestici in PVC in formato tascabile in omaggio: un piccolo regalo per ringraziarla per il suo acquisto!<\/p>\r\n\r\n\r\n\r\n<p>\u00a0<strong>\u00a0<\/strong><\/p>\r\n<p><img decoding=\"async\" class=\"alignleft\" src=\"https:\/\/www.generalmaximus.ch\/wp-content\/uploads\/2023\/02\/MaxBed-Pillow_remove_from_sleeve.jpg\" alt=\"\" \/><strong>Passaggio 3: Rimuovere il letto dalla confezione trasparente<\/strong><\/p>\r\n<p><img decoding=\"async\" class=\"alignright\" src=\"https:\/\/www.generalmaximus.ch\/wp-content\/uploads\/2023\/02\/MaxBed-Pillow_remove_unroll.jpg\" alt=\"\" \/><\/p>\r\n<p><br \/>Rimuovere con attenzione il letto dalla confezione trasparente. Fare attenzione a non tagliare lo strato successivo di imballaggio. <br \/><br \/>Una volta tolto l&#8217;imballo, vedra&#8217; che il lettino \u00e8 in una confezione sottovuoto. Tagliare con cura il nastro che trattiene questo pacchetto in un cilindro per consentire al cilindro di scartarsi. <br \/><br \/>Il suo letto ora sembrer\u00e0 un pacchetto rettangolare molto piatto come nell&#8217;immagine a destra.<\/p>\r\n\r\n\r\n\r\n<p>&nbsp;<\/p>\r\n<p><strong>Passaggio 4: Rimuovere il letto dalla confezione sottovuoto e &#8220;gonfiatelo&#8221;<\/strong><img decoding=\"async\" class=\"alignright\" src=\"https:\/\/www.generalmaximus.ch\/wp-content\/uploads\/2023\/02\/MaxBed-Pillow_remove_shake.jpg\" alt=\"\" \/><\/p>\r\n<p>&nbsp;<\/p>\r\n<p>Il letto sembrer\u00e0 piuttosto piatto e avr\u00e0 delle pieghe da imballaggio perch\u00e9 \u00e8 stato imballato per il trasporto. \u00c8 stato prima messo sotto pressione e poi confezionato sottovuoto. <br \/><br \/>Sollevi il letto e lo scuot\u00e0 vigorosamente, gonfiando il contenuto del cuscino finch\u00e9 non vede che sta guadagnando volume. Pi\u00f9 lo agita, pi\u00f9 velocemente acquister\u00e0 volume. <em><strong><br \/><br \/>Domanda:<\/strong> Quanto tempo impiegher\u00e0 il mio letto a raggiungere la sua dimensione completa?<u><br \/>Risposta:<\/u> Questo pu\u00f2 richiedere da 1 a 2 giorni a seconda dell&#8217;utilizzo. Si consiglia di lasciare il letto per almeno un giorno prima dell&#8217;utilizzo. <\/em><\/p>\r\n<p>&nbsp;<\/p>\r\n\r\n\r\n\r\n<p><strong>Passaggio 5: il suo letto \u00e8 pronto per l&#8217;uso!<\/strong><br \/><br \/>Anche se si consiglia di attendere un giorno prima di utilizzare il lettino, se lo si desidera, \u00e8 possibile utilizzarlo immediatamente. Considera solo che sembrer\u00e0 un po&#8217; pi\u00f9 sottile in quanto non avr\u00e0 ancora raggiunto il suo pieno volume. <br \/><br \/>A parte questo, noter\u00e0 che, come qualsiasi materiale che \u00e8 stato confezionato sotto pressione e sottovuoto, il letto mostrer\u00e0 pieghe di imballaggio sul materiale. Queste pieghe scompariranno lentamente man mano che il suo cane usa il letto. I materiali utilizzati nel letto sono robusti e durevoli e quindi le pieghe scompariranno quasi totalmente dopo 2 o 4 giorni e completamente in alcune settimane. <br \/><br \/>Quanto sopra \u00e8 illustrato da Jesse a sinistra di questo testo.<br \/><br \/>Se desidera rimuovere queste pieghe dell&#8217;imballaggio (non necessarie) a una velocit\u00e0 maggiore, si consiglia di utilizzare vapore o calore secco come segue:<\/p>\r\n\r\n\r\n\r\n<p style=\"text-align: center;\"><strong>1. Utilizzo del vapore: da una semplice doccia o dal vaporizzatore<\/strong><\/p>\r\n\r\n\r\n\r\n<p>Per usare la doccia:<br \/><br \/>a. Pulire la copertura superiore se il letto \u00e8 stato utilizzato. <\/p>\r\n<p>b. Posizionare il letto su uno scaffale, una mensola, un sedile o un appendiabiti all&#8217;interno di una doccia.<\/p>\r\n<p>c. Posizionare il soffione in modo che non sia rivolto direttamente verso il letto. Il letto non dovrebbe essere sotto il flusso dell&#8217;acqua.<\/p>\r\n<p>d. Portare l&#8217;acqua calda al massimo nella doccia e chiudere la tenda o la porta della doccia. Attendere almeno 10 minuti.<\/p>\r\n<p>e. Aprire leggermente la tenda o la porta della doccia e spegnere la doccia.<\/p>\r\n<p>f.\u00a0 Appoggiare il letto su una superficie piana e levigare le pieghe con un panno se necessario.<br \/><br \/>Per utilizzare una vaporiera:<br \/><br \/>a. Pulire la copertura superiore se il letto \u00e8 stato utilizzato. <br \/>b. Posiziona il letto su una superficie piana. <br \/>c. Usare il piroscafo e quando lo strato superiore \u00e8 caldo e morbido, usare un panno per appianare le pieghe. <br \/>d. Ripetere se necessario.<\/p>\r\n\r\n\r\n\r\n<p style=\"text-align: center;\"><strong>2. Utilizzo del calore secco: il suo asciugacapelli<\/strong><\/p>\r\n\r\n\r\n\r\n<p>a. Se il letto \u00e8 stato utilizzato: pulire la copertura superiore.<\/p>\r\n<p>b. Appoggiare il letto su una superficie piana. Collegare l&#8217;asciugacapelli.<\/p>\r\n<p>c. Tenere l&#8217;asciugacapelli a 10 cm o pi\u00f9 dal coperchio superiore, impostarlo sull&#8217;impostazione calda o alta.<\/p>\r\n<p>d. Spazzarla lentamente da un lato all&#8217;altro sulla superficie fino a quando la fodera risulta calda e morbida e le pieghe si riducono visivamente.<\/p>\r\n<p>e. Adagiare il letto su una superficie piana e lisciare le pieghe con un panno se necessario. <br \/><br \/>Quanto sopra \u00e8 necessario solo se ha davvero bisogno di accelerare le cose, ma non ce n&#8217;\u00e8 davvero bisogno!<\/p>\r\n\r\n\r\n\r\n<p><strong>Passaggio 6: Godersi il suo letto!<\/strong><br \/><br \/>\u00c8 ora di godersi il suo fantastico MaxBed! <span style=\"text-align: center;\">Il suo cliente sar\u00e0 felice quanto lei. Questo \u00e8 garantito! <u><br \/><br \/>NOTA BENE:<\/u>Il letto su cui \u00e8 seduta Jesse \u00e8 stato aperto 2 ore prima che questa foto fosse scattata, si espander\u00e0 comunque considerevolmente. <\/span><\/p>\r\n<p style=\"text-align: center;\">\u00a0<\/p>\r\n<p style=\"text-align: center;\"><strong>E questo \u00e8 quello! Un altro cliente felice! Avanti, ora tocca a lei! <br \/><br \/><\/strong><img decoding=\"async\" src=\"https:\/\/www.generalmaximus.ch\/wp-content\/uploads\/2023\/02\/MaxBed-Pillow_Jesse_Final.jpg\" \/><\/p>\r\n","protected":false},"excerpt":{"rendered":"","protected":false},"author":5,"featured_media":0,"parent":0,"menu_order":0,"comment_status":"closed","ping_status":"closed","template":"","meta":{"pagelayer_contact_templates":[],"_pagelayer_content":"","footnotes":""},"class_list":["post-1086","page","type-page","status-publish","hentry"],"yoast_head":"<!-- This site is optimized with the Yoast SEO Premium plugin v20.10 (Yoast SEO v27.5) - https:\/\/yoast.com\/product\/yoast-seo-premium-wordpress\/ -->\n<title>Disimballaggio del GenMax Premium - GenMax Vendita all&#039;Ingrosso<\/title>\n<meta name=\"robots\" content=\"index, follow, max-snippet:-1, max-image-preview:large, max-video-preview:-1\" \/>\n<link rel=\"canonical\" href=\"https:\/\/www.generalmaximus.ch\/it\/disimballaggio-del-genmax-premium-dog-bed\/\" \/>\n<meta property=\"og:locale\" content=\"it_IT\" \/>\n<meta property=\"og:type\" content=\"article\" \/>\n<meta property=\"og:title\" content=\"Disimballaggio del GenMax Premium\" \/>\n<meta property=\"og:url\" content=\"https:\/\/www.generalmaximus.ch\/it\/disimballaggio-del-genmax-premium-dog-bed\/\" \/>\n<meta property=\"og:site_name\" content=\"GenMax Vendita all&#039;Ingrosso\" \/>\n<meta property=\"article:publisher\" content=\"https:\/\/www.facebook.com\/genmax.ch\" \/>\n<meta property=\"article:modified_time\" content=\"2025-06-27T17:39:47+00:00\" \/>\n<meta property=\"og:image\" content=\"https:\/\/www.generalmaximus.ch\/wp-content\/uploads\/2023\/02\/MaxBed-Pillow_Box_unwrap-1.jpg\" \/>\n<script type=\"application\/ld+json\" class=\"yoast-schema-graph\">{\"@context\":\"https:\\\/\\\/schema.org\",\"@graph\":[{\"@type\":\"WebPage\",\"@id\":\"https:\\\/\\\/www.generalmaximus.ch\\\/it\\\/disimballaggio-del-genmax-premium-dog-bed\\\/\",\"url\":\"https:\\\/\\\/www.generalmaximus.ch\\\/it\\\/disimballaggio-del-genmax-premium-dog-bed\\\/\",\"name\":\"Disimballaggio del GenMax Premium - GenMax Vendita all'Ingrosso\",\"isPartOf\":{\"@id\":\"https:\\\/\\\/www.generalmaximus.ch\\\/it\\\/#website\"},\"primaryImageOfPage\":{\"@id\":\"https:\\\/\\\/www.generalmaximus.ch\\\/it\\\/disimballaggio-del-genmax-premium-dog-bed\\\/#primaryimage\"},\"image\":{\"@id\":\"https:\\\/\\\/www.generalmaximus.ch\\\/it\\\/disimballaggio-del-genmax-premium-dog-bed\\\/#primaryimage\"},\"thumbnailUrl\":\"https:\\\/\\\/www.generalmaximus.ch\\\/wp-content\\\/uploads\\\/2023\\\/02\\\/MaxBed-Pillow_Box_unwrap-1.jpg\",\"datePublished\":\"2023-02-16T12:33:15+00:00\",\"dateModified\":\"2025-06-27T17:39:47+00:00\",\"breadcrumb\":{\"@id\":\"https:\\\/\\\/www.generalmaximus.ch\\\/it\\\/disimballaggio-del-genmax-premium-dog-bed\\\/#breadcrumb\"},\"inLanguage\":\"it-IT\",\"potentialAction\":[{\"@type\":\"ReadAction\",\"target\":[\"https:\\\/\\\/www.generalmaximus.ch\\\/it\\\/disimballaggio-del-genmax-premium-dog-bed\\\/\"]}]},{\"@type\":\"ImageObject\",\"inLanguage\":\"it-IT\",\"@id\":\"https:\\\/\\\/www.generalmaximus.ch\\\/it\\\/disimballaggio-del-genmax-premium-dog-bed\\\/#primaryimage\",\"url\":\"https:\\\/\\\/www.generalmaximus.ch\\\/wp-content\\\/uploads\\\/2023\\\/02\\\/MaxBed-Pillow_Box_unwrap-1.jpg\",\"contentUrl\":\"https:\\\/\\\/www.generalmaximus.ch\\\/wp-content\\\/uploads\\\/2023\\\/02\\\/MaxBed-Pillow_Box_unwrap-1.jpg\"},{\"@type\":\"BreadcrumbList\",\"@id\":\"https:\\\/\\\/www.generalmaximus.ch\\\/it\\\/disimballaggio-del-genmax-premium-dog-bed\\\/#breadcrumb\",\"itemListElement\":[{\"@type\":\"ListItem\",\"position\":1,\"name\":\"Home\",\"item\":\"https:\\\/\\\/www.generalmaximus.ch\\\/it\\\/\"},{\"@type\":\"ListItem\",\"position\":2,\"name\":\"Disimballaggio del GenMax Premium\"}]},{\"@type\":\"WebSite\",\"@id\":\"https:\\\/\\\/www.generalmaximus.ch\\\/it\\\/#website\",\"url\":\"https:\\\/\\\/www.generalmaximus.ch\\\/it\\\/\",\"name\":\"GenMax Vendita all'Ingrosso\",\"description\":\"\",\"publisher\":{\"@id\":\"https:\\\/\\\/www.generalmaximus.ch\\\/it\\\/#organization\"},\"alternateName\":\"General Maximus Pet Products\",\"potentialAction\":[{\"@type\":\"SearchAction\",\"target\":{\"@type\":\"EntryPoint\",\"urlTemplate\":\"https:\\\/\\\/www.generalmaximus.ch\\\/it\\\/?s={search_term_string}\"},\"query-input\":{\"@type\":\"PropertyValueSpecification\",\"valueRequired\":true,\"valueName\":\"search_term_string\"}}],\"inLanguage\":\"it-IT\"},{\"@type\":\"Organization\",\"@id\":\"https:\\\/\\\/www.generalmaximus.ch\\\/it\\\/#organization\",\"name\":\"GenMax Pet Products\",\"alternateName\":\"General Maximus Pet Products\",\"url\":\"https:\\\/\\\/www.generalmaximus.ch\\\/it\\\/\",\"logo\":{\"@type\":\"ImageObject\",\"inLanguage\":\"it-IT\",\"@id\":\"https:\\\/\\\/www.generalmaximus.ch\\\/it\\\/#\\\/schema\\\/logo\\\/image\\\/\",\"url\":\"https:\\\/\\\/www.generalmaximus.ch\\\/wp-content\\\/uploads\\\/2022\\\/12\\\/Pet_Products_Icon_512pix.png\",\"contentUrl\":\"https:\\\/\\\/www.generalmaximus.ch\\\/wp-content\\\/uploads\\\/2022\\\/12\\\/Pet_Products_Icon_512pix.png\",\"width\":512,\"height\":512,\"caption\":\"GenMax Pet Products\"},\"image\":{\"@id\":\"https:\\\/\\\/www.generalmaximus.ch\\\/it\\\/#\\\/schema\\\/logo\\\/image\\\/\"},\"sameAs\":[\"https:\\\/\\\/www.facebook.com\\\/genmax.ch\",\"https:\\\/\\\/www.instagram\\\/genmax.ch\",\"https:\\\/\\\/www.linkedin.com\\\/company\\\/85862297\"]}]}<\/script>\n<!-- \/ Yoast SEO Premium plugin. -->","yoast_head_json":{"title":"Disimballaggio del GenMax Premium - GenMax Vendita all'Ingrosso","robots":{"index":"index","follow":"follow","max-snippet":"max-snippet:-1","max-image-preview":"max-image-preview:large","max-video-preview":"max-video-preview:-1"},"canonical":"https:\/\/www.generalmaximus.ch\/it\/disimballaggio-del-genmax-premium-dog-bed\/","og_locale":"it_IT","og_type":"article","og_title":"Disimballaggio del GenMax Premium","og_url":"https:\/\/www.generalmaximus.ch\/it\/disimballaggio-del-genmax-premium-dog-bed\/","og_site_name":"GenMax Vendita all'Ingrosso","article_publisher":"https:\/\/www.facebook.com\/genmax.ch","article_modified_time":"2025-06-27T17:39:47+00:00","og_image":[{"url":"https:\/\/www.generalmaximus.ch\/wp-content\/uploads\/2023\/02\/MaxBed-Pillow_Box_unwrap-1.jpg","type":"","width":"","height":""}],"schema":{"@context":"https:\/\/schema.org","@graph":[{"@type":"WebPage","@id":"https:\/\/www.generalmaximus.ch\/it\/disimballaggio-del-genmax-premium-dog-bed\/","url":"https:\/\/www.generalmaximus.ch\/it\/disimballaggio-del-genmax-premium-dog-bed\/","name":"Disimballaggio del GenMax Premium - GenMax Vendita all'Ingrosso","isPartOf":{"@id":"https:\/\/www.generalmaximus.ch\/it\/#website"},"primaryImageOfPage":{"@id":"https:\/\/www.generalmaximus.ch\/it\/disimballaggio-del-genmax-premium-dog-bed\/#primaryimage"},"image":{"@id":"https:\/\/www.generalmaximus.ch\/it\/disimballaggio-del-genmax-premium-dog-bed\/#primaryimage"},"thumbnailUrl":"https:\/\/www.generalmaximus.ch\/wp-content\/uploads\/2023\/02\/MaxBed-Pillow_Box_unwrap-1.jpg","datePublished":"2023-02-16T12:33:15+00:00","dateModified":"2025-06-27T17:39:47+00:00","breadcrumb":{"@id":"https:\/\/www.generalmaximus.ch\/it\/disimballaggio-del-genmax-premium-dog-bed\/#breadcrumb"},"inLanguage":"it-IT","potentialAction":[{"@type":"ReadAction","target":["https:\/\/www.generalmaximus.ch\/it\/disimballaggio-del-genmax-premium-dog-bed\/"]}]},{"@type":"ImageObject","inLanguage":"it-IT","@id":"https:\/\/www.generalmaximus.ch\/it\/disimballaggio-del-genmax-premium-dog-bed\/#primaryimage","url":"https:\/\/www.generalmaximus.ch\/wp-content\/uploads\/2023\/02\/MaxBed-Pillow_Box_unwrap-1.jpg","contentUrl":"https:\/\/www.generalmaximus.ch\/wp-content\/uploads\/2023\/02\/MaxBed-Pillow_Box_unwrap-1.jpg"},{"@type":"BreadcrumbList","@id":"https:\/\/www.generalmaximus.ch\/it\/disimballaggio-del-genmax-premium-dog-bed\/#breadcrumb","itemListElement":[{"@type":"ListItem","position":1,"name":"Home","item":"https:\/\/www.generalmaximus.ch\/it\/"},{"@type":"ListItem","position":2,"name":"Disimballaggio del GenMax Premium"}]},{"@type":"WebSite","@id":"https:\/\/www.generalmaximus.ch\/it\/#website","url":"https:\/\/www.generalmaximus.ch\/it\/","name":"GenMax Vendita all'Ingrosso","description":"","publisher":{"@id":"https:\/\/www.generalmaximus.ch\/it\/#organization"},"alternateName":"General Maximus Pet Products","potentialAction":[{"@type":"SearchAction","target":{"@type":"EntryPoint","urlTemplate":"https:\/\/www.generalmaximus.ch\/it\/?s={search_term_string}"},"query-input":{"@type":"PropertyValueSpecification","valueRequired":true,"valueName":"search_term_string"}}],"inLanguage":"it-IT"},{"@type":"Organization","@id":"https:\/\/www.generalmaximus.ch\/it\/#organization","name":"GenMax Pet Products","alternateName":"General Maximus Pet Products","url":"https:\/\/www.generalmaximus.ch\/it\/","logo":{"@type":"ImageObject","inLanguage":"it-IT","@id":"https:\/\/www.generalmaximus.ch\/it\/#\/schema\/logo\/image\/","url":"https:\/\/www.generalmaximus.ch\/wp-content\/uploads\/2022\/12\/Pet_Products_Icon_512pix.png","contentUrl":"https:\/\/www.generalmaximus.ch\/wp-content\/uploads\/2022\/12\/Pet_Products_Icon_512pix.png","width":512,"height":512,"caption":"GenMax Pet Products"},"image":{"@id":"https:\/\/www.generalmaximus.ch\/it\/#\/schema\/logo\/image\/"},"sameAs":["https:\/\/www.facebook.com\/genmax.ch","https:\/\/www.instagram\/genmax.ch","https:\/\/www.linkedin.com\/company\/85862297"]}]}},"_links":{"self":[{"href":"https:\/\/www.generalmaximus.ch\/it\/wp-json\/wp\/v2\/pages\/1086","targetHints":{"allow":["GET"]}}],"collection":[{"href":"https:\/\/www.generalmaximus.ch\/it\/wp-json\/wp\/v2\/pages"}],"about":[{"href":"https:\/\/www.generalmaximus.ch\/it\/wp-json\/wp\/v2\/types\/page"}],"author":[{"embeddable":true,"href":"https:\/\/www.generalmaximus.ch\/it\/wp-json\/wp\/v2\/users\/5"}],"replies":[{"embeddable":true,"href":"https:\/\/www.generalmaximus.ch\/it\/wp-json\/wp\/v2\/comments?post=1086"}],"version-history":[{"count":3,"href":"https:\/\/www.generalmaximus.ch\/it\/wp-json\/wp\/v2\/pages\/1086\/revisions"}],"predecessor-version":[{"id":2052,"href":"https:\/\/www.generalmaximus.ch\/it\/wp-json\/wp\/v2\/pages\/1086\/revisions\/2052"}],"wp:attachment":[{"href":"https:\/\/www.generalmaximus.ch\/it\/wp-json\/wp\/v2\/media?parent=1086"}],"curies":[{"name":"wp","href":"https:\/\/api.w.org\/{rel}","templated":true}]}}