{"id":1710,"date":"2023-08-10T14:49:38","date_gmt":"2023-08-10T14:49:38","guid":{"rendered":"https:\/\/www.generalmaximus.ch\/pulizia-e-cura-del-maxbed-pillow\/"},"modified":"2025-06-27T17:51:27","modified_gmt":"2025-06-27T17:51:27","slug":"pulizia-e-cura-del-maxbed-premium-dog-bed","status":"publish","type":"page","link":"https:\/\/www.generalmaximus.ch\/it\/pulizia-e-cura-del-maxbed-premium-dog-bed\/","title":{"rendered":"Pulizia e cura del MaxBed Premium"},"content":{"rendered":"\r\n\r\n\r\n\r\n\r\n\r\n\r\n\r\n\r\n\r\n\r\n<h2>Pulizia e cura del MaxBed Premium Dog Bed<\/h2>\r\n\r\n\r\n\r\n\r\n\r\n\r\n\r\n<h4>Una guida alla pulizia e alla cura del letto per cani MaxBed Premium Dog Bed<\/h4>\r\n\r\n\r\n\r\n\r\n\r\n\r\n\r\n<p>Il letto per cani MaxBed Premium Dog Bed \u00e8 incredibilmente facile da mantenere e da pulire. Questo letto che non assorbe gli odori e gli odori semplificher\u00e0 la vita tua e del tuo animale domestico, pur rimanendo fresco e pulito pi\u00f9 a lungo rispetto alla maggior parte dei letti che abbiamo studiato.<\/p>\r\n\r\n\r\n\r\n<p>Il video illustra quanto sia facile mantenere il suo letto per cani MaxBed Premium Dog Bed fresco e presentabile.<\/p>\r\n\r\n\r\n\r\n\r\n\r\n\r\n\r\n\r\n\r\n\r\n\r\n\r\n\r\n<p><span style=\"font-size: large;\"><span style=\"color: #e60000;\"><strong><u>Attenzione:<\/u><\/strong><\/span><\/span><span style=\"color: #e60000;\"><u><\/u> l&#8217;esposizione costante alla luce solare diretta causer\u00e0 il surriscaldamento e il degrado dei tessuti. Non lasciare semplicemente il tuo MaxBed costantemente al sole, poich\u00e9 ci\u00f2 ne ridurr\u00e0 notevolmente la durata.<\/span><\/p>\r\n\r\n<p>&nbsp;<\/p>","protected":false},"excerpt":{"rendered":"<p>&nbsp;<\/p>\n","protected":false},"author":5,"featured_media":0,"parent":0,"menu_order":0,"comment_status":"closed","ping_status":"closed","template":"","meta":{"pagelayer_contact_templates":[],"_pagelayer_content":"","footnotes":""},"class_list":["post-1710","page","type-page","status-publish","hentry"],"yoast_head":"<!-- This site is optimized with the Yoast SEO Premium plugin v20.10 (Yoast SEO v27.5) - https:\/\/yoast.com\/product\/yoast-seo-premium-wordpress\/ -->\n<title>Pulizia e cura del MaxBed Premium - GenMax Vendita all&#039;Ingrosso<\/title>\n<meta name=\"robots\" content=\"index, follow, max-snippet:-1, max-image-preview:large, max-video-preview:-1\" \/>\n<link rel=\"canonical\" href=\"https:\/\/www.generalmaximus.ch\/it\/pulizia-e-cura-del-maxbed-premium-dog-bed\/\" \/>\n<meta property=\"og:locale\" content=\"it_IT\" \/>\n<meta property=\"og:type\" content=\"article\" \/>\n<meta property=\"og:title\" content=\"Pulizia e cura del MaxBed Premium\" \/>\n<meta property=\"og:description\" content=\"&nbsp;\" \/>\n<meta property=\"og:url\" content=\"https:\/\/www.generalmaximus.ch\/it\/pulizia-e-cura-del-maxbed-premium-dog-bed\/\" \/>\n<meta property=\"og:site_name\" content=\"GenMax Vendita all&#039;Ingrosso\" \/>\n<meta property=\"article:publisher\" content=\"https:\/\/www.facebook.com\/genmax.ch\" \/>\n<meta property=\"article:modified_time\" content=\"2025-06-27T17:51:27+00:00\" \/>\n<meta property=\"og:image\" content=\"https:\/\/www.generalmaximus.ch\/wp-content\/uploads\/2023\/07\/Yoast-SEO-Site-Image.jpg\" \/>\n\t<meta property=\"og:image:width\" content=\"1200\" \/>\n\t<meta property=\"og:image:height\" content=\"675\" \/>\n\t<meta property=\"og:image:type\" content=\"image\/jpeg\" \/>\n<script type=\"application\/ld+json\" class=\"yoast-schema-graph\">{\"@context\":\"https:\\\/\\\/schema.org\",\"@graph\":[{\"@type\":\"WebPage\",\"@id\":\"https:\\\/\\\/www.generalmaximus.ch\\\/it\\\/pulizia-e-cura-del-maxbed-premium-dog-bed\\\/\",\"url\":\"https:\\\/\\\/www.generalmaximus.ch\\\/it\\\/pulizia-e-cura-del-maxbed-premium-dog-bed\\\/\",\"name\":\"Pulizia e cura del MaxBed Premium - GenMax Vendita all'Ingrosso\",\"isPartOf\":{\"@id\":\"https:\\\/\\\/www.generalmaximus.ch\\\/it\\\/#website\"},\"datePublished\":\"2023-08-10T14:49:38+00:00\",\"dateModified\":\"2025-06-27T17:51:27+00:00\",\"breadcrumb\":{\"@id\":\"https:\\\/\\\/www.generalmaximus.ch\\\/it\\\/pulizia-e-cura-del-maxbed-premium-dog-bed\\\/#breadcrumb\"},\"inLanguage\":\"it-IT\",\"potentialAction\":[{\"@type\":\"ReadAction\",\"target\":[\"https:\\\/\\\/www.generalmaximus.ch\\\/it\\\/pulizia-e-cura-del-maxbed-premium-dog-bed\\\/\"]}]},{\"@type\":\"BreadcrumbList\",\"@id\":\"https:\\\/\\\/www.generalmaximus.ch\\\/it\\\/pulizia-e-cura-del-maxbed-premium-dog-bed\\\/#breadcrumb\",\"itemListElement\":[{\"@type\":\"ListItem\",\"position\":1,\"name\":\"Home\",\"item\":\"https:\\\/\\\/www.generalmaximus.ch\\\/it\\\/\"},{\"@type\":\"ListItem\",\"position\":2,\"name\":\"Pulizia e cura del MaxBed Premium\"}]},{\"@type\":\"WebSite\",\"@id\":\"https:\\\/\\\/www.generalmaximus.ch\\\/it\\\/#website\",\"url\":\"https:\\\/\\\/www.generalmaximus.ch\\\/it\\\/\",\"name\":\"GenMax Vendita all'Ingrosso\",\"description\":\"\",\"publisher\":{\"@id\":\"https:\\\/\\\/www.generalmaximus.ch\\\/it\\\/#organization\"},\"alternateName\":\"General Maximus Pet Products\",\"potentialAction\":[{\"@type\":\"SearchAction\",\"target\":{\"@type\":\"EntryPoint\",\"urlTemplate\":\"https:\\\/\\\/www.generalmaximus.ch\\\/it\\\/?s={search_term_string}\"},\"query-input\":{\"@type\":\"PropertyValueSpecification\",\"valueRequired\":true,\"valueName\":\"search_term_string\"}}],\"inLanguage\":\"it-IT\"},{\"@type\":\"Organization\",\"@id\":\"https:\\\/\\\/www.generalmaximus.ch\\\/it\\\/#organization\",\"name\":\"GenMax Pet Products\",\"alternateName\":\"General Maximus Pet Products\",\"url\":\"https:\\\/\\\/www.generalmaximus.ch\\\/it\\\/\",\"logo\":{\"@type\":\"ImageObject\",\"inLanguage\":\"it-IT\",\"@id\":\"https:\\\/\\\/www.generalmaximus.ch\\\/it\\\/#\\\/schema\\\/logo\\\/image\\\/\",\"url\":\"https:\\\/\\\/www.generalmaximus.ch\\\/wp-content\\\/uploads\\\/2022\\\/12\\\/Pet_Products_Icon_512pix.png\",\"contentUrl\":\"https:\\\/\\\/www.generalmaximus.ch\\\/wp-content\\\/uploads\\\/2022\\\/12\\\/Pet_Products_Icon_512pix.png\",\"width\":512,\"height\":512,\"caption\":\"GenMax Pet Products\"},\"image\":{\"@id\":\"https:\\\/\\\/www.generalmaximus.ch\\\/it\\\/#\\\/schema\\\/logo\\\/image\\\/\"},\"sameAs\":[\"https:\\\/\\\/www.facebook.com\\\/genmax.ch\",\"https:\\\/\\\/www.instagram\\\/genmax.ch\",\"https:\\\/\\\/www.linkedin.com\\\/company\\\/85862297\"]}]}<\/script>\n<!-- \/ Yoast SEO Premium plugin. -->","yoast_head_json":{"title":"Pulizia e cura del MaxBed Premium - GenMax Vendita all'Ingrosso","robots":{"index":"index","follow":"follow","max-snippet":"max-snippet:-1","max-image-preview":"max-image-preview:large","max-video-preview":"max-video-preview:-1"},"canonical":"https:\/\/www.generalmaximus.ch\/it\/pulizia-e-cura-del-maxbed-premium-dog-bed\/","og_locale":"it_IT","og_type":"article","og_title":"Pulizia e cura del MaxBed Premium","og_description":"&nbsp;","og_url":"https:\/\/www.generalmaximus.ch\/it\/pulizia-e-cura-del-maxbed-premium-dog-bed\/","og_site_name":"GenMax Vendita all'Ingrosso","article_publisher":"https:\/\/www.facebook.com\/genmax.ch","article_modified_time":"2025-06-27T17:51:27+00:00","og_image":[{"width":1200,"height":675,"url":"https:\/\/www.generalmaximus.ch\/wp-content\/uploads\/2023\/07\/Yoast-SEO-Site-Image.jpg","type":"image\/jpeg"}],"schema":{"@context":"https:\/\/schema.org","@graph":[{"@type":"WebPage","@id":"https:\/\/www.generalmaximus.ch\/it\/pulizia-e-cura-del-maxbed-premium-dog-bed\/","url":"https:\/\/www.generalmaximus.ch\/it\/pulizia-e-cura-del-maxbed-premium-dog-bed\/","name":"Pulizia e cura del MaxBed Premium - GenMax Vendita all'Ingrosso","isPartOf":{"@id":"https:\/\/www.generalmaximus.ch\/it\/#website"},"datePublished":"2023-08-10T14:49:38+00:00","dateModified":"2025-06-27T17:51:27+00:00","breadcrumb":{"@id":"https:\/\/www.generalmaximus.ch\/it\/pulizia-e-cura-del-maxbed-premium-dog-bed\/#breadcrumb"},"inLanguage":"it-IT","potentialAction":[{"@type":"ReadAction","target":["https:\/\/www.generalmaximus.ch\/it\/pulizia-e-cura-del-maxbed-premium-dog-bed\/"]}]},{"@type":"BreadcrumbList","@id":"https:\/\/www.generalmaximus.ch\/it\/pulizia-e-cura-del-maxbed-premium-dog-bed\/#breadcrumb","itemListElement":[{"@type":"ListItem","position":1,"name":"Home","item":"https:\/\/www.generalmaximus.ch\/it\/"},{"@type":"ListItem","position":2,"name":"Pulizia e cura del MaxBed Premium"}]},{"@type":"WebSite","@id":"https:\/\/www.generalmaximus.ch\/it\/#website","url":"https:\/\/www.generalmaximus.ch\/it\/","name":"GenMax Vendita all'Ingrosso","description":"","publisher":{"@id":"https:\/\/www.generalmaximus.ch\/it\/#organization"},"alternateName":"General Maximus Pet Products","potentialAction":[{"@type":"SearchAction","target":{"@type":"EntryPoint","urlTemplate":"https:\/\/www.generalmaximus.ch\/it\/?s={search_term_string}"},"query-input":{"@type":"PropertyValueSpecification","valueRequired":true,"valueName":"search_term_string"}}],"inLanguage":"it-IT"},{"@type":"Organization","@id":"https:\/\/www.generalmaximus.ch\/it\/#organization","name":"GenMax Pet Products","alternateName":"General Maximus Pet Products","url":"https:\/\/www.generalmaximus.ch\/it\/","logo":{"@type":"ImageObject","inLanguage":"it-IT","@id":"https:\/\/www.generalmaximus.ch\/it\/#\/schema\/logo\/image\/","url":"https:\/\/www.generalmaximus.ch\/wp-content\/uploads\/2022\/12\/Pet_Products_Icon_512pix.png","contentUrl":"https:\/\/www.generalmaximus.ch\/wp-content\/uploads\/2022\/12\/Pet_Products_Icon_512pix.png","width":512,"height":512,"caption":"GenMax Pet Products"},"image":{"@id":"https:\/\/www.generalmaximus.ch\/it\/#\/schema\/logo\/image\/"},"sameAs":["https:\/\/www.facebook.com\/genmax.ch","https:\/\/www.instagram\/genmax.ch","https:\/\/www.linkedin.com\/company\/85862297"]}]}},"_links":{"self":[{"href":"https:\/\/www.generalmaximus.ch\/it\/wp-json\/wp\/v2\/pages\/1710","targetHints":{"allow":["GET"]}}],"collection":[{"href":"https:\/\/www.generalmaximus.ch\/it\/wp-json\/wp\/v2\/pages"}],"about":[{"href":"https:\/\/www.generalmaximus.ch\/it\/wp-json\/wp\/v2\/types\/page"}],"author":[{"embeddable":true,"href":"https:\/\/www.generalmaximus.ch\/it\/wp-json\/wp\/v2\/users\/5"}],"replies":[{"embeddable":true,"href":"https:\/\/www.generalmaximus.ch\/it\/wp-json\/wp\/v2\/comments?post=1710"}],"version-history":[{"count":5,"href":"https:\/\/www.generalmaximus.ch\/it\/wp-json\/wp\/v2\/pages\/1710\/revisions"}],"predecessor-version":[{"id":2062,"href":"https:\/\/www.generalmaximus.ch\/it\/wp-json\/wp\/v2\/pages\/1710\/revisions\/2062"}],"wp:attachment":[{"href":"https:\/\/www.generalmaximus.ch\/it\/wp-json\/wp\/v2\/media?parent=1710"}],"curies":[{"name":"wp","href":"https:\/\/api.w.org\/{rel}","templated":true}]}}