{"id":1792,"date":"2024-03-21T08:44:36","date_gmt":"2024-03-21T08:44:36","guid":{"rendered":"https:\/\/www.generalmaximus.ch\/impronta\/"},"modified":"2024-08-26T12:55:12","modified_gmt":"2024-08-26T12:55:12","slug":"impronta","status":"publish","type":"page","link":"https:\/\/www.generalmaximus.ch\/it\/impronta\/","title":{"rendered":"Impronta"},"content":{"rendered":"\r\n\r\n\r\n\r\n\r\n\r\n\r\n<h2>Impronta<\/h2>\r\n\r\n\r\n\r\n\r\n\r\n\r\n\r\n\r\n\r\n\r\n\r\n<p>Nome dell&#8217;azienda: Serra Enterprises<\/p>\r\n\r\n\r\n\r\n<p>Numero di registrazione: CHE-450.645.879<\/p>\r\n<p>Registro cantonale (PDF): <a href=\"https:\/\/www.generalmaximus.ch\/wp-content\/uploads\/2024\/08\/Serra-Enterprises_CHE-450.645.879.pdf\" target=\"_blank\" rel=\"noopener\">clicca qui per visualizzare<\/a><\/p>\r\n<p>Registrazione del marchio EUIPO (PDF): <a href=\"https:\/\/www.generalmaximus.ch\/wp-content\/uploads\/2024\/08\/GenMax_TM-EUIPO_Registration_Certificate.pdf\" target=\"_blank\" rel=\"noopener\">clicca qui per visualizzare<\/a><\/p>\r\n\r\n\r\n\r\n<p>Commercializza come: General Maximus Pet Products | GenMax Pet Products<\/p>\r\n\r\n\r\n\r\n<p>Indirizzo amministrativo: Neubrunn 704, Turbenthal, CH-8488<\/p>\r\n\r\n\r\n\r\n<p>Sito web: www.generalmaximus.ch e www.genmaxpets.shop<\/p>\r\n\r\n\r\n\r\n<p>E-mail: info@generalmaximus.ch<\/p>\r\n\r\n\r\n\r\n\r\n\r\n<p>Rappresentanti autorizzati<\/p>\r\n<p>&nbsp;<\/p>\r\n<p>Titolare Andrea Serra (Sig.)<\/p>\r\n<p>&nbsp;<\/p>\r\n<p>Disclaimer:<\/p>\r\n<p>&nbsp;<\/p>\r\n<p>L&#8217;autore del sito web non si assume alcuna responsabilit\u00e0 per la correttezza, accuratezza, tempestivit\u00e0, affidabilit\u00e0 e completezza delle informazioni fornite sul sito web.<\/p>\r\n<p>&nbsp;<\/p>\r\n<p>Responsabilit\u00e0:\u00a0<\/p>\r\n<p>&nbsp;<\/p>\r\n<p>Sono escluse pretese nei confronti dell&#8217;autore per danni di natura materiale o immateriale derivanti dall&#8217;accesso o dall&#8217;utilizzo o dal mancato utilizzo delle informazioni pubblicate, dall&#8217;abuso del collegamento o da malfunzionamenti tecnici.<\/p>\r\n<p>&nbsp;<\/p>\r\n<p>Offerte fatte:<\/p>\r\n<p>&nbsp;<\/p>\r\n<p>Tutte le offerte presenti sul Sito non sono vincolanti e diventeranno vincolanti solo una volta concluso e firmato un contratto commerciale tra GenMax e i suoi clienti. L&#8217;autore si riserva espressamente il diritto di modificare, integrare o cancellare parti delle pagine o l&#8217;intera offerta senza preavviso o di interromperne temporaneamente o definitivamente la pubblicazione.<\/p>\r\n<p>&nbsp;<\/p>\r\n<p>Dichiarazione di non responsabilit\u00e0 \u2013 Riferimenti e collegamenti:<\/p>\r\n<p>&nbsp;<\/p>\r\n<p>Riferimenti e collegamenti a siti web di terzi non rientrano nella responsabilit\u00e0 dell&#8217;editore e dell&#8217;autore. Si declina espressamente qualsiasi responsabilit\u00e0 per la pubblicazione, il contenuto e\/o lo stato di eventuali siti Web collegati o altri riferimenti, poich\u00e9 l&#8217;editore e l&#8217;autore non hanno alcun controllo su di essi. L\u2019accesso e l\u2019utilizzo dei siti Web collegati sono a rischio e pericolo del rispettivo utente.<\/p>\r\n<p>&nbsp;<\/p>\r\n<p>Diritti d&#8217;autore:<\/p>\r\n<p>&nbsp;<\/p>\r\n<p>Il copyright e tutti gli altri diritti su contenuti, immagini, foto o altri file presenti su questo sito web appartengono esclusivamente a Serra Enterprises o ai titolari dei diritti specificatamente menzionati. Prima di riprodurre qualsiasi elemento \u00e8 necessario ottenere il previo consenso scritto di Serra Enterprises.<\/p>\r\n<p>&nbsp;<\/p>\r\n<p>Serra Enterprises non si assume alcuna responsabilit\u00e0 per violazione del copyright di terzi se si copiano, si collegano o si ripubblicano informazioni su www.generalmaximus.ch, www.genmax.ch o www.genmaxpets.shop<\/p>\r\n","protected":false},"excerpt":{"rendered":"","protected":false},"author":5,"featured_media":0,"parent":0,"menu_order":0,"comment_status":"closed","ping_status":"closed","template":"","meta":{"pagelayer_contact_templates":[],"_pagelayer_content":"","footnotes":""},"class_list":["post-1792","page","type-page","status-publish","hentry"],"yoast_head":"<!-- This site is optimized with the Yoast SEO Premium plugin v20.10 (Yoast SEO v27.5) - https:\/\/yoast.com\/product\/yoast-seo-premium-wordpress\/ -->\n<title>Impronta - GenMax Vendita all&#039;Ingrosso<\/title>\n<meta name=\"robots\" content=\"index, follow, max-snippet:-1, max-image-preview:large, max-video-preview:-1\" \/>\n<link rel=\"canonical\" href=\"https:\/\/www.generalmaximus.ch\/it\/impronta\/\" \/>\n<meta property=\"og:locale\" content=\"it_IT\" \/>\n<meta property=\"og:type\" content=\"article\" \/>\n<meta property=\"og:title\" content=\"Impronta\" \/>\n<meta property=\"og:url\" content=\"https:\/\/www.generalmaximus.ch\/it\/impronta\/\" \/>\n<meta property=\"og:site_name\" content=\"GenMax Vendita all&#039;Ingrosso\" \/>\n<meta property=\"article:publisher\" content=\"https:\/\/www.facebook.com\/genmax.ch\" \/>\n<meta property=\"article:modified_time\" content=\"2024-08-26T12:55:12+00:00\" \/>\n<meta property=\"og:image\" content=\"https:\/\/www.generalmaximus.ch\/wp-content\/uploads\/2023\/07\/Yoast-SEO-Site-Image.jpg\" \/>\n\t<meta property=\"og:image:width\" content=\"1200\" \/>\n\t<meta property=\"og:image:height\" content=\"675\" \/>\n\t<meta property=\"og:image:type\" content=\"image\/jpeg\" \/>\n<script type=\"application\/ld+json\" class=\"yoast-schema-graph\">{\"@context\":\"https:\\\/\\\/schema.org\",\"@graph\":[{\"@type\":\"WebPage\",\"@id\":\"https:\\\/\\\/www.generalmaximus.ch\\\/it\\\/impronta\\\/\",\"url\":\"https:\\\/\\\/www.generalmaximus.ch\\\/it\\\/impronta\\\/\",\"name\":\"Impronta - GenMax Vendita all'Ingrosso\",\"isPartOf\":{\"@id\":\"https:\\\/\\\/www.generalmaximus.ch\\\/it\\\/#website\"},\"datePublished\":\"2024-03-21T08:44:36+00:00\",\"dateModified\":\"2024-08-26T12:55:12+00:00\",\"breadcrumb\":{\"@id\":\"https:\\\/\\\/www.generalmaximus.ch\\\/it\\\/impronta\\\/#breadcrumb\"},\"inLanguage\":\"it-IT\",\"potentialAction\":[{\"@type\":\"ReadAction\",\"target\":[\"https:\\\/\\\/www.generalmaximus.ch\\\/it\\\/impronta\\\/\"]}]},{\"@type\":\"BreadcrumbList\",\"@id\":\"https:\\\/\\\/www.generalmaximus.ch\\\/it\\\/impronta\\\/#breadcrumb\",\"itemListElement\":[{\"@type\":\"ListItem\",\"position\":1,\"name\":\"Home\",\"item\":\"https:\\\/\\\/www.generalmaximus.ch\\\/it\\\/\"},{\"@type\":\"ListItem\",\"position\":2,\"name\":\"Impronta\"}]},{\"@type\":\"WebSite\",\"@id\":\"https:\\\/\\\/www.generalmaximus.ch\\\/it\\\/#website\",\"url\":\"https:\\\/\\\/www.generalmaximus.ch\\\/it\\\/\",\"name\":\"GenMax Vendita all'Ingrosso\",\"description\":\"\",\"publisher\":{\"@id\":\"https:\\\/\\\/www.generalmaximus.ch\\\/it\\\/#organization\"},\"alternateName\":\"General Maximus Pet Products\",\"potentialAction\":[{\"@type\":\"SearchAction\",\"target\":{\"@type\":\"EntryPoint\",\"urlTemplate\":\"https:\\\/\\\/www.generalmaximus.ch\\\/it\\\/?s={search_term_string}\"},\"query-input\":{\"@type\":\"PropertyValueSpecification\",\"valueRequired\":true,\"valueName\":\"search_term_string\"}}],\"inLanguage\":\"it-IT\"},{\"@type\":\"Organization\",\"@id\":\"https:\\\/\\\/www.generalmaximus.ch\\\/it\\\/#organization\",\"name\":\"GenMax Pet Products\",\"alternateName\":\"General Maximus Pet Products\",\"url\":\"https:\\\/\\\/www.generalmaximus.ch\\\/it\\\/\",\"logo\":{\"@type\":\"ImageObject\",\"inLanguage\":\"it-IT\",\"@id\":\"https:\\\/\\\/www.generalmaximus.ch\\\/it\\\/#\\\/schema\\\/logo\\\/image\\\/\",\"url\":\"https:\\\/\\\/www.generalmaximus.ch\\\/wp-content\\\/uploads\\\/2022\\\/12\\\/Pet_Products_Icon_512pix.png\",\"contentUrl\":\"https:\\\/\\\/www.generalmaximus.ch\\\/wp-content\\\/uploads\\\/2022\\\/12\\\/Pet_Products_Icon_512pix.png\",\"width\":512,\"height\":512,\"caption\":\"GenMax Pet Products\"},\"image\":{\"@id\":\"https:\\\/\\\/www.generalmaximus.ch\\\/it\\\/#\\\/schema\\\/logo\\\/image\\\/\"},\"sameAs\":[\"https:\\\/\\\/www.facebook.com\\\/genmax.ch\",\"https:\\\/\\\/www.instagram\\\/genmax.ch\",\"https:\\\/\\\/www.linkedin.com\\\/company\\\/85862297\"]}]}<\/script>\n<!-- \/ Yoast SEO Premium plugin. -->","yoast_head_json":{"title":"Impronta - GenMax Vendita all'Ingrosso","robots":{"index":"index","follow":"follow","max-snippet":"max-snippet:-1","max-image-preview":"max-image-preview:large","max-video-preview":"max-video-preview:-1"},"canonical":"https:\/\/www.generalmaximus.ch\/it\/impronta\/","og_locale":"it_IT","og_type":"article","og_title":"Impronta","og_url":"https:\/\/www.generalmaximus.ch\/it\/impronta\/","og_site_name":"GenMax Vendita all'Ingrosso","article_publisher":"https:\/\/www.facebook.com\/genmax.ch","article_modified_time":"2024-08-26T12:55:12+00:00","og_image":[{"width":1200,"height":675,"url":"https:\/\/www.generalmaximus.ch\/wp-content\/uploads\/2023\/07\/Yoast-SEO-Site-Image.jpg","type":"image\/jpeg"}],"schema":{"@context":"https:\/\/schema.org","@graph":[{"@type":"WebPage","@id":"https:\/\/www.generalmaximus.ch\/it\/impronta\/","url":"https:\/\/www.generalmaximus.ch\/it\/impronta\/","name":"Impronta - GenMax Vendita all'Ingrosso","isPartOf":{"@id":"https:\/\/www.generalmaximus.ch\/it\/#website"},"datePublished":"2024-03-21T08:44:36+00:00","dateModified":"2024-08-26T12:55:12+00:00","breadcrumb":{"@id":"https:\/\/www.generalmaximus.ch\/it\/impronta\/#breadcrumb"},"inLanguage":"it-IT","potentialAction":[{"@type":"ReadAction","target":["https:\/\/www.generalmaximus.ch\/it\/impronta\/"]}]},{"@type":"BreadcrumbList","@id":"https:\/\/www.generalmaximus.ch\/it\/impronta\/#breadcrumb","itemListElement":[{"@type":"ListItem","position":1,"name":"Home","item":"https:\/\/www.generalmaximus.ch\/it\/"},{"@type":"ListItem","position":2,"name":"Impronta"}]},{"@type":"WebSite","@id":"https:\/\/www.generalmaximus.ch\/it\/#website","url":"https:\/\/www.generalmaximus.ch\/it\/","name":"GenMax Vendita all'Ingrosso","description":"","publisher":{"@id":"https:\/\/www.generalmaximus.ch\/it\/#organization"},"alternateName":"General Maximus Pet Products","potentialAction":[{"@type":"SearchAction","target":{"@type":"EntryPoint","urlTemplate":"https:\/\/www.generalmaximus.ch\/it\/?s={search_term_string}"},"query-input":{"@type":"PropertyValueSpecification","valueRequired":true,"valueName":"search_term_string"}}],"inLanguage":"it-IT"},{"@type":"Organization","@id":"https:\/\/www.generalmaximus.ch\/it\/#organization","name":"GenMax Pet Products","alternateName":"General Maximus Pet Products","url":"https:\/\/www.generalmaximus.ch\/it\/","logo":{"@type":"ImageObject","inLanguage":"it-IT","@id":"https:\/\/www.generalmaximus.ch\/it\/#\/schema\/logo\/image\/","url":"https:\/\/www.generalmaximus.ch\/wp-content\/uploads\/2022\/12\/Pet_Products_Icon_512pix.png","contentUrl":"https:\/\/www.generalmaximus.ch\/wp-content\/uploads\/2022\/12\/Pet_Products_Icon_512pix.png","width":512,"height":512,"caption":"GenMax Pet Products"},"image":{"@id":"https:\/\/www.generalmaximus.ch\/it\/#\/schema\/logo\/image\/"},"sameAs":["https:\/\/www.facebook.com\/genmax.ch","https:\/\/www.instagram\/genmax.ch","https:\/\/www.linkedin.com\/company\/85862297"]}]}},"_links":{"self":[{"href":"https:\/\/www.generalmaximus.ch\/it\/wp-json\/wp\/v2\/pages\/1792","targetHints":{"allow":["GET"]}}],"collection":[{"href":"https:\/\/www.generalmaximus.ch\/it\/wp-json\/wp\/v2\/pages"}],"about":[{"href":"https:\/\/www.generalmaximus.ch\/it\/wp-json\/wp\/v2\/types\/page"}],"author":[{"embeddable":true,"href":"https:\/\/www.generalmaximus.ch\/it\/wp-json\/wp\/v2\/users\/5"}],"replies":[{"embeddable":true,"href":"https:\/\/www.generalmaximus.ch\/it\/wp-json\/wp\/v2\/comments?post=1792"}],"version-history":[{"count":2,"href":"https:\/\/www.generalmaximus.ch\/it\/wp-json\/wp\/v2\/pages\/1792\/revisions"}],"predecessor-version":[{"id":1946,"href":"https:\/\/www.generalmaximus.ch\/it\/wp-json\/wp\/v2\/pages\/1792\/revisions\/1946"}],"wp:attachment":[{"href":"https:\/\/www.generalmaximus.ch\/it\/wp-json\/wp\/v2\/media?parent=1792"}],"curies":[{"name":"wp","href":"https:\/\/api.w.org\/{rel}","templated":true}]}}