{"id":220,"date":"2022-11-23T11:24:20","date_gmt":"2022-11-23T11:24:20","guid":{"rendered":"https:\/\/www.generalmaximus.ch\/my-story\/"},"modified":"2022-12-08T17:31:24","modified_gmt":"2022-12-08T17:31:24","slug":"my-story","status":"publish","type":"page","link":"https:\/\/www.generalmaximus.ch\/it\/my-story\/","title":{"rendered":"La mia storia"},"content":{"rendered":"\n\n<h2>La mia storia, Generale Maximus il Pastore Tedesco<\/h2>\n<p><img loading=\"lazy\" decoding=\"async\" class=\"alignleft size-full wp-image-204\" src=\"https:\/\/www.generalmaximus.ch\/wp-content\/uploads\/2022\/11\/max-2.png\" alt=\"\" width=\"100\" height=\"99\">Io sono il Generale Massimo Aurelio, un orgoglioso pastore maschio tedesco. Nato in Africa e ora residente in Svizzera, voglio dirti la mia storia. <br><br><\/p>\n<p>Sono nato il 20 luglio 2010 in una fattoria nel bushveld che circonda Pretoria in Sud Africa, a mamma e pap\u00e0 insieme a quattro fratelli. I miei inizi erano duri siccome essendo un cucciolo nel mondo umano sarei stato preso dai miei genitori, messo in una gabbia e messo in mostra per tutti. Due dei miei fratelli sono stati presi, non so dove, ma poi un giorno quello che sarebbe diventato presto il mio essere umano entr\u00f2 e mi ha scelto, attratto dal mio vivo carattere e da una crescita di capelli sotto l\u2019occhio sinistro derivante da un taglio accidentale sofferto subito dopo la nascita.  <br><br><\/p>\n<p>Nascere nel Sud Africa nel 2010 \u00e8 stato terribilmente eccitante perch\u00e9 non solo era il paese che in quel anno ha ospitato la sua prima coppa del mondo di calcio (il mondiale),<img decoding=\"async\" loading=\"lazy\" class=\"alignright size-full wp-image-209\" src=\"https:\/\/www.generalmaximus.ch\/wp-content\/uploads\/2022\/11\/max-africa-trip.jpg\" alt=\"\" width=\"250\" height=\"266\"> ma stava anche attraversando un periodo transitorio che ha visto umani di tutti le razze riunirsi per formare una nuovo ed emozionante nazione.<br><br><\/p>\n<p>Poccho dopo sono stato portato a 63 Spitfire Avenue dove ho conosciuto il mio mentore e mia sorella grande, Jessica. Jessica \u00e8 un Labrador Cioccolato, ha 3 anni pi\u00f9 di me e mi ha mostrato come vivere in questo nuovo ambiente. Essendo un pastore tedesco, sono stato benedetto come membro di una specie di cane tra le pi\u00f9 intelligenti e tra conscere a navigare il mio territorio, inseguire altri animali, far conoscere la mia autorit\u00e0, imparare a programmare la mia giornata (dormire, svegliare, mangiare, abbaiare ad intrusi, solo abbaiare, gioco, sonno \u2026 roba difficile), ho anche cominciato a pensare alle mie esperienze di vita.  <br><br><\/p>\n<p>Come cucciolo avevo molta energia ma avevo anche bisogno di un buon riposo. Il mio umano usava lasciare Jessica ed io dormire nella camera da letto principale. Era in questa camera da letto che ho iniziato a mettere in discussione i prodotti correntemente disponibili per noi nel mondo. Il tappeto era fantastico ma dopo pi\u00f9 di 3 ore sarebbe diventato duro e naturalmente ho dovuto segnare per riferimento futuro con alcune pipi qua e l\u00e0. Scartiamo questa prova, non desiderabile. La mia marcatura del tappeto offensivo presto ha ispirato il mio umano a procurarmi il primo letto per cane. L\u2019interno era fatta di una specie di schiuma in espansione o cos\u00ec dicevano sulla scatola ma un po\u2019 pi\u00f9 tardi la schiuma dentro avrebbe come delle palle e dei pezzi, rendendo il letto super scomodo e quindi ho dovuto strapparlo con i miei denti. Questo processo durante la mia crescita ha portato alla necessit\u00e0 di strappare letti innumerevoli in disapprovazione dopo aver trascorso giorni nella Savannah Africana con il mio umano. Facendo guardia contro animali cacciatori per difendere quelli considerati di esser prede nella savannah africana \u00e8 un lavoro duro e quando si arriva a casa si desidera un letto adeguato per riposare.        <br><br><\/p>\n<p>Alla fine ho deciso che le cose devono cambiare. Questa lotta da parte del mio umano per trovare un letto adatto ha reso chiaro che qualcuno doveva far qualcosa e che quel qualcuno ero io. In quel momento sono diventato un leader nella comunit\u00e0 guardando, guidando e aiutando i miei compagni animali. Quando venivo portato per passeggiate difendevo i deboli, quando invece venivo lasciato a casa ho protetto coloro che non possono protegersi e presto loro sono diventati miei seguaci \u2026 ero ormai un generale.   <br><br><\/p>\n<p>Utilizzando la mia posizione ho deciso di attraversare l\u2019Africa, attraverso pianure e giungle, montagne e valli, ho trascinato Jessica e il mio essere umano per trovare una nuova terra. Una terra dove l\u2019uomo capiva la qualit\u00e0 e la perfezione. Una terra con una bandiera rossa, che portava una croce bianca. In questa terra ho conosciuto Echo che mi ha raccontato delle sue avventure e delle sue esperienze nelle montagne coperte di neve e qui sono partito per creare il primo prodotto di qualit\u00e0 come un vero leader dovrebbe. Il mio destino stava per diventare realt\u00e0: il Generale porter\u00e0 il suo gregge in un mondo in cui le loro vite sono state notevolmente migliorate dalla qualit\u00e0, dai prodotti destinati a migliorare la loro vita.    <br><br><\/p>\n<p>Il mio umano mi ha chiamato Generale Maximus Aurelius \u2013 Il capo delle Legioni del Nord dell\u2019esercito di Cesare dopo che vide in uno strano quadro con imagini muoventi, la storia del Galdiatore; ma solo ora, capisco veramente che il mio nome era il mio destino. Il mio nome dice: <\/p>\n<p>Sono Generale Maximus, sono qui per condurre i miei compagni animali, gli animali domestici in una vita in cui sono curati e coccolati assicurandosi che ci siano prodotti di qualit\u00e0 da ottenere tramite i loro umani.<br><br><\/p>\n<p>La mia ricerca continua.<br><br><\/p>\n<p>Controlla sempre la mia firma e il mio badge:<\/p>\n\n<p><img loading=\"lazy\" decoding=\"async\" class=\"aligncenter size-full wp-image-213\" src=\"https:\/\/www.generalmaximus.ch\/wp-content\/uploads\/2022\/11\/paw-print-2.jpg\" alt=\"\" width=\"200\" height=\"201\" srcset=\"https:\/\/www.generalmaximus.ch\/wp-content\/uploads\/2022\/11\/paw-print-2.jpg 200w, https:\/\/www.generalmaximus.ch\/wp-content\/uploads\/2022\/11\/paw-print-2-150x150.jpg 150w\" sizes=\"auto, (max-width: 200px) 100vw, 200px\" \/><\/p>\n\n\n","protected":false},"excerpt":{"rendered":"","protected":false},"author":5,"featured_media":0,"parent":0,"menu_order":0,"comment_status":"closed","ping_status":"closed","template":"","meta":{"pagelayer_contact_templates":[],"_pagelayer_content":"","footnotes":""},"class_list":["post-220","page","type-page","status-publish","hentry"],"yoast_head":"<!-- This site is optimized with the Yoast SEO Premium plugin v20.10 (Yoast SEO v27.5) - https:\/\/yoast.com\/product\/yoast-seo-premium-wordpress\/ -->\n<title>La mia storia - GenMax Vendita all&#039;Ingrosso<\/title>\n<meta name=\"robots\" content=\"index, follow, max-snippet:-1, max-image-preview:large, max-video-preview:-1\" \/>\n<link rel=\"canonical\" href=\"https:\/\/www.generalmaximus.ch\/it\/my-story\/\" \/>\n<meta property=\"og:locale\" content=\"it_IT\" \/>\n<meta property=\"og:type\" content=\"article\" \/>\n<meta property=\"og:title\" content=\"La mia storia\" \/>\n<meta property=\"og:url\" content=\"https:\/\/www.generalmaximus.ch\/it\/my-story\/\" \/>\n<meta property=\"og:site_name\" content=\"GenMax Vendita all&#039;Ingrosso\" \/>\n<meta property=\"article:publisher\" content=\"https:\/\/www.facebook.com\/genmax.ch\" \/>\n<meta property=\"article:modified_time\" content=\"2022-12-08T17:31:24+00:00\" \/>\n<meta property=\"og:image\" content=\"https:\/\/www.generalmaximus.ch\/wp-content\/uploads\/2022\/11\/max-2.png\" \/>\n<script type=\"application\/ld+json\" class=\"yoast-schema-graph\">{\"@context\":\"https:\\\/\\\/schema.org\",\"@graph\":[{\"@type\":\"WebPage\",\"@id\":\"https:\\\/\\\/www.generalmaximus.ch\\\/it\\\/my-story\\\/\",\"url\":\"https:\\\/\\\/www.generalmaximus.ch\\\/it\\\/my-story\\\/\",\"name\":\"La mia storia - GenMax Vendita all'Ingrosso\",\"isPartOf\":{\"@id\":\"https:\\\/\\\/www.generalmaximus.ch\\\/it\\\/#website\"},\"primaryImageOfPage\":{\"@id\":\"https:\\\/\\\/www.generalmaximus.ch\\\/it\\\/my-story\\\/#primaryimage\"},\"image\":{\"@id\":\"https:\\\/\\\/www.generalmaximus.ch\\\/it\\\/my-story\\\/#primaryimage\"},\"thumbnailUrl\":\"https:\\\/\\\/www.generalmaximus.ch\\\/wp-content\\\/uploads\\\/2022\\\/11\\\/max-2.png\",\"datePublished\":\"2022-11-23T11:24:20+00:00\",\"dateModified\":\"2022-12-08T17:31:24+00:00\",\"breadcrumb\":{\"@id\":\"https:\\\/\\\/www.generalmaximus.ch\\\/it\\\/my-story\\\/#breadcrumb\"},\"inLanguage\":\"it-IT\",\"potentialAction\":[{\"@type\":\"ReadAction\",\"target\":[\"https:\\\/\\\/www.generalmaximus.ch\\\/it\\\/my-story\\\/\"]}]},{\"@type\":\"ImageObject\",\"inLanguage\":\"it-IT\",\"@id\":\"https:\\\/\\\/www.generalmaximus.ch\\\/it\\\/my-story\\\/#primaryimage\",\"url\":\"https:\\\/\\\/www.generalmaximus.ch\\\/wp-content\\\/uploads\\\/2022\\\/11\\\/max-2.png\",\"contentUrl\":\"https:\\\/\\\/www.generalmaximus.ch\\\/wp-content\\\/uploads\\\/2022\\\/11\\\/max-2.png\"},{\"@type\":\"BreadcrumbList\",\"@id\":\"https:\\\/\\\/www.generalmaximus.ch\\\/it\\\/my-story\\\/#breadcrumb\",\"itemListElement\":[{\"@type\":\"ListItem\",\"position\":1,\"name\":\"Home\",\"item\":\"https:\\\/\\\/www.generalmaximus.ch\\\/it\\\/\"},{\"@type\":\"ListItem\",\"position\":2,\"name\":\"La mia storia\"}]},{\"@type\":\"WebSite\",\"@id\":\"https:\\\/\\\/www.generalmaximus.ch\\\/it\\\/#website\",\"url\":\"https:\\\/\\\/www.generalmaximus.ch\\\/it\\\/\",\"name\":\"GenMax Vendita all'Ingrosso\",\"description\":\"\",\"publisher\":{\"@id\":\"https:\\\/\\\/www.generalmaximus.ch\\\/it\\\/#organization\"},\"alternateName\":\"General Maximus Pet Products\",\"potentialAction\":[{\"@type\":\"SearchAction\",\"target\":{\"@type\":\"EntryPoint\",\"urlTemplate\":\"https:\\\/\\\/www.generalmaximus.ch\\\/it\\\/?s={search_term_string}\"},\"query-input\":{\"@type\":\"PropertyValueSpecification\",\"valueRequired\":true,\"valueName\":\"search_term_string\"}}],\"inLanguage\":\"it-IT\"},{\"@type\":\"Organization\",\"@id\":\"https:\\\/\\\/www.generalmaximus.ch\\\/it\\\/#organization\",\"name\":\"GenMax Pet Products\",\"alternateName\":\"General Maximus Pet Products\",\"url\":\"https:\\\/\\\/www.generalmaximus.ch\\\/it\\\/\",\"logo\":{\"@type\":\"ImageObject\",\"inLanguage\":\"it-IT\",\"@id\":\"https:\\\/\\\/www.generalmaximus.ch\\\/it\\\/#\\\/schema\\\/logo\\\/image\\\/\",\"url\":\"https:\\\/\\\/www.generalmaximus.ch\\\/wp-content\\\/uploads\\\/2022\\\/12\\\/Pet_Products_Icon_512pix.png\",\"contentUrl\":\"https:\\\/\\\/www.generalmaximus.ch\\\/wp-content\\\/uploads\\\/2022\\\/12\\\/Pet_Products_Icon_512pix.png\",\"width\":512,\"height\":512,\"caption\":\"GenMax Pet Products\"},\"image\":{\"@id\":\"https:\\\/\\\/www.generalmaximus.ch\\\/it\\\/#\\\/schema\\\/logo\\\/image\\\/\"},\"sameAs\":[\"https:\\\/\\\/www.facebook.com\\\/genmax.ch\",\"https:\\\/\\\/www.instagram\\\/genmax.ch\",\"https:\\\/\\\/www.linkedin.com\\\/company\\\/85862297\"]}]}<\/script>\n<!-- \/ Yoast SEO Premium plugin. -->","yoast_head_json":{"title":"La mia storia - GenMax Vendita all'Ingrosso","robots":{"index":"index","follow":"follow","max-snippet":"max-snippet:-1","max-image-preview":"max-image-preview:large","max-video-preview":"max-video-preview:-1"},"canonical":"https:\/\/www.generalmaximus.ch\/it\/my-story\/","og_locale":"it_IT","og_type":"article","og_title":"La mia storia","og_url":"https:\/\/www.generalmaximus.ch\/it\/my-story\/","og_site_name":"GenMax Vendita all'Ingrosso","article_publisher":"https:\/\/www.facebook.com\/genmax.ch","article_modified_time":"2022-12-08T17:31:24+00:00","og_image":[{"url":"https:\/\/www.generalmaximus.ch\/wp-content\/uploads\/2022\/11\/max-2.png","type":"","width":"","height":""}],"schema":{"@context":"https:\/\/schema.org","@graph":[{"@type":"WebPage","@id":"https:\/\/www.generalmaximus.ch\/it\/my-story\/","url":"https:\/\/www.generalmaximus.ch\/it\/my-story\/","name":"La mia storia - GenMax Vendita all'Ingrosso","isPartOf":{"@id":"https:\/\/www.generalmaximus.ch\/it\/#website"},"primaryImageOfPage":{"@id":"https:\/\/www.generalmaximus.ch\/it\/my-story\/#primaryimage"},"image":{"@id":"https:\/\/www.generalmaximus.ch\/it\/my-story\/#primaryimage"},"thumbnailUrl":"https:\/\/www.generalmaximus.ch\/wp-content\/uploads\/2022\/11\/max-2.png","datePublished":"2022-11-23T11:24:20+00:00","dateModified":"2022-12-08T17:31:24+00:00","breadcrumb":{"@id":"https:\/\/www.generalmaximus.ch\/it\/my-story\/#breadcrumb"},"inLanguage":"it-IT","potentialAction":[{"@type":"ReadAction","target":["https:\/\/www.generalmaximus.ch\/it\/my-story\/"]}]},{"@type":"ImageObject","inLanguage":"it-IT","@id":"https:\/\/www.generalmaximus.ch\/it\/my-story\/#primaryimage","url":"https:\/\/www.generalmaximus.ch\/wp-content\/uploads\/2022\/11\/max-2.png","contentUrl":"https:\/\/www.generalmaximus.ch\/wp-content\/uploads\/2022\/11\/max-2.png"},{"@type":"BreadcrumbList","@id":"https:\/\/www.generalmaximus.ch\/it\/my-story\/#breadcrumb","itemListElement":[{"@type":"ListItem","position":1,"name":"Home","item":"https:\/\/www.generalmaximus.ch\/it\/"},{"@type":"ListItem","position":2,"name":"La mia storia"}]},{"@type":"WebSite","@id":"https:\/\/www.generalmaximus.ch\/it\/#website","url":"https:\/\/www.generalmaximus.ch\/it\/","name":"GenMax Vendita all'Ingrosso","description":"","publisher":{"@id":"https:\/\/www.generalmaximus.ch\/it\/#organization"},"alternateName":"General Maximus Pet Products","potentialAction":[{"@type":"SearchAction","target":{"@type":"EntryPoint","urlTemplate":"https:\/\/www.generalmaximus.ch\/it\/?s={search_term_string}"},"query-input":{"@type":"PropertyValueSpecification","valueRequired":true,"valueName":"search_term_string"}}],"inLanguage":"it-IT"},{"@type":"Organization","@id":"https:\/\/www.generalmaximus.ch\/it\/#organization","name":"GenMax Pet Products","alternateName":"General Maximus Pet Products","url":"https:\/\/www.generalmaximus.ch\/it\/","logo":{"@type":"ImageObject","inLanguage":"it-IT","@id":"https:\/\/www.generalmaximus.ch\/it\/#\/schema\/logo\/image\/","url":"https:\/\/www.generalmaximus.ch\/wp-content\/uploads\/2022\/12\/Pet_Products_Icon_512pix.png","contentUrl":"https:\/\/www.generalmaximus.ch\/wp-content\/uploads\/2022\/12\/Pet_Products_Icon_512pix.png","width":512,"height":512,"caption":"GenMax Pet Products"},"image":{"@id":"https:\/\/www.generalmaximus.ch\/it\/#\/schema\/logo\/image\/"},"sameAs":["https:\/\/www.facebook.com\/genmax.ch","https:\/\/www.instagram\/genmax.ch","https:\/\/www.linkedin.com\/company\/85862297"]}]}},"_links":{"self":[{"href":"https:\/\/www.generalmaximus.ch\/it\/wp-json\/wp\/v2\/pages\/220","targetHints":{"allow":["GET"]}}],"collection":[{"href":"https:\/\/www.generalmaximus.ch\/it\/wp-json\/wp\/v2\/pages"}],"about":[{"href":"https:\/\/www.generalmaximus.ch\/it\/wp-json\/wp\/v2\/types\/page"}],"author":[{"embeddable":true,"href":"https:\/\/www.generalmaximus.ch\/it\/wp-json\/wp\/v2\/users\/5"}],"replies":[{"embeddable":true,"href":"https:\/\/www.generalmaximus.ch\/it\/wp-json\/wp\/v2\/comments?post=220"}],"version-history":[{"count":5,"href":"https:\/\/www.generalmaximus.ch\/it\/wp-json\/wp\/v2\/pages\/220\/revisions"}],"predecessor-version":[{"id":780,"href":"https:\/\/www.generalmaximus.ch\/it\/wp-json\/wp\/v2\/pages\/220\/revisions\/780"}],"wp:attachment":[{"href":"https:\/\/www.generalmaximus.ch\/it\/wp-json\/wp\/v2\/media?parent=220"}],"curies":[{"name":"wp","href":"https:\/\/api.w.org\/{rel}","templated":true}]}}