{"id":390,"date":"2022-11-25T12:17:46","date_gmt":"2022-11-25T12:17:46","guid":{"rendered":"https:\/\/www.generalmaximus.ch\/the-maxbed-pillow\/"},"modified":"2025-06-27T17:36:24","modified_gmt":"2025-06-27T17:36:24","slug":"the-maxbed-premium-dog-bed","status":"publish","type":"page","link":"https:\/\/www.generalmaximus.ch\/it\/the-maxbed-premium-dog-bed\/","title":{"rendered":"Il MaxBed Premium Dog Bed"},"content":{"rendered":"\r\n\r\n\r\n\r\n\r\n\r\n\r\n<h2>Il MaxBed \u2013 Premium Dog Bed<\/h2>\r\n\r\n\r\n\r\n\r\n\r\n\r\n\r\n\r\n\r\n<p><img loading=\"lazy\" decoding=\"async\" class=\"alignleft\" src=\"https:\/\/www.generalmaximus.ch\/wp-content\/uploads\/2023\/04\/Max_on_MaxBed-PIllow.jpg\" alt=\"\" width=\"332\" height=\"332\" \/>Il letto per cani MaxBed Premium \u00e8 registrato con il codice articolo commerciale globale (GTIN) 4170000074199. Il MaxBed Premium Dog Bed \u00e8 un nuovo letto per animali domestici per il mercato mondiale che non assorbe gli odori degli animali, \u00e8 ipoallergenico, igienico, non assorbente, resistente all&#8217;acqua e ha qualit\u00e0 ortopediche.<\/p>\r\n<p>&nbsp;<\/p>\r\n<p>Il letto \u00e8 ideale per l&#8217;uso interno e adatto per un uso esterno temporaneo. <u>Come per qualsiasi prodotto in tessuto, si consiglia tuttavia di non lasciarlo esposto costantemente alla luce solare diretta, poich\u00e9 la luce solare compromette l&#8217;integrit\u00e0 della maggior parte dei tessuti.<\/u> \u00c8 resistente e durevole. Grazie alla sua struttura flessibile, il letto per cani MaxBed Premium pu\u00f2 essere inserito in qualsiasi forma o contenitore, mantenendone sempre la forma.<\/p>\r\n<p>&nbsp;<\/p>\r\n<p>Il letto \u00e8 facile da pulire in quanto non trattiene i peli degli animali domestici. Scuoti semplicemente i capelli. \u00c8 facile da pulire pulendolo con uno straccio umido e strofinando semplicemente la parte superiore o altre superfici. In alternativa, per situazioni pi\u00f9 sporche, puoi farlo usando un tubo da giardino per spruzzare la superficie superiore tenendo il letto sottosopra e lasciandolo sgocciolare. Al letto non piacer\u00e0 essere immerso nell&#8217;acqua poich\u00e9 ci vorr\u00e0 molto tempo per asciugarsi &#8211; questo non \u00e8 necessario.<\/p>\r\n<p>&nbsp;<\/p>\r\n<p>Grazie ai materiali utilizzati nella fabbricazione, il letto rimane fresco d&#8217;estate e offre calore d&#8217;inverno.<img loading=\"lazy\" decoding=\"async\" src=\"https:\/\/www.generalmaximus.ch\/wp-content\/uploads\/2022\/11\/Image-MBP-2.jpg\" width=\"250\" height=\"500\" align=\"right\" \/><\/p>\r\n<p>&nbsp;<\/p>\r\n<p>La superficie superiore aiuta ad alleviare le irritazioni della pelle e aiuta anche a prevenire la riproduzione dei parassiti.<\/p>\r\n<p>&nbsp;<\/p>\r\n<p>Questo \u00e8 il letto che il tuo animale domestico stava aspettando. \u00c8 un prodotto di alta qualit\u00e0 e ben fatto, progettato per portare gioia al tuo animale domestico sia che stia riposando o dormendo.<\/p>\r\n<p>&nbsp;<\/p>\r\n<p>Se cercate un prodotto di qualit\u00e0 inferiore, economico e una tantum, questo letto non fa per voi. Il letto per cani MaxBed Premium contiene pi\u00f9 imbottitura rispetto alla maggior parte degli altri letti e supporta completamente il peso corporeo del vostro animale.<\/p>\r\n<p>&nbsp;<\/p>\r\n<p><strong>Disponibilit\u00e0 del letto per cani MaxBed Premium:<\/strong><\/p>\r\n<p>&nbsp;<\/p>\r\n<p>Per la fornitura all&#8217;ingrosso in tutto il mondo &#8211; gli ordini sono ora possibili;<\/p>\r\n<p>Per i clienti privati, il letto \u00e8 ora disponibile tramite: <a href=\"https:\/\/www.generalmaximus.ch\/it\/dove-compro\/\">Elenco dei rivenditori<\/a><\/p>\r\n<p>Per i rivenditori dropshipping online in Europa, GenMax offre ai rivenditori una soluzione di dropshipping.<\/p>\r\n<p>&nbsp;<\/p>\r\n\r\n\r\n\r\n\r\n\r\n\r\n\r\n\r\n\r\n\r\n\r\n\r\n\r\n\r\n\r\n\r\n\r\n\r\n\r\n\r\n\r\n\r\n\r\n\r\n\r\n\r\n\r\n\r\n\r\n<p>&nbsp;<\/p>","protected":false},"excerpt":{"rendered":"<p>&nbsp;<\/p>\n","protected":false},"author":5,"featured_media":0,"parent":0,"menu_order":0,"comment_status":"closed","ping_status":"closed","template":"","meta":{"pagelayer_contact_templates":[],"_pagelayer_content":"","footnotes":""},"class_list":["post-390","page","type-page","status-publish","hentry"],"yoast_head":"<!-- This site is optimized with the Yoast SEO Premium plugin v20.10 (Yoast SEO v27.5) - https:\/\/yoast.com\/product\/yoast-seo-premium-wordpress\/ -->\n<title>Il MaxBed Premium Dog Bed - GenMax Vendita all&#039;Ingrosso<\/title>\n<meta name=\"description\" content=\"Il MaxBed-Pillow \u00e8 un nuovo letto per animali domestici per il mercato mondiale che non assorbe gli odori degli animali, \u00e8 ipoallergenico, igienico, non assorbente, resistente all&#039;acqua e ha qualit\u00e0 ortopediche.\" \/>\n<meta name=\"robots\" content=\"index, follow, max-snippet:-1, max-image-preview:large, max-video-preview:-1\" \/>\n<link rel=\"canonical\" href=\"https:\/\/www.generalmaximus.ch\/it\/the-maxbed-premium-dog-bed\/\" \/>\n<meta property=\"og:locale\" content=\"it_IT\" \/>\n<meta property=\"og:type\" content=\"article\" \/>\n<meta property=\"og:title\" content=\"Il MaxBed Premium Dog Bed\" \/>\n<meta property=\"og:description\" content=\"Il MaxBed-Pillow \u00e8 un nuovo letto per animali domestici per il mercato mondiale che non assorbe gli odori degli animali, \u00e8 ipoallergenico, igienico, non assorbente, resistente all&#039;acqua e ha qualit\u00e0 ortopediche.\" \/>\n<meta property=\"og:url\" content=\"https:\/\/www.generalmaximus.ch\/it\/the-maxbed-premium-dog-bed\/\" \/>\n<meta property=\"og:site_name\" content=\"GenMax Vendita all&#039;Ingrosso\" \/>\n<meta property=\"article:publisher\" content=\"https:\/\/www.facebook.com\/genmax.ch\" \/>\n<meta property=\"article:modified_time\" content=\"2025-06-27T17:36:24+00:00\" \/>\n<meta property=\"og:image\" content=\"https:\/\/www.generalmaximus.ch\/wp-content\/uploads\/2023\/04\/Max_on_MaxBed-PIllow.jpg\" \/>\n<script type=\"application\/ld+json\" class=\"yoast-schema-graph\">{\"@context\":\"https:\\\/\\\/schema.org\",\"@graph\":[{\"@type\":\"WebPage\",\"@id\":\"https:\\\/\\\/www.generalmaximus.ch\\\/it\\\/the-maxbed-premium-dog-bed\\\/\",\"url\":\"https:\\\/\\\/www.generalmaximus.ch\\\/it\\\/the-maxbed-premium-dog-bed\\\/\",\"name\":\"Il MaxBed Premium Dog Bed - GenMax Vendita all'Ingrosso\",\"isPartOf\":{\"@id\":\"https:\\\/\\\/www.generalmaximus.ch\\\/it\\\/#website\"},\"primaryImageOfPage\":{\"@id\":\"https:\\\/\\\/www.generalmaximus.ch\\\/it\\\/the-maxbed-premium-dog-bed\\\/#primaryimage\"},\"image\":{\"@id\":\"https:\\\/\\\/www.generalmaximus.ch\\\/it\\\/the-maxbed-premium-dog-bed\\\/#primaryimage\"},\"thumbnailUrl\":\"https:\\\/\\\/www.generalmaximus.ch\\\/wp-content\\\/uploads\\\/2023\\\/04\\\/Max_on_MaxBed-PIllow.jpg\",\"datePublished\":\"2022-11-25T12:17:46+00:00\",\"dateModified\":\"2025-06-27T17:36:24+00:00\",\"description\":\"Il MaxBed-Pillow \u00e8 un nuovo letto per animali domestici per il mercato mondiale che non assorbe gli odori degli animali, \u00e8 ipoallergenico, igienico, non assorbente, resistente all'acqua e ha qualit\u00e0 ortopediche.\",\"breadcrumb\":{\"@id\":\"https:\\\/\\\/www.generalmaximus.ch\\\/it\\\/the-maxbed-premium-dog-bed\\\/#breadcrumb\"},\"inLanguage\":\"it-IT\",\"potentialAction\":[{\"@type\":\"ReadAction\",\"target\":[\"https:\\\/\\\/www.generalmaximus.ch\\\/it\\\/the-maxbed-premium-dog-bed\\\/\"]}]},{\"@type\":\"ImageObject\",\"inLanguage\":\"it-IT\",\"@id\":\"https:\\\/\\\/www.generalmaximus.ch\\\/it\\\/the-maxbed-premium-dog-bed\\\/#primaryimage\",\"url\":\"https:\\\/\\\/www.generalmaximus.ch\\\/wp-content\\\/uploads\\\/2023\\\/04\\\/Max_on_MaxBed-PIllow.jpg\",\"contentUrl\":\"https:\\\/\\\/www.generalmaximus.ch\\\/wp-content\\\/uploads\\\/2023\\\/04\\\/Max_on_MaxBed-PIllow.jpg\"},{\"@type\":\"BreadcrumbList\",\"@id\":\"https:\\\/\\\/www.generalmaximus.ch\\\/it\\\/the-maxbed-premium-dog-bed\\\/#breadcrumb\",\"itemListElement\":[{\"@type\":\"ListItem\",\"position\":1,\"name\":\"Home\",\"item\":\"https:\\\/\\\/www.generalmaximus.ch\\\/it\\\/\"},{\"@type\":\"ListItem\",\"position\":2,\"name\":\"Il MaxBed Premium Dog Bed\"}]},{\"@type\":\"WebSite\",\"@id\":\"https:\\\/\\\/www.generalmaximus.ch\\\/it\\\/#website\",\"url\":\"https:\\\/\\\/www.generalmaximus.ch\\\/it\\\/\",\"name\":\"GenMax Vendita all'Ingrosso\",\"description\":\"\",\"publisher\":{\"@id\":\"https:\\\/\\\/www.generalmaximus.ch\\\/it\\\/#organization\"},\"alternateName\":\"General Maximus Pet Products\",\"potentialAction\":[{\"@type\":\"SearchAction\",\"target\":{\"@type\":\"EntryPoint\",\"urlTemplate\":\"https:\\\/\\\/www.generalmaximus.ch\\\/it\\\/?s={search_term_string}\"},\"query-input\":{\"@type\":\"PropertyValueSpecification\",\"valueRequired\":true,\"valueName\":\"search_term_string\"}}],\"inLanguage\":\"it-IT\"},{\"@type\":\"Organization\",\"@id\":\"https:\\\/\\\/www.generalmaximus.ch\\\/it\\\/#organization\",\"name\":\"GenMax Pet Products\",\"alternateName\":\"General Maximus Pet Products\",\"url\":\"https:\\\/\\\/www.generalmaximus.ch\\\/it\\\/\",\"logo\":{\"@type\":\"ImageObject\",\"inLanguage\":\"it-IT\",\"@id\":\"https:\\\/\\\/www.generalmaximus.ch\\\/it\\\/#\\\/schema\\\/logo\\\/image\\\/\",\"url\":\"https:\\\/\\\/www.generalmaximus.ch\\\/wp-content\\\/uploads\\\/2022\\\/12\\\/Pet_Products_Icon_512pix.png\",\"contentUrl\":\"https:\\\/\\\/www.generalmaximus.ch\\\/wp-content\\\/uploads\\\/2022\\\/12\\\/Pet_Products_Icon_512pix.png\",\"width\":512,\"height\":512,\"caption\":\"GenMax Pet Products\"},\"image\":{\"@id\":\"https:\\\/\\\/www.generalmaximus.ch\\\/it\\\/#\\\/schema\\\/logo\\\/image\\\/\"},\"sameAs\":[\"https:\\\/\\\/www.facebook.com\\\/genmax.ch\",\"https:\\\/\\\/www.instagram\\\/genmax.ch\",\"https:\\\/\\\/www.linkedin.com\\\/company\\\/85862297\"]}]}<\/script>\n<!-- \/ Yoast SEO Premium plugin. -->","yoast_head_json":{"title":"Il MaxBed Premium Dog Bed - GenMax Vendita all'Ingrosso","description":"Il MaxBed-Pillow \u00e8 un nuovo letto per animali domestici per il mercato mondiale che non assorbe gli odori degli animali, \u00e8 ipoallergenico, igienico, non assorbente, resistente all'acqua e ha qualit\u00e0 ortopediche.","robots":{"index":"index","follow":"follow","max-snippet":"max-snippet:-1","max-image-preview":"max-image-preview:large","max-video-preview":"max-video-preview:-1"},"canonical":"https:\/\/www.generalmaximus.ch\/it\/the-maxbed-premium-dog-bed\/","og_locale":"it_IT","og_type":"article","og_title":"Il MaxBed Premium Dog Bed","og_description":"Il MaxBed-Pillow \u00e8 un nuovo letto per animali domestici per il mercato mondiale che non assorbe gli odori degli animali, \u00e8 ipoallergenico, igienico, non assorbente, resistente all'acqua e ha qualit\u00e0 ortopediche.","og_url":"https:\/\/www.generalmaximus.ch\/it\/the-maxbed-premium-dog-bed\/","og_site_name":"GenMax Vendita all'Ingrosso","article_publisher":"https:\/\/www.facebook.com\/genmax.ch","article_modified_time":"2025-06-27T17:36:24+00:00","og_image":[{"url":"https:\/\/www.generalmaximus.ch\/wp-content\/uploads\/2023\/04\/Max_on_MaxBed-PIllow.jpg","type":"","width":"","height":""}],"schema":{"@context":"https:\/\/schema.org","@graph":[{"@type":"WebPage","@id":"https:\/\/www.generalmaximus.ch\/it\/the-maxbed-premium-dog-bed\/","url":"https:\/\/www.generalmaximus.ch\/it\/the-maxbed-premium-dog-bed\/","name":"Il MaxBed Premium Dog Bed - GenMax Vendita all'Ingrosso","isPartOf":{"@id":"https:\/\/www.generalmaximus.ch\/it\/#website"},"primaryImageOfPage":{"@id":"https:\/\/www.generalmaximus.ch\/it\/the-maxbed-premium-dog-bed\/#primaryimage"},"image":{"@id":"https:\/\/www.generalmaximus.ch\/it\/the-maxbed-premium-dog-bed\/#primaryimage"},"thumbnailUrl":"https:\/\/www.generalmaximus.ch\/wp-content\/uploads\/2023\/04\/Max_on_MaxBed-PIllow.jpg","datePublished":"2022-11-25T12:17:46+00:00","dateModified":"2025-06-27T17:36:24+00:00","description":"Il MaxBed-Pillow \u00e8 un nuovo letto per animali domestici per il mercato mondiale che non assorbe gli odori degli animali, \u00e8 ipoallergenico, igienico, non assorbente, resistente all'acqua e ha qualit\u00e0 ortopediche.","breadcrumb":{"@id":"https:\/\/www.generalmaximus.ch\/it\/the-maxbed-premium-dog-bed\/#breadcrumb"},"inLanguage":"it-IT","potentialAction":[{"@type":"ReadAction","target":["https:\/\/www.generalmaximus.ch\/it\/the-maxbed-premium-dog-bed\/"]}]},{"@type":"ImageObject","inLanguage":"it-IT","@id":"https:\/\/www.generalmaximus.ch\/it\/the-maxbed-premium-dog-bed\/#primaryimage","url":"https:\/\/www.generalmaximus.ch\/wp-content\/uploads\/2023\/04\/Max_on_MaxBed-PIllow.jpg","contentUrl":"https:\/\/www.generalmaximus.ch\/wp-content\/uploads\/2023\/04\/Max_on_MaxBed-PIllow.jpg"},{"@type":"BreadcrumbList","@id":"https:\/\/www.generalmaximus.ch\/it\/the-maxbed-premium-dog-bed\/#breadcrumb","itemListElement":[{"@type":"ListItem","position":1,"name":"Home","item":"https:\/\/www.generalmaximus.ch\/it\/"},{"@type":"ListItem","position":2,"name":"Il MaxBed Premium Dog Bed"}]},{"@type":"WebSite","@id":"https:\/\/www.generalmaximus.ch\/it\/#website","url":"https:\/\/www.generalmaximus.ch\/it\/","name":"GenMax Vendita all'Ingrosso","description":"","publisher":{"@id":"https:\/\/www.generalmaximus.ch\/it\/#organization"},"alternateName":"General Maximus Pet Products","potentialAction":[{"@type":"SearchAction","target":{"@type":"EntryPoint","urlTemplate":"https:\/\/www.generalmaximus.ch\/it\/?s={search_term_string}"},"query-input":{"@type":"PropertyValueSpecification","valueRequired":true,"valueName":"search_term_string"}}],"inLanguage":"it-IT"},{"@type":"Organization","@id":"https:\/\/www.generalmaximus.ch\/it\/#organization","name":"GenMax Pet Products","alternateName":"General Maximus Pet Products","url":"https:\/\/www.generalmaximus.ch\/it\/","logo":{"@type":"ImageObject","inLanguage":"it-IT","@id":"https:\/\/www.generalmaximus.ch\/it\/#\/schema\/logo\/image\/","url":"https:\/\/www.generalmaximus.ch\/wp-content\/uploads\/2022\/12\/Pet_Products_Icon_512pix.png","contentUrl":"https:\/\/www.generalmaximus.ch\/wp-content\/uploads\/2022\/12\/Pet_Products_Icon_512pix.png","width":512,"height":512,"caption":"GenMax Pet Products"},"image":{"@id":"https:\/\/www.generalmaximus.ch\/it\/#\/schema\/logo\/image\/"},"sameAs":["https:\/\/www.facebook.com\/genmax.ch","https:\/\/www.instagram\/genmax.ch","https:\/\/www.linkedin.com\/company\/85862297"]}]}},"_links":{"self":[{"href":"https:\/\/www.generalmaximus.ch\/it\/wp-json\/wp\/v2\/pages\/390","targetHints":{"allow":["GET"]}}],"collection":[{"href":"https:\/\/www.generalmaximus.ch\/it\/wp-json\/wp\/v2\/pages"}],"about":[{"href":"https:\/\/www.generalmaximus.ch\/it\/wp-json\/wp\/v2\/types\/page"}],"author":[{"embeddable":true,"href":"https:\/\/www.generalmaximus.ch\/it\/wp-json\/wp\/v2\/users\/5"}],"replies":[{"embeddable":true,"href":"https:\/\/www.generalmaximus.ch\/it\/wp-json\/wp\/v2\/comments?post=390"}],"version-history":[{"count":21,"href":"https:\/\/www.generalmaximus.ch\/it\/wp-json\/wp\/v2\/pages\/390\/revisions"}],"predecessor-version":[{"id":2050,"href":"https:\/\/www.generalmaximus.ch\/it\/wp-json\/wp\/v2\/pages\/390\/revisions\/2050"}],"wp:attachment":[{"href":"https:\/\/www.generalmaximus.ch\/it\/wp-json\/wp\/v2\/media?parent=390"}],"curies":[{"name":"wp","href":"https:\/\/api.w.org\/{rel}","templated":true}]}}