{"id":418,"date":"2022-11-25T13:49:27","date_gmt":"2022-11-25T13:49:27","guid":{"rendered":"https:\/\/www.generalmaximus.ch\/wholesale\/"},"modified":"2024-08-26T12:28:10","modified_gmt":"2024-08-26T12:28:10","slug":"wholesale","status":"publish","type":"page","link":"https:\/\/www.generalmaximus.ch\/it\/wholesale\/","title":{"rendered":"Vendita all&#8217;ingrosso"},"content":{"rendered":"\r\n\r\n\r\n\r\n\r\n\r\n\r\n<h2>Vendita all&#8217;ingrosso<\/h2>\r\n\r\n\r\n\r\n\r\n\r\n<p>&nbsp;<\/p>\r\n<h3>Sei un&#8217;azienda all&#8217;ingrosso?<\/h3>\r\n<p><br \/><br \/>General Maximus produrr\u00e0 gli stessi letti nei colori e nelle dimensioni scelti con il marchio per la tua attivit\u00e0. Il tuo nome, il tuo prodotto! Se sei interessato a immagazzinare i prodotti General Maximus cos\u00ec come sono o a tua immagine, contatta gentilmente Max per ricevere le condizioni commerciali e i prezzi all&#8217;ingrosso per il prodotto scelto. <br \/><br \/>Puoi anche creare un account grossista sulla piattaforma all&#8217;ingrosso GenMax. Qui puoi gestire i tuoi ordini secondo necessit\u00e0 e ordinare lo stock secondo necessit\u00e0. <br \/><br \/>Per un account, invia gentilmente quanto segue a GenMax utilizzando il modulo di contatto:<br \/><br \/>1. Il suo nome;<br \/>2. Nome commerciale;<br \/>3. Numero di registrazione;<br \/>4. Recapito di lavoro.<br \/><br \/>GenMax creer\u00e0 quindi un account all&#8217;ingrosso per te dove sarai libero di gestire i tuoi ordini.<br \/><br \/>Vai al <a href=\"https:\/\/www.generalmaximus.ch\/it\/contatta-max\/\">MODULO DI CONTATTO: Clicca qui.<\/a><br \/><br \/><\/p>\r\n\r\n\r\n\r\n\r\n\r\n\r\n\r\n\r\n\r\n<h3>Sei un Negozio eCommerce alla ricerca di Dropshipping?<\/h3>\r\n\r\n\r\n\r\n<h3>\u00a0<\/h3>\r\n<p>Se vendi solo online e desideri che i prodotti vengano inviati direttamente ai tuoi clienti per tuo conto, senza tenere scorte tu stesso, sei un dropshipper!<\/p>\r\n\r\n\r\n\r\n<p>Vedi: <a href=\"https:\/\/www.generalmaximus.ch\/it\/dropshipping-online-shops\/\">DROPSHIPPING (Clicca qui)<\/a><\/p>\r\n\r\n<p>&nbsp;<\/p>\r\n\r\n\r\n\r\n\r\n\r\n\r\n\r\n\r\n\r\n<p>&nbsp;<\/p>\r\n\r\n<h6>Prezzi consigliati &#8211; Quanto consiglia GenMax per il prezzo del cuscino MaxBed?<\/h6>\r\n\r\n\r\n\r\n\r\n\r\n\r\n\r\n\r\n\r\n\r\n\r\n<p>Attualmente MaxBed \u00e8 offerto ai rivenditori in Svizzera e nell&#8217;UE, con la Germania come mercato primario nell&#8217;UE. I seguenti prezzi consigliati per paese hanno come riferimento:<\/p>\r\n\r\n\r\n\r\n\r\n\r\n\r\n\r\n\r\n\r\n\r\n\r\n\r\n\r\n\r\n\r\n\r\n\r\n<p>In Svizzera = CHF 115 + CHF 11 per la spedizione e + 8,1% per l&#8217;IVA =<\/p>\r\n\r\n\r\n\r\n<p><strong>CHF 137 tutto compreso.<\/strong><\/p>\r\n\r\n\r\n\r\n\r\n\r\n\r\n\r\n\r\n\r\n\r\n\r\n\r\n\r\n<p>In Germania = Euro 95 (escluse spese di spedizione e IVA) euro 15 per la spedizione pi\u00f9 IVA tedesca al 19% =<\/p>\r\n\r\n\r\n\r\n<p><b>Euro 131 tutto compreso.<\/b><\/p>\r\n\r\n\r\n\r\n\r\n\r\n\r\n\r\n\r\n\r\n\r\n\r\n\r\n\r\n\r\n\r\n\r\n\r\n<p>Nel resto dell&#8217;UE = Euro 95 (escluse spese di spedizione e IVA) euro 20 per la spedizione pi\u00f9 IVA locale =<\/p>\r\n\r\n\r\n\r\n<p>Da Euro 129 a Euro 147<\/p>\r\n\r\n\r\n\r\n\r\n\r\n\r\n\r\n\r\n\r\n\r\n\r\n\r\n\r\n\r\n\r\n\r\n\r\n<p>I dettagli del prodotto MaxBed e i dettagli di fabbricazione possono essere trovati anche su:<\/p>\r\n\r\n\r\n\r\n<p><a href=\"www.gs1.org\">www.gs1.org<\/a> utilizzando il GTIN (EAN) 4170000074199. Il letto \u00e8 prodotto da Serra Enterprises e distribuito con il nome commerciale General Maximus Pet Products o GenMax Pet Products.<\/p>\r\n\r\n\r\n\r\n<p>Per qualsiasi domanda riguardante la registrazione della societ\u00e0, si prega di visitare: <a href=\"https:\/\/zh.chregister.ch\/cr-portal\/auszug\/auszug.xhtml?uid=CHE-450.645.879\">Zefix (Serra Enterprises)<\/a><\/p>\r\n\r\n\r\n\r\n<p><a href=\"https: zh.chregister.ch=\">Serra Enterprises \u00e8 registrata in Svizzera con UID CHE-450.645.879<\/a><\/p>\r\n\r\n\r\n\r\n<p>Per domande commerciali, utilizzare i link sopra o il modulo di contatto: <a href=\"https:\/\/www.generalmaximus.ch\/contact-max\/\">Contact<\/a><\/p>\r\n\r\n\r\n\r\n\r\n\r\n\r\n\r\n<p>&nbsp;<\/p>","protected":false},"excerpt":{"rendered":"<p>&nbsp; &nbsp;<\/p>\n","protected":false},"author":5,"featured_media":0,"parent":0,"menu_order":0,"comment_status":"closed","ping_status":"closed","template":"","meta":{"pagelayer_contact_templates":[],"_pagelayer_content":"","footnotes":""},"class_list":["post-418","page","type-page","status-publish","hentry"],"yoast_head":"<!-- This site is optimized with the Yoast SEO Premium plugin v20.10 (Yoast SEO v27.5) - https:\/\/yoast.com\/product\/yoast-seo-premium-wordpress\/ -->\n<title>Vendita all&#039;ingrosso - GenMax Vendita all&#039;Ingrosso<\/title>\n<meta name=\"robots\" content=\"index, follow, max-snippet:-1, max-image-preview:large, max-video-preview:-1\" \/>\n<link rel=\"canonical\" href=\"https:\/\/www.generalmaximus.ch\/it\/wholesale\/\" \/>\n<meta property=\"og:locale\" content=\"it_IT\" \/>\n<meta property=\"og:type\" content=\"article\" \/>\n<meta property=\"og:title\" content=\"Vendita all&#039;ingrosso\" \/>\n<meta property=\"og:description\" content=\"&nbsp; &nbsp;\" \/>\n<meta property=\"og:url\" content=\"https:\/\/www.generalmaximus.ch\/it\/wholesale\/\" \/>\n<meta property=\"og:site_name\" content=\"GenMax Vendita all&#039;Ingrosso\" \/>\n<meta property=\"article:publisher\" content=\"https:\/\/www.facebook.com\/genmax.ch\" \/>\n<meta property=\"article:modified_time\" content=\"2024-08-26T12:28:10+00:00\" \/>\n<meta property=\"og:image\" content=\"https:\/\/www.generalmaximus.ch\/wp-content\/uploads\/2023\/07\/Yoast-SEO-Site-Image.jpg\" \/>\n\t<meta property=\"og:image:width\" content=\"1200\" \/>\n\t<meta property=\"og:image:height\" content=\"675\" \/>\n\t<meta property=\"og:image:type\" content=\"image\/jpeg\" \/>\n<script type=\"application\/ld+json\" class=\"yoast-schema-graph\">{\"@context\":\"https:\\\/\\\/schema.org\",\"@graph\":[{\"@type\":\"WebPage\",\"@id\":\"https:\\\/\\\/www.generalmaximus.ch\\\/it\\\/wholesale\\\/\",\"url\":\"https:\\\/\\\/www.generalmaximus.ch\\\/it\\\/wholesale\\\/\",\"name\":\"Vendita all'ingrosso - GenMax Vendita all'Ingrosso\",\"isPartOf\":{\"@id\":\"https:\\\/\\\/www.generalmaximus.ch\\\/it\\\/#website\"},\"datePublished\":\"2022-11-25T13:49:27+00:00\",\"dateModified\":\"2024-08-26T12:28:10+00:00\",\"breadcrumb\":{\"@id\":\"https:\\\/\\\/www.generalmaximus.ch\\\/it\\\/wholesale\\\/#breadcrumb\"},\"inLanguage\":\"it-IT\",\"potentialAction\":[{\"@type\":\"ReadAction\",\"target\":[\"https:\\\/\\\/www.generalmaximus.ch\\\/it\\\/wholesale\\\/\"]}]},{\"@type\":\"BreadcrumbList\",\"@id\":\"https:\\\/\\\/www.generalmaximus.ch\\\/it\\\/wholesale\\\/#breadcrumb\",\"itemListElement\":[{\"@type\":\"ListItem\",\"position\":1,\"name\":\"Home\",\"item\":\"https:\\\/\\\/www.generalmaximus.ch\\\/it\\\/\"},{\"@type\":\"ListItem\",\"position\":2,\"name\":\"Vendita all&#8217;ingrosso\"}]},{\"@type\":\"WebSite\",\"@id\":\"https:\\\/\\\/www.generalmaximus.ch\\\/it\\\/#website\",\"url\":\"https:\\\/\\\/www.generalmaximus.ch\\\/it\\\/\",\"name\":\"GenMax Vendita all'Ingrosso\",\"description\":\"\",\"publisher\":{\"@id\":\"https:\\\/\\\/www.generalmaximus.ch\\\/it\\\/#organization\"},\"alternateName\":\"General Maximus Pet Products\",\"potentialAction\":[{\"@type\":\"SearchAction\",\"target\":{\"@type\":\"EntryPoint\",\"urlTemplate\":\"https:\\\/\\\/www.generalmaximus.ch\\\/it\\\/?s={search_term_string}\"},\"query-input\":{\"@type\":\"PropertyValueSpecification\",\"valueRequired\":true,\"valueName\":\"search_term_string\"}}],\"inLanguage\":\"it-IT\"},{\"@type\":\"Organization\",\"@id\":\"https:\\\/\\\/www.generalmaximus.ch\\\/it\\\/#organization\",\"name\":\"GenMax Pet Products\",\"alternateName\":\"General Maximus Pet Products\",\"url\":\"https:\\\/\\\/www.generalmaximus.ch\\\/it\\\/\",\"logo\":{\"@type\":\"ImageObject\",\"inLanguage\":\"it-IT\",\"@id\":\"https:\\\/\\\/www.generalmaximus.ch\\\/it\\\/#\\\/schema\\\/logo\\\/image\\\/\",\"url\":\"https:\\\/\\\/www.generalmaximus.ch\\\/wp-content\\\/uploads\\\/2022\\\/12\\\/Pet_Products_Icon_512pix.png\",\"contentUrl\":\"https:\\\/\\\/www.generalmaximus.ch\\\/wp-content\\\/uploads\\\/2022\\\/12\\\/Pet_Products_Icon_512pix.png\",\"width\":512,\"height\":512,\"caption\":\"GenMax Pet Products\"},\"image\":{\"@id\":\"https:\\\/\\\/www.generalmaximus.ch\\\/it\\\/#\\\/schema\\\/logo\\\/image\\\/\"},\"sameAs\":[\"https:\\\/\\\/www.facebook.com\\\/genmax.ch\",\"https:\\\/\\\/www.instagram\\\/genmax.ch\",\"https:\\\/\\\/www.linkedin.com\\\/company\\\/85862297\"]}]}<\/script>\n<!-- \/ Yoast SEO Premium plugin. -->","yoast_head_json":{"title":"Vendita all'ingrosso - GenMax Vendita all'Ingrosso","robots":{"index":"index","follow":"follow","max-snippet":"max-snippet:-1","max-image-preview":"max-image-preview:large","max-video-preview":"max-video-preview:-1"},"canonical":"https:\/\/www.generalmaximus.ch\/it\/wholesale\/","og_locale":"it_IT","og_type":"article","og_title":"Vendita all'ingrosso","og_description":"&nbsp; &nbsp;","og_url":"https:\/\/www.generalmaximus.ch\/it\/wholesale\/","og_site_name":"GenMax Vendita all'Ingrosso","article_publisher":"https:\/\/www.facebook.com\/genmax.ch","article_modified_time":"2024-08-26T12:28:10+00:00","og_image":[{"width":1200,"height":675,"url":"https:\/\/www.generalmaximus.ch\/wp-content\/uploads\/2023\/07\/Yoast-SEO-Site-Image.jpg","type":"image\/jpeg"}],"schema":{"@context":"https:\/\/schema.org","@graph":[{"@type":"WebPage","@id":"https:\/\/www.generalmaximus.ch\/it\/wholesale\/","url":"https:\/\/www.generalmaximus.ch\/it\/wholesale\/","name":"Vendita all'ingrosso - GenMax Vendita all'Ingrosso","isPartOf":{"@id":"https:\/\/www.generalmaximus.ch\/it\/#website"},"datePublished":"2022-11-25T13:49:27+00:00","dateModified":"2024-08-26T12:28:10+00:00","breadcrumb":{"@id":"https:\/\/www.generalmaximus.ch\/it\/wholesale\/#breadcrumb"},"inLanguage":"it-IT","potentialAction":[{"@type":"ReadAction","target":["https:\/\/www.generalmaximus.ch\/it\/wholesale\/"]}]},{"@type":"BreadcrumbList","@id":"https:\/\/www.generalmaximus.ch\/it\/wholesale\/#breadcrumb","itemListElement":[{"@type":"ListItem","position":1,"name":"Home","item":"https:\/\/www.generalmaximus.ch\/it\/"},{"@type":"ListItem","position":2,"name":"Vendita all&#8217;ingrosso"}]},{"@type":"WebSite","@id":"https:\/\/www.generalmaximus.ch\/it\/#website","url":"https:\/\/www.generalmaximus.ch\/it\/","name":"GenMax Vendita all'Ingrosso","description":"","publisher":{"@id":"https:\/\/www.generalmaximus.ch\/it\/#organization"},"alternateName":"General Maximus Pet Products","potentialAction":[{"@type":"SearchAction","target":{"@type":"EntryPoint","urlTemplate":"https:\/\/www.generalmaximus.ch\/it\/?s={search_term_string}"},"query-input":{"@type":"PropertyValueSpecification","valueRequired":true,"valueName":"search_term_string"}}],"inLanguage":"it-IT"},{"@type":"Organization","@id":"https:\/\/www.generalmaximus.ch\/it\/#organization","name":"GenMax Pet Products","alternateName":"General Maximus Pet Products","url":"https:\/\/www.generalmaximus.ch\/it\/","logo":{"@type":"ImageObject","inLanguage":"it-IT","@id":"https:\/\/www.generalmaximus.ch\/it\/#\/schema\/logo\/image\/","url":"https:\/\/www.generalmaximus.ch\/wp-content\/uploads\/2022\/12\/Pet_Products_Icon_512pix.png","contentUrl":"https:\/\/www.generalmaximus.ch\/wp-content\/uploads\/2022\/12\/Pet_Products_Icon_512pix.png","width":512,"height":512,"caption":"GenMax Pet Products"},"image":{"@id":"https:\/\/www.generalmaximus.ch\/it\/#\/schema\/logo\/image\/"},"sameAs":["https:\/\/www.facebook.com\/genmax.ch","https:\/\/www.instagram\/genmax.ch","https:\/\/www.linkedin.com\/company\/85862297"]}]}},"_links":{"self":[{"href":"https:\/\/www.generalmaximus.ch\/it\/wp-json\/wp\/v2\/pages\/418","targetHints":{"allow":["GET"]}}],"collection":[{"href":"https:\/\/www.generalmaximus.ch\/it\/wp-json\/wp\/v2\/pages"}],"about":[{"href":"https:\/\/www.generalmaximus.ch\/it\/wp-json\/wp\/v2\/types\/page"}],"author":[{"embeddable":true,"href":"https:\/\/www.generalmaximus.ch\/it\/wp-json\/wp\/v2\/users\/5"}],"replies":[{"embeddable":true,"href":"https:\/\/www.generalmaximus.ch\/it\/wp-json\/wp\/v2\/comments?post=418"}],"version-history":[{"count":10,"href":"https:\/\/www.generalmaximus.ch\/it\/wp-json\/wp\/v2\/pages\/418\/revisions"}],"predecessor-version":[{"id":1931,"href":"https:\/\/www.generalmaximus.ch\/it\/wp-json\/wp\/v2\/pages\/418\/revisions\/1931"}],"wp:attachment":[{"href":"https:\/\/www.generalmaximus.ch\/it\/wp-json\/wp\/v2\/media?parent=418"}],"curies":[{"name":"wp","href":"https:\/\/api.w.org\/{rel}","templated":true}]}}