{"id":696,"date":"2022-12-02T10:34:13","date_gmt":"2022-12-02T10:34:13","guid":{"rendered":"https:\/\/www.generalmaximus.ch\/disimballaggio-del-genmax-materasso\/"},"modified":"2022-12-02T11:12:47","modified_gmt":"2022-12-02T11:12:47","slug":"disimballaggio-del-genmax-materasso","status":"publish","type":"page","link":"https:\/\/www.generalmaximus.ch\/it\/disimballaggio-del-genmax-materasso\/","title":{"rendered":"Disimballaggio del GenMax-Materasso"},"content":{"rendered":"\r\n\r\n\r\n\r\n\n<h2>Disimballaggio del GenMax-Materasso<\/h2>\n\r\n\r\n\r\n\r\n\n<h4>Come i suoi clienti ricevono i letti<\/h4>\n<p>&nbsp;<\/p>\n<p>Ho chiesto al mio compagno ed amico, Echo, da Schwitter Hundeschule (www.hunde-nah.ch) di assistermi in modo che potrei dimostrare come i letti vengono ricevuti da voi. Per questa dimostrazione, Echo agir\u00e0 la parte di un cliente che ha appena ricevuto il suo letto. For this demonstration, Echo will play the part of a customer who has just received his bed. <\/p>\n<p><strong> <\/strong><\/p>\n<p><img decoding=\"async\" class=\"alignleft\" src=\"https:\/\/www.generalmaximus.ch\/wp-content\/uploads\/2022\/12\/box-1.jpg\" alt=\"\"><strong>Fase 1: Raccogliere il letto presso il suo ufficio postale<\/strong><\/p>\n<p><br>Echo ha posto il suo ordine e ricever\u00e0 il suo letto per posta. I letti vengono imballati con un processo a vuoto in un rotolo, per mantenerli al sicuro, asciutti e puliti durante il trasporto e anche per rendere il pacchetto meno ingombrante. All\u2019interno della stessa scatola si trova un addizionale copertina esterna per i giorni in cui \u00e8 necessario sostituire la copertura sporca con una pulita e per consentire di lavare la copertura sporca mentre si puo godere sempre di un letto coperto.  <\/p>\n<p>&nbsp;<\/p>\n<p>La copertura aggiuntiva consente al vostro animale domestico di giocare fuori, dedicare il suo tempo alle avventure o semplicemente giocare nel fango come amiamo fare.<\/p>\n<p><strong> <\/strong><\/p>\n<p>&nbsp;<\/p>\n<p><strong>Fase 2: Estrare il letto dalla sua scatola<\/strong><img decoding=\"async\" class=\"alignright\" src=\"https:\/\/www.generalmaximus.ch\/wp-content\/uploads\/2022\/12\/unwrapped-1.jpg\" alt=\"\"><\/p>\n<p><br>Naturalmente questo passo \u00e8 essenziale. Come quando voi umani accendete il computer, se non tiri fuori il letto dalla sua scatola, noi non saremo in grado di utilizzarlo. Fortunatamente, siccome Echo e\u2019 un Labrador non ha problemi con questa logica.  <\/p>\n<p>&nbsp;<\/p>\n<p>Srotolare l\u2019imballaggio impecchetato sotto pressione ed il letto si espander\u00e0. Poich\u00e9 i letti hanno il nucleo composto da gomma piuma rigida e sono imballati sotto pressione, essi risalgono al formato completo quasi immediatamente, senza effetti negativi alla loro forma o densit\u00e0. <\/p>\n<p>&nbsp;<\/p>\n<p><strong> <\/strong><\/p>\n<p><img decoding=\"async\" class=\"alignleft\" src=\"https:\/\/www.generalmaximus.ch\/wp-content\/uploads\/2022\/12\/bed-extra-cover-check.jpg\" alt=\"\"><strong>Fase 3: Ispezionare il letto e la copertura supplementare<\/strong><\/p>\n<p><br>Posa il letto sul pavimento. Il letto \u00e8 gi\u00e0 coperto con la sua copertura impermeabile interna e con una delle due coperture esterne in pelle scamosciata. Adesso, sedetevi e ammirate il vostro fantastico nuovo letto.  <\/p>\n<p>&nbsp;<\/p>\n<p>La qualit\u00e0 dei letti viene controllata prima dell\u2019imballaggio e dopo di questo, il vostro umano \u00e8 l\u2019ultima linea di difesa. Controllare addesso il letto e la copertura siccome il passo successivo \u00e8 quello pi\u00f9 piacevole. <\/p>\n<p>&nbsp;<\/p>\n<p>Vedi l\u2019etichetta sulla destra? Se il tuo letto non ha l\u2019etichetta, vuol dire che non \u00e8 un letto Generale Maximus e con quest etichetta, ci si pu\u00f2 vantare con i propri amici che si possiede un letto originale da Generale Maximus. Proprio come Echo sta facendo: esaminare con attenzione!  <\/p>\n<p>&nbsp;<\/p>\n<p><strong> <\/strong><\/p>\n<p><strong>Fase 4: Il sogno di tutti! Diventa tester di letto<\/strong><img decoding=\"async\" class=\"alignright\" src=\"https:\/\/www.generalmaximus.ch\/wp-content\/uploads\/2022\/12\/testing-1.jpg\" alt=\"\"><\/p>\n<p>&nbsp;<\/p>\n<p>Il momento che stavi aspettando. Come Echo sta dimostrando, non risparmiare un pensiero per altre cose siccome \u00e8 ora venuto il momento di saltare sul tuo letto. \u00c8 qui che comprendi e apprezzi il motivo per cui hai acquistato un letto Generale Maximus. Dovresti lanciare il test, la prova di pressione e il test di sdraio (si prega di controllare la dimostrazione da Echo).   <\/p>\n<p>&nbsp;<\/p>\n<p>Il test umido non \u00e8 necessario, ma se si dovrebbe andare a questi estremi bene, il letto \u00e8 impermeabilizzato dallo strato interno quindi non sarebbe un problema affatto.<\/p>\n<p style=\"text-align: center;\">Tieni presente quanto \u00e8 felice Echo perch\u00e9 questo \u00e8 quanto sar\u00e0 felice il tuo cliente. Questo \u00e8 garantito! <\/p>\n<p style=\"text-align: center;\"> <\/p>\n<p style=\"text-align: center;\"><strong>E questo \u00e8 quello! Un altro cliente felice! Vai avanti, ora tocca a te!  <br><br><\/strong><img decoding=\"async\" src=\"https:\/\/www.generalmaximus.ch\/wp-content\/uploads\/2022\/12\/test-approved.jpg\"><strong><br><\/strong><\/p>\n<p>&nbsp;<\/p>\n","protected":false},"excerpt":{"rendered":"<p>&nbsp;<\/p>\n","protected":false},"author":5,"featured_media":0,"parent":0,"menu_order":0,"comment_status":"closed","ping_status":"closed","template":"","meta":{"pagelayer_contact_templates":[],"_pagelayer_content":"","footnotes":""},"class_list":["post-696","page","type-page","status-publish","hentry"],"yoast_head":"<!-- This site is optimized with the Yoast SEO Premium plugin v20.10 (Yoast SEO v27.5) - https:\/\/yoast.com\/product\/yoast-seo-premium-wordpress\/ -->\n<title>Disimballaggio del GenMax-Materasso - GenMax Vendita all&#039;Ingrosso<\/title>\n<meta name=\"robots\" content=\"index, follow, max-snippet:-1, max-image-preview:large, max-video-preview:-1\" \/>\n<link rel=\"canonical\" href=\"https:\/\/www.generalmaximus.ch\/it\/disimballaggio-del-genmax-materasso\/\" \/>\n<meta property=\"og:locale\" content=\"it_IT\" \/>\n<meta property=\"og:type\" content=\"article\" \/>\n<meta property=\"og:title\" content=\"Disimballaggio del GenMax-Materasso\" \/>\n<meta property=\"og:description\" content=\"&nbsp;\" \/>\n<meta property=\"og:url\" content=\"https:\/\/www.generalmaximus.ch\/it\/disimballaggio-del-genmax-materasso\/\" \/>\n<meta property=\"og:site_name\" content=\"GenMax Vendita all&#039;Ingrosso\" \/>\n<meta property=\"article:publisher\" content=\"https:\/\/www.facebook.com\/genmax.ch\" \/>\n<meta property=\"article:modified_time\" content=\"2022-12-02T11:12:47+00:00\" \/>\n<meta property=\"og:image\" content=\"https:\/\/www.generalmaximus.ch\/wp-content\/uploads\/2022\/12\/box-1.jpg\" \/>\n<script type=\"application\/ld+json\" class=\"yoast-schema-graph\">{\"@context\":\"https:\\\/\\\/schema.org\",\"@graph\":[{\"@type\":\"WebPage\",\"@id\":\"https:\\\/\\\/www.generalmaximus.ch\\\/it\\\/disimballaggio-del-genmax-materasso\\\/\",\"url\":\"https:\\\/\\\/www.generalmaximus.ch\\\/it\\\/disimballaggio-del-genmax-materasso\\\/\",\"name\":\"Disimballaggio del GenMax-Materasso - GenMax Vendita all'Ingrosso\",\"isPartOf\":{\"@id\":\"https:\\\/\\\/www.generalmaximus.ch\\\/it\\\/#website\"},\"primaryImageOfPage\":{\"@id\":\"https:\\\/\\\/www.generalmaximus.ch\\\/it\\\/disimballaggio-del-genmax-materasso\\\/#primaryimage\"},\"image\":{\"@id\":\"https:\\\/\\\/www.generalmaximus.ch\\\/it\\\/disimballaggio-del-genmax-materasso\\\/#primaryimage\"},\"thumbnailUrl\":\"https:\\\/\\\/www.generalmaximus.ch\\\/wp-content\\\/uploads\\\/2022\\\/12\\\/box-1.jpg\",\"datePublished\":\"2022-12-02T10:34:13+00:00\",\"dateModified\":\"2022-12-02T11:12:47+00:00\",\"breadcrumb\":{\"@id\":\"https:\\\/\\\/www.generalmaximus.ch\\\/it\\\/disimballaggio-del-genmax-materasso\\\/#breadcrumb\"},\"inLanguage\":\"it-IT\",\"potentialAction\":[{\"@type\":\"ReadAction\",\"target\":[\"https:\\\/\\\/www.generalmaximus.ch\\\/it\\\/disimballaggio-del-genmax-materasso\\\/\"]}]},{\"@type\":\"ImageObject\",\"inLanguage\":\"it-IT\",\"@id\":\"https:\\\/\\\/www.generalmaximus.ch\\\/it\\\/disimballaggio-del-genmax-materasso\\\/#primaryimage\",\"url\":\"https:\\\/\\\/www.generalmaximus.ch\\\/wp-content\\\/uploads\\\/2022\\\/12\\\/box-1.jpg\",\"contentUrl\":\"https:\\\/\\\/www.generalmaximus.ch\\\/wp-content\\\/uploads\\\/2022\\\/12\\\/box-1.jpg\"},{\"@type\":\"BreadcrumbList\",\"@id\":\"https:\\\/\\\/www.generalmaximus.ch\\\/it\\\/disimballaggio-del-genmax-materasso\\\/#breadcrumb\",\"itemListElement\":[{\"@type\":\"ListItem\",\"position\":1,\"name\":\"Home\",\"item\":\"https:\\\/\\\/www.generalmaximus.ch\\\/it\\\/\"},{\"@type\":\"ListItem\",\"position\":2,\"name\":\"Disimballaggio del GenMax-Materasso\"}]},{\"@type\":\"WebSite\",\"@id\":\"https:\\\/\\\/www.generalmaximus.ch\\\/it\\\/#website\",\"url\":\"https:\\\/\\\/www.generalmaximus.ch\\\/it\\\/\",\"name\":\"GenMax Vendita all'Ingrosso\",\"description\":\"\",\"publisher\":{\"@id\":\"https:\\\/\\\/www.generalmaximus.ch\\\/it\\\/#organization\"},\"alternateName\":\"General Maximus Pet Products\",\"potentialAction\":[{\"@type\":\"SearchAction\",\"target\":{\"@type\":\"EntryPoint\",\"urlTemplate\":\"https:\\\/\\\/www.generalmaximus.ch\\\/it\\\/?s={search_term_string}\"},\"query-input\":{\"@type\":\"PropertyValueSpecification\",\"valueRequired\":true,\"valueName\":\"search_term_string\"}}],\"inLanguage\":\"it-IT\"},{\"@type\":\"Organization\",\"@id\":\"https:\\\/\\\/www.generalmaximus.ch\\\/it\\\/#organization\",\"name\":\"GenMax Pet Products\",\"alternateName\":\"General Maximus Pet Products\",\"url\":\"https:\\\/\\\/www.generalmaximus.ch\\\/it\\\/\",\"logo\":{\"@type\":\"ImageObject\",\"inLanguage\":\"it-IT\",\"@id\":\"https:\\\/\\\/www.generalmaximus.ch\\\/it\\\/#\\\/schema\\\/logo\\\/image\\\/\",\"url\":\"https:\\\/\\\/www.generalmaximus.ch\\\/wp-content\\\/uploads\\\/2022\\\/12\\\/Pet_Products_Icon_512pix.png\",\"contentUrl\":\"https:\\\/\\\/www.generalmaximus.ch\\\/wp-content\\\/uploads\\\/2022\\\/12\\\/Pet_Products_Icon_512pix.png\",\"width\":512,\"height\":512,\"caption\":\"GenMax Pet Products\"},\"image\":{\"@id\":\"https:\\\/\\\/www.generalmaximus.ch\\\/it\\\/#\\\/schema\\\/logo\\\/image\\\/\"},\"sameAs\":[\"https:\\\/\\\/www.facebook.com\\\/genmax.ch\",\"https:\\\/\\\/www.instagram\\\/genmax.ch\",\"https:\\\/\\\/www.linkedin.com\\\/company\\\/85862297\"]}]}<\/script>\n<!-- \/ Yoast SEO Premium plugin. -->","yoast_head_json":{"title":"Disimballaggio del GenMax-Materasso - GenMax Vendita all'Ingrosso","robots":{"index":"index","follow":"follow","max-snippet":"max-snippet:-1","max-image-preview":"max-image-preview:large","max-video-preview":"max-video-preview:-1"},"canonical":"https:\/\/www.generalmaximus.ch\/it\/disimballaggio-del-genmax-materasso\/","og_locale":"it_IT","og_type":"article","og_title":"Disimballaggio del GenMax-Materasso","og_description":"&nbsp;","og_url":"https:\/\/www.generalmaximus.ch\/it\/disimballaggio-del-genmax-materasso\/","og_site_name":"GenMax Vendita all'Ingrosso","article_publisher":"https:\/\/www.facebook.com\/genmax.ch","article_modified_time":"2022-12-02T11:12:47+00:00","og_image":[{"url":"https:\/\/www.generalmaximus.ch\/wp-content\/uploads\/2022\/12\/box-1.jpg","type":"","width":"","height":""}],"schema":{"@context":"https:\/\/schema.org","@graph":[{"@type":"WebPage","@id":"https:\/\/www.generalmaximus.ch\/it\/disimballaggio-del-genmax-materasso\/","url":"https:\/\/www.generalmaximus.ch\/it\/disimballaggio-del-genmax-materasso\/","name":"Disimballaggio del GenMax-Materasso - GenMax Vendita all'Ingrosso","isPartOf":{"@id":"https:\/\/www.generalmaximus.ch\/it\/#website"},"primaryImageOfPage":{"@id":"https:\/\/www.generalmaximus.ch\/it\/disimballaggio-del-genmax-materasso\/#primaryimage"},"image":{"@id":"https:\/\/www.generalmaximus.ch\/it\/disimballaggio-del-genmax-materasso\/#primaryimage"},"thumbnailUrl":"https:\/\/www.generalmaximus.ch\/wp-content\/uploads\/2022\/12\/box-1.jpg","datePublished":"2022-12-02T10:34:13+00:00","dateModified":"2022-12-02T11:12:47+00:00","breadcrumb":{"@id":"https:\/\/www.generalmaximus.ch\/it\/disimballaggio-del-genmax-materasso\/#breadcrumb"},"inLanguage":"it-IT","potentialAction":[{"@type":"ReadAction","target":["https:\/\/www.generalmaximus.ch\/it\/disimballaggio-del-genmax-materasso\/"]}]},{"@type":"ImageObject","inLanguage":"it-IT","@id":"https:\/\/www.generalmaximus.ch\/it\/disimballaggio-del-genmax-materasso\/#primaryimage","url":"https:\/\/www.generalmaximus.ch\/wp-content\/uploads\/2022\/12\/box-1.jpg","contentUrl":"https:\/\/www.generalmaximus.ch\/wp-content\/uploads\/2022\/12\/box-1.jpg"},{"@type":"BreadcrumbList","@id":"https:\/\/www.generalmaximus.ch\/it\/disimballaggio-del-genmax-materasso\/#breadcrumb","itemListElement":[{"@type":"ListItem","position":1,"name":"Home","item":"https:\/\/www.generalmaximus.ch\/it\/"},{"@type":"ListItem","position":2,"name":"Disimballaggio del GenMax-Materasso"}]},{"@type":"WebSite","@id":"https:\/\/www.generalmaximus.ch\/it\/#website","url":"https:\/\/www.generalmaximus.ch\/it\/","name":"GenMax Vendita all'Ingrosso","description":"","publisher":{"@id":"https:\/\/www.generalmaximus.ch\/it\/#organization"},"alternateName":"General Maximus Pet Products","potentialAction":[{"@type":"SearchAction","target":{"@type":"EntryPoint","urlTemplate":"https:\/\/www.generalmaximus.ch\/it\/?s={search_term_string}"},"query-input":{"@type":"PropertyValueSpecification","valueRequired":true,"valueName":"search_term_string"}}],"inLanguage":"it-IT"},{"@type":"Organization","@id":"https:\/\/www.generalmaximus.ch\/it\/#organization","name":"GenMax Pet Products","alternateName":"General Maximus Pet Products","url":"https:\/\/www.generalmaximus.ch\/it\/","logo":{"@type":"ImageObject","inLanguage":"it-IT","@id":"https:\/\/www.generalmaximus.ch\/it\/#\/schema\/logo\/image\/","url":"https:\/\/www.generalmaximus.ch\/wp-content\/uploads\/2022\/12\/Pet_Products_Icon_512pix.png","contentUrl":"https:\/\/www.generalmaximus.ch\/wp-content\/uploads\/2022\/12\/Pet_Products_Icon_512pix.png","width":512,"height":512,"caption":"GenMax Pet Products"},"image":{"@id":"https:\/\/www.generalmaximus.ch\/it\/#\/schema\/logo\/image\/"},"sameAs":["https:\/\/www.facebook.com\/genmax.ch","https:\/\/www.instagram\/genmax.ch","https:\/\/www.linkedin.com\/company\/85862297"]}]}},"_links":{"self":[{"href":"https:\/\/www.generalmaximus.ch\/it\/wp-json\/wp\/v2\/pages\/696","targetHints":{"allow":["GET"]}}],"collection":[{"href":"https:\/\/www.generalmaximus.ch\/it\/wp-json\/wp\/v2\/pages"}],"about":[{"href":"https:\/\/www.generalmaximus.ch\/it\/wp-json\/wp\/v2\/types\/page"}],"author":[{"embeddable":true,"href":"https:\/\/www.generalmaximus.ch\/it\/wp-json\/wp\/v2\/users\/5"}],"replies":[{"embeddable":true,"href":"https:\/\/www.generalmaximus.ch\/it\/wp-json\/wp\/v2\/comments?post=696"}],"version-history":[{"count":2,"href":"https:\/\/www.generalmaximus.ch\/it\/wp-json\/wp\/v2\/pages\/696\/revisions"}],"predecessor-version":[{"id":707,"href":"https:\/\/www.generalmaximus.ch\/it\/wp-json\/wp\/v2\/pages\/696\/revisions\/707"}],"wp:attachment":[{"href":"https:\/\/www.generalmaximus.ch\/it\/wp-json\/wp\/v2\/media?parent=696"}],"curies":[{"name":"wp","href":"https:\/\/api.w.org\/{rel}","templated":true}]}}