{"id":719,"date":"2022-12-02T11:16:29","date_gmt":"2022-12-02T11:16:29","guid":{"rendered":"https:\/\/www.generalmaximus.ch\/commenti-dei-clienti\/"},"modified":"2022-12-08T17:28:05","modified_gmt":"2022-12-08T17:28:05","slug":"commenti-dei-clienti","status":"publish","type":"page","link":"https:\/\/www.generalmaximus.ch\/it\/commenti-dei-clienti\/","title":{"rendered":"Commenti dei Clienti"},"content":{"rendered":"\r\n\r\n\r\n\r\n\n<h2>Che cosa pensano i clienti dei Letti Generale Maximus?<\/h2>\n\r\n\r\n\r\n\r\n\n<p>Per il mio dalmata ho provato il letto del cane del generale Maximus, e l\u2019ha subito accettato, lo ha usato molto spesso e rimane rilassato ogni giorno.<\/p>\n<p>&nbsp;<\/p>\n<p>La cosa fantastica \u00e8 che la cover interna \u00e8 idrorepellente, come la mia piccola figlia ha anche versato la sua bevanda sul letto, per esempio. Pratico e ben progettato, il coperchio di ricambio che posso utilizzare per il lavaggio di una copertura \u00e8 semplicemente pratico. <\/p>\n<p>&nbsp;<\/p>\n<p>Peli e altro sporco possono essere facilmente estratti.<\/p>\n<p>&nbsp;<\/p>\n<p>I materiali del letto sono molto ben messi insieme. Il corpo del cane non si piega e il letto non si piega, come nel caso della maggior parte degli animali, ma protegge la schiena, poich\u00e9 non si deforma in modo sfavorevole. <\/p>\n<p>&nbsp;<\/p>\n<p>Una storia emozionante del pastore tedesco Maximus, che \u00e8 la pietra angolare del prodotto, grande. Si pu\u00f2 dire che il capo dell\u2019azienda \u00e8 un amante dei cani. <\/p>\n<p>&nbsp;<\/p>\n<p>Posso consigliare il letto del cane del generale Maximus a chiunque.<\/p>\n<p>&nbsp;<\/p>\n<p>Ms. Jucker (Eglisau)<\/p>\n\r\n\r\n\r\n\r\n\r\n\r\n\r\n\r\n\n<p>A me o Max \u00e8 stato permesso di provare il nuovo letto per cani. Max ama tutto dopo solo una settimana \u2013 anche se \u00e8 un po \u2018troppo piccolo per lui. Ecco perch\u00e9 ordino il letto pi\u00f9 grande in modo che possa allungarsi davvero bene! .-)   .-)<\/p>\n<p>&nbsp;<\/p>\n<p>Cordiali saluti<\/p>\n<p>&nbsp;<\/p>\n<p>S. Heller (Wil)<\/p>\n\r\n\r\n\r\n\r\n\r\n\r\n\r\n\r\n\n<p>All\u2019inizio ho pensato: cosa c\u2019\u00e8 di cos\u00ec speciale in questo letto? Poi, dopo averne provato uno, mi sono reso conto che la qualit\u00e0 \u00e8 davvero buona ma, soprattutto, il mio cane lo adora!! Non ne ha mai abbastanza!! Grazie Generale Max \ud83d\ude42   <\/p>\n<p>&nbsp;<\/p>\n<p>T.Bachmann (Sankt Gallen)<\/p>\n\r\n\r\n\r\n\r\n\r\n\r\n\r\n\r\n\n<p>Dino ama il suo letto. Andiamo molte volte al lago in estate e quando torniamo Dino \u00e8 sempre un po\u2019 bagnato. Nessun problema sul suo nuovo letto. La fodera interna mantiene il letto asciutto, ma per me la cosa migliore \u00e8 che ricevo una fodera esterna extra. Cos\u00ec lui pu\u00f2 sporcare il letto e quando \u00e8 fuori io posso lavare una coperta e tenerne una pulita sul letto.    <\/p>\n<p>&nbsp;<\/p>\n<p>S. Gasser (Niederbiep)<\/p>\n\r\n\r\n\r\n\r\n\r\n\r\n\r\n\r\n\n<p>Come proprietario di una scuola, sono molto consapevole di come dovrebbe essere una buona cuccia per cani. Ho venduto queste cucce attraverso la mia scuola a clienti molto soddisfatti e le consiglio vivamente a chiunque sia alla ricerca di un letto di qualit\u00e0. Regalando un letto GenMax farete un grande favore al vostro animale domestico.  <br><br>H. Schwitter (Rafz)<\/p>\n\r\n\r\n\r\n\r\n\r\n\r\n\r\n\r\n\n<p>Vivo in una fattoria con 7 cani. Prima del letto GenMax, i miei cani avevano spesso problemi alla schiena. La schiuma di memoria supportata dall&#8217;alta densit\u00e0 interna ha davvero aiutato i miei cani. Grazie Maximus!   <\/p>\n<p>&nbsp;<\/p>\n<p>T. Baumann (Stollen)<\/p>\n<p>&nbsp;<\/p>\n","protected":false},"excerpt":{"rendered":"<p>&nbsp;<\/p>\n","protected":false},"author":5,"featured_media":0,"parent":0,"menu_order":0,"comment_status":"closed","ping_status":"closed","template":"","meta":{"pagelayer_contact_templates":[],"_pagelayer_content":"","footnotes":""},"class_list":["post-719","page","type-page","status-publish","hentry"],"yoast_head":"<!-- This site is optimized with the Yoast SEO Premium plugin v20.10 (Yoast SEO v27.5) - https:\/\/yoast.com\/product\/yoast-seo-premium-wordpress\/ -->\n<title>Commenti dei Clienti - GenMax Vendita all&#039;Ingrosso<\/title>\n<meta name=\"robots\" content=\"index, follow, max-snippet:-1, max-image-preview:large, max-video-preview:-1\" \/>\n<link rel=\"canonical\" href=\"https:\/\/www.generalmaximus.ch\/it\/commenti-dei-clienti\/\" \/>\n<meta property=\"og:locale\" content=\"it_IT\" \/>\n<meta property=\"og:type\" content=\"article\" \/>\n<meta property=\"og:title\" content=\"Commenti dei Clienti\" \/>\n<meta property=\"og:description\" content=\"&nbsp;\" \/>\n<meta property=\"og:url\" content=\"https:\/\/www.generalmaximus.ch\/it\/commenti-dei-clienti\/\" \/>\n<meta property=\"og:site_name\" content=\"GenMax Vendita all&#039;Ingrosso\" \/>\n<meta property=\"article:publisher\" content=\"https:\/\/www.facebook.com\/genmax.ch\" \/>\n<meta property=\"article:modified_time\" content=\"2022-12-08T17:28:05+00:00\" \/>\n<meta property=\"og:image\" content=\"https:\/\/www.generalmaximus.ch\/wp-content\/uploads\/2023\/07\/Yoast-SEO-Site-Image.jpg\" \/>\n\t<meta property=\"og:image:width\" content=\"1200\" \/>\n\t<meta property=\"og:image:height\" content=\"675\" \/>\n\t<meta property=\"og:image:type\" content=\"image\/jpeg\" \/>\n<script type=\"application\/ld+json\" class=\"yoast-schema-graph\">{\"@context\":\"https:\\\/\\\/schema.org\",\"@graph\":[{\"@type\":\"WebPage\",\"@id\":\"https:\\\/\\\/www.generalmaximus.ch\\\/it\\\/commenti-dei-clienti\\\/\",\"url\":\"https:\\\/\\\/www.generalmaximus.ch\\\/it\\\/commenti-dei-clienti\\\/\",\"name\":\"Commenti dei Clienti - GenMax Vendita all'Ingrosso\",\"isPartOf\":{\"@id\":\"https:\\\/\\\/www.generalmaximus.ch\\\/it\\\/#website\"},\"datePublished\":\"2022-12-02T11:16:29+00:00\",\"dateModified\":\"2022-12-08T17:28:05+00:00\",\"breadcrumb\":{\"@id\":\"https:\\\/\\\/www.generalmaximus.ch\\\/it\\\/commenti-dei-clienti\\\/#breadcrumb\"},\"inLanguage\":\"it-IT\",\"potentialAction\":[{\"@type\":\"ReadAction\",\"target\":[\"https:\\\/\\\/www.generalmaximus.ch\\\/it\\\/commenti-dei-clienti\\\/\"]}]},{\"@type\":\"BreadcrumbList\",\"@id\":\"https:\\\/\\\/www.generalmaximus.ch\\\/it\\\/commenti-dei-clienti\\\/#breadcrumb\",\"itemListElement\":[{\"@type\":\"ListItem\",\"position\":1,\"name\":\"Home\",\"item\":\"https:\\\/\\\/www.generalmaximus.ch\\\/it\\\/\"},{\"@type\":\"ListItem\",\"position\":2,\"name\":\"Commenti dei Clienti\"}]},{\"@type\":\"WebSite\",\"@id\":\"https:\\\/\\\/www.generalmaximus.ch\\\/it\\\/#website\",\"url\":\"https:\\\/\\\/www.generalmaximus.ch\\\/it\\\/\",\"name\":\"GenMax Vendita all'Ingrosso\",\"description\":\"\",\"publisher\":{\"@id\":\"https:\\\/\\\/www.generalmaximus.ch\\\/it\\\/#organization\"},\"alternateName\":\"General Maximus Pet Products\",\"potentialAction\":[{\"@type\":\"SearchAction\",\"target\":{\"@type\":\"EntryPoint\",\"urlTemplate\":\"https:\\\/\\\/www.generalmaximus.ch\\\/it\\\/?s={search_term_string}\"},\"query-input\":{\"@type\":\"PropertyValueSpecification\",\"valueRequired\":true,\"valueName\":\"search_term_string\"}}],\"inLanguage\":\"it-IT\"},{\"@type\":\"Organization\",\"@id\":\"https:\\\/\\\/www.generalmaximus.ch\\\/it\\\/#organization\",\"name\":\"GenMax Pet Products\",\"alternateName\":\"General Maximus Pet Products\",\"url\":\"https:\\\/\\\/www.generalmaximus.ch\\\/it\\\/\",\"logo\":{\"@type\":\"ImageObject\",\"inLanguage\":\"it-IT\",\"@id\":\"https:\\\/\\\/www.generalmaximus.ch\\\/it\\\/#\\\/schema\\\/logo\\\/image\\\/\",\"url\":\"https:\\\/\\\/www.generalmaximus.ch\\\/wp-content\\\/uploads\\\/2022\\\/12\\\/Pet_Products_Icon_512pix.png\",\"contentUrl\":\"https:\\\/\\\/www.generalmaximus.ch\\\/wp-content\\\/uploads\\\/2022\\\/12\\\/Pet_Products_Icon_512pix.png\",\"width\":512,\"height\":512,\"caption\":\"GenMax Pet Products\"},\"image\":{\"@id\":\"https:\\\/\\\/www.generalmaximus.ch\\\/it\\\/#\\\/schema\\\/logo\\\/image\\\/\"},\"sameAs\":[\"https:\\\/\\\/www.facebook.com\\\/genmax.ch\",\"https:\\\/\\\/www.instagram\\\/genmax.ch\",\"https:\\\/\\\/www.linkedin.com\\\/company\\\/85862297\"]}]}<\/script>\n<!-- \/ Yoast SEO Premium plugin. -->","yoast_head_json":{"title":"Commenti dei Clienti - GenMax Vendita all'Ingrosso","robots":{"index":"index","follow":"follow","max-snippet":"max-snippet:-1","max-image-preview":"max-image-preview:large","max-video-preview":"max-video-preview:-1"},"canonical":"https:\/\/www.generalmaximus.ch\/it\/commenti-dei-clienti\/","og_locale":"it_IT","og_type":"article","og_title":"Commenti dei Clienti","og_description":"&nbsp;","og_url":"https:\/\/www.generalmaximus.ch\/it\/commenti-dei-clienti\/","og_site_name":"GenMax Vendita all'Ingrosso","article_publisher":"https:\/\/www.facebook.com\/genmax.ch","article_modified_time":"2022-12-08T17:28:05+00:00","og_image":[{"width":1200,"height":675,"url":"https:\/\/www.generalmaximus.ch\/wp-content\/uploads\/2023\/07\/Yoast-SEO-Site-Image.jpg","type":"image\/jpeg"}],"schema":{"@context":"https:\/\/schema.org","@graph":[{"@type":"WebPage","@id":"https:\/\/www.generalmaximus.ch\/it\/commenti-dei-clienti\/","url":"https:\/\/www.generalmaximus.ch\/it\/commenti-dei-clienti\/","name":"Commenti dei Clienti - GenMax Vendita all'Ingrosso","isPartOf":{"@id":"https:\/\/www.generalmaximus.ch\/it\/#website"},"datePublished":"2022-12-02T11:16:29+00:00","dateModified":"2022-12-08T17:28:05+00:00","breadcrumb":{"@id":"https:\/\/www.generalmaximus.ch\/it\/commenti-dei-clienti\/#breadcrumb"},"inLanguage":"it-IT","potentialAction":[{"@type":"ReadAction","target":["https:\/\/www.generalmaximus.ch\/it\/commenti-dei-clienti\/"]}]},{"@type":"BreadcrumbList","@id":"https:\/\/www.generalmaximus.ch\/it\/commenti-dei-clienti\/#breadcrumb","itemListElement":[{"@type":"ListItem","position":1,"name":"Home","item":"https:\/\/www.generalmaximus.ch\/it\/"},{"@type":"ListItem","position":2,"name":"Commenti dei Clienti"}]},{"@type":"WebSite","@id":"https:\/\/www.generalmaximus.ch\/it\/#website","url":"https:\/\/www.generalmaximus.ch\/it\/","name":"GenMax Vendita all'Ingrosso","description":"","publisher":{"@id":"https:\/\/www.generalmaximus.ch\/it\/#organization"},"alternateName":"General Maximus Pet Products","potentialAction":[{"@type":"SearchAction","target":{"@type":"EntryPoint","urlTemplate":"https:\/\/www.generalmaximus.ch\/it\/?s={search_term_string}"},"query-input":{"@type":"PropertyValueSpecification","valueRequired":true,"valueName":"search_term_string"}}],"inLanguage":"it-IT"},{"@type":"Organization","@id":"https:\/\/www.generalmaximus.ch\/it\/#organization","name":"GenMax Pet Products","alternateName":"General Maximus Pet Products","url":"https:\/\/www.generalmaximus.ch\/it\/","logo":{"@type":"ImageObject","inLanguage":"it-IT","@id":"https:\/\/www.generalmaximus.ch\/it\/#\/schema\/logo\/image\/","url":"https:\/\/www.generalmaximus.ch\/wp-content\/uploads\/2022\/12\/Pet_Products_Icon_512pix.png","contentUrl":"https:\/\/www.generalmaximus.ch\/wp-content\/uploads\/2022\/12\/Pet_Products_Icon_512pix.png","width":512,"height":512,"caption":"GenMax Pet Products"},"image":{"@id":"https:\/\/www.generalmaximus.ch\/it\/#\/schema\/logo\/image\/"},"sameAs":["https:\/\/www.facebook.com\/genmax.ch","https:\/\/www.instagram\/genmax.ch","https:\/\/www.linkedin.com\/company\/85862297"]}]}},"_links":{"self":[{"href":"https:\/\/www.generalmaximus.ch\/it\/wp-json\/wp\/v2\/pages\/719","targetHints":{"allow":["GET"]}}],"collection":[{"href":"https:\/\/www.generalmaximus.ch\/it\/wp-json\/wp\/v2\/pages"}],"about":[{"href":"https:\/\/www.generalmaximus.ch\/it\/wp-json\/wp\/v2\/types\/page"}],"author":[{"embeddable":true,"href":"https:\/\/www.generalmaximus.ch\/it\/wp-json\/wp\/v2\/users\/5"}],"replies":[{"embeddable":true,"href":"https:\/\/www.generalmaximus.ch\/it\/wp-json\/wp\/v2\/comments?post=719"}],"version-history":[{"count":2,"href":"https:\/\/www.generalmaximus.ch\/it\/wp-json\/wp\/v2\/pages\/719\/revisions"}],"predecessor-version":[{"id":768,"href":"https:\/\/www.generalmaximus.ch\/it\/wp-json\/wp\/v2\/pages\/719\/revisions\/768"}],"wp:attachment":[{"href":"https:\/\/www.generalmaximus.ch\/it\/wp-json\/wp\/v2\/media?parent=719"}],"curies":[{"name":"wp","href":"https:\/\/api.w.org\/{rel}","templated":true}]}}